{"id":377830,"date":"2025-06-13T12:43:24","date_gmt":"2025-06-13T15:43:24","guid":{"rendered":"https:\/\/navegacion.ar\/producto\/pack-de-reserva-flexible\/"},"modified":"2026-02-03T11:08:24","modified_gmt":"2026-02-03T14:08:24","slug":"pack-de-reserva-flexible","status":"publish","type":"product","link":"https:\/\/navegacion.ar\/en\/product\/flexible-reserve-pack\/","title":{"rendered":"Flexible Reserve Pack"},"content":{"rendered":"<p class=\"ai-optimize-22\">Looking for total freedom to organize your trip? With the Flexible Booking Pack you get the support of the Rescheduling Insurance and the Cancellation Insurance in just one step.<br \/>\nIncludes:<\/p>\n<ul>\n<li class=\"ai-optimize-23\">Change the date whenever you want, free of charge, up to the day before.<\/li>\n<li class=\"ai-optimize-24\">\u2705 Cancel and get part of your money back until 7 pm the day before.<\/li>\n<\/ul>\n<p class=\"ai-optimize-25\">You have until 30 minutes after issuing your voucher to add this pack. The perfect alternative to relax and enjoy without stress.<\/p>","protected":false},"excerpt":{"rendered":"<p class=\"ai-optimize-introduction ai-optimize-26\">Request both insurance services and guarantee your absolute peace of mind in the event of unforeseen rescheduling or cancellation.<\/p>","protected":false},"featured_media":378132,"comment_status":"open","ping_status":"closed","template":"","meta":[],"product_brand":[],"product_cat":[38],"product_tag":[],"class_list":{"0":"post-377830","1":"product","2":"type-product","3":"status-publish","4":"has-post-thumbnail","6":"product_cat-otros","8":"first","9":"instock","10":"sale","11":"purchasable","12":"product-type-simple"},"booking_location":null,"booking_location_type":null,"booking_duration":null,"booking_duration_unit":null,"booking_buffer":null,"booking_cost":null,"booking_resources":null,"exclude_global_add_ons":[],"addons":[],"yoast_head":"<!-- This site is optimized with the Yoast SEO Premium plugin v25.2 (Yoast SEO v25.2) - https:\/\/yoast.com\/wordpress\/plugins\/seo\/ -->\n<title>Pack de Reserva Flexible - Navegaci\u00f3n AR<\/title>\n<meta name=\"robots\" content=\"index, follow, max-snippet:-1, max-image-preview:large, max-video-preview:-1\" \/>\n<link rel=\"canonical\" href=\"https:\/\/navegacion.ar\/en\/product\/flexible-reserve-pack\/\" \/>\n<meta property=\"og:locale\" content=\"en_US\" \/>\n<meta property=\"og:type\" content=\"article\" \/>\n<meta property=\"og:title\" content=\"Pack de Reserva Flexible\" \/>\n<meta property=\"og:description\" content=\"Solicit\u00e1 ambos servicios de seguro y garantiz\u00e1 tu tranquilidad absoluta ante imprevistos de reprogramaci\u00f3n o cancelaci\u00f3n.\" \/>\n<meta property=\"og:url\" content=\"https:\/\/navegacion.ar\/en\/product\/flexible-reserve-pack\/\" \/>\n<meta property=\"og:site_name\" content=\"Navegaci\u00f3n AR\" \/>\n<meta property=\"article:modified_time\" content=\"2026-02-03T14:08:24+00:00\" \/>\n<meta property=\"og:image\" content=\"https:\/\/navegacion.ar\/wp-content\/uploads\/sites\/3\/2025\/06\/10-A-1-1.jpg\" \/>\n\t<meta property=\"og:image:width\" content=\"850\" \/>\n\t<meta property=\"og:image:height\" content=\"1133\" \/>\n\t<meta property=\"og:image:type\" content=\"image\/jpeg\" \/>\n<meta name=\"twitter:card\" content=\"summary_large_image\" \/>\n<meta name=\"twitter:label1\" content=\"Price\" \/>\n\t<meta name=\"twitter:data1\" content=\"&#036;25,000.00\" \/>\n\t<meta name=\"twitter:label2\" content=\"Availability\" \/>\n\t<meta name=\"twitter:data2\" content=\"In stock\" \/>\n<script type=\"application\/ld+json\" class=\"yoast-schema-graph\">{\"@context\":\"https:\/\/schema.org\",\"@graph\":[{\"@type\":\"WebPage\",\"@id\":\"https:\/\/navegacion.ar\/producto\/pack-de-reserva-flexible\/\",\"url\":\"https:\/\/navegacion.ar\/producto\/pack-de-reserva-flexible\/\",\"name\":\"Pack de Reserva Flexible - Navegaci\u00f3n AR\",\"isPartOf\":{\"@id\":\"https:\/\/navegacion.ar\/#website\"},\"primaryImageOfPage\":{\"@id\":\"https:\/\/navegacion.ar\/producto\/pack-de-reserva-flexible\/#primaryimage\"},\"image\":{\"@id\":\"https:\/\/navegacion.ar\/producto\/pack-de-reserva-flexible\/#primaryimage\"},\"thumbnailUrl\":\"https:\/\/navegacion.ar\/wp-content\/uploads\/sites\/3\/2025\/06\/10-A-1-1.jpg\",\"datePublished\":\"2025-06-13T15:43:24+00:00\",\"dateModified\":\"2026-02-03T14:08:24+00:00\",\"breadcrumb\":{\"@id\":\"https:\/\/navegacion.ar\/producto\/pack-de-reserva-flexible\/#breadcrumb\"},\"inLanguage\":\"en-US\",\"potentialAction\":[{\"@type\":\"ReadAction\",\"target\":[\"https:\/\/navegacion.ar\/producto\/pack-de-reserva-flexible\/\"]}]},{\"@type\":\"ImageObject\",\"inLanguage\":\"en-US\",\"@id\":\"https:\/\/navegacion.ar\/producto\/pack-de-reserva-flexible\/#primaryimage\",\"url\":\"https:\/\/navegacion.ar\/wp-content\/uploads\/sites\/3\/2025\/06\/10-A-1-1.jpg\",\"contentUrl\":\"https:\/\/navegacion.ar\/wp-content\/uploads\/sites\/3\/2025\/06\/10-A-1-1.jpg\",\"width\":850,\"height\":1133},{\"@type\":\"BreadcrumbList\",\"@id\":\"https:\/\/navegacion.ar\/producto\/pack-de-reserva-flexible\/#breadcrumb\",\"itemListElement\":[{\"@type\":\"ListItem\",\"position\":1,\"name\":\"Inicio\",\"item\":\"https:\/\/navegacion.ar\/\"},{\"@type\":\"ListItem\",\"position\":2,\"name\":\"Tienda\",\"item\":\"https:\/\/navegacion.ar\/tienda\/\"},{\"@type\":\"ListItem\",\"position\":3,\"name\":\"Pack de Reserva Flexible\"}]},{\"@type\":\"WebSite\",\"@id\":\"https:\/\/navegacion.ar\/#website\",\"url\":\"https:\/\/navegacion.ar\/\",\"name\":\"Navegaci\u00f3n AR\",\"description\":\"\",\"potentialAction\":[{\"@type\":\"SearchAction\",\"target\":{\"@type\":\"EntryPoint\",\"urlTemplate\":\"https:\/\/navegacion.ar\/?s={search_term_string}\"},\"query-input\":{\"@type\":\"PropertyValueSpecification\",\"valueRequired\":true,\"valueName\":\"search_term_string\"}}],\"inLanguage\":\"en-US\"}]}<\/script>\n<meta property=\"product:price:amount\" content=\"25000.00\" \/>\n<meta property=\"product:price:currency\" content=\"ARS\" \/>\n<meta property=\"og:availability\" content=\"instock\" \/>\n<meta property=\"product:availability\" content=\"instock\" \/>\n<meta property=\"product:condition\" content=\"new\" \/>\n<!-- \/ Yoast SEO Premium plugin. -->","yoast_head_json":{"title":"Flexible Reservation Pack - AR Navigation","robots":{"index":"index","follow":"follow","max-snippet":"max-snippet:-1","max-image-preview":"max-image-preview:large","max-video-preview":"max-video-preview:-1"},"canonical":"https:\/\/navegacion.ar\/en\/product\/flexible-reserve-pack\/","og_locale":"en_US","og_type":"article","og_title":"Pack de Reserva Flexible","og_description":"Solicit\u00e1 ambos servicios de seguro y garantiz\u00e1 tu tranquilidad absoluta ante imprevistos de reprogramaci\u00f3n o cancelaci\u00f3n.","og_url":"https:\/\/navegacion.ar\/en\/product\/flexible-reserve-pack\/","og_site_name":"Navegaci\u00f3n AR","article_modified_time":"2026-02-03T14:08:24+00:00","og_image":[{"width":850,"height":1133,"url":"https:\/\/navegacion.ar\/wp-content\/uploads\/sites\/3\/2025\/06\/10-A-1-1.jpg","type":"image\/jpeg"}],"twitter_card":"summary_large_image","twitter_misc":{"Price":"&#36;25,000.00","Availability":"In stock"},"schema":{"@context":"https:\/\/schema.org","@graph":[{"@type":"WebPage","@id":"https:\/\/navegacion.ar\/producto\/pack-de-reserva-flexible\/","url":"https:\/\/navegacion.ar\/producto\/pack-de-reserva-flexible\/","name":"Flexible Reservation Pack - AR Navigation","isPartOf":{"@id":"https:\/\/navegacion.ar\/#website"},"primaryImageOfPage":{"@id":"https:\/\/navegacion.ar\/producto\/pack-de-reserva-flexible\/#primaryimage"},"image":{"@id":"https:\/\/navegacion.ar\/producto\/pack-de-reserva-flexible\/#primaryimage"},"thumbnailUrl":"https:\/\/navegacion.ar\/wp-content\/uploads\/sites\/3\/2025\/06\/10-A-1-1.jpg","datePublished":"2025-06-13T15:43:24+00:00","dateModified":"2026-02-03T14:08:24+00:00","breadcrumb":{"@id":"https:\/\/navegacion.ar\/producto\/pack-de-reserva-flexible\/#breadcrumb"},"inLanguage":"en-US","potentialAction":[{"@type":"ReadAction","target":["https:\/\/navegacion.ar\/producto\/pack-de-reserva-flexible\/"]}]},{"@type":"ImageObject","inLanguage":"en-US","@id":"https:\/\/navegacion.ar\/producto\/pack-de-reserva-flexible\/#primaryimage","url":"https:\/\/navegacion.ar\/wp-content\/uploads\/sites\/3\/2025\/06\/10-A-1-1.jpg","contentUrl":"https:\/\/navegacion.ar\/wp-content\/uploads\/sites\/3\/2025\/06\/10-A-1-1.jpg","width":850,"height":1133},{"@type":"BreadcrumbList","@id":"https:\/\/navegacion.ar\/producto\/pack-de-reserva-flexible\/#breadcrumb","itemListElement":[{"@type":"ListItem","position":1,"name":"Inicio","item":"https:\/\/navegacion.ar\/"},{"@type":"ListItem","position":2,"name":"Tienda","item":"https:\/\/navegacion.ar\/tienda\/"},{"@type":"ListItem","position":3,"name":"Pack de Reserva Flexible"}]},{"@type":"WebSite","@id":"https:\/\/navegacion.ar\/#website","url":"https:\/\/navegacion.ar\/","name":"AR Navigation","description":"","potentialAction":[{"@type":"SearchAction","target":{"@type":"EntryPoint","urlTemplate":"https:\/\/navegacion.ar\/?s={search_term_string}"},"query-input":{"@type":"PropertyValueSpecification","valueRequired":true,"valueName":"search_term_string"}}],"inLanguage":"en-US"}]},"product_price_amount":"25000.00","product_price_currency":"ARS","og_availability":"instock","product_availability":"instock","product_condition":"new"},"_links":{"self":[{"href":"https:\/\/navegacion.ar\/en\/wp-json\/wp\/v2\/product\/377830","targetHints":{"allow":["GET"]}}],"collection":[{"href":"https:\/\/navegacion.ar\/en\/wp-json\/wp\/v2\/product"}],"about":[{"href":"https:\/\/navegacion.ar\/en\/wp-json\/wp\/v2\/types\/product"}],"replies":[{"embeddable":true,"href":"https:\/\/navegacion.ar\/en\/wp-json\/wp\/v2\/comments?post=377830"}],"wp:featuredmedia":[{"embeddable":true,"href":"https:\/\/navegacion.ar\/en\/wp-json\/wp\/v2\/media\/378132"}],"wp:attachment":[{"href":"https:\/\/navegacion.ar\/en\/wp-json\/wp\/v2\/media?parent=377830"}],"wp:term":[{"taxonomy":"product_brand","embeddable":true,"href":"https:\/\/navegacion.ar\/en\/wp-json\/wp\/v2\/product_brand?post=377830"},{"taxonomy":"product_cat","embeddable":true,"href":"https:\/\/navegacion.ar\/en\/wp-json\/wp\/v2\/product_cat?post=377830"},{"taxonomy":"product_tag","embeddable":true,"href":"https:\/\/navegacion.ar\/en\/wp-json\/wp\/v2\/product_tag?post=377830"}],"curies":[{"name":"wp","href":"https:\/\/api.w.org\/{rel}","templated":true}]}}