{"id":377834,"date":"2025-06-13T12:43:38","date_gmt":"2025-06-13T15:43:38","guid":{"rendered":"https:\/\/navegacion.ar\/producto\/seguro-de-reprogramacion\/"},"modified":"2026-02-03T11:07:45","modified_gmt":"2026-02-03T14:07:45","slug":"seguro-de-reprogramacion","status":"publish","type":"product","link":"https:\/\/navegacion.ar\/en\/product\/reprogramming-insurance\/","title":{"rendered":"Reprogramming Insurance"},"content":{"rendered":"<p class=\"ai-optimize-22\">Your schedule got complicated? Relax! With our Rescheduling Insurance you are free to move the date of your excursion at no extra charge.<\/p>\n<ul>\n<li class=\"ai-optimize-23\">Make the change until 7:00 p.m. the day before your departure.<\/li>\n<li class=\"ai-optimize-24\">\u2705 Date setting depends on availability.<\/li>\n<li class=\"ai-optimize-25\">\u2705 Valid only for the same experience booked.<\/li>\n<\/ul>\n<p class=\"ai-optimize-26\">You can add this insurance within 30 minutes after receiving your voucher. If you miss the benefit, the company will not be responsible for rescheduling or modifications.<\/p>","protected":false},"excerpt":{"rendered":"<p class=\"ai-optimize-introduction ai-optimize-27\">You can change the date of your tour at no extra charge. Total security to organize your outing.<\/p>","protected":false},"featured_media":378129,"comment_status":"open","ping_status":"closed","template":"","meta":[],"product_brand":[],"product_cat":[38],"product_tag":[],"class_list":{"0":"post-377834","1":"product","2":"type-product","3":"status-publish","4":"has-post-thumbnail","6":"product_cat-otros","8":"first","9":"instock","10":"purchasable","11":"product-type-simple"},"booking_location":null,"booking_location_type":null,"booking_duration":null,"booking_duration_unit":null,"booking_buffer":null,"booking_cost":null,"booking_resources":null,"exclude_global_add_ons":[],"addons":[],"yoast_head":"<!-- This site is optimized with the Yoast SEO Premium plugin v25.2 (Yoast SEO v25.2) - https:\/\/yoast.com\/wordpress\/plugins\/seo\/ -->\n<title>Seguro de Reprogramaci\u00f3n - Navegaci\u00f3n AR<\/title>\n<meta name=\"robots\" content=\"index, follow, max-snippet:-1, max-image-preview:large, max-video-preview:-1\" \/>\n<link rel=\"canonical\" href=\"https:\/\/navegacion.ar\/en\/product\/reprogramming-insurance\/\" \/>\n<meta property=\"og:locale\" content=\"en_US\" \/>\n<meta property=\"og:type\" content=\"article\" \/>\n<meta property=\"og:title\" content=\"Seguro de Reprogramaci\u00f3n\" \/>\n<meta property=\"og:description\" content=\"Pod\u00e9s cambiar la fecha de tu paseo sin ning\u00fan cargo extra. Seguridad total para organizar tu salida.\" \/>\n<meta property=\"og:url\" content=\"https:\/\/navegacion.ar\/en\/product\/reprogramming-insurance\/\" \/>\n<meta property=\"og:site_name\" content=\"Navegaci\u00f3n AR\" \/>\n<meta property=\"article:modified_time\" content=\"2026-02-03T14:07:45+00:00\" \/>\n<meta property=\"og:image\" content=\"https:\/\/navegacion.ar\/wp-content\/uploads\/sites\/3\/2025\/06\/Sin-titulo-232-scaled.jpg\" \/>\n\t<meta property=\"og:image:width\" content=\"1920\" \/>\n\t<meta property=\"og:image:height\" content=\"2560\" \/>\n\t<meta property=\"og:image:type\" content=\"image\/jpeg\" \/>\n<meta name=\"twitter:card\" content=\"summary_large_image\" \/>\n<meta name=\"twitter:label1\" content=\"Price\" \/>\n\t<meta name=\"twitter:data1\" content=\"&#036;15,000.00\" \/>\n\t<meta name=\"twitter:label2\" content=\"Availability\" \/>\n\t<meta name=\"twitter:data2\" content=\"In stock\" \/>\n<script type=\"application\/ld+json\" class=\"yoast-schema-graph\">{\"@context\":\"https:\/\/schema.org\",\"@graph\":[{\"@type\":\"WebPage\",\"@id\":\"https:\/\/navegacion.ar\/producto\/seguro-de-reprogramacion\/\",\"url\":\"https:\/\/navegacion.ar\/producto\/seguro-de-reprogramacion\/\",\"name\":\"Seguro de Reprogramaci\u00f3n - Navegaci\u00f3n AR\",\"isPartOf\":{\"@id\":\"https:\/\/navegacion.ar\/#website\"},\"primaryImageOfPage\":{\"@id\":\"https:\/\/navegacion.ar\/producto\/seguro-de-reprogramacion\/#primaryimage\"},\"image\":{\"@id\":\"https:\/\/navegacion.ar\/producto\/seguro-de-reprogramacion\/#primaryimage\"},\"thumbnailUrl\":\"https:\/\/navegacion.ar\/wp-content\/uploads\/sites\/3\/2025\/06\/Sin-titulo-232-scaled.jpg\",\"datePublished\":\"2025-06-13T15:43:38+00:00\",\"dateModified\":\"2026-02-03T14:07:45+00:00\",\"breadcrumb\":{\"@id\":\"https:\/\/navegacion.ar\/producto\/seguro-de-reprogramacion\/#breadcrumb\"},\"inLanguage\":\"en-US\",\"potentialAction\":[{\"@type\":\"ReadAction\",\"target\":[\"https:\/\/navegacion.ar\/producto\/seguro-de-reprogramacion\/\"]}]},{\"@type\":\"ImageObject\",\"inLanguage\":\"en-US\",\"@id\":\"https:\/\/navegacion.ar\/producto\/seguro-de-reprogramacion\/#primaryimage\",\"url\":\"https:\/\/navegacion.ar\/wp-content\/uploads\/sites\/3\/2025\/06\/Sin-titulo-232-scaled.jpg\",\"contentUrl\":\"https:\/\/navegacion.ar\/wp-content\/uploads\/sites\/3\/2025\/06\/Sin-titulo-232-scaled.jpg\",\"width\":1920,\"height\":2560,\"caption\":\"Processed with VSCO with hb1 preset\"},{\"@type\":\"BreadcrumbList\",\"@id\":\"https:\/\/navegacion.ar\/producto\/seguro-de-reprogramacion\/#breadcrumb\",\"itemListElement\":[{\"@type\":\"ListItem\",\"position\":1,\"name\":\"Inicio\",\"item\":\"https:\/\/navegacion.ar\/\"},{\"@type\":\"ListItem\",\"position\":2,\"name\":\"Tienda\",\"item\":\"https:\/\/navegacion.ar\/tienda\/\"},{\"@type\":\"ListItem\",\"position\":3,\"name\":\"Seguro de Reprogramaci\u00f3n\"}]},{\"@type\":\"WebSite\",\"@id\":\"https:\/\/navegacion.ar\/#website\",\"url\":\"https:\/\/navegacion.ar\/\",\"name\":\"Navegaci\u00f3n AR\",\"description\":\"\",\"potentialAction\":[{\"@type\":\"SearchAction\",\"target\":{\"@type\":\"EntryPoint\",\"urlTemplate\":\"https:\/\/navegacion.ar\/?s={search_term_string}\"},\"query-input\":{\"@type\":\"PropertyValueSpecification\",\"valueRequired\":true,\"valueName\":\"search_term_string\"}}],\"inLanguage\":\"en-US\"}]}<\/script>\n<meta property=\"product:price:amount\" content=\"15000.00\" \/>\n<meta property=\"product:price:currency\" content=\"ARS\" \/>\n<meta property=\"og:availability\" content=\"instock\" \/>\n<meta property=\"product:availability\" content=\"instock\" \/>\n<meta property=\"product:condition\" content=\"new\" \/>\n<!-- \/ Yoast SEO Premium plugin. -->","yoast_head_json":{"title":"Reprogramming Insurance - AR Navigation","robots":{"index":"index","follow":"follow","max-snippet":"max-snippet:-1","max-image-preview":"max-image-preview:large","max-video-preview":"max-video-preview:-1"},"canonical":"https:\/\/navegacion.ar\/en\/product\/reprogramming-insurance\/","og_locale":"en_US","og_type":"article","og_title":"Seguro de Reprogramaci\u00f3n","og_description":"Pod\u00e9s cambiar la fecha de tu paseo sin ning\u00fan cargo extra. Seguridad total para organizar tu salida.","og_url":"https:\/\/navegacion.ar\/en\/product\/reprogramming-insurance\/","og_site_name":"Navegaci\u00f3n AR","article_modified_time":"2026-02-03T14:07:45+00:00","og_image":[{"width":1920,"height":2560,"url":"https:\/\/navegacion.ar\/wp-content\/uploads\/sites\/3\/2025\/06\/Sin-titulo-232-scaled.jpg","type":"image\/jpeg"}],"twitter_card":"summary_large_image","twitter_misc":{"Price":"&#36;15,000.00","Availability":"In stock"},"schema":{"@context":"https:\/\/schema.org","@graph":[{"@type":"WebPage","@id":"https:\/\/navegacion.ar\/producto\/seguro-de-reprogramacion\/","url":"https:\/\/navegacion.ar\/producto\/seguro-de-reprogramacion\/","name":"Reprogramming Insurance - AR Navigation","isPartOf":{"@id":"https:\/\/navegacion.ar\/#website"},"primaryImageOfPage":{"@id":"https:\/\/navegacion.ar\/producto\/seguro-de-reprogramacion\/#primaryimage"},"image":{"@id":"https:\/\/navegacion.ar\/producto\/seguro-de-reprogramacion\/#primaryimage"},"thumbnailUrl":"https:\/\/navegacion.ar\/wp-content\/uploads\/sites\/3\/2025\/06\/Sin-titulo-232-scaled.jpg","datePublished":"2025-06-13T15:43:38+00:00","dateModified":"2026-02-03T14:07:45+00:00","breadcrumb":{"@id":"https:\/\/navegacion.ar\/producto\/seguro-de-reprogramacion\/#breadcrumb"},"inLanguage":"en-US","potentialAction":[{"@type":"ReadAction","target":["https:\/\/navegacion.ar\/producto\/seguro-de-reprogramacion\/"]}]},{"@type":"ImageObject","inLanguage":"en-US","@id":"https:\/\/navegacion.ar\/producto\/seguro-de-reprogramacion\/#primaryimage","url":"https:\/\/navegacion.ar\/wp-content\/uploads\/sites\/3\/2025\/06\/Sin-titulo-232-scaled.jpg","contentUrl":"https:\/\/navegacion.ar\/wp-content\/uploads\/sites\/3\/2025\/06\/Sin-titulo-232-scaled.jpg","width":1920,"height":2560,"caption":"Processed with VSCO with hb1 preset"},{"@type":"BreadcrumbList","@id":"https:\/\/navegacion.ar\/producto\/seguro-de-reprogramacion\/#breadcrumb","itemListElement":[{"@type":"ListItem","position":1,"name":"Inicio","item":"https:\/\/navegacion.ar\/"},{"@type":"ListItem","position":2,"name":"Tienda","item":"https:\/\/navegacion.ar\/tienda\/"},{"@type":"ListItem","position":3,"name":"Seguro de Reprogramaci\u00f3n"}]},{"@type":"WebSite","@id":"https:\/\/navegacion.ar\/#website","url":"https:\/\/navegacion.ar\/","name":"AR Navigation","description":"","potentialAction":[{"@type":"SearchAction","target":{"@type":"EntryPoint","urlTemplate":"https:\/\/navegacion.ar\/?s={search_term_string}"},"query-input":{"@type":"PropertyValueSpecification","valueRequired":true,"valueName":"search_term_string"}}],"inLanguage":"en-US"}]},"product_price_amount":"15000.00","product_price_currency":"ARS","og_availability":"instock","product_availability":"instock","product_condition":"new"},"_links":{"self":[{"href":"https:\/\/navegacion.ar\/en\/wp-json\/wp\/v2\/product\/377834","targetHints":{"allow":["GET"]}}],"collection":[{"href":"https:\/\/navegacion.ar\/en\/wp-json\/wp\/v2\/product"}],"about":[{"href":"https:\/\/navegacion.ar\/en\/wp-json\/wp\/v2\/types\/product"}],"replies":[{"embeddable":true,"href":"https:\/\/navegacion.ar\/en\/wp-json\/wp\/v2\/comments?post=377834"}],"wp:featuredmedia":[{"embeddable":true,"href":"https:\/\/navegacion.ar\/en\/wp-json\/wp\/v2\/media\/378129"}],"wp:attachment":[{"href":"https:\/\/navegacion.ar\/en\/wp-json\/wp\/v2\/media?parent=377834"}],"wp:term":[{"taxonomy":"product_brand","embeddable":true,"href":"https:\/\/navegacion.ar\/en\/wp-json\/wp\/v2\/product_brand?post=377834"},{"taxonomy":"product_cat","embeddable":true,"href":"https:\/\/navegacion.ar\/en\/wp-json\/wp\/v2\/product_cat?post=377834"},{"taxonomy":"product_tag","embeddable":true,"href":"https:\/\/navegacion.ar\/en\/wp-json\/wp\/v2\/product_tag?post=377834"}],"curies":[{"name":"wp","href":"https:\/\/api.w.org\/{rel}","templated":true}]}}