{"id":377841,"date":"2025-06-13T12:45:52","date_gmt":"2025-06-13T15:45:52","guid":{"rendered":"https:\/\/navegacion.ar\/producto\/cerro-tronador-y-ventisquero-negro-exploracion-total-en-el-corazon-de-la-patagonia\/"},"modified":"2025-10-13T12:11:21","modified_gmt":"2025-10-13T15:11:21","slug":"cerro-tronador-y-ventisquero-negro","status":"publish","type":"product","link":"https:\/\/navegacion.ar\/en\/product\/cerro-tronador-and-ventisquero-negro\/","title":{"rendered":"Cerro Tronador and Ventisquero Negro: full exploration in the heart of Patagonia"},"content":{"rendered":"<h3 class=\"ai-optimize-6\" data-start=\"470\" data-end=\"552\"><strong data-start=\"474\" data-end=\"552\">A trip to one of the most dazzling sceneries of the Patagonian Andes.<\/strong><\/h3>\n<p class=\"ai-optimize-7\" data-start=\"554\" data-end=\"888\">This guided tour proposes you to connect with one of the most impressive places of the Nahuel Huapi National Park. The <strong data-start=\"666\" data-end=\"684\">Cerro Tronador<\/strong>, The Glaciers, with their permanent snow and moving glaciers, is a postcard of the Argentine Patagonia and a must for those seeking breathtaking scenery and fresh air in an outdoor experience they will remember for a lifetime.<\/p>\n<p class=\"ai-optimize-8\" data-start=\"890\" data-end=\"1248\">The journey starts from meeting points in Bariloche (between downtown and km 8 of Bustillo Av. or Pioneros Av.), traveling along the scenic route next to the Gutierrez and Mascardi lakes. Along the way, you will have the chance to stop for photos in places such as <strong data-start=\"1147\" data-end=\"1162\">Black Beach<\/strong> and the <strong data-start=\"1168\" data-end=\"1198\">Heart Island viewpoint<\/strong>, and a break at Los R\u00e1pidos camping site.<\/p>\n<p class=\"ai-optimize-9\" data-start=\"1250\" data-end=\"1591\">You continue the adventure until you reach the <strong data-start=\"1287\" data-end=\"1308\">Black Snowdrift<\/strong>, A particular glacier that descends from the top of Cerro Tronador. From there you will marvel at the difference between the dark ice and the white peaks. At <strong data-start=\"1490\" data-end=\"1505\">Pampa Linda<\/strong>, You will have free time to have lunch at the local inns and relax in the Patagonian nature.<\/p>\n<p class=\"ai-optimize-10\" data-start=\"1593\" data-end=\"1835\">The excursion takes place between 9:00 and 18:30 approximately, including transportation, Spanish-speaking guide and key stops to explore this unique place in depth. It does not include meals or the entrance fee to the National Park, which is paid separately. There are limited spaces: don't miss the opportunity!<\/p>\n<h3 class=\"ai-optimize-11\" data-start=\"1842\" data-end=\"1870\"><strong data-start=\"1846\" data-end=\"1870\">Frequently asked questions<\/strong><\/h3>\n<p class=\"ai-optimize-12\" data-start=\"1872\" data-end=\"2010\"><strong data-start=\"1872\" data-end=\"1908\">Do I have to have physical training?<\/strong><br data-start=\"1908\" data-end=\"1911\" \/>It is not necessary. This is a vehicle excursion with short hikes at viewpoints. It is suitable for all ages.<\/p>\n<p class=\"ai-optimize-13\" data-start=\"2012\" data-end=\"2124\"><strong data-start=\"2012\" data-end=\"2038\">Where can I have lunch?<\/strong><br data-start=\"2038\" data-end=\"2041\" \/>In Pampa Linda there are inns that offer typical dishes and drinks to replenish your energy.<\/p>\n<p class=\"ai-optimize-14\" data-start=\"2126\" data-end=\"2290\"><strong data-start=\"2126\" data-end=\"2160\">What to bring on the tour?<\/strong><br data-start=\"2160\" data-end=\"2163\" \/>Comfortable clothes, coat, sneakers or trekking shoes, sunscreen, water and some money for the entrance to the park and meals.<\/p>\n<p class=\"ai-optimize-15\" data-start=\"2292\" data-end=\"2476\"><strong data-start=\"2292\" data-end=\"2322\">What does the service cover?<\/strong><br data-start=\"2322\" data-end=\"2325\" \/>Includes transfers to and from the meeting points, tour guide and the complete tour. Lunch and Nahuel Huapi National Park ticket are not included.<\/p>","protected":false},"excerpt":{"rendered":"<p class=\"ai-optimize-16\">Live a unique experience touring Nahuel Huapi National Park, where the breathtaking views of Cerro Tronador and the incredible Ventisquero Negro Glacier await you. Enjoy an ideal combination of natural landscapes, excitement and comfort.<\/p>","protected":false},"featured_media":377435,"comment_status":"open","ping_status":"closed","template":"","meta":[],"product_brand":[],"product_cat":[29,32,37,38,39,43,44,46,47],"product_tag":[],"class_list":{"0":"post-377841","1":"product","2":"type-product","3":"status-publish","4":"has-post-thumbnail","6":"product_cat-con-traslado","7":"product_cat-invierno","8":"product_cat-otono","9":"product_cat-otros","10":"product_cat-primavera","11":"product_cat-temporada","12":"product_cat-terrestre","13":"product_cat-todo-el-ano","14":"product_cat-verano","16":"first","17":"instock","18":"virtual","19":"sold-individually","20":"purchasable","21":"product-type-booking"},"booking_location":"","booking_location_type":"","booking_duration":1,"booking_duration_unit":"hour","booking_buffer":0,"booking_cost":59400,"booking_resources":[],"exclude_global_add_ons":[],"addons":[],"yoast_head":"<!-- This site is optimized with the Yoast SEO Premium plugin v25.2 (Yoast SEO v25.2) - https:\/\/yoast.com\/wordpress\/plugins\/seo\/ -->\n<title>Cerro Tronador y Ventisquero Negro | Excursi\u00f3n Bariloche - Navegaci\u00f3n AR<\/title>\n<meta name=\"description\" content=\"Explor\u00e1 el imponente Cerro Tronador y el Ventisquero Negro en una excursi\u00f3n \u00fanica desde Bariloche. Naturaleza y paisajes inolvidables.\" \/>\n<meta name=\"robots\" content=\"index, follow, max-snippet:-1, max-image-preview:large, max-video-preview:-1\" \/>\n<link rel=\"canonical\" href=\"https:\/\/navegacion.ar\/en\/product\/cerro-tronador-and-ventisquero-negro\/\" \/>\n<meta property=\"og:locale\" content=\"en_US\" \/>\n<meta property=\"og:type\" content=\"article\" \/>\n<meta property=\"og:title\" content=\"Cerro Tronador y Ventisquero Negro: exploraci\u00f3n total en el coraz\u00f3n de la Patagonia\" \/>\n<meta property=\"og:description\" content=\"Explor\u00e1 el imponente Cerro Tronador y el Ventisquero Negro en una excursi\u00f3n \u00fanica desde Bariloche. Naturaleza y paisajes inolvidables.\" \/>\n<meta property=\"og:url\" content=\"https:\/\/navegacion.ar\/en\/product\/cerro-tronador-and-ventisquero-negro\/\" \/>\n<meta property=\"og:site_name\" content=\"Navegaci\u00f3n AR\" \/>\n<meta property=\"article:modified_time\" content=\"2025-10-13T15:11:21+00:00\" \/>\n<meta property=\"og:image\" content=\"https:\/\/navegacion.ar\/wp-content\/uploads\/sites\/3\/2025\/03\/CerroTronador_icon_1140_1601315371-1.jpg\" \/>\n\t<meta property=\"og:image:width\" content=\"1140\" \/>\n\t<meta property=\"og:image:height\" content=\"855\" \/>\n\t<meta property=\"og:image:type\" content=\"image\/jpeg\" \/>\n<meta name=\"twitter:card\" content=\"summary_large_image\" \/>\n<meta name=\"twitter:label1\" content=\"Price\" \/>\n\t<meta name=\"twitter:data1\" content=\"&#036;59,400.00\" \/>\n\t<meta name=\"twitter:label2\" content=\"Availability\" \/>\n\t<meta name=\"twitter:data2\" content=\"In stock\" \/>\n<script type=\"application\/ld+json\" class=\"yoast-schema-graph\">{\"@context\":\"https:\/\/schema.org\",\"@graph\":[{\"@type\":\"WebPage\",\"@id\":\"https:\/\/navegacion.ar\/producto\/cerro-tronador-y-ventisquero-negro\/\",\"url\":\"https:\/\/navegacion.ar\/producto\/cerro-tronador-y-ventisquero-negro\/\",\"name\":\"Cerro Tronador y Ventisquero Negro | Excursi\u00f3n Bariloche - Navegaci\u00f3n AR\",\"isPartOf\":{\"@id\":\"https:\/\/navegacion.ar\/#website\"},\"primaryImageOfPage\":{\"@id\":\"https:\/\/navegacion.ar\/producto\/cerro-tronador-y-ventisquero-negro\/#primaryimage\"},\"image\":{\"@id\":\"https:\/\/navegacion.ar\/producto\/cerro-tronador-y-ventisquero-negro\/#primaryimage\"},\"thumbnailUrl\":\"https:\/\/navegacion.ar\/wp-content\/uploads\/sites\/3\/2025\/03\/CerroTronador_icon_1140_1601315371-1.jpg\",\"datePublished\":\"2025-06-13T15:45:52+00:00\",\"dateModified\":\"2025-10-13T15:11:21+00:00\",\"description\":\"Explor\u00e1 el imponente Cerro Tronador y el Ventisquero Negro en una excursi\u00f3n \u00fanica desde Bariloche. Naturaleza y paisajes inolvidables.\",\"breadcrumb\":{\"@id\":\"https:\/\/navegacion.ar\/producto\/cerro-tronador-y-ventisquero-negro\/#breadcrumb\"},\"inLanguage\":\"en-US\",\"potentialAction\":[{\"@type\":\"ReadAction\",\"target\":[\"https:\/\/navegacion.ar\/producto\/cerro-tronador-y-ventisquero-negro\/\"]}]},{\"@type\":\"ImageObject\",\"inLanguage\":\"en-US\",\"@id\":\"https:\/\/navegacion.ar\/producto\/cerro-tronador-y-ventisquero-negro\/#primaryimage\",\"url\":\"https:\/\/navegacion.ar\/wp-content\/uploads\/sites\/3\/2025\/03\/CerroTronador_icon_1140_1601315371-1.jpg\",\"contentUrl\":\"https:\/\/navegacion.ar\/wp-content\/uploads\/sites\/3\/2025\/03\/CerroTronador_icon_1140_1601315371-1.jpg\",\"width\":1140,\"height\":855},{\"@type\":\"BreadcrumbList\",\"@id\":\"https:\/\/navegacion.ar\/producto\/cerro-tronador-y-ventisquero-negro\/#breadcrumb\",\"itemListElement\":[{\"@type\":\"ListItem\",\"position\":1,\"name\":\"Inicio\",\"item\":\"https:\/\/navegacion.ar\/\"},{\"@type\":\"ListItem\",\"position\":2,\"name\":\"Tienda\",\"item\":\"https:\/\/navegacion.ar\/tienda\/\"},{\"@type\":\"ListItem\",\"position\":3,\"name\":\"Cerro Tronador y Ventisquero Negro: exploraci\u00f3n total en el coraz\u00f3n de la Patagonia\"}]},{\"@type\":\"WebSite\",\"@id\":\"https:\/\/navegacion.ar\/#website\",\"url\":\"https:\/\/navegacion.ar\/\",\"name\":\"Navegaci\u00f3n AR\",\"description\":\"\",\"potentialAction\":[{\"@type\":\"SearchAction\",\"target\":{\"@type\":\"EntryPoint\",\"urlTemplate\":\"https:\/\/navegacion.ar\/?s={search_term_string}\"},\"query-input\":{\"@type\":\"PropertyValueSpecification\",\"valueRequired\":true,\"valueName\":\"search_term_string\"}}],\"inLanguage\":\"en-US\"}]}<\/script>\n<meta property=\"product:price:amount\" content=\"59400.00\" \/>\n<meta property=\"product:price:currency\" content=\"ARS\" \/>\n<meta property=\"og:availability\" content=\"instock\" \/>\n<meta property=\"product:availability\" content=\"instock\" \/>\n<meta property=\"product:retailer_item_id\" content=\"ADV2025CETRYVHMNO\" \/>\n<meta property=\"product:condition\" content=\"new\" \/>\n<!-- \/ Yoast SEO Premium plugin. -->","yoast_head_json":{"title":"Cerro Tronador and Ventisquero Negro | Bariloche Excursion - Navigation AR","description":"Explore the imposing Cerro Tronador and Ventisquero Negro in a unique excursion from Bariloche. Unforgettable nature and landscapes.","robots":{"index":"index","follow":"follow","max-snippet":"max-snippet:-1","max-image-preview":"max-image-preview:large","max-video-preview":"max-video-preview:-1"},"canonical":"https:\/\/navegacion.ar\/en\/product\/cerro-tronador-and-ventisquero-negro\/","og_locale":"en_US","og_type":"article","og_title":"Cerro Tronador y Ventisquero Negro: exploraci\u00f3n total en el coraz\u00f3n de la Patagonia","og_description":"Explor\u00e1 el imponente Cerro Tronador y el Ventisquero Negro en una excursi\u00f3n \u00fanica desde Bariloche. Naturaleza y paisajes inolvidables.","og_url":"https:\/\/navegacion.ar\/en\/product\/cerro-tronador-and-ventisquero-negro\/","og_site_name":"Navegaci\u00f3n AR","article_modified_time":"2025-10-13T15:11:21+00:00","og_image":[{"width":1140,"height":855,"url":"https:\/\/navegacion.ar\/wp-content\/uploads\/sites\/3\/2025\/03\/CerroTronador_icon_1140_1601315371-1.jpg","type":"image\/jpeg"}],"twitter_card":"summary_large_image","twitter_misc":{"Price":"&#36;59,400.00","Availability":"In stock"},"schema":{"@context":"https:\/\/schema.org","@graph":[{"@type":"WebPage","@id":"https:\/\/navegacion.ar\/producto\/cerro-tronador-y-ventisquero-negro\/","url":"https:\/\/navegacion.ar\/producto\/cerro-tronador-y-ventisquero-negro\/","name":"Cerro Tronador and Ventisquero Negro | Bariloche Excursion - Navigation AR","isPartOf":{"@id":"https:\/\/navegacion.ar\/#website"},"primaryImageOfPage":{"@id":"https:\/\/navegacion.ar\/producto\/cerro-tronador-y-ventisquero-negro\/#primaryimage"},"image":{"@id":"https:\/\/navegacion.ar\/producto\/cerro-tronador-y-ventisquero-negro\/#primaryimage"},"thumbnailUrl":"https:\/\/navegacion.ar\/wp-content\/uploads\/sites\/3\/2025\/03\/CerroTronador_icon_1140_1601315371-1.jpg","datePublished":"2025-06-13T15:45:52+00:00","dateModified":"2025-10-13T15:11:21+00:00","description":"Explore the imposing Cerro Tronador and Ventisquero Negro in a unique excursion from Bariloche. Unforgettable nature and landscapes.","breadcrumb":{"@id":"https:\/\/navegacion.ar\/producto\/cerro-tronador-y-ventisquero-negro\/#breadcrumb"},"inLanguage":"en-US","potentialAction":[{"@type":"ReadAction","target":["https:\/\/navegacion.ar\/producto\/cerro-tronador-y-ventisquero-negro\/"]}]},{"@type":"ImageObject","inLanguage":"en-US","@id":"https:\/\/navegacion.ar\/producto\/cerro-tronador-y-ventisquero-negro\/#primaryimage","url":"https:\/\/navegacion.ar\/wp-content\/uploads\/sites\/3\/2025\/03\/CerroTronador_icon_1140_1601315371-1.jpg","contentUrl":"https:\/\/navegacion.ar\/wp-content\/uploads\/sites\/3\/2025\/03\/CerroTronador_icon_1140_1601315371-1.jpg","width":1140,"height":855},{"@type":"BreadcrumbList","@id":"https:\/\/navegacion.ar\/producto\/cerro-tronador-y-ventisquero-negro\/#breadcrumb","itemListElement":[{"@type":"ListItem","position":1,"name":"Inicio","item":"https:\/\/navegacion.ar\/"},{"@type":"ListItem","position":2,"name":"Tienda","item":"https:\/\/navegacion.ar\/tienda\/"},{"@type":"ListItem","position":3,"name":"Cerro Tronador y Ventisquero Negro: exploraci\u00f3n total en el coraz\u00f3n de la Patagonia"}]},{"@type":"WebSite","@id":"https:\/\/navegacion.ar\/#website","url":"https:\/\/navegacion.ar\/","name":"AR Navigation","description":"","potentialAction":[{"@type":"SearchAction","target":{"@type":"EntryPoint","urlTemplate":"https:\/\/navegacion.ar\/?s={search_term_string}"},"query-input":{"@type":"PropertyValueSpecification","valueRequired":true,"valueName":"search_term_string"}}],"inLanguage":"en-US"}]},"product_price_amount":"59400.00","product_price_currency":"ARS","og_availability":"instock","product_availability":"instock","product_retailer_item_id":"ADV2025CETRYVHMNO","product_condition":"new"},"_links":{"self":[{"href":"https:\/\/navegacion.ar\/en\/wp-json\/wp\/v2\/product\/377841","targetHints":{"allow":["GET"]}}],"collection":[{"href":"https:\/\/navegacion.ar\/en\/wp-json\/wp\/v2\/product"}],"about":[{"href":"https:\/\/navegacion.ar\/en\/wp-json\/wp\/v2\/types\/product"}],"replies":[{"embeddable":true,"href":"https:\/\/navegacion.ar\/en\/wp-json\/wp\/v2\/comments?post=377841"}],"wp:featuredmedia":[{"embeddable":true,"href":"https:\/\/navegacion.ar\/en\/wp-json\/wp\/v2\/media\/377435"}],"wp:attachment":[{"href":"https:\/\/navegacion.ar\/en\/wp-json\/wp\/v2\/media?parent=377841"}],"wp:term":[{"taxonomy":"product_brand","embeddable":true,"href":"https:\/\/navegacion.ar\/en\/wp-json\/wp\/v2\/product_brand?post=377841"},{"taxonomy":"product_cat","embeddable":true,"href":"https:\/\/navegacion.ar\/en\/wp-json\/wp\/v2\/product_cat?post=377841"},{"taxonomy":"product_tag","embeddable":true,"href":"https:\/\/navegacion.ar\/en\/wp-json\/wp\/v2\/product_tag?post=377841"}],"curies":[{"name":"wp","href":"https:\/\/api.w.org\/{rel}","templated":true}]}}