{"id":377844,"date":"2025-06-13T12:46:48","date_gmt":"2025-06-13T15:46:48","guid":{"rendered":"https:\/\/navegacion.ar\/producto\/rafting-light-en-el-rio-manso-con-traslado\/"},"modified":"2026-04-28T13:16:19","modified_gmt":"2026-04-28T16:16:19","slug":"rafting-light-en-el-rio-manso-con-traslado","status":"publish","type":"product","link":"https:\/\/navegacion.ar\/en\/product\/light-rafting-on-the-manso-river-with-transfer\/","title":{"rendered":"Light rafting on the Manso River with transfer"},"content":{"rendered":"<h2 class=\"ai-optimize-6\">Experience the Energy of the Manso River with Total Peace of Mind<\/h2>\n<p class=\"ai-optimize-7 ai-optimize-introduction\">I felt the <strong>rafting adrenaline<\/strong> in the fascinating <strong>Manso River<\/strong>, where nature and adventure merge to give you unforgettable moments. This <strong>soft rafting<\/strong> is ideal for Argentine families and is suitable for children as young as 5 years old, offering a carefully designed and accessible version to immerse yourself in unique landscapes. We paddle <strong>6 kilometers<\/strong> in the waters of <strong>grade 1 and 2<\/strong>, perfect for those making their debut or looking to spend a relaxing day on the water, surrounded by beauty.<\/p>\n<h3 class=\"ai-optimize-8\">Experience a different kind of experience<\/h3>\n<p class=\"ai-optimize-9\">At the meeting point, our <strong>qualified guides<\/strong> you are welcomed with good vibes to start this memorable experience together.<\/p>\n<ul>\n<li class=\"ai-optimize-10\"><strong>All equipment included:<\/strong> we give you wetsuit, helmet, life jacket and more for you to enjoy.<\/li>\n<li class=\"ai-optimize-11\"><strong>Safety talk:<\/strong> Before embarking, you will receive an express training so that your departure will be fun and smooth.<\/li>\n<\/ul>\n<p class=\"ai-optimize-12\">During the excursion, be amazed by the immensity of the surroundings and experience the river up close. The adventure lasts approximately <strong>one and a half hours<\/strong>, ideal to disconnect and let yourself go in the heart of nature.<\/p>\n<h3 class=\"ai-optimize-13\">Where do we start from?<\/h3>\n<p class=\"ai-optimize-14\" data-pm-slice=\"1 1 []\">When you reserve your place with transfer, we leave from downtown Bariloche or coordinate the meeting point that suits you best, depending on where you are stopping.<\/p>\n<p class=\"ai-optimize-21\" data-pm-slice=\"1 1 []\">The rafting excursion takes place in our hostel, at the Villegas Base, Route 83 Km 1. <a class=\"theme markdown__link\" href=\"https:\/\/maps.app.goo.gl\/NqbsUN6VB5Fnt7hVA\" target=\"_blank\" rel=\"noopener noreferrer\">https:\/\/maps.app.goo.gl\/NqbsUN6VB5Fnt7hVA<\/a> this is the link to the location of the parador.<\/p>\n<h3 class=\"ai-optimize-15\">Relaxation and Good Company<\/h3>\n<p class=\"ai-optimize-16\">At the end of the tour, you return to the hostel, with time to relax, chat and share emotions with those who have experienced the same thing. Recharge your batteries and take away new anecdotes.<\/p>\n<h3 class=\"ai-optimize-17\">Tips for your Journey<\/h3>\n<ul>\n<li class=\"ai-optimize-18\"><strong>Always carry:<\/strong> a towel, dry clothes and waterproof footwear.<\/li>\n<li class=\"ai-optimize-19\"><strong>Important:<\/strong> you're going to get some splashes that are part of the fun.<\/li>\n<\/ul>\n<p class=\"ai-optimize-20\">Don't miss this chance to experience Argentina's nature from the inside, the time is now, we are waiting for you with lots of energy!<\/p>\n<p class=\"ai-optimize-23\"><strong>Important Notice<\/strong>This tour is currently available and has departures until April 30, according to the operating calendar.<\/p>","protected":false},"excerpt":{"rendered":"<p class=\"ai-optimize-6\">Experience a unique soft rafting adventure on the Manso River. Specially designed for family groups and beginners, this proposal guarantees a reliable and fun 6-kilometer tour in the midst of breathtaking scenery.<\/p>","protected":false},"featured_media":377823,"comment_status":"open","ping_status":"closed","template":"","meta":[],"product_brand":[],"product_cat":[27,29,39,47],"product_tag":[],"class_list":{"0":"post-377844","1":"product","2":"type-product","3":"status-publish","4":"has-post-thumbnail","6":"product_cat-aventura","7":"product_cat-con-traslado","8":"product_cat-primavera","9":"product_cat-verano","11":"first","12":"instock","13":"virtual","14":"sold-individually","15":"purchasable","16":"product-type-booking"},"booking_location":"","booking_location_type":"","booking_duration":1,"booking_duration_unit":"hour","booking_buffer":0,"booking_cost":0,"booking_resources":[],"exclude_global_add_ons":false,"addons":[{"name":"ADU | Adult","type":"input_multiplier","position":0,"required":false,"title_format":"label","default":"","description_enable":false,"description":"","placeholder_enable":false,"placeholder":"","display":"select","restrictions_type":"any_text","adjust_price":true,"price":"90000","price_type":"quantity_based","restrictions":false,"min":"0","max":"0","options":[],"id":1777382180},{"name":"EXTRA | Companion","type":"input_multiplier","position":1,"required":false,"title_format":"label","default":"","description_enable":false,"description":"","placeholder_enable":false,"placeholder":"","display":"select","restrictions_type":"any_text","adjust_price":true,"price":"45000","price_type":"quantity_based","restrictions":false,"min":"0","max":"0","options":[],"id":1777382181},{"name":"MEN512 | From 5 to 12","type":"input_multiplier","position":2,"required":false,"title_format":"label","default":"","description_enable":false,"description":"","placeholder_enable":false,"placeholder":"","display":"select","restrictions_type":"any_text","adjust_price":true,"price":"90000","price_type":"quantity_based","restrictions":false,"min":"0","max":"0","options":[],"id":1777382182}],"yoast_head":"<!-- This site is optimized with the Yoast SEO Premium plugin v25.2 (Yoast SEO v25.2) - https:\/\/yoast.com\/wordpress\/plugins\/seo\/ -->\n<title>Rafting light en el r\u00edo Manso con traslado - Navegaci\u00f3n AR<\/title>\n<meta name=\"description\" content=\"Disfrut\u00e1 el rafting light en el r\u00edo Manso, ideal para toda la familia. Aventura, diversi\u00f3n y traslado incluido desde Bariloche.\" \/>\n<meta name=\"robots\" content=\"index, follow, max-snippet:-1, max-image-preview:large, max-video-preview:-1\" \/>\n<link rel=\"canonical\" href=\"https:\/\/navegacion.ar\/en\/product\/light-rafting-on-the-manso-river-with-transfer\/\" \/>\n<meta property=\"og:locale\" content=\"en_US\" \/>\n<meta property=\"og:type\" content=\"article\" \/>\n<meta property=\"og:title\" content=\"Rafting light en el r\u00edo Manso con traslado\" \/>\n<meta property=\"og:description\" content=\"Disfrut\u00e1 el rafting light en el r\u00edo Manso, ideal para toda la familia. Aventura, diversi\u00f3n y traslado incluido desde Bariloche.\" \/>\n<meta property=\"og:url\" content=\"https:\/\/navegacion.ar\/en\/product\/light-rafting-on-the-manso-river-with-transfer\/\" \/>\n<meta property=\"og:site_name\" content=\"Navegaci\u00f3n AR\" \/>\n<meta property=\"article:modified_time\" content=\"2026-04-28T16:16:19+00:00\" \/>\n<meta property=\"og:image\" content=\"https:\/\/navegacion.ar\/wp-content\/uploads\/sites\/3\/2025\/03\/RaftingLightrioManso_image5_1140_1601836293.jpg\" \/>\n\t<meta property=\"og:image:width\" content=\"1140\" \/>\n\t<meta property=\"og:image:height\" content=\"855\" \/>\n\t<meta property=\"og:image:type\" content=\"image\/jpeg\" \/>\n<meta name=\"twitter:card\" content=\"summary_large_image\" \/>\n<meta name=\"twitter:label1\" content=\"Price\" \/>\n\t<meta name=\"twitter:data1\" content=\"&#036;90,000.00\" \/>\n\t<meta name=\"twitter:label2\" content=\"Availability\" \/>\n\t<meta name=\"twitter:data2\" content=\"In stock\" \/>\n<script type=\"application\/ld+json\" class=\"yoast-schema-graph\">{\"@context\":\"https:\/\/schema.org\",\"@graph\":[{\"@type\":\"WebPage\",\"@id\":\"https:\/\/navegacion.ar\/producto\/rafting-light-en-el-rio-manso-con-traslado\/\",\"url\":\"https:\/\/navegacion.ar\/producto\/rafting-light-en-el-rio-manso-con-traslado\/\",\"name\":\"Rafting light en el r\u00edo Manso con traslado - Navegaci\u00f3n AR\",\"isPartOf\":{\"@id\":\"https:\/\/navegacion.ar\/#website\"},\"primaryImageOfPage\":{\"@id\":\"https:\/\/navegacion.ar\/producto\/rafting-light-en-el-rio-manso-con-traslado\/#primaryimage\"},\"image\":{\"@id\":\"https:\/\/navegacion.ar\/producto\/rafting-light-en-el-rio-manso-con-traslado\/#primaryimage\"},\"thumbnailUrl\":\"https:\/\/navegacion.ar\/wp-content\/uploads\/sites\/3\/2025\/03\/RaftingLightrioManso_image5_1140_1601836293.jpg\",\"datePublished\":\"2025-06-13T15:46:48+00:00\",\"dateModified\":\"2026-04-28T16:16:19+00:00\",\"description\":\"Disfrut\u00e1 el rafting light en el r\u00edo Manso, ideal para toda la familia. Aventura, diversi\u00f3n y traslado incluido desde Bariloche.\",\"breadcrumb\":{\"@id\":\"https:\/\/navegacion.ar\/producto\/rafting-light-en-el-rio-manso-con-traslado\/#breadcrumb\"},\"inLanguage\":\"en-US\",\"potentialAction\":[{\"@type\":\"ReadAction\",\"target\":[\"https:\/\/navegacion.ar\/producto\/rafting-light-en-el-rio-manso-con-traslado\/\"]}]},{\"@type\":\"ImageObject\",\"inLanguage\":\"en-US\",\"@id\":\"https:\/\/navegacion.ar\/producto\/rafting-light-en-el-rio-manso-con-traslado\/#primaryimage\",\"url\":\"https:\/\/navegacion.ar\/wp-content\/uploads\/sites\/3\/2025\/03\/RaftingLightrioManso_image5_1140_1601836293.jpg\",\"contentUrl\":\"https:\/\/navegacion.ar\/wp-content\/uploads\/sites\/3\/2025\/03\/RaftingLightrioManso_image5_1140_1601836293.jpg\",\"width\":1140,\"height\":855},{\"@type\":\"BreadcrumbList\",\"@id\":\"https:\/\/navegacion.ar\/producto\/rafting-light-en-el-rio-manso-con-traslado\/#breadcrumb\",\"itemListElement\":[{\"@type\":\"ListItem\",\"position\":1,\"name\":\"Inicio\",\"item\":\"https:\/\/navegacion.ar\/\"},{\"@type\":\"ListItem\",\"position\":2,\"name\":\"Tienda\",\"item\":\"https:\/\/navegacion.ar\/tienda\/\"},{\"@type\":\"ListItem\",\"position\":3,\"name\":\"Rafting light en el r\u00edo Manso con traslado\"}]},{\"@type\":\"WebSite\",\"@id\":\"https:\/\/navegacion.ar\/#website\",\"url\":\"https:\/\/navegacion.ar\/\",\"name\":\"Navegaci\u00f3n AR\",\"description\":\"\",\"potentialAction\":[{\"@type\":\"SearchAction\",\"target\":{\"@type\":\"EntryPoint\",\"urlTemplate\":\"https:\/\/navegacion.ar\/?s={search_term_string}\"},\"query-input\":{\"@type\":\"PropertyValueSpecification\",\"valueRequired\":true,\"valueName\":\"search_term_string\"}}],\"inLanguage\":\"en-US\"}]}<\/script>\n<meta property=\"product:price:amount\" content=\"90000.00\" \/>\n<meta property=\"product:price:currency\" content=\"ARS\" \/>\n<meta property=\"og:availability\" content=\"instock\" \/>\n<meta property=\"product:availability\" content=\"instock\" \/>\n<meta property=\"product:retailer_item_id\" content=\"ADV2025RALIENP3DA\" \/>\n<meta property=\"product:condition\" content=\"new\" \/>\n<!-- \/ Yoast SEO Premium plugin. -->","yoast_head_json":{"title":"Light rafting on the Manso River with transfer - AR Navigation","description":"Enjoy light rafting on the Manso River, ideal for the whole family. Adventure, fun and transfer included from Bariloche.","robots":{"index":"index","follow":"follow","max-snippet":"max-snippet:-1","max-image-preview":"max-image-preview:large","max-video-preview":"max-video-preview:-1"},"canonical":"https:\/\/navegacion.ar\/en\/product\/light-rafting-on-the-manso-river-with-transfer\/","og_locale":"en_US","og_type":"article","og_title":"Rafting light en el r\u00edo Manso con traslado","og_description":"Disfrut\u00e1 el rafting light en el r\u00edo Manso, ideal para toda la familia. Aventura, diversi\u00f3n y traslado incluido desde Bariloche.","og_url":"https:\/\/navegacion.ar\/en\/product\/light-rafting-on-the-manso-river-with-transfer\/","og_site_name":"Navegaci\u00f3n AR","article_modified_time":"2026-04-28T16:16:19+00:00","og_image":[{"width":1140,"height":855,"url":"https:\/\/navegacion.ar\/wp-content\/uploads\/sites\/3\/2025\/03\/RaftingLightrioManso_image5_1140_1601836293.jpg","type":"image\/jpeg"}],"twitter_card":"summary_large_image","twitter_misc":{"Price":"&#36;90,000.00","Availability":"In stock"},"schema":{"@context":"https:\/\/schema.org","@graph":[{"@type":"WebPage","@id":"https:\/\/navegacion.ar\/producto\/rafting-light-en-el-rio-manso-con-traslado\/","url":"https:\/\/navegacion.ar\/producto\/rafting-light-en-el-rio-manso-con-traslado\/","name":"Light rafting on the Manso River with transfer - AR Navigation","isPartOf":{"@id":"https:\/\/navegacion.ar\/#website"},"primaryImageOfPage":{"@id":"https:\/\/navegacion.ar\/producto\/rafting-light-en-el-rio-manso-con-traslado\/#primaryimage"},"image":{"@id":"https:\/\/navegacion.ar\/producto\/rafting-light-en-el-rio-manso-con-traslado\/#primaryimage"},"thumbnailUrl":"https:\/\/navegacion.ar\/wp-content\/uploads\/sites\/3\/2025\/03\/RaftingLightrioManso_image5_1140_1601836293.jpg","datePublished":"2025-06-13T15:46:48+00:00","dateModified":"2026-04-28T16:16:19+00:00","description":"Enjoy light rafting on the Manso River, ideal for the whole family. Adventure, fun and transfer included from Bariloche.","breadcrumb":{"@id":"https:\/\/navegacion.ar\/producto\/rafting-light-en-el-rio-manso-con-traslado\/#breadcrumb"},"inLanguage":"en-US","potentialAction":[{"@type":"ReadAction","target":["https:\/\/navegacion.ar\/producto\/rafting-light-en-el-rio-manso-con-traslado\/"]}]},{"@type":"ImageObject","inLanguage":"en-US","@id":"https:\/\/navegacion.ar\/producto\/rafting-light-en-el-rio-manso-con-traslado\/#primaryimage","url":"https:\/\/navegacion.ar\/wp-content\/uploads\/sites\/3\/2025\/03\/RaftingLightrioManso_image5_1140_1601836293.jpg","contentUrl":"https:\/\/navegacion.ar\/wp-content\/uploads\/sites\/3\/2025\/03\/RaftingLightrioManso_image5_1140_1601836293.jpg","width":1140,"height":855},{"@type":"BreadcrumbList","@id":"https:\/\/navegacion.ar\/producto\/rafting-light-en-el-rio-manso-con-traslado\/#breadcrumb","itemListElement":[{"@type":"ListItem","position":1,"name":"Inicio","item":"https:\/\/navegacion.ar\/"},{"@type":"ListItem","position":2,"name":"Tienda","item":"https:\/\/navegacion.ar\/tienda\/"},{"@type":"ListItem","position":3,"name":"Rafting light en el r\u00edo Manso con traslado"}]},{"@type":"WebSite","@id":"https:\/\/navegacion.ar\/#website","url":"https:\/\/navegacion.ar\/","name":"AR Navigation","description":"","potentialAction":[{"@type":"SearchAction","target":{"@type":"EntryPoint","urlTemplate":"https:\/\/navegacion.ar\/?s={search_term_string}"},"query-input":{"@type":"PropertyValueSpecification","valueRequired":true,"valueName":"search_term_string"}}],"inLanguage":"en-US"}]},"product_price_amount":"90000.00","product_price_currency":"ARS","og_availability":"instock","product_availability":"instock","product_retailer_item_id":"ADV2025RALIENP3DA","product_condition":"new"},"_links":{"self":[{"href":"https:\/\/navegacion.ar\/en\/wp-json\/wp\/v2\/product\/377844","targetHints":{"allow":["GET"]}}],"collection":[{"href":"https:\/\/navegacion.ar\/en\/wp-json\/wp\/v2\/product"}],"about":[{"href":"https:\/\/navegacion.ar\/en\/wp-json\/wp\/v2\/types\/product"}],"replies":[{"embeddable":true,"href":"https:\/\/navegacion.ar\/en\/wp-json\/wp\/v2\/comments?post=377844"}],"wp:featuredmedia":[{"embeddable":true,"href":"https:\/\/navegacion.ar\/en\/wp-json\/wp\/v2\/media\/377823"}],"wp:attachment":[{"href":"https:\/\/navegacion.ar\/en\/wp-json\/wp\/v2\/media?parent=377844"}],"wp:term":[{"taxonomy":"product_brand","embeddable":true,"href":"https:\/\/navegacion.ar\/en\/wp-json\/wp\/v2\/product_brand?post=377844"},{"taxonomy":"product_cat","embeddable":true,"href":"https:\/\/navegacion.ar\/en\/wp-json\/wp\/v2\/product_cat?post=377844"},{"taxonomy":"product_tag","embeddable":true,"href":"https:\/\/navegacion.ar\/en\/wp-json\/wp\/v2\/product_tag?post=377844"}],"curies":[{"name":"wp","href":"https:\/\/api.w.org\/{rel}","templated":true}]}}