{"id":377845,"date":"2025-06-13T12:47:12","date_gmt":"2025-06-13T15:47:12","guid":{"rendered":"https:\/\/navegacion.ar\/producto\/rafting-light-en-el-rio-manso-sin-traslado\/"},"modified":"2026-04-28T13:14:51","modified_gmt":"2026-04-28T16:14:51","slug":"rafting-light-en-el-rio-manso-sin-traslado","status":"publish","type":"product","link":"https:\/\/navegacion.ar\/en\/product\/light-rafting-on-the-manso-river-without-transfer\/","title":{"rendered":"Light Rafting on the Manso River without Transfer"},"content":{"rendered":"<h2 class=\"ai-optimize-6\">Family Proposal in the Manso River<\/h2>\n<p class=\"ai-optimize-7 ai-optimize-introduction\">Come and experience a different kind of day with our <strong>gentle rafting on the Manso River<\/strong>, designed to share and enjoy in a group. This water experience is designed to be simple and reliable, perfect for children as young as 5 years old. The calm level 1 and 2 rapids ensure pure joy in a safe environment, especially for those who want to start in this water sport or are looking for a relaxing time surrounded by Patagonian nature.<\/p>\n<h3 class=\"ai-optimize-8\">Experience Details<\/h3>\n<ul>\n<li class=\"ai-optimize-9\"><strong>Duration:<\/strong> About 90 minutes full of enthusiasm and shared fun.<\/li>\n<li class=\"ai-optimize-10\"><strong>Route:<\/strong> Discover 40 km of postcards and gentle rapids that will remain etched in your memory.<\/li>\n<li class=\"ai-optimize-11\"><strong>Equipment included:<\/strong> Everything you need: safety kit with neoprene, helmet and life jacket.<\/li>\n<\/ul>\n<h3 class=\"ai-optimize-12\">Start of the Walk<\/h3>\n<p class=\"ai-optimize-13\">When you arrive at the meeting point, our professional staff will be waiting for you with the best vibes, guiding you through a quick and easy explanation about the handling of the raft. Everything is planned so that you can relax and have a good time, no matter if it is your first time.<\/p>\n<h3 class=\"ai-optimize-14\">Recommendations<\/h3>\n<p class=\"ai-optimize-15\">Don't forget to add up:<\/p>\n<ul>\n<li class=\"ai-optimize-16\">Personal towel.<\/li>\n<li class=\"ai-optimize-17\">Comfortable and dry clothes for after the excursion.<\/li>\n<li class=\"ai-optimize-18\">A pair of sneakers or sandals that you can get wet without drama.<\/li>\n<\/ul>\n<h3 class=\"ai-optimize-19\">Self-Drive Mode<\/h3>\n<p class=\"ai-optimize-20\">For those arriving on their own account, we are in the <strong>Villegas Base<\/strong> located in the <strong>Route 83 Km 1.<\/strong> <a class=\"theme markdown__link\" href=\"https:\/\/maps.app.goo.gl\/NqbsUN6VB5Fnt7hVA\" target=\"_blank\" rel=\"noopener noreferrer\">https:\/\/maps.app.goo.gl\/NqbsUN6VB5Fnt7hVA<\/a> this is the link to the location of the parador.<\/p>\n<h3 class=\"ai-optimize-21\">Includes \/ Does not include<\/h3>\n<ul>\n<li class=\"ai-optimize-22\"><strong>Includes:<\/strong> The rafting trip plus all the complete equipment: neoprene, vest, waterproof jacket, neoprene boots, paddles and protective helmet.<\/li>\n<li class=\"ai-optimize-23\"><strong>Does not include:<\/strong> Transfers and meals (lunch, breakfast or snack).<\/li>\n<\/ul>\n<h3 class=\"ai-optimize-24\">Available Schedules<\/h3>\n<p class=\"ai-optimize-25\">The first rafting experience goes from <strong>9:30 a.m. to 6:30 p.m.<\/strong>.<\/p>\n<h2 class=\"ai-optimize-26\">Frequently Asked Questions<\/h2>\n<h3 class=\"ai-optimize-27\">What are the dynamics if I choose to go on my own?<\/h3>\n<p class=\"ai-optimize-28\" data-pm-slice=\"1 1 []\">If you choose to join us without a transfer, just show up at our rafting stop at the <strong>Villegas Base Ruta 83 Km 1.<\/strong><\/p>\n<p class=\"ai-optimize-6\"><a class=\"theme markdown__link\" href=\"https:\/\/maps.app.goo.gl\/NqbsUN6VB5Fnt7hVA\" target=\"_blank\" rel=\"noopener noreferrer\">https:\/\/maps.app.goo.gl\/NqbsUN6VB5Fnt7hVA<\/a> this is the link to the location of the parador.<\/p>\n<h3 class=\"ai-optimize-29\">Can I take someone who does not raft?<\/h3>\n<p class=\"ai-optimize-30\">Of course, you can bring an accompanying person, who pays the <strong>50% of the value<\/strong> of the output.<\/p>\n<p class=\"ai-optimize-23\"><strong>Important Notice<\/strong>This tour is currently available and has departures until April 30, according to the operating calendar.<\/p>","protected":false},"excerpt":{"rendered":"<h2 class=\"ai-optimize-6\">Join the Adventure of Rafting in the Manso River<\/h2>\n<p class=\"ai-optimize-7\">Spend a different day with our light rafting experience on the Manso River, specially designed for family groups and children from 5 years old. Feel the calm and the natural environment while crossing level 1 and 2 rapids. If you come by your own means, the meeting point is at the YPF-ACA station. Live this unique experience!<\/p>","protected":false},"featured_media":377819,"comment_status":"open","ping_status":"closed","template":"","meta":[],"product_brand":[],"product_cat":[27,38,39,41,42,47],"product_tag":[],"class_list":{"0":"post-377845","1":"product","2":"type-product","3":"status-publish","4":"has-post-thumbnail","6":"product_cat-aventura","7":"product_cat-otros","8":"product_cat-primavera","9":"product_cat-sin-comida","10":"product_cat-sin-traslado","11":"product_cat-verano","13":"first","14":"instock","15":"virtual","16":"sold-individually","17":"purchasable","18":"product-type-booking"},"booking_location":"","booking_location_type":"","booking_duration":1,"booking_duration_unit":"hour","booking_buffer":0,"booking_cost":0,"booking_resources":[],"exclude_global_add_ons":false,"addons":[{"name":"ADU | Adult","type":"input_multiplier","position":0,"required":false,"title_format":"label","default":"","description_enable":false,"description":"","placeholder_enable":false,"placeholder":"","display":"select","restrictions_type":"any_text","adjust_price":true,"price":"75000","price_type":"quantity_based","restrictions":false,"min":"0","max":"0","options":[],"id":1777382092},{"name":"EXTRA | Companion","type":"input_multiplier","position":1,"required":false,"title_format":"label","default":"","description_enable":false,"description":"","placeholder_enable":false,"placeholder":"","display":"select","restrictions_type":"any_text","adjust_price":true,"price":"37500","price_type":"quantity_based","restrictions":false,"min":"0","max":"0","options":[],"id":1777382093},{"name":"MEN512 | From 5 to 12","type":"input_multiplier","position":2,"required":false,"title_format":"label","default":"","description_enable":false,"description":"","placeholder_enable":false,"placeholder":"","display":"select","restrictions_type":"any_text","adjust_price":true,"price":"75000","price_type":"quantity_based","restrictions":false,"min":"0","max":"0","options":[],"id":1777382094}],"yoast_head":"<!-- This site is optimized with the Yoast SEO Premium plugin v25.2 (Yoast SEO v25.2) - https:\/\/yoast.com\/wordpress\/plugins\/seo\/ -->\n<title>Rafting Light en el R\u00edo Manso sin Traslado - Navegaci\u00f3n AR<\/title>\n<meta name=\"description\" content=\"Disfrut\u00e1 el rafting light en el r\u00edo Manso, ideal para toda la familia. Aventura, diversi\u00f3n y traslado incluido desde Bariloche.\" \/>\n<meta name=\"robots\" content=\"index, follow, max-snippet:-1, max-image-preview:large, max-video-preview:-1\" \/>\n<link rel=\"canonical\" href=\"https:\/\/navegacion.ar\/en\/product\/light-rafting-on-the-manso-river-without-transfer\/\" \/>\n<meta property=\"og:locale\" content=\"en_US\" \/>\n<meta property=\"og:type\" content=\"article\" \/>\n<meta property=\"og:title\" content=\"Rafting Light en el R\u00edo Manso sin Traslado\" \/>\n<meta property=\"og:description\" content=\"Disfrut\u00e1 el rafting light en el r\u00edo Manso, ideal para toda la familia. Aventura, diversi\u00f3n y traslado incluido desde Bariloche.\" \/>\n<meta property=\"og:url\" content=\"https:\/\/navegacion.ar\/en\/product\/light-rafting-on-the-manso-river-without-transfer\/\" \/>\n<meta property=\"og:site_name\" content=\"Navegaci\u00f3n AR\" \/>\n<meta property=\"article:modified_time\" content=\"2026-04-28T16:14:51+00:00\" \/>\n<meta property=\"og:image\" content=\"https:\/\/navegacion.ar\/wp-content\/uploads\/sites\/3\/2025\/03\/RaftingLightrioManso_image2_1140_1601836638.jpg\" \/>\n\t<meta property=\"og:image:width\" content=\"1140\" \/>\n\t<meta property=\"og:image:height\" content=\"855\" \/>\n\t<meta property=\"og:image:type\" content=\"image\/jpeg\" \/>\n<meta name=\"twitter:card\" content=\"summary_large_image\" \/>\n<meta name=\"twitter:label1\" content=\"Price\" \/>\n\t<meta name=\"twitter:data1\" content=\"&#036;75,000.00\" \/>\n\t<meta name=\"twitter:label2\" content=\"Availability\" \/>\n\t<meta name=\"twitter:data2\" content=\"In stock\" \/>\n<script type=\"application\/ld+json\" class=\"yoast-schema-graph\">{\"@context\":\"https:\/\/schema.org\",\"@graph\":[{\"@type\":\"WebPage\",\"@id\":\"https:\/\/navegacion.ar\/producto\/rafting-light-en-el-rio-manso-sin-traslado\/\",\"url\":\"https:\/\/navegacion.ar\/producto\/rafting-light-en-el-rio-manso-sin-traslado\/\",\"name\":\"Rafting Light en el R\u00edo Manso sin Traslado - Navegaci\u00f3n AR\",\"isPartOf\":{\"@id\":\"https:\/\/navegacion.ar\/#website\"},\"primaryImageOfPage\":{\"@id\":\"https:\/\/navegacion.ar\/producto\/rafting-light-en-el-rio-manso-sin-traslado\/#primaryimage\"},\"image\":{\"@id\":\"https:\/\/navegacion.ar\/producto\/rafting-light-en-el-rio-manso-sin-traslado\/#primaryimage\"},\"thumbnailUrl\":\"https:\/\/navegacion.ar\/wp-content\/uploads\/sites\/3\/2025\/03\/RaftingLightrioManso_image2_1140_1601836638.jpg\",\"datePublished\":\"2025-06-13T15:47:12+00:00\",\"dateModified\":\"2026-04-28T16:14:51+00:00\",\"description\":\"Disfrut\u00e1 el rafting light en el r\u00edo Manso, ideal para toda la familia. Aventura, diversi\u00f3n y traslado incluido desde Bariloche.\",\"breadcrumb\":{\"@id\":\"https:\/\/navegacion.ar\/producto\/rafting-light-en-el-rio-manso-sin-traslado\/#breadcrumb\"},\"inLanguage\":\"en-US\",\"potentialAction\":[{\"@type\":\"ReadAction\",\"target\":[\"https:\/\/navegacion.ar\/producto\/rafting-light-en-el-rio-manso-sin-traslado\/\"]}]},{\"@type\":\"ImageObject\",\"inLanguage\":\"en-US\",\"@id\":\"https:\/\/navegacion.ar\/producto\/rafting-light-en-el-rio-manso-sin-traslado\/#primaryimage\",\"url\":\"https:\/\/navegacion.ar\/wp-content\/uploads\/sites\/3\/2025\/03\/RaftingLightrioManso_image2_1140_1601836638.jpg\",\"contentUrl\":\"https:\/\/navegacion.ar\/wp-content\/uploads\/sites\/3\/2025\/03\/RaftingLightrioManso_image2_1140_1601836638.jpg\",\"width\":1140,\"height\":855},{\"@type\":\"BreadcrumbList\",\"@id\":\"https:\/\/navegacion.ar\/producto\/rafting-light-en-el-rio-manso-sin-traslado\/#breadcrumb\",\"itemListElement\":[{\"@type\":\"ListItem\",\"position\":1,\"name\":\"Inicio\",\"item\":\"https:\/\/navegacion.ar\/\"},{\"@type\":\"ListItem\",\"position\":2,\"name\":\"Tienda\",\"item\":\"https:\/\/navegacion.ar\/tienda\/\"},{\"@type\":\"ListItem\",\"position\":3,\"name\":\"Rafting Light en el R\u00edo Manso sin Traslado\"}]},{\"@type\":\"WebSite\",\"@id\":\"https:\/\/navegacion.ar\/#website\",\"url\":\"https:\/\/navegacion.ar\/\",\"name\":\"Navegaci\u00f3n AR\",\"description\":\"\",\"potentialAction\":[{\"@type\":\"SearchAction\",\"target\":{\"@type\":\"EntryPoint\",\"urlTemplate\":\"https:\/\/navegacion.ar\/?s={search_term_string}\"},\"query-input\":{\"@type\":\"PropertyValueSpecification\",\"valueRequired\":true,\"valueName\":\"search_term_string\"}}],\"inLanguage\":\"en-US\"}]}<\/script>\n<meta property=\"product:price:amount\" content=\"75000.00\" \/>\n<meta property=\"product:price:currency\" content=\"ARS\" \/>\n<meta property=\"og:availability\" content=\"instock\" \/>\n<meta property=\"product:availability\" content=\"instock\" \/>\n<meta property=\"product:retailer_item_id\" content=\"ADV2025RALIENTUFA\" \/>\n<meta property=\"product:condition\" content=\"new\" \/>\n<!-- \/ Yoast SEO Premium plugin. -->","yoast_head_json":{"title":"Light Rafting on the Manso River without Transfer - AR Navigation","description":"Enjoy light rafting on the Manso River, ideal for the whole family. Adventure, fun and transfer included from Bariloche.","robots":{"index":"index","follow":"follow","max-snippet":"max-snippet:-1","max-image-preview":"max-image-preview:large","max-video-preview":"max-video-preview:-1"},"canonical":"https:\/\/navegacion.ar\/en\/product\/light-rafting-on-the-manso-river-without-transfer\/","og_locale":"en_US","og_type":"article","og_title":"Rafting Light en el R\u00edo Manso sin Traslado","og_description":"Disfrut\u00e1 el rafting light en el r\u00edo Manso, ideal para toda la familia. Aventura, diversi\u00f3n y traslado incluido desde Bariloche.","og_url":"https:\/\/navegacion.ar\/en\/product\/light-rafting-on-the-manso-river-without-transfer\/","og_site_name":"Navegaci\u00f3n AR","article_modified_time":"2026-04-28T16:14:51+00:00","og_image":[{"width":1140,"height":855,"url":"https:\/\/navegacion.ar\/wp-content\/uploads\/sites\/3\/2025\/03\/RaftingLightrioManso_image2_1140_1601836638.jpg","type":"image\/jpeg"}],"twitter_card":"summary_large_image","twitter_misc":{"Price":"&#36;75,000.00","Availability":"In stock"},"schema":{"@context":"https:\/\/schema.org","@graph":[{"@type":"WebPage","@id":"https:\/\/navegacion.ar\/producto\/rafting-light-en-el-rio-manso-sin-traslado\/","url":"https:\/\/navegacion.ar\/producto\/rafting-light-en-el-rio-manso-sin-traslado\/","name":"Light Rafting on the Manso River without Transfer - AR Navigation","isPartOf":{"@id":"https:\/\/navegacion.ar\/#website"},"primaryImageOfPage":{"@id":"https:\/\/navegacion.ar\/producto\/rafting-light-en-el-rio-manso-sin-traslado\/#primaryimage"},"image":{"@id":"https:\/\/navegacion.ar\/producto\/rafting-light-en-el-rio-manso-sin-traslado\/#primaryimage"},"thumbnailUrl":"https:\/\/navegacion.ar\/wp-content\/uploads\/sites\/3\/2025\/03\/RaftingLightrioManso_image2_1140_1601836638.jpg","datePublished":"2025-06-13T15:47:12+00:00","dateModified":"2026-04-28T16:14:51+00:00","description":"Enjoy light rafting on the Manso River, ideal for the whole family. Adventure, fun and transfer included from Bariloche.","breadcrumb":{"@id":"https:\/\/navegacion.ar\/producto\/rafting-light-en-el-rio-manso-sin-traslado\/#breadcrumb"},"inLanguage":"en-US","potentialAction":[{"@type":"ReadAction","target":["https:\/\/navegacion.ar\/producto\/rafting-light-en-el-rio-manso-sin-traslado\/"]}]},{"@type":"ImageObject","inLanguage":"en-US","@id":"https:\/\/navegacion.ar\/producto\/rafting-light-en-el-rio-manso-sin-traslado\/#primaryimage","url":"https:\/\/navegacion.ar\/wp-content\/uploads\/sites\/3\/2025\/03\/RaftingLightrioManso_image2_1140_1601836638.jpg","contentUrl":"https:\/\/navegacion.ar\/wp-content\/uploads\/sites\/3\/2025\/03\/RaftingLightrioManso_image2_1140_1601836638.jpg","width":1140,"height":855},{"@type":"BreadcrumbList","@id":"https:\/\/navegacion.ar\/producto\/rafting-light-en-el-rio-manso-sin-traslado\/#breadcrumb","itemListElement":[{"@type":"ListItem","position":1,"name":"Inicio","item":"https:\/\/navegacion.ar\/"},{"@type":"ListItem","position":2,"name":"Tienda","item":"https:\/\/navegacion.ar\/tienda\/"},{"@type":"ListItem","position":3,"name":"Rafting Light en el R\u00edo Manso sin Traslado"}]},{"@type":"WebSite","@id":"https:\/\/navegacion.ar\/#website","url":"https:\/\/navegacion.ar\/","name":"AR Navigation","description":"","potentialAction":[{"@type":"SearchAction","target":{"@type":"EntryPoint","urlTemplate":"https:\/\/navegacion.ar\/?s={search_term_string}"},"query-input":{"@type":"PropertyValueSpecification","valueRequired":true,"valueName":"search_term_string"}}],"inLanguage":"en-US"}]},"product_price_amount":"75000.00","product_price_currency":"ARS","og_availability":"instock","product_availability":"instock","product_retailer_item_id":"ADV2025RALIENTUFA","product_condition":"new"},"_links":{"self":[{"href":"https:\/\/navegacion.ar\/en\/wp-json\/wp\/v2\/product\/377845","targetHints":{"allow":["GET"]}}],"collection":[{"href":"https:\/\/navegacion.ar\/en\/wp-json\/wp\/v2\/product"}],"about":[{"href":"https:\/\/navegacion.ar\/en\/wp-json\/wp\/v2\/types\/product"}],"replies":[{"embeddable":true,"href":"https:\/\/navegacion.ar\/en\/wp-json\/wp\/v2\/comments?post=377845"}],"wp:featuredmedia":[{"embeddable":true,"href":"https:\/\/navegacion.ar\/en\/wp-json\/wp\/v2\/media\/377819"}],"wp:attachment":[{"href":"https:\/\/navegacion.ar\/en\/wp-json\/wp\/v2\/media?parent=377845"}],"wp:term":[{"taxonomy":"product_brand","embeddable":true,"href":"https:\/\/navegacion.ar\/en\/wp-json\/wp\/v2\/product_brand?post=377845"},{"taxonomy":"product_cat","embeddable":true,"href":"https:\/\/navegacion.ar\/en\/wp-json\/wp\/v2\/product_cat?post=377845"},{"taxonomy":"product_tag","embeddable":true,"href":"https:\/\/navegacion.ar\/en\/wp-json\/wp\/v2\/product_tag?post=377845"}],"curies":[{"name":"wp","href":"https:\/\/api.w.org\/{rel}","templated":true}]}}