{"id":377846,"date":"2025-06-13T12:47:39","date_gmt":"2025-06-13T15:47:39","guid":{"rendered":"https:\/\/navegacion.ar\/producto\/rafting-al-limite-con-chile-con-traslado\/"},"modified":"2026-04-28T13:14:28","modified_gmt":"2026-04-28T16:14:28","slug":"rafting-al-limite-con-chile-con-traslado","status":"publish","type":"product","link":"https:\/\/navegacion.ar\/en\/product\/rafting-to-the-border-with-chile-with-transfer\/","title":{"rendered":"Rafting to the Chilean border with transfer"},"content":{"rendered":"<h2 class=\"ai-optimize-6\">Experience Rafting on the Manso River like never before.<\/h2>\n<p class=\"ai-optimize-7 ai-optimize-introduction\">I felt the <strong>real rafting adrenaline<\/strong> while you navigate the captivating Manso River, surrounded by <strong>unique patagonian landscapes<\/strong> and pure action. The circuit features class 3 and 4 rapids and closes at the very end of the course. <strong>boundary line with Chile<\/strong>, The combination of excitement and dreamlike views in a protected environment is unparalleled.<\/p>\n<h3 class=\"ai-optimize-8\">Activity Plan<\/h3>\n<ul>\n<li class=\"ai-optimize-9\"><strong>Departure time:<\/strong> The trip starts promptly at 8:00 a.m. from downtown San Carlos de Bariloche.<\/li>\n<li class=\"ai-optimize-11\"><strong>Delivery of equipment:<\/strong> You will be provided with a wetsuit, helmet and life jacket, all in charge of our specialized instructors.<\/li>\n<li class=\"ai-optimize-12\"><strong>Duration of the voyage:<\/strong> Cross the rapids for 11 km, in a sustained experience of about two hours of pure intensity.<\/li>\n<li class=\"ai-optimize-13\"><strong>Lunch option:<\/strong> At the end of the day, you can add (at extra cost) a good barbecue or fresh salads to close the day with a flourish.<\/li>\n<li class=\"ai-optimize-14\"><strong>Safety first:<\/strong> Support kayakers accompany the tour so that you can enjoy the moment with peace of mind.<\/li>\n<\/ul>\n<h3 class=\"ai-optimize-15\">Essential Information<\/h3>\n<ul>\n<li class=\"ai-optimize-16\"><strong>Recommendations:<\/strong> Bring a towel and a change of clothes to change at the end of the activity.<\/li>\n<li class=\"ai-optimize-17\"><strong>Minimum age:<\/strong> You must be at least 14 years old to participate.<\/li>\n<\/ul>\n<h3 class=\"ai-optimize-18\">Schedules<\/h3>\n<p class=\"ai-optimize-19\">The transfer starts at 8:00 am and you will be back around 6:00 pm.<\/p>\n<h3 class=\"ai-optimize-20\">Includes<\/h3>\n<ul>\n<li class=\"ai-optimize-21\">Integral rafting experience.<\/li>\n<li class=\"ai-optimize-23\">All the necessary technical equipment: neoprene wetsuit, vest, waterproof jacket, neoprene boots, paddle and helmet.<\/li>\n<\/ul>\n<h3 class=\"ai-optimize-24\">Frequently Asked Questions<\/h3>\n<h4 class=\"ai-optimize-25\">Can I get there on my own?<\/h4>\n<p class=\"ai-optimize-26\">If you decide to hire the option without transfer, you must show up at our stop where the rafting excursion takes place at the Villegas Base, Route 83 Km 1. <a class=\"theme markdown__link\" href=\"https:\/\/maps.app.goo.gl\/NqbsUN6VB5Fnt7hVA\" target=\"_blank\" rel=\"noopener noreferrer\">https:\/\/maps.app.goo.gl\/NqbsUN6VB5Fnt7hVA<\/a> this is the link to the location of the parador.<\/p>\n<h4 class=\"ai-optimize-27\">Is it possible to take non-rafting companions?<\/h4>\n<p class=\"ai-optimize-28\">Yes, companions have the option to enjoy the river at a reduced price: they pay only the 50% of the entrance fee without doing the activity.<\/p>\n<p class=\"ai-optimize-23\"><strong>Important Notice<\/strong>This tour is currently available and has departures until April 30, according to the operating calendar.<\/p>","protected":false},"excerpt":{"rendered":"<p class=\"ai-optimize-6\">Enjoy a <strong>unique rafting experience<\/strong> on the border with Chile. Face the thrilling rapids of the <strong>Manso River<\/strong> while you savor an energetic breakfast, with all the equipment included and the tranquility of being accompanied by expert kayak guides. Ideal for those who want to feel part of nature at its best.<\/p>","protected":false},"featured_media":376773,"comment_status":"open","ping_status":"closed","template":"","meta":[],"product_brand":[],"product_cat":[25,27,29,30,32,38,39,41,47],"product_tag":[],"class_list":{"0":"post-377846","1":"product","2":"type-product","3":"status-publish","4":"has-post-thumbnail","6":"product_cat-adultos","7":"product_cat-aventura","8":"product_cat-con-traslado","9":"product_cat-familia","10":"product_cat-invierno","11":"product_cat-otros","12":"product_cat-primavera","13":"product_cat-sin-comida","14":"product_cat-verano","16":"first","17":"instock","18":"virtual","19":"sold-individually","20":"purchasable","21":"product-type-booking"},"booking_location":"","booking_location_type":"","booking_duration":1,"booking_duration_unit":"hour","booking_buffer":0,"booking_cost":0,"booking_resources":[],"exclude_global_add_ons":false,"addons":[{"name":"ADU | Adult","type":"input_multiplier","position":0,"required":false,"title_format":"label","default":"","description_enable":false,"description":"","placeholder_enable":false,"placeholder":"","display":"select","restrictions_type":"any_text","adjust_price":true,"price":"155400","price_type":"quantity_based","restrictions":false,"min":"0","max":"0","options":[],"id":1777381961},{"name":"EXTRA | Companion","type":"input_multiplier","position":1,"required":false,"title_format":"label","default":"","description_enable":false,"description":"","placeholder_enable":false,"placeholder":"","display":"select","restrictions_type":"any_text","adjust_price":true,"price":"77700","price_type":"quantity_based","restrictions":false,"min":"0","max":"0","options":[],"id":1777381962},{"name":"MEN1418 | From 14 to 18","type":"input_multiplier","position":2,"required":false,"title_format":"label","default":"","description_enable":false,"description":"","placeholder_enable":false,"placeholder":"","display":"select","restrictions_type":"any_text","adjust_price":true,"price":"155400","price_type":"quantity_based","restrictions":false,"min":"0","max":"0","options":[],"id":1777381963}],"yoast_head":"<!-- This site is optimized with the Yoast SEO Premium plugin v25.2 (Yoast SEO v25.2) - https:\/\/yoast.com\/wordpress\/plugins\/seo\/ -->\n<title>Rafting al l\u00edmite con Chile con traslado - Navegaci\u00f3n AR<\/title>\n<meta name=\"description\" content=\"Viv\u00ed la experiencia del rafting al l\u00edmite con Chile. Una excursi\u00f3n \u00fanica desde Bariloche con traslado incluido.\" \/>\n<meta name=\"robots\" content=\"index, follow, max-snippet:-1, max-image-preview:large, max-video-preview:-1\" \/>\n<link rel=\"canonical\" href=\"https:\/\/navegacion.ar\/en\/product\/rafting-to-the-border-with-chile-with-transfer\/\" \/>\n<meta property=\"og:locale\" content=\"en_US\" \/>\n<meta property=\"og:type\" content=\"article\" \/>\n<meta property=\"og:title\" content=\"Rafting al l\u00edmite con Chile con traslado\" \/>\n<meta property=\"og:description\" content=\"Viv\u00ed la experiencia del rafting al l\u00edmite con Chile. Una excursi\u00f3n \u00fanica desde Bariloche con traslado incluido.\" \/>\n<meta property=\"og:url\" content=\"https:\/\/navegacion.ar\/en\/product\/rafting-to-the-border-with-chile-with-transfer\/\" \/>\n<meta property=\"og:site_name\" content=\"Navegaci\u00f3n AR\" \/>\n<meta property=\"article:modified_time\" content=\"2026-04-28T16:14:28+00:00\" \/>\n<meta property=\"og:image\" content=\"https:\/\/navegacion.ar\/wp-content\/uploads\/sites\/3\/2023\/11\/72.jpg\" \/>\n\t<meta property=\"og:image:width\" content=\"550\" \/>\n\t<meta property=\"og:image:height\" content=\"628\" \/>\n\t<meta property=\"og:image:type\" content=\"image\/jpeg\" \/>\n<meta name=\"twitter:card\" content=\"summary_large_image\" \/>\n<meta name=\"twitter:label1\" content=\"Price\" \/>\n\t<meta name=\"twitter:data1\" content=\"&#036;155,400.00\" \/>\n\t<meta name=\"twitter:label2\" content=\"Availability\" \/>\n\t<meta name=\"twitter:data2\" content=\"In stock\" \/>\n<script type=\"application\/ld+json\" class=\"yoast-schema-graph\">{\"@context\":\"https:\/\/schema.org\",\"@graph\":[{\"@type\":\"WebPage\",\"@id\":\"https:\/\/navegacion.ar\/producto\/rafting-al-limite-con-chile-con-traslado\/\",\"url\":\"https:\/\/navegacion.ar\/producto\/rafting-al-limite-con-chile-con-traslado\/\",\"name\":\"Rafting al l\u00edmite con Chile con traslado - Navegaci\u00f3n AR\",\"isPartOf\":{\"@id\":\"https:\/\/navegacion.ar\/#website\"},\"primaryImageOfPage\":{\"@id\":\"https:\/\/navegacion.ar\/producto\/rafting-al-limite-con-chile-con-traslado\/#primaryimage\"},\"image\":{\"@id\":\"https:\/\/navegacion.ar\/producto\/rafting-al-limite-con-chile-con-traslado\/#primaryimage\"},\"thumbnailUrl\":\"https:\/\/navegacion.ar\/wp-content\/uploads\/sites\/3\/2023\/11\/72.jpg\",\"datePublished\":\"2025-06-13T15:47:39+00:00\",\"dateModified\":\"2026-04-28T16:14:28+00:00\",\"description\":\"Viv\u00ed la experiencia del rafting al l\u00edmite con Chile. Una excursi\u00f3n \u00fanica desde Bariloche con traslado incluido.\",\"breadcrumb\":{\"@id\":\"https:\/\/navegacion.ar\/producto\/rafting-al-limite-con-chile-con-traslado\/#breadcrumb\"},\"inLanguage\":\"en-US\",\"potentialAction\":[{\"@type\":\"ReadAction\",\"target\":[\"https:\/\/navegacion.ar\/producto\/rafting-al-limite-con-chile-con-traslado\/\"]}]},{\"@type\":\"ImageObject\",\"inLanguage\":\"en-US\",\"@id\":\"https:\/\/navegacion.ar\/producto\/rafting-al-limite-con-chile-con-traslado\/#primaryimage\",\"url\":\"https:\/\/navegacion.ar\/wp-content\/uploads\/sites\/3\/2023\/11\/72.jpg\",\"contentUrl\":\"https:\/\/navegacion.ar\/wp-content\/uploads\/sites\/3\/2023\/11\/72.jpg\",\"width\":550,\"height\":628},{\"@type\":\"BreadcrumbList\",\"@id\":\"https:\/\/navegacion.ar\/producto\/rafting-al-limite-con-chile-con-traslado\/#breadcrumb\",\"itemListElement\":[{\"@type\":\"ListItem\",\"position\":1,\"name\":\"Inicio\",\"item\":\"https:\/\/navegacion.ar\/\"},{\"@type\":\"ListItem\",\"position\":2,\"name\":\"Tienda\",\"item\":\"https:\/\/navegacion.ar\/tienda\/\"},{\"@type\":\"ListItem\",\"position\":3,\"name\":\"Rafting al l\u00edmite con Chile con traslado\"}]},{\"@type\":\"WebSite\",\"@id\":\"https:\/\/navegacion.ar\/#website\",\"url\":\"https:\/\/navegacion.ar\/\",\"name\":\"Navegaci\u00f3n AR\",\"description\":\"\",\"potentialAction\":[{\"@type\":\"SearchAction\",\"target\":{\"@type\":\"EntryPoint\",\"urlTemplate\":\"https:\/\/navegacion.ar\/?s={search_term_string}\"},\"query-input\":{\"@type\":\"PropertyValueSpecification\",\"valueRequired\":true,\"valueName\":\"search_term_string\"}}],\"inLanguage\":\"en-US\"}]}<\/script>\n<meta property=\"product:price:amount\" content=\"155400.00\" \/>\n<meta property=\"product:price:currency\" content=\"ARS\" \/>\n<meta property=\"og:availability\" content=\"instock\" \/>\n<meta property=\"product:availability\" content=\"instock\" \/>\n<meta property=\"product:retailer_item_id\" content=\"ADV2025RAALL\u00cd7HIR\" \/>\n<meta property=\"product:condition\" content=\"new\" \/>\n<!-- \/ Yoast SEO Premium plugin. -->","yoast_head_json":{"title":"Rafting to the border with Chile with transfer - Navigation AR","description":"Live the rafting experience at the border with Chile. A unique excursion from Bariloche with transfer included.","robots":{"index":"index","follow":"follow","max-snippet":"max-snippet:-1","max-image-preview":"max-image-preview:large","max-video-preview":"max-video-preview:-1"},"canonical":"https:\/\/navegacion.ar\/en\/product\/rafting-to-the-border-with-chile-with-transfer\/","og_locale":"en_US","og_type":"article","og_title":"Rafting al l\u00edmite con Chile con traslado","og_description":"Viv\u00ed la experiencia del rafting al l\u00edmite con Chile. Una excursi\u00f3n \u00fanica desde Bariloche con traslado incluido.","og_url":"https:\/\/navegacion.ar\/en\/product\/rafting-to-the-border-with-chile-with-transfer\/","og_site_name":"Navegaci\u00f3n AR","article_modified_time":"2026-04-28T16:14:28+00:00","og_image":[{"width":550,"height":628,"url":"https:\/\/navegacion.ar\/wp-content\/uploads\/sites\/3\/2023\/11\/72.jpg","type":"image\/jpeg"}],"twitter_card":"summary_large_image","twitter_misc":{"Price":"&#36;155,400.00","Availability":"In stock"},"schema":{"@context":"https:\/\/schema.org","@graph":[{"@type":"WebPage","@id":"https:\/\/navegacion.ar\/producto\/rafting-al-limite-con-chile-con-traslado\/","url":"https:\/\/navegacion.ar\/producto\/rafting-al-limite-con-chile-con-traslado\/","name":"Rafting to the border with Chile with transfer - Navigation AR","isPartOf":{"@id":"https:\/\/navegacion.ar\/#website"},"primaryImageOfPage":{"@id":"https:\/\/navegacion.ar\/producto\/rafting-al-limite-con-chile-con-traslado\/#primaryimage"},"image":{"@id":"https:\/\/navegacion.ar\/producto\/rafting-al-limite-con-chile-con-traslado\/#primaryimage"},"thumbnailUrl":"https:\/\/navegacion.ar\/wp-content\/uploads\/sites\/3\/2023\/11\/72.jpg","datePublished":"2025-06-13T15:47:39+00:00","dateModified":"2026-04-28T16:14:28+00:00","description":"Live the rafting experience at the border with Chile. A unique excursion from Bariloche with transfer included.","breadcrumb":{"@id":"https:\/\/navegacion.ar\/producto\/rafting-al-limite-con-chile-con-traslado\/#breadcrumb"},"inLanguage":"en-US","potentialAction":[{"@type":"ReadAction","target":["https:\/\/navegacion.ar\/producto\/rafting-al-limite-con-chile-con-traslado\/"]}]},{"@type":"ImageObject","inLanguage":"en-US","@id":"https:\/\/navegacion.ar\/producto\/rafting-al-limite-con-chile-con-traslado\/#primaryimage","url":"https:\/\/navegacion.ar\/wp-content\/uploads\/sites\/3\/2023\/11\/72.jpg","contentUrl":"https:\/\/navegacion.ar\/wp-content\/uploads\/sites\/3\/2023\/11\/72.jpg","width":550,"height":628},{"@type":"BreadcrumbList","@id":"https:\/\/navegacion.ar\/producto\/rafting-al-limite-con-chile-con-traslado\/#breadcrumb","itemListElement":[{"@type":"ListItem","position":1,"name":"Inicio","item":"https:\/\/navegacion.ar\/"},{"@type":"ListItem","position":2,"name":"Tienda","item":"https:\/\/navegacion.ar\/tienda\/"},{"@type":"ListItem","position":3,"name":"Rafting al l\u00edmite con Chile con traslado"}]},{"@type":"WebSite","@id":"https:\/\/navegacion.ar\/#website","url":"https:\/\/navegacion.ar\/","name":"AR Navigation","description":"","potentialAction":[{"@type":"SearchAction","target":{"@type":"EntryPoint","urlTemplate":"https:\/\/navegacion.ar\/?s={search_term_string}"},"query-input":{"@type":"PropertyValueSpecification","valueRequired":true,"valueName":"search_term_string"}}],"inLanguage":"en-US"}]},"product_price_amount":"155400.00","product_price_currency":"ARS","og_availability":"instock","product_availability":"instock","product_retailer_item_id":"ADV2025RAALL\u00cd7HIR","product_condition":"new"},"_links":{"self":[{"href":"https:\/\/navegacion.ar\/en\/wp-json\/wp\/v2\/product\/377846","targetHints":{"allow":["GET"]}}],"collection":[{"href":"https:\/\/navegacion.ar\/en\/wp-json\/wp\/v2\/product"}],"about":[{"href":"https:\/\/navegacion.ar\/en\/wp-json\/wp\/v2\/types\/product"}],"replies":[{"embeddable":true,"href":"https:\/\/navegacion.ar\/en\/wp-json\/wp\/v2\/comments?post=377846"}],"wp:featuredmedia":[{"embeddable":true,"href":"https:\/\/navegacion.ar\/en\/wp-json\/wp\/v2\/media\/376773"}],"wp:attachment":[{"href":"https:\/\/navegacion.ar\/en\/wp-json\/wp\/v2\/media?parent=377846"}],"wp:term":[{"taxonomy":"product_brand","embeddable":true,"href":"https:\/\/navegacion.ar\/en\/wp-json\/wp\/v2\/product_brand?post=377846"},{"taxonomy":"product_cat","embeddable":true,"href":"https:\/\/navegacion.ar\/en\/wp-json\/wp\/v2\/product_cat?post=377846"},{"taxonomy":"product_tag","embeddable":true,"href":"https:\/\/navegacion.ar\/en\/wp-json\/wp\/v2\/product_tag?post=377846"}],"curies":[{"name":"wp","href":"https:\/\/api.w.org\/{rel}","templated":true}]}}