{"id":377848,"date":"2025-06-13T12:48:31","date_gmt":"2025-06-13T15:48:31","guid":{"rendered":"https:\/\/navegacion.ar\/producto\/travesia-en-kayak-por-el-lago-gutierrez\/"},"modified":"2026-01-28T10:32:06","modified_gmt":"2026-01-28T13:32:06","slug":"travesia-en-kayak-lago-gutierrez","status":"publish","type":"product","link":"https:\/\/navegacion.ar\/en\/product\/lake-gutierrez-kayak-tour\/","title":{"rendered":"Kayaking on Moreno Lake"},"content":{"rendered":"<h2 class=\"ai-optimize-53 ai-optimize-introduction\" data-start=\"465\" data-end=\"536\"><strong data-start=\"465\" data-end=\"534\">A premium experience to discover Patagonia from the water<\/strong><\/h2>\n<p class=\"ai-optimize-54 ai-optimize-introduction\" data-start=\"538\" data-end=\"786\">Explore Moreno Lake by kayak and experience Patagonia from a new perspective.<br data-start=\"618\" data-end=\"621\" \/>With <strong data-start=\"625\" data-end=\"642\">AR Navigation<\/strong>, Each trip is designed for those who are looking for natural, authentic experiences with the right balance between adventure and contemplation.<\/p>\n<p class=\"ai-optimize-55\" data-start=\"788\" data-end=\"1144\">During this excursion, you will paddle on crystal clear waters surrounded by mountains and forests, enjoying the silence, the fresh air and the most emblematic landscapes of Bariloche.<br data-start=\"964\" data-end=\"967\" \/>Our professional guides guarantee a safe, comfortable and enriching journey, ideal for those who value quality, service and genuine contact with nature.<\/p>\n<h3 class=\"ai-optimize-56\" data-start=\"1151\" data-end=\"1168\"><strong data-start=\"1155\" data-end=\"1168\">Tour<\/strong><\/h3>\n<p class=\"ai-optimize-57\" data-start=\"1170\" data-end=\"1518\"><strong data-start=\"1170\" data-end=\"1183\">Schedules:<\/strong> 11:00 to 15:00 approx. \/ 13:00 to 17:00 approx.<br data-start=\"1227\" data-end=\"1230\" \/>Departure from downtown Bariloche to the Circuito Chico area, where the kayak trip on Moreno Lake begins.<br data-start=\"1356\" data-end=\"1359\" \/>The tour combines gentle paddling with breaks to enjoy the scenery, take pictures or simply relax in front of the majestic Patagonian environment.<\/p>\n<h3 class=\"ai-optimize-58\" data-start=\"1525\" data-end=\"1551\"><strong data-start=\"1529\" data-end=\"1551\">Meeting place<\/strong><\/h3>\n<p class=\"ai-optimize-59\" data-start=\"1553\" data-end=\"1732\">Hotels and meeting points located from downtown Bariloche to km 8 of Bustillo Av. or Pioneros Av.<br data-start=\"1667\" data-end=\"1670\" \/>For other departure points, please consult at the time of booking.<\/p>\n<h3 class=\"ai-optimize-60\" data-start=\"1739\" data-end=\"1754\"><strong data-start=\"1743\" data-end=\"1754\">Includes<\/strong><\/h3>\n<ul data-start=\"1756\" data-end=\"2008\">\n<li class=\"ai-optimize-61\" data-start=\"1756\" data-end=\"1812\">\n<p class=\"ai-optimize-62\" data-start=\"1758\" data-end=\"1812\">Kayak Sit On Top (spacious, stable and comfortable).<\/p>\n<\/li>\n<li class=\"ai-optimize-63\" data-start=\"1813\" data-end=\"1893\">\n<p class=\"ai-optimize-64\" data-start=\"1815\" data-end=\"1893\">Complete technical safety equipment (vest, shovel and waterproof jacket).<\/p>\n<\/li>\n<li class=\"ai-optimize-65\" data-start=\"1894\" data-end=\"1957\">\n<p class=\"ai-optimize-66\" data-start=\"1896\" data-end=\"1957\">Bilingual guides with experience in navigation and ecotourism.<\/p>\n<\/li>\n<li class=\"ai-optimize-67\" data-start=\"1958\" data-end=\"2008\">\n<p class=\"ai-optimize-68\" data-start=\"1960\" data-end=\"2008\">Transfers to and from the meeting point.<\/p>\n<\/li>\n<\/ul>\n<h3 class=\"ai-optimize-69\" data-start=\"2015\" data-end=\"2033\"><strong data-start=\"2019\" data-end=\"2033\">Does not include<\/strong><\/h3>\n<ul data-start=\"2035\" data-end=\"2118\">\n<li class=\"ai-optimize-70\" data-start=\"2035\" data-end=\"2058\">\n<p class=\"ai-optimize-71\" data-start=\"2037\" data-end=\"2058\">Food and beverages.<\/p>\n<\/li>\n<li class=\"ai-optimize-72\" data-start=\"2059\" data-end=\"2118\">\n<p class=\"ai-optimize-73\" data-start=\"2061\" data-end=\"2118\">Personal clothing (it is recommended to bring a coat and a dry change of clothes).<\/p>\n<\/li>\n<\/ul>\n<h3 class=\"ai-optimize-79\" data-start=\"2262\" data-end=\"2285\"><strong data-start=\"2266\" data-end=\"2285\">Recommendations<\/strong><\/h3>\n<ul data-start=\"2287\" data-end=\"2477\">\n<li class=\"ai-optimize-80\" data-start=\"2287\" data-end=\"2332\">\n<p class=\"ai-optimize-81\" data-start=\"2289\" data-end=\"2332\">Comfortable, light and waterproof clothing.<\/p>\n<\/li>\n<li class=\"ai-optimize-82\" data-start=\"2333\" data-end=\"2365\">\n<p class=\"ai-optimize-83\" data-start=\"2335\" data-end=\"2365\">Closed or adjustable footwear.<\/p>\n<\/li>\n<li class=\"ai-optimize-84\" data-start=\"2366\" data-end=\"2397\">\n<p class=\"ai-optimize-85\" data-start=\"2368\" data-end=\"2397\">Change of dry clothes and warm clothes.<\/p>\n<\/li>\n<li class=\"ai-optimize-86\" data-start=\"2398\" data-end=\"2449\">\n<p class=\"ai-optimize-87\" data-start=\"2400\" data-end=\"2449\">Sunscreen, hat and sunglasses.<\/p>\n<\/li>\n<li class=\"ai-optimize-88\" data-start=\"2450\" data-end=\"2477\">\n<p class=\"ai-optimize-89\" data-start=\"2452\" data-end=\"2477\">Identity card.<\/p>\n<\/li>\n<\/ul>\n<p class=\"ai-optimize-90\" data-start=\"2479\" data-end=\"2584\">No previous experience is necessary. Activity suitable for all ages from 4 years old accompanied.<\/p>\n<h3 class=\"ai-optimize-91\" data-start=\"2591\" data-end=\"2619\"><strong data-start=\"2595\" data-end=\"2619\">Frequently Asked Questions<\/strong><\/h3>\n<p class=\"ai-optimize-92\" data-start=\"2621\" data-end=\"2735\"><strong data-start=\"2621\" data-end=\"2655\">What type of kayak is used?<\/strong><br data-start=\"2655\" data-end=\"2658\" \/>Sit On Top Kayaks, safe, comfortable and stable, ideal for beginners.<\/p>\n<p class=\"ai-optimize-93\" data-start=\"2737\" data-end=\"2853\"><strong data-start=\"2737\" data-end=\"2773\">Is previous experience required?<\/strong><br data-start=\"2773\" data-end=\"2776\" \/>No, the guides provide all the necessary instructions before starting.<\/p>\n<p class=\"ai-optimize-94\" data-start=\"2855\" data-end=\"2985\"><strong data-start=\"2855\" data-end=\"2879\">What happens if it rains?<\/strong><br data-start=\"2879\" data-end=\"2882\" \/>The activity is normally carried out under drizzle. It is only suspended in case of thunderstorms or strong winds.<\/p>\n<p class=\"ai-optimize-95\" data-start=\"2987\" data-end=\"3138\"><strong data-start=\"2987\" data-end=\"3031\">Is it a leisurely or sporty excursion?<\/strong><br data-start=\"3031\" data-end=\"3034\" \/>It is a relaxed experience, perfect to enjoy the scenery without requiring high physical effort.<\/p>","protected":false},"excerpt":{"rendered":"<p class=\"ai-optimize-6\">Enjoy a kayak outing on Gutierrez Lake and discover the stunning beauty of Patagonia. A simple excursion, accompanied by specialized guides, in a wonderful and quiet landscape, don't miss the opportunity to experience this unique outdoor activity!<\/p>","protected":false},"featured_media":378029,"comment_status":"open","ping_status":"closed","template":"","meta":[],"product_brand":[],"product_cat":[25,27,29,30,33,34,36,41,47],"product_tag":[],"class_list":{"0":"post-377848","1":"product","2":"type-product","3":"status-publish","4":"has-post-thumbnail","6":"product_cat-adultos","7":"product_cat-aventura","8":"product_cat-con-traslado","9":"product_cat-familia","10":"product_cat-jubilados","11":"product_cat-lacustre","12":"product_cat-ninos","13":"product_cat-sin-comida","14":"product_cat-verano","16":"first","17":"instock","18":"virtual","19":"sold-individually","20":"purchasable","21":"product-type-booking"},"booking_location":"","booking_location_type":"","booking_duration":60,"booking_duration_unit":"minute","booking_buffer":0,"booking_cost":0,"booking_resources":[],"exclude_global_add_ons":[],"addons":[],"yoast_head":"<!-- This site is optimized with the Yoast SEO Premium plugin v25.2 (Yoast SEO v25.2) - https:\/\/yoast.com\/wordpress\/plugins\/seo\/ -->\n<title>Kayak por el Lago Moreno - Navegaci\u00f3n AR<\/title>\n<meta name=\"description\" content=\"Rem\u00e1 en kayak por el Lago Guti\u00e9rrez y disfrut\u00e1 paisajes \u00fanicos de la Patagonia. Una traves\u00eda de aventura en plena naturaleza.\" \/>\n<meta name=\"robots\" content=\"index, follow, max-snippet:-1, max-image-preview:large, max-video-preview:-1\" \/>\n<link rel=\"canonical\" href=\"https:\/\/navegacion.ar\/en\/product\/lake-gutierrez-kayak-tour\/\" \/>\n<meta property=\"og:locale\" content=\"en_US\" \/>\n<meta property=\"og:type\" content=\"article\" \/>\n<meta property=\"og:title\" content=\"Kayak por el Lago Moreno\" \/>\n<meta property=\"og:description\" content=\"Rem\u00e1 en kayak por el Lago Guti\u00e9rrez y disfrut\u00e1 paisajes \u00fanicos de la Patagonia. Una traves\u00eda de aventura en plena naturaleza.\" \/>\n<meta property=\"og:url\" content=\"https:\/\/navegacion.ar\/en\/product\/lake-gutierrez-kayak-tour\/\" \/>\n<meta property=\"og:site_name\" content=\"Navegaci\u00f3n AR\" \/>\n<meta property=\"article:modified_time\" content=\"2026-01-28T13:32:06+00:00\" \/>\n<meta property=\"og:image\" content=\"https:\/\/navegacion.ar\/wp-content\/uploads\/sites\/3\/2025\/06\/4-A-IMG_5672-copia.jpg\" \/>\n\t<meta property=\"og:image:width\" content=\"992\" \/>\n\t<meta property=\"og:image:height\" content=\"1323\" \/>\n\t<meta property=\"og:image:type\" content=\"image\/jpeg\" \/>\n<meta name=\"twitter:card\" content=\"summary_large_image\" \/>\n<meta name=\"twitter:label1\" content=\"Price\" \/>\n\t<meta name=\"twitter:data1\" content=\"&#036;107,400.00\" \/>\n\t<meta name=\"twitter:label2\" content=\"Availability\" \/>\n\t<meta name=\"twitter:data2\" content=\"In stock\" \/>\n<script type=\"application\/ld+json\" class=\"yoast-schema-graph\">{\"@context\":\"https:\/\/schema.org\",\"@graph\":[{\"@type\":\"WebPage\",\"@id\":\"https:\/\/navegacion.ar\/producto\/travesia-en-kayak-lago-gutierrez\/\",\"url\":\"https:\/\/navegacion.ar\/producto\/travesia-en-kayak-lago-gutierrez\/\",\"name\":\"Kayak por el Lago Moreno - Navegaci\u00f3n AR\",\"isPartOf\":{\"@id\":\"https:\/\/navegacion.ar\/#website\"},\"primaryImageOfPage\":{\"@id\":\"https:\/\/navegacion.ar\/producto\/travesia-en-kayak-lago-gutierrez\/#primaryimage\"},\"image\":{\"@id\":\"https:\/\/navegacion.ar\/producto\/travesia-en-kayak-lago-gutierrez\/#primaryimage\"},\"thumbnailUrl\":\"https:\/\/navegacion.ar\/wp-content\/uploads\/sites\/3\/2025\/06\/4-A-IMG_5672-copia.jpg\",\"datePublished\":\"2025-06-13T15:48:31+00:00\",\"dateModified\":\"2026-01-28T13:32:06+00:00\",\"description\":\"Rem\u00e1 en kayak por el Lago Guti\u00e9rrez y disfrut\u00e1 paisajes \u00fanicos de la Patagonia. Una traves\u00eda de aventura en plena naturaleza.\",\"breadcrumb\":{\"@id\":\"https:\/\/navegacion.ar\/producto\/travesia-en-kayak-lago-gutierrez\/#breadcrumb\"},\"inLanguage\":\"en-US\",\"potentialAction\":[{\"@type\":\"ReadAction\",\"target\":[\"https:\/\/navegacion.ar\/producto\/travesia-en-kayak-lago-gutierrez\/\"]}]},{\"@type\":\"ImageObject\",\"inLanguage\":\"en-US\",\"@id\":\"https:\/\/navegacion.ar\/producto\/travesia-en-kayak-lago-gutierrez\/#primaryimage\",\"url\":\"https:\/\/navegacion.ar\/wp-content\/uploads\/sites\/3\/2025\/06\/4-A-IMG_5672-copia.jpg\",\"contentUrl\":\"https:\/\/navegacion.ar\/wp-content\/uploads\/sites\/3\/2025\/06\/4-A-IMG_5672-copia.jpg\",\"width\":992,\"height\":1323},{\"@type\":\"BreadcrumbList\",\"@id\":\"https:\/\/navegacion.ar\/producto\/travesia-en-kayak-lago-gutierrez\/#breadcrumb\",\"itemListElement\":[{\"@type\":\"ListItem\",\"position\":1,\"name\":\"Inicio\",\"item\":\"https:\/\/navegacion.ar\/\"},{\"@type\":\"ListItem\",\"position\":2,\"name\":\"Tienda\",\"item\":\"https:\/\/navegacion.ar\/tienda\/\"},{\"@type\":\"ListItem\",\"position\":3,\"name\":\"Kayak por el Lago Moreno\"}]},{\"@type\":\"WebSite\",\"@id\":\"https:\/\/navegacion.ar\/#website\",\"url\":\"https:\/\/navegacion.ar\/\",\"name\":\"Navegaci\u00f3n AR\",\"description\":\"\",\"potentialAction\":[{\"@type\":\"SearchAction\",\"target\":{\"@type\":\"EntryPoint\",\"urlTemplate\":\"https:\/\/navegacion.ar\/?s={search_term_string}\"},\"query-input\":{\"@type\":\"PropertyValueSpecification\",\"valueRequired\":true,\"valueName\":\"search_term_string\"}}],\"inLanguage\":\"en-US\"}]}<\/script>\n<meta property=\"product:price:amount\" content=\"107400.00\" \/>\n<meta property=\"product:price:currency\" content=\"ARS\" \/>\n<meta property=\"og:availability\" content=\"instock\" \/>\n<meta property=\"product:availability\" content=\"instock\" \/>\n<meta property=\"product:retailer_item_id\" content=\"ADV2025TRENKAH9J5\" \/>\n<meta property=\"product:condition\" content=\"new\" \/>\n<!-- \/ Yoast SEO Premium plugin. -->","yoast_head_json":{"title":"Kayaking on Moreno Lake - AR Navigation","description":"Paddle a kayak on Lake Gutierrez and enjoy the unique landscapes of Patagonia. An adventure trip in the middle of nature.","robots":{"index":"index","follow":"follow","max-snippet":"max-snippet:-1","max-image-preview":"max-image-preview:large","max-video-preview":"max-video-preview:-1"},"canonical":"https:\/\/navegacion.ar\/en\/product\/lake-gutierrez-kayak-tour\/","og_locale":"en_US","og_type":"article","og_title":"Kayak por el Lago Moreno","og_description":"Rem\u00e1 en kayak por el Lago Guti\u00e9rrez y disfrut\u00e1 paisajes \u00fanicos de la Patagonia. Una traves\u00eda de aventura en plena naturaleza.","og_url":"https:\/\/navegacion.ar\/en\/product\/lake-gutierrez-kayak-tour\/","og_site_name":"Navegaci\u00f3n AR","article_modified_time":"2026-01-28T13:32:06+00:00","og_image":[{"width":992,"height":1323,"url":"https:\/\/navegacion.ar\/wp-content\/uploads\/sites\/3\/2025\/06\/4-A-IMG_5672-copia.jpg","type":"image\/jpeg"}],"twitter_card":"summary_large_image","twitter_misc":{"Price":"&#36;107,400.00","Availability":"In stock"},"schema":{"@context":"https:\/\/schema.org","@graph":[{"@type":"WebPage","@id":"https:\/\/navegacion.ar\/producto\/travesia-en-kayak-lago-gutierrez\/","url":"https:\/\/navegacion.ar\/producto\/travesia-en-kayak-lago-gutierrez\/","name":"Kayaking on Moreno Lake - AR Navigation","isPartOf":{"@id":"https:\/\/navegacion.ar\/#website"},"primaryImageOfPage":{"@id":"https:\/\/navegacion.ar\/producto\/travesia-en-kayak-lago-gutierrez\/#primaryimage"},"image":{"@id":"https:\/\/navegacion.ar\/producto\/travesia-en-kayak-lago-gutierrez\/#primaryimage"},"thumbnailUrl":"https:\/\/navegacion.ar\/wp-content\/uploads\/sites\/3\/2025\/06\/4-A-IMG_5672-copia.jpg","datePublished":"2025-06-13T15:48:31+00:00","dateModified":"2026-01-28T13:32:06+00:00","description":"Paddle a kayak on Lake Gutierrez and enjoy the unique landscapes of Patagonia. An adventure trip in the middle of nature.","breadcrumb":{"@id":"https:\/\/navegacion.ar\/producto\/travesia-en-kayak-lago-gutierrez\/#breadcrumb"},"inLanguage":"en-US","potentialAction":[{"@type":"ReadAction","target":["https:\/\/navegacion.ar\/producto\/travesia-en-kayak-lago-gutierrez\/"]}]},{"@type":"ImageObject","inLanguage":"en-US","@id":"https:\/\/navegacion.ar\/producto\/travesia-en-kayak-lago-gutierrez\/#primaryimage","url":"https:\/\/navegacion.ar\/wp-content\/uploads\/sites\/3\/2025\/06\/4-A-IMG_5672-copia.jpg","contentUrl":"https:\/\/navegacion.ar\/wp-content\/uploads\/sites\/3\/2025\/06\/4-A-IMG_5672-copia.jpg","width":992,"height":1323},{"@type":"BreadcrumbList","@id":"https:\/\/navegacion.ar\/producto\/travesia-en-kayak-lago-gutierrez\/#breadcrumb","itemListElement":[{"@type":"ListItem","position":1,"name":"Inicio","item":"https:\/\/navegacion.ar\/"},{"@type":"ListItem","position":2,"name":"Tienda","item":"https:\/\/navegacion.ar\/tienda\/"},{"@type":"ListItem","position":3,"name":"Kayak por el Lago Moreno"}]},{"@type":"WebSite","@id":"https:\/\/navegacion.ar\/#website","url":"https:\/\/navegacion.ar\/","name":"AR Navigation","description":"","potentialAction":[{"@type":"SearchAction","target":{"@type":"EntryPoint","urlTemplate":"https:\/\/navegacion.ar\/?s={search_term_string}"},"query-input":{"@type":"PropertyValueSpecification","valueRequired":true,"valueName":"search_term_string"}}],"inLanguage":"en-US"}]},"product_price_amount":"107400.00","product_price_currency":"ARS","og_availability":"instock","product_availability":"instock","product_retailer_item_id":"ADV2025TRENKAH9J5","product_condition":"new"},"_links":{"self":[{"href":"https:\/\/navegacion.ar\/en\/wp-json\/wp\/v2\/product\/377848","targetHints":{"allow":["GET"]}}],"collection":[{"href":"https:\/\/navegacion.ar\/en\/wp-json\/wp\/v2\/product"}],"about":[{"href":"https:\/\/navegacion.ar\/en\/wp-json\/wp\/v2\/types\/product"}],"replies":[{"embeddable":true,"href":"https:\/\/navegacion.ar\/en\/wp-json\/wp\/v2\/comments?post=377848"}],"wp:featuredmedia":[{"embeddable":true,"href":"https:\/\/navegacion.ar\/en\/wp-json\/wp\/v2\/media\/378029"}],"wp:attachment":[{"href":"https:\/\/navegacion.ar\/en\/wp-json\/wp\/v2\/media?parent=377848"}],"wp:term":[{"taxonomy":"product_brand","embeddable":true,"href":"https:\/\/navegacion.ar\/en\/wp-json\/wp\/v2\/product_brand?post=377848"},{"taxonomy":"product_cat","embeddable":true,"href":"https:\/\/navegacion.ar\/en\/wp-json\/wp\/v2\/product_cat?post=377848"},{"taxonomy":"product_tag","embeddable":true,"href":"https:\/\/navegacion.ar\/en\/wp-json\/wp\/v2\/product_tag?post=377848"}],"curies":[{"name":"wp","href":"https:\/\/api.w.org\/{rel}","templated":true}]}}