{"id":377852,"date":"2025-06-13T12:49:44","date_gmt":"2025-06-13T15:49:44","guid":{"rendered":"https:\/\/navegacion.ar\/producto\/paquete-promocional-de-3-dias-de-excursion\/"},"modified":"2025-10-13T12:00:20","modified_gmt":"2025-10-13T15:00:20","slug":"paquete-promocional-de-3-dias-de-excursion","status":"publish","type":"product","link":"https:\/\/navegacion.ar\/en\/product\/promotional-3-day-tour-package\/","title":{"rendered":"Promotional 3-day excursion package"},"content":{"rendered":"<h2 class=\"ai-optimize-27\">Discovering hidden Patagonia in three unforgettable days<\/h2>\n<p class=\"ai-optimize-28 ai-optimize-introduction\">Let yourself be enveloped by a <strong>unique experience<\/strong> with our <strong>exclusive three-day excursion package<\/strong>. Thought through every detail, this tour invites you to discover the most beautiful natural corners of the world. <strong>of Argentina's Patagonia<\/strong>, merging adventure and comfort at the highest level.<\/p>\n<h3 class=\"ai-optimize-29\">What does this pack include?<\/h3>\n<ul>\n<li class=\"ai-optimize-30\"><strong>Personalized tour:<\/strong><\/li>\n<li class=\"ai-optimize-31\">Visit to <strong>San Martin de los Andes<\/strong> and the magical <strong>Route of the 7 Lakes<\/strong> leaving at 08:00 hs.<\/li>\n<li class=\"ai-optimize-32\">Exploration of the imposing <strong>Cerro Tronador<\/strong> and the overwhelming <strong>Ventisquero Negro Glacier<\/strong> with departure at 09:00 hs.<\/li>\n<li class=\"ai-optimize-33\">Tour of the <strong>Small Circuit<\/strong> enjoying unique landscapes with departure at 08:30 am.<\/li>\n<\/ul>\n<p class=\"ai-optimize-34\">By being able to adapt your daily itinerary, this pack gives you the possibility of <strong>flexibility<\/strong> to live each excursion in your own way.<\/p>\n<h3 class=\"ai-optimize-35\">Tour details<\/h3>\n<ul>\n<li class=\"ai-optimize-36\"><strong>Locations:<\/strong> It includes San Mart\u00edn de los Andes, Circuito Chico and Cerro Tronador.<\/li>\n<li class=\"ai-optimize-37\"><strong>Schedules:<\/strong> Consult the alternative times for each tour.<\/li>\n<\/ul>\n<h3 class=\"ai-optimize-38\">What services are included?<\/h3>\n<ul>\n<li class=\"ai-optimize-39\"><strong>Ground transfers:<\/strong> Travel in comfortable and safe transportation.<\/li>\n<li class=\"ai-optimize-40\"><strong>Specialized guide:<\/strong> Service in Spanish, with bilingual option for an extra charge.<\/li>\n<\/ul>\n<p class=\"ai-optimize-41\"><strong>Attention:<\/strong> Meals are not part of the package. However, you will find <strong>regional gastronomic proposals<\/strong> on the road.<\/p>\n<h3 class=\"ai-optimize-42\">Don't miss your next adventure<\/h3>\n<p class=\"ai-optimize-43\">This <strong>SELECT PACK<\/strong> only available during the warm season, take advantage and experience Patagonia from another place!<\/p>\n<h3 class=\"ai-optimize-44\">Frequently Asked Questions<\/h3>\n<ul>\n<li class=\"ai-optimize-45\"><strong>Is it possible to change the proposed excursions?<\/strong><br \/>\nOf course, you can organize the order of the rides as you prefer.<\/li>\n<li class=\"ai-optimize-46\"><strong>Are there alternatives for vegetarians or vegans?<\/strong><br \/>\nIn the gastronomic inns during the circuit, they usually have menus adapted for different food options.<\/li>\n<li class=\"ai-optimize-47\"><strong>What clothes should I bring for the excursions?<\/strong><br \/>\nWe suggest wearing comfortable clothing suitable for outdoor activities and adding sun protection.<\/li>\n<\/ul>","protected":false},"excerpt":{"rendered":"<p class=\"ai-optimize-6\">Live a unique experience in Patagonia with this 3-day tour package. Explore all the beauty of San Martin de los Andes, travel the 7 Lakes Route, marvel at Cerro Tronador and discover the charm of the Circuito Chico. Take advantage of an adaptable plan designed to enjoy a truly privileged environment.<\/p>","protected":false},"featured_media":377435,"comment_status":"open","ping_status":"closed","template":"","meta":[],"product_brand":[],"product_cat":[29,40,44,46],"product_tag":[],"class_list":{"0":"post-377852","1":"product","2":"type-product","3":"status-publish","4":"has-post-thumbnail","6":"product_cat-con-traslado","7":"product_cat-promos","8":"product_cat-terrestre","9":"product_cat-todo-el-ano","11":"first","12":"instock","13":"virtual","14":"sold-individually","15":"purchasable","16":"product-type-booking"},"booking_location":"","booking_location_type":"","booking_duration":1,"booking_duration_unit":"hour","booking_buffer":0,"booking_cost":0,"booking_resources":[],"exclude_global_add_ons":[],"addons":[],"yoast_head":"<!-- This site is optimized with the Yoast SEO Premium plugin v25.2 (Yoast SEO v25.2) - https:\/\/yoast.com\/wordpress\/plugins\/seo\/ -->\n<title>Paquete promocional de 3 d\u00edas de excursi\u00f3n - Navegaci\u00f3n AR<\/title>\n<meta name=\"description\" content=\"Descubr\u00ed la Patagonia en 3 d\u00edas con excursiones a San Mart\u00edn de los Andes, Cerro Tronador y Circuito Chico. Naturaleza y aventura en cada recorrido.\" \/>\n<meta name=\"robots\" content=\"index, follow, max-snippet:-1, max-image-preview:large, max-video-preview:-1\" \/>\n<link rel=\"canonical\" href=\"https:\/\/navegacion.ar\/en\/product\/promotional-3-day-tour-package\/\" \/>\n<meta property=\"og:locale\" content=\"en_US\" \/>\n<meta property=\"og:type\" content=\"article\" \/>\n<meta property=\"og:title\" content=\"Paquete promocional de 3 d\u00edas de excursi\u00f3n\" \/>\n<meta property=\"og:description\" content=\"Descubr\u00ed la Patagonia en 3 d\u00edas con excursiones a San Mart\u00edn de los Andes, Cerro Tronador y Circuito Chico. Naturaleza y aventura en cada recorrido.\" \/>\n<meta property=\"og:url\" content=\"https:\/\/navegacion.ar\/en\/product\/promotional-3-day-tour-package\/\" \/>\n<meta property=\"og:site_name\" content=\"Navegaci\u00f3n AR\" \/>\n<meta property=\"article:modified_time\" content=\"2025-10-13T15:00:20+00:00\" \/>\n<meta property=\"og:image\" content=\"https:\/\/navegacion.ar\/wp-content\/uploads\/sites\/3\/2025\/03\/CerroTronador_icon_1140_1601315371-1.jpg\" \/>\n\t<meta property=\"og:image:width\" content=\"1140\" \/>\n\t<meta property=\"og:image:height\" content=\"855\" \/>\n\t<meta property=\"og:image:type\" content=\"image\/jpeg\" \/>\n<meta name=\"twitter:card\" content=\"summary_large_image\" \/>\n<meta name=\"twitter:label1\" content=\"Price\" \/>\n\t<meta name=\"twitter:data1\" content=\"&#036;156,000.00\" \/>\n\t<meta name=\"twitter:label2\" content=\"Availability\" \/>\n\t<meta name=\"twitter:data2\" content=\"In stock\" \/>\n<script type=\"application\/ld+json\" class=\"yoast-schema-graph\">{\"@context\":\"https:\/\/schema.org\",\"@graph\":[{\"@type\":\"WebPage\",\"@id\":\"https:\/\/navegacion.ar\/producto\/paquete-promocional-de-3-dias-de-excursion\/\",\"url\":\"https:\/\/navegacion.ar\/producto\/paquete-promocional-de-3-dias-de-excursion\/\",\"name\":\"Paquete promocional de 3 d\u00edas de excursi\u00f3n - Navegaci\u00f3n AR\",\"isPartOf\":{\"@id\":\"https:\/\/navegacion.ar\/#website\"},\"primaryImageOfPage\":{\"@id\":\"https:\/\/navegacion.ar\/producto\/paquete-promocional-de-3-dias-de-excursion\/#primaryimage\"},\"image\":{\"@id\":\"https:\/\/navegacion.ar\/producto\/paquete-promocional-de-3-dias-de-excursion\/#primaryimage\"},\"thumbnailUrl\":\"https:\/\/navegacion.ar\/wp-content\/uploads\/sites\/3\/2025\/03\/CerroTronador_icon_1140_1601315371-1.jpg\",\"datePublished\":\"2025-06-13T15:49:44+00:00\",\"dateModified\":\"2025-10-13T15:00:20+00:00\",\"description\":\"Descubr\u00ed la Patagonia en 3 d\u00edas con excursiones a San Mart\u00edn de los Andes, Cerro Tronador y Circuito Chico. Naturaleza y aventura en cada recorrido.\",\"breadcrumb\":{\"@id\":\"https:\/\/navegacion.ar\/producto\/paquete-promocional-de-3-dias-de-excursion\/#breadcrumb\"},\"inLanguage\":\"en-US\",\"potentialAction\":[{\"@type\":\"ReadAction\",\"target\":[\"https:\/\/navegacion.ar\/producto\/paquete-promocional-de-3-dias-de-excursion\/\"]}]},{\"@type\":\"ImageObject\",\"inLanguage\":\"en-US\",\"@id\":\"https:\/\/navegacion.ar\/producto\/paquete-promocional-de-3-dias-de-excursion\/#primaryimage\",\"url\":\"https:\/\/navegacion.ar\/wp-content\/uploads\/sites\/3\/2025\/03\/CerroTronador_icon_1140_1601315371-1.jpg\",\"contentUrl\":\"https:\/\/navegacion.ar\/wp-content\/uploads\/sites\/3\/2025\/03\/CerroTronador_icon_1140_1601315371-1.jpg\",\"width\":1140,\"height\":855},{\"@type\":\"BreadcrumbList\",\"@id\":\"https:\/\/navegacion.ar\/producto\/paquete-promocional-de-3-dias-de-excursion\/#breadcrumb\",\"itemListElement\":[{\"@type\":\"ListItem\",\"position\":1,\"name\":\"Inicio\",\"item\":\"https:\/\/navegacion.ar\/\"},{\"@type\":\"ListItem\",\"position\":2,\"name\":\"Tienda\",\"item\":\"https:\/\/navegacion.ar\/tienda\/\"},{\"@type\":\"ListItem\",\"position\":3,\"name\":\"Paquete promocional de 3 d\u00edas de excursi\u00f3n\"}]},{\"@type\":\"WebSite\",\"@id\":\"https:\/\/navegacion.ar\/#website\",\"url\":\"https:\/\/navegacion.ar\/\",\"name\":\"Navegaci\u00f3n AR\",\"description\":\"\",\"potentialAction\":[{\"@type\":\"SearchAction\",\"target\":{\"@type\":\"EntryPoint\",\"urlTemplate\":\"https:\/\/navegacion.ar\/?s={search_term_string}\"},\"query-input\":{\"@type\":\"PropertyValueSpecification\",\"valueRequired\":true,\"valueName\":\"search_term_string\"}}],\"inLanguage\":\"en-US\"}]}<\/script>\n<meta property=\"product:price:amount\" content=\"156000.00\" \/>\n<meta property=\"product:price:currency\" content=\"ARS\" \/>\n<meta property=\"og:availability\" content=\"instock\" \/>\n<meta property=\"product:availability\" content=\"instock\" \/>\n<meta property=\"product:retailer_item_id\" content=\"ADV2025PAPRDE20W5\" \/>\n<meta property=\"product:condition\" content=\"new\" \/>\n<!-- \/ Yoast SEO Premium plugin. -->","yoast_head_json":{"title":"Promotional 3-day excursion package - Sailing AR","description":"Discover Patagonia in 3 days with excursions to San Martin de los Andes, Cerro Tronador and Circuito Chico. Nature and adventure in every tour.","robots":{"index":"index","follow":"follow","max-snippet":"max-snippet:-1","max-image-preview":"max-image-preview:large","max-video-preview":"max-video-preview:-1"},"canonical":"https:\/\/navegacion.ar\/en\/product\/promotional-3-day-tour-package\/","og_locale":"en_US","og_type":"article","og_title":"Paquete promocional de 3 d\u00edas de excursi\u00f3n","og_description":"Descubr\u00ed la Patagonia en 3 d\u00edas con excursiones a San Mart\u00edn de los Andes, Cerro Tronador y Circuito Chico. Naturaleza y aventura en cada recorrido.","og_url":"https:\/\/navegacion.ar\/en\/product\/promotional-3-day-tour-package\/","og_site_name":"Navegaci\u00f3n AR","article_modified_time":"2025-10-13T15:00:20+00:00","og_image":[{"width":1140,"height":855,"url":"https:\/\/navegacion.ar\/wp-content\/uploads\/sites\/3\/2025\/03\/CerroTronador_icon_1140_1601315371-1.jpg","type":"image\/jpeg"}],"twitter_card":"summary_large_image","twitter_misc":{"Price":"&#36;156,000.00","Availability":"In stock"},"schema":{"@context":"https:\/\/schema.org","@graph":[{"@type":"WebPage","@id":"https:\/\/navegacion.ar\/producto\/paquete-promocional-de-3-dias-de-excursion\/","url":"https:\/\/navegacion.ar\/producto\/paquete-promocional-de-3-dias-de-excursion\/","name":"Promotional 3-day excursion package - Sailing AR","isPartOf":{"@id":"https:\/\/navegacion.ar\/#website"},"primaryImageOfPage":{"@id":"https:\/\/navegacion.ar\/producto\/paquete-promocional-de-3-dias-de-excursion\/#primaryimage"},"image":{"@id":"https:\/\/navegacion.ar\/producto\/paquete-promocional-de-3-dias-de-excursion\/#primaryimage"},"thumbnailUrl":"https:\/\/navegacion.ar\/wp-content\/uploads\/sites\/3\/2025\/03\/CerroTronador_icon_1140_1601315371-1.jpg","datePublished":"2025-06-13T15:49:44+00:00","dateModified":"2025-10-13T15:00:20+00:00","description":"Discover Patagonia in 3 days with excursions to San Martin de los Andes, Cerro Tronador and Circuito Chico. Nature and adventure in every tour.","breadcrumb":{"@id":"https:\/\/navegacion.ar\/producto\/paquete-promocional-de-3-dias-de-excursion\/#breadcrumb"},"inLanguage":"en-US","potentialAction":[{"@type":"ReadAction","target":["https:\/\/navegacion.ar\/producto\/paquete-promocional-de-3-dias-de-excursion\/"]}]},{"@type":"ImageObject","inLanguage":"en-US","@id":"https:\/\/navegacion.ar\/producto\/paquete-promocional-de-3-dias-de-excursion\/#primaryimage","url":"https:\/\/navegacion.ar\/wp-content\/uploads\/sites\/3\/2025\/03\/CerroTronador_icon_1140_1601315371-1.jpg","contentUrl":"https:\/\/navegacion.ar\/wp-content\/uploads\/sites\/3\/2025\/03\/CerroTronador_icon_1140_1601315371-1.jpg","width":1140,"height":855},{"@type":"BreadcrumbList","@id":"https:\/\/navegacion.ar\/producto\/paquete-promocional-de-3-dias-de-excursion\/#breadcrumb","itemListElement":[{"@type":"ListItem","position":1,"name":"Inicio","item":"https:\/\/navegacion.ar\/"},{"@type":"ListItem","position":2,"name":"Tienda","item":"https:\/\/navegacion.ar\/tienda\/"},{"@type":"ListItem","position":3,"name":"Paquete promocional de 3 d\u00edas de excursi\u00f3n"}]},{"@type":"WebSite","@id":"https:\/\/navegacion.ar\/#website","url":"https:\/\/navegacion.ar\/","name":"AR Navigation","description":"","potentialAction":[{"@type":"SearchAction","target":{"@type":"EntryPoint","urlTemplate":"https:\/\/navegacion.ar\/?s={search_term_string}"},"query-input":{"@type":"PropertyValueSpecification","valueRequired":true,"valueName":"search_term_string"}}],"inLanguage":"en-US"}]},"product_price_amount":"156000.00","product_price_currency":"ARS","og_availability":"instock","product_availability":"instock","product_retailer_item_id":"ADV2025PAPRDE20W5","product_condition":"new"},"_links":{"self":[{"href":"https:\/\/navegacion.ar\/en\/wp-json\/wp\/v2\/product\/377852","targetHints":{"allow":["GET"]}}],"collection":[{"href":"https:\/\/navegacion.ar\/en\/wp-json\/wp\/v2\/product"}],"about":[{"href":"https:\/\/navegacion.ar\/en\/wp-json\/wp\/v2\/types\/product"}],"replies":[{"embeddable":true,"href":"https:\/\/navegacion.ar\/en\/wp-json\/wp\/v2\/comments?post=377852"}],"wp:featuredmedia":[{"embeddable":true,"href":"https:\/\/navegacion.ar\/en\/wp-json\/wp\/v2\/media\/377435"}],"wp:attachment":[{"href":"https:\/\/navegacion.ar\/en\/wp-json\/wp\/v2\/media?parent=377852"}],"wp:term":[{"taxonomy":"product_brand","embeddable":true,"href":"https:\/\/navegacion.ar\/en\/wp-json\/wp\/v2\/product_brand?post=377852"},{"taxonomy":"product_cat","embeddable":true,"href":"https:\/\/navegacion.ar\/en\/wp-json\/wp\/v2\/product_cat?post=377852"},{"taxonomy":"product_tag","embeddable":true,"href":"https:\/\/navegacion.ar\/en\/wp-json\/wp\/v2\/product_tag?post=377852"}],"curies":[{"name":"wp","href":"https:\/\/api.w.org\/{rel}","templated":true}]}}