{"id":377854,"date":"2025-06-13T12:50:27","date_gmt":"2025-06-13T15:50:27","guid":{"rendered":"https:\/\/navegacion.ar\/producto\/puerto-blest-y-cascada-los-cantaros-con-traslado\/"},"modified":"2026-01-28T10:30:56","modified_gmt":"2026-01-28T13:30:56","slug":"puerto-blest-cascada-los-cantaros-con-traslado","status":"publish","type":"product","link":"https:\/\/navegacion.ar\/en\/product\/puerto-blest-los-cantaros-waterfall-with-transfer\/","title":{"rendered":"Puerto Blest and \u201cLos Cantaros\u201d Waterfall with transfer"},"content":{"rendered":"<h2 class=\"ai-optimize-6\">Experience the Greatness of Puerto Blest and the \u201cLos C\u00e1ntaros\u201d waterfall.\u201d<\/h2>\n<p class=\"ai-optimize-7 ai-optimize-introduction\">Let yourself be carried away by a different experience in the heart of Patagonia. When you choose this transfer, you will depart from downtown Bariloche to Puerto Pa\u00f1uelo, located just 25 km away. On the way, take the opportunity to marvel at the incredible postcard that give the Andean landscapes and the total calm of the Patagonian water mirrors.<\/p>\n<h3 class=\"ai-optimize-8\">A Path that Marks<\/h3>\n<p class=\"ai-optimize-9\">Get on the catamaran and start a navigation of about an hour. On the way, you will visit the Centinela islet, the historical site where the remains of the emblematic Perito Moreno rest. The tour continues to the footbridges towards the majestic <strong>Los C\u00e1ntaros Waterfall<\/strong>, The area is outstanding for its enormous granite walls shaped by glaciers, which transmit the indomitable strength of the natural environment.<\/p>\n<h3 class=\"ai-optimize-10\">The Secrets of Puerto Blest<\/h3>\n<ul>\n<li class=\"ai-optimize-11\"><strong>Bah\u00eda So\u00f1ada:<\/strong> Contemplate the impressive panoramic view and the green waters of Lake Frias, nourished by the glaciers of the imposing Cerro Tronador.<\/li>\n<li class=\"ai-optimize-12\"><strong>Trails in the Valdivian Rainforest:<\/strong> Walking along these trails, you will connect with an extraordinary biodiversity in a truly incomparable environment.<\/li>\n<\/ul>\n<h3 class=\"ai-optimize-13\">A Walk to Treasure<\/h3>\n<p class=\"ai-optimize-14\">The day ends sailing back along the Blest Arm, while Cerro Tronador says goodbye with the last rays, creating indelible memories of this ideal outing.<\/p>\n<h3 class=\"ai-optimize-15\">Useful Information<\/h3>\n<ul>\n<li class=\"ai-optimize-16\"><strong>Schedule:<\/strong> From 9:00 am to approximately 6:00 pm.<\/li>\n<li class=\"ai-optimize-17\"><strong>Includes:<\/strong> Transfer in both directions, guided catamaran excursion and guided walks under the forest.<\/li>\n<li class=\"ai-optimize-18\"><strong>Does not include:<\/strong> Meals (you can eat at different stops), National Park use fees and boarding fees.<\/li>\n<\/ul>\n<h3 class=\"ai-optimize-19\">Usual Inquiries<\/h3>\n<h4 class=\"ai-optimize-20\">Is the output suitable for all ages?<\/h4>\n<p class=\"ai-optimize-21\">Undoubtedly, it is designed so that people of any age can take advantage of it and enjoy it to the fullest.<\/p>\n<h4 class=\"ai-optimize-22\">What clothing should I wear?<\/h4>\n<p class=\"ai-optimize-23\">Practical clothing and comfortable sneakers are suggested, adding a jacket in case of weather changes.<\/p>\n<h4 class=\"ai-optimize-24\">Is it possible to go to \u201cLos C\u00e1ntaros\u201d waterfall all year round?<\/h4>\n<p class=\"ai-optimize-25\">Normally, the tour is available during all twelve months, although it is best to consult conditions during the winter season.<\/p>","protected":false},"excerpt":{"rendered":"<p class=\"ai-optimize-6\">Enjoy a unique experience on the way to Puerto Blest and the imposing \u00abLos C\u00e1ntaros\u00bb waterfall. Take a catamaran trip on the waters of Lake Nahuel Huapi and immerse yourself in the lush Valdivian rainforest. This trip offers unforgettable views and moments of pure connection with the natural environment. Secure your place and get to know Patagonia in a unique way.<\/p>","protected":false},"featured_media":377136,"comment_status":"open","ping_status":"closed","template":"","meta":[],"product_brand":[],"product_cat":[34,46],"product_tag":[],"class_list":{"0":"post-377854","1":"product","2":"type-product","3":"status-publish","4":"has-post-thumbnail","6":"product_cat-lacustre","7":"product_cat-todo-el-ano","9":"first","10":"instock","11":"virtual","12":"sold-individually","13":"purchasable","14":"product-type-booking"},"booking_location":"","booking_location_type":"","booking_duration":60,"booking_duration_unit":"minute","booking_buffer":0,"booking_cost":0,"booking_resources":[],"exclude_global_add_ons":[],"addons":[],"yoast_head":"<!-- This site is optimized with the Yoast SEO Premium plugin v25.2 (Yoast SEO v25.2) - https:\/\/yoast.com\/wordpress\/plugins\/seo\/ -->\n<title>Puerto Blest y Cascada Los C\u00e1ntaros con traslado | Excursi\u00f3n - Navegaci\u00f3n AR<\/title>\n<meta name=\"description\" content=\"Descubr\u00ed Puerto Blest y la Cascada Los C\u00e1ntaros con traslado desde Bariloche. Naveg\u00e1 el Nahuel Huapi y viv\u00ed una excursi\u00f3n patag\u00f3nica inolvidable.\" \/>\n<meta name=\"robots\" content=\"index, follow, max-snippet:-1, max-image-preview:large, max-video-preview:-1\" \/>\n<link rel=\"canonical\" href=\"https:\/\/navegacion.ar\/en\/product\/puerto-blest-los-cantaros-waterfall-with-transfer\/\" \/>\n<meta property=\"og:locale\" content=\"en_US\" \/>\n<meta property=\"og:type\" content=\"article\" \/>\n<meta property=\"og:title\" content=\"Puerto Blest y Cascada &quot;Los Cantaros&quot; con traslado\" \/>\n<meta property=\"og:description\" content=\"Descubr\u00ed Puerto Blest y la Cascada Los C\u00e1ntaros con traslado desde Bariloche. Naveg\u00e1 el Nahuel Huapi y viv\u00ed una excursi\u00f3n patag\u00f3nica inolvidable.\" \/>\n<meta property=\"og:url\" content=\"https:\/\/navegacion.ar\/en\/product\/puerto-blest-los-cantaros-waterfall-with-transfer\/\" \/>\n<meta property=\"og:site_name\" content=\"Navegaci\u00f3n AR\" \/>\n<meta property=\"article:modified_time\" content=\"2026-01-28T13:30:56+00:00\" \/>\n<meta property=\"og:image\" content=\"https:\/\/navegacion.ar\/wp-content\/uploads\/sites\/3\/2025\/03\/PuertoblestyCascadadelosCntaros_icon_1140_1601570037.jpg\" \/>\n\t<meta property=\"og:image:width\" content=\"1140\" \/>\n\t<meta property=\"og:image:height\" content=\"855\" \/>\n\t<meta property=\"og:image:type\" content=\"image\/jpeg\" \/>\n<meta name=\"twitter:card\" content=\"summary_large_image\" \/>\n<meta name=\"twitter:label1\" content=\"Price\" \/>\n\t<meta name=\"twitter:data1\" content=\"&#036;194,400.00\" \/>\n\t<meta name=\"twitter:label2\" content=\"Availability\" \/>\n\t<meta name=\"twitter:data2\" content=\"In stock\" \/>\n<script type=\"application\/ld+json\" class=\"yoast-schema-graph\">{\"@context\":\"https:\/\/schema.org\",\"@graph\":[{\"@type\":\"WebPage\",\"@id\":\"https:\/\/navegacion.ar\/producto\/puerto-blest-cascada-los-cantaros-con-traslado\/\",\"url\":\"https:\/\/navegacion.ar\/producto\/puerto-blest-cascada-los-cantaros-con-traslado\/\",\"name\":\"Puerto Blest y Cascada Los C\u00e1ntaros con traslado | Excursi\u00f3n - Navegaci\u00f3n AR\",\"isPartOf\":{\"@id\":\"https:\/\/navegacion.ar\/#website\"},\"primaryImageOfPage\":{\"@id\":\"https:\/\/navegacion.ar\/producto\/puerto-blest-cascada-los-cantaros-con-traslado\/#primaryimage\"},\"image\":{\"@id\":\"https:\/\/navegacion.ar\/producto\/puerto-blest-cascada-los-cantaros-con-traslado\/#primaryimage\"},\"thumbnailUrl\":\"https:\/\/navegacion.ar\/wp-content\/uploads\/sites\/3\/2025\/03\/PuertoblestyCascadadelosCntaros_icon_1140_1601570037.jpg\",\"datePublished\":\"2025-06-13T15:50:27+00:00\",\"dateModified\":\"2026-01-28T13:30:56+00:00\",\"description\":\"Descubr\u00ed Puerto Blest y la Cascada Los C\u00e1ntaros con traslado desde Bariloche. Naveg\u00e1 el Nahuel Huapi y viv\u00ed una excursi\u00f3n patag\u00f3nica inolvidable.\",\"breadcrumb\":{\"@id\":\"https:\/\/navegacion.ar\/producto\/puerto-blest-cascada-los-cantaros-con-traslado\/#breadcrumb\"},\"inLanguage\":\"en-US\",\"potentialAction\":[{\"@type\":\"ReadAction\",\"target\":[\"https:\/\/navegacion.ar\/producto\/puerto-blest-cascada-los-cantaros-con-traslado\/\"]}]},{\"@type\":\"ImageObject\",\"inLanguage\":\"en-US\",\"@id\":\"https:\/\/navegacion.ar\/producto\/puerto-blest-cascada-los-cantaros-con-traslado\/#primaryimage\",\"url\":\"https:\/\/navegacion.ar\/wp-content\/uploads\/sites\/3\/2025\/03\/PuertoblestyCascadadelosCntaros_icon_1140_1601570037.jpg\",\"contentUrl\":\"https:\/\/navegacion.ar\/wp-content\/uploads\/sites\/3\/2025\/03\/PuertoblestyCascadadelosCntaros_icon_1140_1601570037.jpg\",\"width\":1140,\"height\":855},{\"@type\":\"BreadcrumbList\",\"@id\":\"https:\/\/navegacion.ar\/producto\/puerto-blest-cascada-los-cantaros-con-traslado\/#breadcrumb\",\"itemListElement\":[{\"@type\":\"ListItem\",\"position\":1,\"name\":\"Inicio\",\"item\":\"https:\/\/navegacion.ar\/\"},{\"@type\":\"ListItem\",\"position\":2,\"name\":\"Tienda\",\"item\":\"https:\/\/navegacion.ar\/tienda\/\"},{\"@type\":\"ListItem\",\"position\":3,\"name\":\"Puerto Blest y Cascada \u00abLos Cantaros\u00bb con traslado\"}]},{\"@type\":\"WebSite\",\"@id\":\"https:\/\/navegacion.ar\/#website\",\"url\":\"https:\/\/navegacion.ar\/\",\"name\":\"Navegaci\u00f3n AR\",\"description\":\"\",\"potentialAction\":[{\"@type\":\"SearchAction\",\"target\":{\"@type\":\"EntryPoint\",\"urlTemplate\":\"https:\/\/navegacion.ar\/?s={search_term_string}\"},\"query-input\":{\"@type\":\"PropertyValueSpecification\",\"valueRequired\":true,\"valueName\":\"search_term_string\"}}],\"inLanguage\":\"en-US\"}]}<\/script>\n<meta property=\"product:price:amount\" content=\"194400.00\" \/>\n<meta property=\"product:price:currency\" content=\"ARS\" \/>\n<meta property=\"og:availability\" content=\"instock\" \/>\n<meta property=\"product:availability\" content=\"instock\" \/>\n<meta property=\"product:retailer_item_id\" content=\"ADV2025PUBLYCO2Q8\" \/>\n<meta property=\"product:condition\" content=\"new\" \/>\n<!-- \/ Yoast SEO Premium plugin. -->","yoast_head_json":{"title":"Puerto Blest and Los C\u00e1ntaros Waterfall with transfer | Excursion - Navigation AR","description":"Discover Puerto Blest and Los C\u00e1ntaros Waterfall with transfer from Bariloche. Navigate the Nahuel Huapi and experience an unforgettable Patagonian excursion.","robots":{"index":"index","follow":"follow","max-snippet":"max-snippet:-1","max-image-preview":"max-image-preview:large","max-video-preview":"max-video-preview:-1"},"canonical":"https:\/\/navegacion.ar\/en\/product\/puerto-blest-los-cantaros-waterfall-with-transfer\/","og_locale":"en_US","og_type":"article","og_title":"Puerto Blest y Cascada \"Los Cantaros\" con traslado","og_description":"Descubr\u00ed Puerto Blest y la Cascada Los C\u00e1ntaros con traslado desde Bariloche. Naveg\u00e1 el Nahuel Huapi y viv\u00ed una excursi\u00f3n patag\u00f3nica inolvidable.","og_url":"https:\/\/navegacion.ar\/en\/product\/puerto-blest-los-cantaros-waterfall-with-transfer\/","og_site_name":"Navegaci\u00f3n AR","article_modified_time":"2026-01-28T13:30:56+00:00","og_image":[{"width":1140,"height":855,"url":"https:\/\/navegacion.ar\/wp-content\/uploads\/sites\/3\/2025\/03\/PuertoblestyCascadadelosCntaros_icon_1140_1601570037.jpg","type":"image\/jpeg"}],"twitter_card":"summary_large_image","twitter_misc":{"Price":"&#36;194,400.00","Availability":"In stock"},"schema":{"@context":"https:\/\/schema.org","@graph":[{"@type":"WebPage","@id":"https:\/\/navegacion.ar\/producto\/puerto-blest-cascada-los-cantaros-con-traslado\/","url":"https:\/\/navegacion.ar\/producto\/puerto-blest-cascada-los-cantaros-con-traslado\/","name":"Puerto Blest and Los C\u00e1ntaros Waterfall with transfer | Excursion - Navigation AR","isPartOf":{"@id":"https:\/\/navegacion.ar\/#website"},"primaryImageOfPage":{"@id":"https:\/\/navegacion.ar\/producto\/puerto-blest-cascada-los-cantaros-con-traslado\/#primaryimage"},"image":{"@id":"https:\/\/navegacion.ar\/producto\/puerto-blest-cascada-los-cantaros-con-traslado\/#primaryimage"},"thumbnailUrl":"https:\/\/navegacion.ar\/wp-content\/uploads\/sites\/3\/2025\/03\/PuertoblestyCascadadelosCntaros_icon_1140_1601570037.jpg","datePublished":"2025-06-13T15:50:27+00:00","dateModified":"2026-01-28T13:30:56+00:00","description":"Discover Puerto Blest and Los C\u00e1ntaros Waterfall with transfer from Bariloche. Navigate the Nahuel Huapi and experience an unforgettable Patagonian excursion.","breadcrumb":{"@id":"https:\/\/navegacion.ar\/producto\/puerto-blest-cascada-los-cantaros-con-traslado\/#breadcrumb"},"inLanguage":"en-US","potentialAction":[{"@type":"ReadAction","target":["https:\/\/navegacion.ar\/producto\/puerto-blest-cascada-los-cantaros-con-traslado\/"]}]},{"@type":"ImageObject","inLanguage":"en-US","@id":"https:\/\/navegacion.ar\/producto\/puerto-blest-cascada-los-cantaros-con-traslado\/#primaryimage","url":"https:\/\/navegacion.ar\/wp-content\/uploads\/sites\/3\/2025\/03\/PuertoblestyCascadadelosCntaros_icon_1140_1601570037.jpg","contentUrl":"https:\/\/navegacion.ar\/wp-content\/uploads\/sites\/3\/2025\/03\/PuertoblestyCascadadelosCntaros_icon_1140_1601570037.jpg","width":1140,"height":855},{"@type":"BreadcrumbList","@id":"https:\/\/navegacion.ar\/producto\/puerto-blest-cascada-los-cantaros-con-traslado\/#breadcrumb","itemListElement":[{"@type":"ListItem","position":1,"name":"Inicio","item":"https:\/\/navegacion.ar\/"},{"@type":"ListItem","position":2,"name":"Tienda","item":"https:\/\/navegacion.ar\/tienda\/"},{"@type":"ListItem","position":3,"name":"Puerto Blest y Cascada \u00abLos Cantaros\u00bb con traslado"}]},{"@type":"WebSite","@id":"https:\/\/navegacion.ar\/#website","url":"https:\/\/navegacion.ar\/","name":"AR Navigation","description":"","potentialAction":[{"@type":"SearchAction","target":{"@type":"EntryPoint","urlTemplate":"https:\/\/navegacion.ar\/?s={search_term_string}"},"query-input":{"@type":"PropertyValueSpecification","valueRequired":true,"valueName":"search_term_string"}}],"inLanguage":"en-US"}]},"product_price_amount":"194400.00","product_price_currency":"ARS","og_availability":"instock","product_availability":"instock","product_retailer_item_id":"ADV2025PUBLYCO2Q8","product_condition":"new"},"_links":{"self":[{"href":"https:\/\/navegacion.ar\/en\/wp-json\/wp\/v2\/product\/377854","targetHints":{"allow":["GET"]}}],"collection":[{"href":"https:\/\/navegacion.ar\/en\/wp-json\/wp\/v2\/product"}],"about":[{"href":"https:\/\/navegacion.ar\/en\/wp-json\/wp\/v2\/types\/product"}],"replies":[{"embeddable":true,"href":"https:\/\/navegacion.ar\/en\/wp-json\/wp\/v2\/comments?post=377854"}],"wp:featuredmedia":[{"embeddable":true,"href":"https:\/\/navegacion.ar\/en\/wp-json\/wp\/v2\/media\/377136"}],"wp:attachment":[{"href":"https:\/\/navegacion.ar\/en\/wp-json\/wp\/v2\/media?parent=377854"}],"wp:term":[{"taxonomy":"product_brand","embeddable":true,"href":"https:\/\/navegacion.ar\/en\/wp-json\/wp\/v2\/product_brand?post=377854"},{"taxonomy":"product_cat","embeddable":true,"href":"https:\/\/navegacion.ar\/en\/wp-json\/wp\/v2\/product_cat?post=377854"},{"taxonomy":"product_tag","embeddable":true,"href":"https:\/\/navegacion.ar\/en\/wp-json\/wp\/v2\/product_tag?post=377854"}],"curies":[{"name":"wp","href":"https:\/\/api.w.org\/{rel}","templated":true}]}}