{"id":377855,"date":"2025-06-13T12:50:46","date_gmt":"2025-06-13T15:50:46","guid":{"rendered":"https:\/\/navegacion.ar\/producto\/excursion-a-puerto-blest-y-lago-frias-con-traslado\/"},"modified":"2026-01-28T10:30:38","modified_gmt":"2026-01-28T13:30:38","slug":"puerto-blest-cascada-los-cantaros-lago-frias","status":"publish","type":"product","link":"https:\/\/navegacion.ar\/en\/product\/puerto-blest-los-cantaros-waterfall-frias-lake\/","title":{"rendered":"Excursion to Puerto Blest and Lake Frias with transfer"},"content":{"rendered":"<h2 class=\"ai-optimize-6\">Experience the Greatness of Puerto Blest and the \u201cLos C\u00e1ntaros\u201d waterfall.\u201d<\/h2>\n<p class=\"ai-optimize-7 ai-optimize-introduction\">Start an incredible experience starting from the enchanting <strong>Puerto Pa\u00f1uelo<\/strong>, just a few minutes from downtown San Carlos de Bariloche. In an entertaining boat trip of approximately one hour, you will get to know the outstanding <strong>Sentinel Islet<\/strong>, famous for being the final resting place of the mythical Perito Moreno.<\/p>\n<p class=\"ai-optimize-8\">Further on, we head towards a system of footbridges that give you a unique perspective of the imposing <strong>Los C\u00e1ntaros Waterfall<\/strong>. This natural spectacle, surrounded by granite walls, hides a millenary larch that has witnessed centuries of wonders.<\/p>\n<h3 class=\"ai-optimize-9\">Panoramic Lake Navigation<\/h3>\n<p class=\"ai-optimize-10\">Aboard a state-of-the-art catamaran, you will enjoy the following activities <strong>incomparable views of the Nahuel Huapi lake<\/strong> and the imposing peaks of the <strong>Andes mountain range<\/strong>. Come and let yourself be surprised by the diversity of its islands and the unmistakable landscapes that distinguish this Patagonian land.<\/p>\n<h2 class=\"ai-optimize-11\">Dive into Lake Frias: A Secret Corner<\/h2>\n<p class=\"ai-optimize-12\">When you arrive at Puerto Blest, a place that enchants visitors from all over the world, you are dazzled by the magical <strong>Lake Frias<\/strong>. Its intense greenish color is a consequence of the minerals carried by the Tronador glacier.<\/p>\n<p class=\"ai-optimize-13\">To extend the adventure, a short 3 km bus ride will take you to <strong>Puerto Alegre<\/strong>, where you will embark to discover these impressive waters up close.<\/p>\n<h3 class=\"ai-optimize-14\">Varied Proposals for your Fun<\/h3>\n<ul>\n<li class=\"ai-optimize-15\">Guided walking tours through the Valdivian rainforest, a true natural sanctuary.<\/li>\n<li class=\"ai-optimize-16\">Nautical trips on the calm Frias Lake, with unrepeatable postcards.<\/li>\n<\/ul>\n<h2 class=\"ai-optimize-17\">Excursion Key Data<\/h2>\n<ul>\n<li class=\"ai-optimize-18\"><strong>Duration:<\/strong> From 9:00 a.m. to 5:30 p.m., approximately.<\/li>\n<li class=\"ai-optimize-19\"><strong>Includes:<\/strong> Round trip transfer, guide during the trip and hiking.<\/li>\n<li class=\"ai-optimize-20\"><strong>Does not include:<\/strong> Meals (you can eat at paradores) and the entrance fee to National Parks.<\/li>\n<\/ul>\n<h2 class=\"ai-optimize-21\">Frequently Asked Questions<\/h2>\n<ul>\n<li class=\"ai-optimize-22\"><strong>How do I pay for access to National Parks?<\/strong><br \/>\nPayment is made the same day of the excursion in Puerto Pa\u00f1uelo, only in cash and local currency. Exemptions are available for local people and children under five years old.<\/li>\n<li class=\"ai-optimize-23\"><strong>Do foreign retirees have bonuses?<\/strong><br \/>\nNo, the benefits are granted only to Argentine retirees, who must show their document at the time of boarding.<\/li>\n<li class=\"ai-optimize-24\"><strong>Can I bring my own food?<\/strong><br \/>\nOf course, you can carry your personal lunch or buy food both on board and at the different stops.<\/li>\n<li class=\"ai-optimize-25\"><strong>Which vessel is normally used?<\/strong><br \/>\nYou usually travel on the iconic Modesta Victoria, although changes may occur without prior notice.<\/li>\n<li class=\"ai-optimize-26\"><strong>Is it possible to combine it with other proposals?<\/strong><br \/>\nYes, especially if your outing is scheduled for the afternoon. Adding the Circuito Chico is an excellent option to round off the tour.<\/li>\n<\/ul>","protected":false},"excerpt":{"rendered":"<p class=\"ai-optimize-6\">Enjoy a unique experience in Puerto Blest and Los C\u00e1ntaros waterfall. Go on a nautical trip around the lake and marvel at the amazing landscapes of Lake Frias. Get your ticket now and connect with a truly spectacular natural environment.<\/p>","protected":false},"featured_media":377142,"comment_status":"open","ping_status":"closed","template":"","meta":[],"product_brand":[],"product_cat":[29,34,46],"product_tag":[],"class_list":{"0":"post-377855","1":"product","2":"type-product","3":"status-publish","4":"has-post-thumbnail","6":"product_cat-con-traslado","7":"product_cat-lacustre","8":"product_cat-todo-el-ano","10":"first","11":"instock","12":"virtual","13":"sold-individually","14":"purchasable","15":"product-type-booking"},"booking_location":"","booking_location_type":"","booking_duration":60,"booking_duration_unit":"minute","booking_buffer":0,"booking_cost":0,"booking_resources":[],"exclude_global_add_ons":[],"addons":[],"yoast_head":"<!-- This site is optimized with the Yoast SEO Premium plugin v25.2 (Yoast SEO v25.2) - https:\/\/yoast.com\/wordpress\/plugins\/seo\/ -->\n<title>Excursi\u00f3n a Puerto Blest y Lago Fr\u00edas con traslado - Navegaci\u00f3n AR<\/title>\n<meta name=\"description\" content=\"Naveg\u00e1 por el Nahuel Huapi hasta Puerto Blest y Lago Fr\u00edas. Una excursi\u00f3n inolvidable rodeada de monta\u00f1as y naturaleza.\" \/>\n<meta name=\"robots\" content=\"index, follow, max-snippet:-1, max-image-preview:large, max-video-preview:-1\" \/>\n<link rel=\"canonical\" href=\"https:\/\/navegacion.ar\/en\/product\/puerto-blest-los-cantaros-waterfall-frias-lake\/\" \/>\n<meta property=\"og:locale\" content=\"en_US\" \/>\n<meta property=\"og:type\" content=\"article\" \/>\n<meta property=\"og:title\" content=\"Excursi\u00f3n a Puerto Blest y Lago Fr\u00edas con traslado\" \/>\n<meta property=\"og:description\" content=\"Naveg\u00e1 por el Nahuel Huapi hasta Puerto Blest y Lago Fr\u00edas. Una excursi\u00f3n inolvidable rodeada de monta\u00f1as y naturaleza.\" \/>\n<meta property=\"og:url\" content=\"https:\/\/navegacion.ar\/en\/product\/puerto-blest-los-cantaros-waterfall-frias-lake\/\" \/>\n<meta property=\"og:site_name\" content=\"Navegaci\u00f3n AR\" \/>\n<meta property=\"article:modified_time\" content=\"2026-01-28T13:30:38+00:00\" \/>\n<meta property=\"og:image\" content=\"https:\/\/navegacion.ar\/wp-content\/uploads\/sites\/3\/2025\/03\/PuertoblestyCascadadelosCntaros_image6_1140_1601653186.jpg\" \/>\n\t<meta property=\"og:image:width\" content=\"1140\" \/>\n\t<meta property=\"og:image:height\" content=\"855\" \/>\n\t<meta property=\"og:image:type\" content=\"image\/jpeg\" \/>\n<meta name=\"twitter:card\" content=\"summary_large_image\" \/>\n<meta name=\"twitter:label1\" content=\"Price\" \/>\n\t<meta name=\"twitter:data1\" content=\"&#036;259,200.00\" \/>\n\t<meta name=\"twitter:label2\" content=\"Availability\" \/>\n\t<meta name=\"twitter:data2\" content=\"In stock\" \/>\n<script type=\"application\/ld+json\" class=\"yoast-schema-graph\">{\"@context\":\"https:\/\/schema.org\",\"@graph\":[{\"@type\":\"WebPage\",\"@id\":\"https:\/\/navegacion.ar\/producto\/puerto-blest-cascada-los-cantaros-lago-frias\/\",\"url\":\"https:\/\/navegacion.ar\/producto\/puerto-blest-cascada-los-cantaros-lago-frias\/\",\"name\":\"Excursi\u00f3n a Puerto Blest y Lago Fr\u00edas con traslado - Navegaci\u00f3n AR\",\"isPartOf\":{\"@id\":\"https:\/\/navegacion.ar\/#website\"},\"primaryImageOfPage\":{\"@id\":\"https:\/\/navegacion.ar\/producto\/puerto-blest-cascada-los-cantaros-lago-frias\/#primaryimage\"},\"image\":{\"@id\":\"https:\/\/navegacion.ar\/producto\/puerto-blest-cascada-los-cantaros-lago-frias\/#primaryimage\"},\"thumbnailUrl\":\"https:\/\/navegacion.ar\/wp-content\/uploads\/sites\/3\/2025\/03\/PuertoblestyCascadadelosCntaros_image6_1140_1601653186.jpg\",\"datePublished\":\"2025-06-13T15:50:46+00:00\",\"dateModified\":\"2026-01-28T13:30:38+00:00\",\"description\":\"Naveg\u00e1 por el Nahuel Huapi hasta Puerto Blest y Lago Fr\u00edas. Una excursi\u00f3n inolvidable rodeada de monta\u00f1as y naturaleza.\",\"breadcrumb\":{\"@id\":\"https:\/\/navegacion.ar\/producto\/puerto-blest-cascada-los-cantaros-lago-frias\/#breadcrumb\"},\"inLanguage\":\"en-US\",\"potentialAction\":[{\"@type\":\"ReadAction\",\"target\":[\"https:\/\/navegacion.ar\/producto\/puerto-blest-cascada-los-cantaros-lago-frias\/\"]}]},{\"@type\":\"ImageObject\",\"inLanguage\":\"en-US\",\"@id\":\"https:\/\/navegacion.ar\/producto\/puerto-blest-cascada-los-cantaros-lago-frias\/#primaryimage\",\"url\":\"https:\/\/navegacion.ar\/wp-content\/uploads\/sites\/3\/2025\/03\/PuertoblestyCascadadelosCntaros_image6_1140_1601653186.jpg\",\"contentUrl\":\"https:\/\/navegacion.ar\/wp-content\/uploads\/sites\/3\/2025\/03\/PuertoblestyCascadadelosCntaros_image6_1140_1601653186.jpg\",\"width\":1140,\"height\":855},{\"@type\":\"BreadcrumbList\",\"@id\":\"https:\/\/navegacion.ar\/producto\/puerto-blest-cascada-los-cantaros-lago-frias\/#breadcrumb\",\"itemListElement\":[{\"@type\":\"ListItem\",\"position\":1,\"name\":\"Inicio\",\"item\":\"https:\/\/navegacion.ar\/\"},{\"@type\":\"ListItem\",\"position\":2,\"name\":\"Tienda\",\"item\":\"https:\/\/navegacion.ar\/tienda\/\"},{\"@type\":\"ListItem\",\"position\":3,\"name\":\"Excursi\u00f3n a Puerto Blest y Lago Fr\u00edas con traslado\"}]},{\"@type\":\"WebSite\",\"@id\":\"https:\/\/navegacion.ar\/#website\",\"url\":\"https:\/\/navegacion.ar\/\",\"name\":\"Navegaci\u00f3n AR\",\"description\":\"\",\"potentialAction\":[{\"@type\":\"SearchAction\",\"target\":{\"@type\":\"EntryPoint\",\"urlTemplate\":\"https:\/\/navegacion.ar\/?s={search_term_string}\"},\"query-input\":{\"@type\":\"PropertyValueSpecification\",\"valueRequired\":true,\"valueName\":\"search_term_string\"}}],\"inLanguage\":\"en-US\"}]}<\/script>\n<meta property=\"product:price:amount\" content=\"259200.00\" \/>\n<meta property=\"product:price:currency\" content=\"ARS\" \/>\n<meta property=\"og:availability\" content=\"instock\" \/>\n<meta property=\"product:availability\" content=\"instock\" \/>\n<meta property=\"product:retailer_item_id\" content=\"ADV2025PUBLYC9CR1\" \/>\n<meta property=\"product:condition\" content=\"new\" \/>\n<!-- \/ Yoast SEO Premium plugin. -->","yoast_head_json":{"title":"Excursion to Puerto Blest and Frias Lake with transfer - Navigation AR","description":"Navigate the Nahuel Huapi to Puerto Blest and Lago Frias. An unforgettable excursion surrounded by mountains and nature.","robots":{"index":"index","follow":"follow","max-snippet":"max-snippet:-1","max-image-preview":"max-image-preview:large","max-video-preview":"max-video-preview:-1"},"canonical":"https:\/\/navegacion.ar\/en\/product\/puerto-blest-los-cantaros-waterfall-frias-lake\/","og_locale":"en_US","og_type":"article","og_title":"Excursi\u00f3n a Puerto Blest y Lago Fr\u00edas con traslado","og_description":"Naveg\u00e1 por el Nahuel Huapi hasta Puerto Blest y Lago Fr\u00edas. Una excursi\u00f3n inolvidable rodeada de monta\u00f1as y naturaleza.","og_url":"https:\/\/navegacion.ar\/en\/product\/puerto-blest-los-cantaros-waterfall-frias-lake\/","og_site_name":"Navegaci\u00f3n AR","article_modified_time":"2026-01-28T13:30:38+00:00","og_image":[{"width":1140,"height":855,"url":"https:\/\/navegacion.ar\/wp-content\/uploads\/sites\/3\/2025\/03\/PuertoblestyCascadadelosCntaros_image6_1140_1601653186.jpg","type":"image\/jpeg"}],"twitter_card":"summary_large_image","twitter_misc":{"Price":"&#36;259,200.00","Availability":"In stock"},"schema":{"@context":"https:\/\/schema.org","@graph":[{"@type":"WebPage","@id":"https:\/\/navegacion.ar\/producto\/puerto-blest-cascada-los-cantaros-lago-frias\/","url":"https:\/\/navegacion.ar\/producto\/puerto-blest-cascada-los-cantaros-lago-frias\/","name":"Excursion to Puerto Blest and Frias Lake with transfer - Navigation AR","isPartOf":{"@id":"https:\/\/navegacion.ar\/#website"},"primaryImageOfPage":{"@id":"https:\/\/navegacion.ar\/producto\/puerto-blest-cascada-los-cantaros-lago-frias\/#primaryimage"},"image":{"@id":"https:\/\/navegacion.ar\/producto\/puerto-blest-cascada-los-cantaros-lago-frias\/#primaryimage"},"thumbnailUrl":"https:\/\/navegacion.ar\/wp-content\/uploads\/sites\/3\/2025\/03\/PuertoblestyCascadadelosCntaros_image6_1140_1601653186.jpg","datePublished":"2025-06-13T15:50:46+00:00","dateModified":"2026-01-28T13:30:38+00:00","description":"Navigate the Nahuel Huapi to Puerto Blest and Lago Frias. An unforgettable excursion surrounded by mountains and nature.","breadcrumb":{"@id":"https:\/\/navegacion.ar\/producto\/puerto-blest-cascada-los-cantaros-lago-frias\/#breadcrumb"},"inLanguage":"en-US","potentialAction":[{"@type":"ReadAction","target":["https:\/\/navegacion.ar\/producto\/puerto-blest-cascada-los-cantaros-lago-frias\/"]}]},{"@type":"ImageObject","inLanguage":"en-US","@id":"https:\/\/navegacion.ar\/producto\/puerto-blest-cascada-los-cantaros-lago-frias\/#primaryimage","url":"https:\/\/navegacion.ar\/wp-content\/uploads\/sites\/3\/2025\/03\/PuertoblestyCascadadelosCntaros_image6_1140_1601653186.jpg","contentUrl":"https:\/\/navegacion.ar\/wp-content\/uploads\/sites\/3\/2025\/03\/PuertoblestyCascadadelosCntaros_image6_1140_1601653186.jpg","width":1140,"height":855},{"@type":"BreadcrumbList","@id":"https:\/\/navegacion.ar\/producto\/puerto-blest-cascada-los-cantaros-lago-frias\/#breadcrumb","itemListElement":[{"@type":"ListItem","position":1,"name":"Inicio","item":"https:\/\/navegacion.ar\/"},{"@type":"ListItem","position":2,"name":"Tienda","item":"https:\/\/navegacion.ar\/tienda\/"},{"@type":"ListItem","position":3,"name":"Excursi\u00f3n a Puerto Blest y Lago Fr\u00edas con traslado"}]},{"@type":"WebSite","@id":"https:\/\/navegacion.ar\/#website","url":"https:\/\/navegacion.ar\/","name":"AR Navigation","description":"","potentialAction":[{"@type":"SearchAction","target":{"@type":"EntryPoint","urlTemplate":"https:\/\/navegacion.ar\/?s={search_term_string}"},"query-input":{"@type":"PropertyValueSpecification","valueRequired":true,"valueName":"search_term_string"}}],"inLanguage":"en-US"}]},"product_price_amount":"259200.00","product_price_currency":"ARS","og_availability":"instock","product_availability":"instock","product_retailer_item_id":"ADV2025PUBLYC9CR1","product_condition":"new"},"_links":{"self":[{"href":"https:\/\/navegacion.ar\/en\/wp-json\/wp\/v2\/product\/377855","targetHints":{"allow":["GET"]}}],"collection":[{"href":"https:\/\/navegacion.ar\/en\/wp-json\/wp\/v2\/product"}],"about":[{"href":"https:\/\/navegacion.ar\/en\/wp-json\/wp\/v2\/types\/product"}],"replies":[{"embeddable":true,"href":"https:\/\/navegacion.ar\/en\/wp-json\/wp\/v2\/comments?post=377855"}],"wp:featuredmedia":[{"embeddable":true,"href":"https:\/\/navegacion.ar\/en\/wp-json\/wp\/v2\/media\/377142"}],"wp:attachment":[{"href":"https:\/\/navegacion.ar\/en\/wp-json\/wp\/v2\/media?parent=377855"}],"wp:term":[{"taxonomy":"product_brand","embeddable":true,"href":"https:\/\/navegacion.ar\/en\/wp-json\/wp\/v2\/product_brand?post=377855"},{"taxonomy":"product_cat","embeddable":true,"href":"https:\/\/navegacion.ar\/en\/wp-json\/wp\/v2\/product_cat?post=377855"},{"taxonomy":"product_tag","embeddable":true,"href":"https:\/\/navegacion.ar\/en\/wp-json\/wp\/v2\/product_tag?post=377855"}],"curies":[{"name":"wp","href":"https:\/\/api.w.org\/{rel}","templated":true}]}}