{"id":377856,"date":"2025-06-13T12:51:06","date_gmt":"2025-06-13T15:51:06","guid":{"rendered":"https:\/\/navegacion.ar\/producto\/navegacion-por-nahuel-huapi-isla-victoria-y-bosque-de-arrayanes-sin-traslado\/"},"modified":"2026-01-28T10:30:17","modified_gmt":"2026-01-28T13:30:17","slug":"isla-victoria-y-bosque-de-arrayanes-sin-traslado","status":"publish","type":"product","link":"https:\/\/navegacion.ar\/en\/product\/victoria-island-and-arrayanes-forest-without-relocation\/","title":{"rendered":"Nahuel Huapi Navigation: Victoria Island and Arrayanes Forest without transfer"},"content":{"rendered":"<h3 class=\"ai-optimize-6\" data-start=\"304\" data-end=\"381\">Experience the best of Patagonia, with the guarantee of Bariloche Excursions.<\/h3>\n<p class=\"ai-optimize-7 ai-optimize-introduction\" data-start=\"383\" data-end=\"761\">We encourage you to sail the Nahuel Huapi Lake and connect with two unforgettable postcards of southern Argentina: the majestic Victoria Island and the enchanting Arrayanes Forest. This alternative is perfect if you are already in Bariloche and prefer to go directly to Puerto Pa\u00f1uelo, to enjoy the day at your own pace and with the warmth of our expert local team.<\/p>\n<h3 class=\"ai-optimize-8\" data-start=\"763\" data-end=\"808\">Itinerary and must-see places<\/h3>\n<p class=\"ai-optimize-9\" data-start=\"810\" data-end=\"1136\">The tour starts at <strong data-start=\"832\" data-end=\"850\">Puerto Pa\u00f1uelo<\/strong>, located at km 25 of Bustillo Avenue. You board a glass catamaran and start exploring Nahuel Huapi Lake. The first destination is the <strong data-start=\"1006\" data-end=\"1032\">Quetrihu\u00e9 Peninsula<\/strong>, where well-maintained trails and the only myrtle forest on the planet await you.<\/p>\n<p class=\"ai-optimize-10\" data-start=\"1138\" data-end=\"1365\">Then you continue to <strong data-start=\"1166\" data-end=\"1183\">Victoria Island<\/strong>, a natural refuge with trails that go all the way up to the <strong data-start=\"1246\" data-end=\"1264\">El Toro Beach<\/strong>, A special little place with volcanic sand and traces of ancient cultures, such as authentic cave paintings.<\/p>\n<h3 class=\"ai-optimize-11\" data-start=\"1367\" data-end=\"1387\">Important data<\/h3>\n<ul data-start=\"1389\" data-end=\"1663\">\n<li class=\"ai-optimize-12\" data-start=\"1389\" data-end=\"1435\">\n<p class=\"ai-optimize-13\" data-start=\"1391\" data-end=\"1435\"><strong data-start=\"1391\" data-end=\"1412\">Approximate duration<\/strong>from 13:00 to 18:30 hs.<\/p>\n<\/li>\n<li class=\"ai-optimize-14\" data-start=\"1436\" data-end=\"1521\">\n<p class=\"ai-optimize-15\" data-start=\"1438\" data-end=\"1521\"><strong data-start=\"1438\" data-end=\"1449\">Includes<\/strong>Catamaran ride and a professional guide during the whole trip.<\/p>\n<\/li>\n<li class=\"ai-optimize-16\" data-start=\"1522\" data-end=\"1663\">\n<p class=\"ai-optimize-17\" data-start=\"1524\" data-end=\"1663\"><strong data-start=\"1524\" data-end=\"1538\">Does not include<\/strong>Transfer to Puerto Pa\u00f1uelo, port taxes and access to the National Park, meals (there are alternatives on the boat and on the island).<\/p>\n<\/li>\n<\/ul>\n<h3 class=\"ai-optimize-18\" data-start=\"1665\" data-end=\"1694\">Get there easy on your own<\/h3>\n<p class=\"ai-optimize-19\" data-start=\"1696\" data-end=\"1943\">Puerto Pa\u00f1uelo is only 30 minutes from downtown Bariloche, on km 25 of Bustillo Avenue. You have the option of going by private car, remis or local bus. When you make your reservation, we will tell you how to do it in a simple and straightforward way.<\/p>\n<h3 class=\"ai-optimize-20\" data-start=\"1950\" data-end=\"1974\">Common inquiries<\/h3>\n<p class=\"ai-optimize-21\" data-start=\"1976\" data-end=\"2212\"><strong data-start=\"1976\" data-end=\"2028\">Where do I pay the Park and boarding fees?<\/strong><br data-start=\"2028\" data-end=\"2031\" \/>You pay in cash the same day you arrive at Puerto Pa\u00f1uelo. Bariloche residents, disabled people, children under 6 years old and national retirees are exempt.<\/p>\n<p class=\"ai-optimize-22\" data-start=\"2214\" data-end=\"2368\"><strong data-start=\"2214\" data-end=\"2260\">Do foreign tourists have discounts?<\/strong><br data-start=\"2260\" data-end=\"2263\" \/>No. The benefits in rates apply only to persons residing in Argentina with the proper accreditation.<\/p>\n<p class=\"ai-optimize-23\" data-start=\"2370\" data-end=\"2524\"><strong data-start=\"2370\" data-end=\"2402\">Which boat is used for sailing?<\/strong><br data-start=\"2402\" data-end=\"2405\" \/>Most of the year you get the iconic <strong data-start=\"2457\" data-end=\"2477\">Modesta Victoria<\/strong>, although it could vary according to availability and demand.<\/p>\n<p class=\"ai-optimize-24\" data-start=\"2526\" data-end=\"2689\"><strong data-start=\"2526\" data-end=\"2587\">Can I bring food or buy something there?<\/strong><br data-start=\"2587\" data-end=\"2590\" \/>No drama: bring your own lunch or buy food and drinks on the catamaran or in Victoria Island whenever you wish.<\/p>","protected":false},"excerpt":{"rendered":"<p class=\"ai-optimize-6\">I lived an unforgettable experience touring the impressive <strong>Victoria Island<\/strong> and the iconic <strong>Arrayanes Forest<\/strong>, located in the heart of the Argentine Patagonia. Enjoy the imposing <strong>Nahuel Huapi Lake<\/strong> sailing its crystalline waters, walking trails surrounded by native vegetation and discovering traces of ancient cultures. Take advantage of this exclusive proposal in a natural environment of incomparable beauty.<\/p>","protected":false},"featured_media":377133,"comment_status":"open","ping_status":"closed","template":"","meta":[],"product_brand":[],"product_cat":[25,30,33,34,36,41,43,46],"product_tag":[],"class_list":{"0":"post-377856","1":"product","2":"type-product","3":"status-publish","4":"has-post-thumbnail","6":"product_cat-adultos","7":"product_cat-familia","8":"product_cat-jubilados","9":"product_cat-lacustre","10":"product_cat-ninos","11":"product_cat-sin-comida","12":"product_cat-temporada","13":"product_cat-todo-el-ano","15":"first","16":"instock","17":"virtual","18":"sold-individually","19":"purchasable","20":"product-type-booking"},"booking_location":"","booking_location_type":"","booking_duration":60,"booking_duration_unit":"minute","booking_buffer":0,"booking_cost":0,"booking_resources":[],"exclude_global_add_ons":[],"addons":[],"yoast_head":"<!-- This site is optimized with the Yoast SEO Premium plugin v25.2 (Yoast SEO v25.2) - https:\/\/yoast.com\/wordpress\/plugins\/seo\/ -->\n<title>Navegaci\u00f3n Nahuel Huapi: Isla Victoria y Bosque de Arrayanes - Navegaci\u00f3n AR<\/title>\n<meta name=\"description\" content=\"Naveg\u00e1 por el Nahuel Huapi y descubr\u00ed Isla Victoria y el Bosque de Arrayanes. Naturaleza, historia y paisajes \u00fanicos en una excursi\u00f3n desde Bariloche.\" \/>\n<meta name=\"robots\" content=\"index, follow, max-snippet:-1, max-image-preview:large, max-video-preview:-1\" \/>\n<link rel=\"canonical\" href=\"https:\/\/navegacion.ar\/en\/product\/victoria-island-and-arrayanes-forest-without-relocation\/\" \/>\n<meta property=\"og:locale\" content=\"en_US\" \/>\n<meta property=\"og:type\" content=\"article\" \/>\n<meta property=\"og:title\" content=\"Navegaci\u00f3n por Nahuel Huapi: Isla Victoria y Bosque de Arrayanes sin traslado\" \/>\n<meta property=\"og:description\" content=\"Naveg\u00e1 por el Nahuel Huapi y descubr\u00ed Isla Victoria y el Bosque de Arrayanes. Naturaleza, historia y paisajes \u00fanicos en una excursi\u00f3n desde Bariloche.\" \/>\n<meta property=\"og:url\" content=\"https:\/\/navegacion.ar\/en\/product\/victoria-island-and-arrayanes-forest-without-relocation\/\" \/>\n<meta property=\"og:site_name\" content=\"Navegaci\u00f3n AR\" \/>\n<meta property=\"article:modified_time\" content=\"2026-01-28T13:30:17+00:00\" \/>\n<meta property=\"og:image\" content=\"https:\/\/navegacion.ar\/wp-content\/uploads\/sites\/3\/2025\/03\/IslaVictoriayBosquedeArrayanes_image5_1140_1601416940.jpg\" \/>\n\t<meta property=\"og:image:width\" content=\"1140\" \/>\n\t<meta property=\"og:image:height\" content=\"855\" \/>\n\t<meta property=\"og:image:type\" content=\"image\/jpeg\" \/>\n<meta name=\"twitter:card\" content=\"summary_large_image\" \/>\n<meta name=\"twitter:label1\" content=\"Price\" \/>\n\t<meta name=\"twitter:data1\" content=\"&#036;168,000.00\" \/>\n\t<meta name=\"twitter:label2\" content=\"Availability\" \/>\n\t<meta name=\"twitter:data2\" content=\"In stock\" \/>\n<script type=\"application\/ld+json\" class=\"yoast-schema-graph\">{\"@context\":\"https:\/\/schema.org\",\"@graph\":[{\"@type\":\"WebPage\",\"@id\":\"https:\/\/navegacion.ar\/producto\/isla-victoria-y-bosque-de-arrayanes-sin-traslado\/\",\"url\":\"https:\/\/navegacion.ar\/producto\/isla-victoria-y-bosque-de-arrayanes-sin-traslado\/\",\"name\":\"Navegaci\u00f3n Nahuel Huapi: Isla Victoria y Bosque de Arrayanes - Navegaci\u00f3n AR\",\"isPartOf\":{\"@id\":\"https:\/\/navegacion.ar\/#website\"},\"primaryImageOfPage\":{\"@id\":\"https:\/\/navegacion.ar\/producto\/isla-victoria-y-bosque-de-arrayanes-sin-traslado\/#primaryimage\"},\"image\":{\"@id\":\"https:\/\/navegacion.ar\/producto\/isla-victoria-y-bosque-de-arrayanes-sin-traslado\/#primaryimage\"},\"thumbnailUrl\":\"https:\/\/navegacion.ar\/wp-content\/uploads\/sites\/3\/2025\/03\/IslaVictoriayBosquedeArrayanes_image5_1140_1601416940.jpg\",\"datePublished\":\"2025-06-13T15:51:06+00:00\",\"dateModified\":\"2026-01-28T13:30:17+00:00\",\"description\":\"Naveg\u00e1 por el Nahuel Huapi y descubr\u00ed Isla Victoria y el Bosque de Arrayanes. Naturaleza, historia y paisajes \u00fanicos en una excursi\u00f3n desde Bariloche.\",\"breadcrumb\":{\"@id\":\"https:\/\/navegacion.ar\/producto\/isla-victoria-y-bosque-de-arrayanes-sin-traslado\/#breadcrumb\"},\"inLanguage\":\"en-US\",\"potentialAction\":[{\"@type\":\"ReadAction\",\"target\":[\"https:\/\/navegacion.ar\/producto\/isla-victoria-y-bosque-de-arrayanes-sin-traslado\/\"]}]},{\"@type\":\"ImageObject\",\"inLanguage\":\"en-US\",\"@id\":\"https:\/\/navegacion.ar\/producto\/isla-victoria-y-bosque-de-arrayanes-sin-traslado\/#primaryimage\",\"url\":\"https:\/\/navegacion.ar\/wp-content\/uploads\/sites\/3\/2025\/03\/IslaVictoriayBosquedeArrayanes_image5_1140_1601416940.jpg\",\"contentUrl\":\"https:\/\/navegacion.ar\/wp-content\/uploads\/sites\/3\/2025\/03\/IslaVictoriayBosquedeArrayanes_image5_1140_1601416940.jpg\",\"width\":1140,\"height\":855},{\"@type\":\"BreadcrumbList\",\"@id\":\"https:\/\/navegacion.ar\/producto\/isla-victoria-y-bosque-de-arrayanes-sin-traslado\/#breadcrumb\",\"itemListElement\":[{\"@type\":\"ListItem\",\"position\":1,\"name\":\"Inicio\",\"item\":\"https:\/\/navegacion.ar\/\"},{\"@type\":\"ListItem\",\"position\":2,\"name\":\"Tienda\",\"item\":\"https:\/\/navegacion.ar\/tienda\/\"},{\"@type\":\"ListItem\",\"position\":3,\"name\":\"Navegaci\u00f3n por Nahuel Huapi: Isla Victoria y Bosque de Arrayanes sin traslado\"}]},{\"@type\":\"WebSite\",\"@id\":\"https:\/\/navegacion.ar\/#website\",\"url\":\"https:\/\/navegacion.ar\/\",\"name\":\"Navegaci\u00f3n AR\",\"description\":\"\",\"potentialAction\":[{\"@type\":\"SearchAction\",\"target\":{\"@type\":\"EntryPoint\",\"urlTemplate\":\"https:\/\/navegacion.ar\/?s={search_term_string}\"},\"query-input\":{\"@type\":\"PropertyValueSpecification\",\"valueRequired\":true,\"valueName\":\"search_term_string\"}}],\"inLanguage\":\"en-US\"}]}<\/script>\n<meta property=\"product:price:amount\" content=\"168000.00\" \/>\n<meta property=\"product:price:currency\" content=\"ARS\" \/>\n<meta property=\"og:availability\" content=\"instock\" \/>\n<meta property=\"product:availability\" content=\"instock\" \/>\n<meta property=\"product:retailer_item_id\" content=\"ADV2025ISVIYB4A10\" \/>\n<meta property=\"product:condition\" content=\"new\" \/>\n<!-- \/ Yoast SEO Premium plugin. -->","yoast_head_json":{"title":"Nahuel Huapi Navigation: Victoria Island and Arrayanes Forest - Navigation AR","description":"Navigate the Nahuel Huapi and discover Victoria Island and the Arrayanes Forest. Nature, history and unique landscapes in an excursion from Bariloche.","robots":{"index":"index","follow":"follow","max-snippet":"max-snippet:-1","max-image-preview":"max-image-preview:large","max-video-preview":"max-video-preview:-1"},"canonical":"https:\/\/navegacion.ar\/en\/product\/victoria-island-and-arrayanes-forest-without-relocation\/","og_locale":"en_US","og_type":"article","og_title":"Navegaci\u00f3n por Nahuel Huapi: Isla Victoria y Bosque de Arrayanes sin traslado","og_description":"Naveg\u00e1 por el Nahuel Huapi y descubr\u00ed Isla Victoria y el Bosque de Arrayanes. Naturaleza, historia y paisajes \u00fanicos en una excursi\u00f3n desde Bariloche.","og_url":"https:\/\/navegacion.ar\/en\/product\/victoria-island-and-arrayanes-forest-without-relocation\/","og_site_name":"Navegaci\u00f3n AR","article_modified_time":"2026-01-28T13:30:17+00:00","og_image":[{"width":1140,"height":855,"url":"https:\/\/navegacion.ar\/wp-content\/uploads\/sites\/3\/2025\/03\/IslaVictoriayBosquedeArrayanes_image5_1140_1601416940.jpg","type":"image\/jpeg"}],"twitter_card":"summary_large_image","twitter_misc":{"Price":"&#36;168,000.00","Availability":"In stock"},"schema":{"@context":"https:\/\/schema.org","@graph":[{"@type":"WebPage","@id":"https:\/\/navegacion.ar\/producto\/isla-victoria-y-bosque-de-arrayanes-sin-traslado\/","url":"https:\/\/navegacion.ar\/producto\/isla-victoria-y-bosque-de-arrayanes-sin-traslado\/","name":"Nahuel Huapi Navigation: Victoria Island and Arrayanes Forest - Navigation AR","isPartOf":{"@id":"https:\/\/navegacion.ar\/#website"},"primaryImageOfPage":{"@id":"https:\/\/navegacion.ar\/producto\/isla-victoria-y-bosque-de-arrayanes-sin-traslado\/#primaryimage"},"image":{"@id":"https:\/\/navegacion.ar\/producto\/isla-victoria-y-bosque-de-arrayanes-sin-traslado\/#primaryimage"},"thumbnailUrl":"https:\/\/navegacion.ar\/wp-content\/uploads\/sites\/3\/2025\/03\/IslaVictoriayBosquedeArrayanes_image5_1140_1601416940.jpg","datePublished":"2025-06-13T15:51:06+00:00","dateModified":"2026-01-28T13:30:17+00:00","description":"Navigate the Nahuel Huapi and discover Victoria Island and the Arrayanes Forest. Nature, history and unique landscapes in an excursion from Bariloche.","breadcrumb":{"@id":"https:\/\/navegacion.ar\/producto\/isla-victoria-y-bosque-de-arrayanes-sin-traslado\/#breadcrumb"},"inLanguage":"en-US","potentialAction":[{"@type":"ReadAction","target":["https:\/\/navegacion.ar\/producto\/isla-victoria-y-bosque-de-arrayanes-sin-traslado\/"]}]},{"@type":"ImageObject","inLanguage":"en-US","@id":"https:\/\/navegacion.ar\/producto\/isla-victoria-y-bosque-de-arrayanes-sin-traslado\/#primaryimage","url":"https:\/\/navegacion.ar\/wp-content\/uploads\/sites\/3\/2025\/03\/IslaVictoriayBosquedeArrayanes_image5_1140_1601416940.jpg","contentUrl":"https:\/\/navegacion.ar\/wp-content\/uploads\/sites\/3\/2025\/03\/IslaVictoriayBosquedeArrayanes_image5_1140_1601416940.jpg","width":1140,"height":855},{"@type":"BreadcrumbList","@id":"https:\/\/navegacion.ar\/producto\/isla-victoria-y-bosque-de-arrayanes-sin-traslado\/#breadcrumb","itemListElement":[{"@type":"ListItem","position":1,"name":"Inicio","item":"https:\/\/navegacion.ar\/"},{"@type":"ListItem","position":2,"name":"Tienda","item":"https:\/\/navegacion.ar\/tienda\/"},{"@type":"ListItem","position":3,"name":"Navegaci\u00f3n por Nahuel Huapi: Isla Victoria y Bosque de Arrayanes sin traslado"}]},{"@type":"WebSite","@id":"https:\/\/navegacion.ar\/#website","url":"https:\/\/navegacion.ar\/","name":"AR Navigation","description":"","potentialAction":[{"@type":"SearchAction","target":{"@type":"EntryPoint","urlTemplate":"https:\/\/navegacion.ar\/?s={search_term_string}"},"query-input":{"@type":"PropertyValueSpecification","valueRequired":true,"valueName":"search_term_string"}}],"inLanguage":"en-US"}]},"product_price_amount":"168000.00","product_price_currency":"ARS","og_availability":"instock","product_availability":"instock","product_retailer_item_id":"ADV2025ISVIYB4A10","product_condition":"new"},"_links":{"self":[{"href":"https:\/\/navegacion.ar\/en\/wp-json\/wp\/v2\/product\/377856","targetHints":{"allow":["GET"]}}],"collection":[{"href":"https:\/\/navegacion.ar\/en\/wp-json\/wp\/v2\/product"}],"about":[{"href":"https:\/\/navegacion.ar\/en\/wp-json\/wp\/v2\/types\/product"}],"replies":[{"embeddable":true,"href":"https:\/\/navegacion.ar\/en\/wp-json\/wp\/v2\/comments?post=377856"}],"wp:featuredmedia":[{"embeddable":true,"href":"https:\/\/navegacion.ar\/en\/wp-json\/wp\/v2\/media\/377133"}],"wp:attachment":[{"href":"https:\/\/navegacion.ar\/en\/wp-json\/wp\/v2\/media?parent=377856"}],"wp:term":[{"taxonomy":"product_brand","embeddable":true,"href":"https:\/\/navegacion.ar\/en\/wp-json\/wp\/v2\/product_brand?post=377856"},{"taxonomy":"product_cat","embeddable":true,"href":"https:\/\/navegacion.ar\/en\/wp-json\/wp\/v2\/product_cat?post=377856"},{"taxonomy":"product_tag","embeddable":true,"href":"https:\/\/navegacion.ar\/en\/wp-json\/wp\/v2\/product_tag?post=377856"}],"curies":[{"name":"wp","href":"https:\/\/api.w.org\/{rel}","templated":true}]}}