{"id":377858,"date":"2025-06-13T12:51:55","date_gmt":"2025-06-13T15:51:55","guid":{"rendered":"https:\/\/navegacion.ar\/producto\/puerto-blest-y-cascada-los-cantaros-lago-frias-sin-traslado\/"},"modified":"2026-01-28T10:27:50","modified_gmt":"2026-01-28T13:27:50","slug":"puerto-blest-cascada-cantaros-lago-frias-sin-traslado","status":"publish","type":"product","link":"https:\/\/navegacion.ar\/en\/product\/puerto-blest-waterfall-cantaros-lake-frias-without-transfer\/","title":{"rendered":"Puerto Blest and \u201cLos Cantaros\u201d Waterfall + Frias Lake without Transfer"},"content":{"rendered":"<h2 class=\"ai-optimize-6\">Let yourself be enveloped by the calm of Puerto Blest and the Cascada de los C\u00e1ntaros.<\/h2>\n<p class=\"ai-optimize-7 ai-optimize-introduction\">I left from <strong>Puerto Pa\u00f1uelo<\/strong>, located only 25 km from <strong>San Carlos de Bariloche<\/strong>, and enjoy a unique ride through the waters of the <strong>Nahuel Huapi Lake<\/strong>. On the way you will contemplate the <strong>Sentinel Islet<\/strong>, where the mythical <strong>Perito Moreno<\/strong>, and you will follow incredible catwalks to the impressive <strong>Los C\u00e1ntaros Waterfall<\/strong>, surrounded by spectacular granite walls.<\/p>\n<h3 class=\"ai-optimize-8\">An Intimate Encounter with the Environment<\/h3>\n<p class=\"ai-optimize-9\">As you move forward, you will enjoy magnificent panoramic views of the <strong>Andes mountain range<\/strong> and the islands that make this region special. At <strong>Puerto Blest<\/strong>, immersed in the peace of the <strong>Bay<\/strong> and be amazed by the emerald reflections of the <strong>Lake Frias<\/strong>, stained by the glacial erosion of the <strong>Cerro Tronador<\/strong>.<\/p>\n<h3 class=\"ai-optimize-10\">Adventure Moments<\/h3>\n<ul>\n<li class=\"ai-optimize-11\"><strong>Accompanied walks<\/strong> the Valdivian rainforest, which shelters a remarkable variety of life.<\/li>\n<li class=\"ai-optimize-12\"><strong>Trails<\/strong> for all levels, ideal for discovering the place at your own pace.<\/li>\n<\/ul>\n<h2 class=\"ai-optimize-13\">Navigation Options and Services<\/h2>\n<p class=\"ai-optimize-14\">The experience culminates with a return to <strong>Puerto Pa\u00f1uelo<\/strong> surfing the <strong>Blest Arm<\/strong>, with the <strong>Cerro Tronador<\/strong> giving a dreamed sunset. If you choose to visit the <strong>Lake Frias<\/strong>, add a short bus transfer of 3 km to <strong>Puerto Alegre<\/strong>, From there, you will embark on a state-of-the-art motorboat to discover this spectacular spot.<\/p>\n<h3 class=\"ai-optimize-15\">Practical Information<\/h3>\n<ul>\n<li class=\"ai-optimize-16\"><strong>Schedule:<\/strong> 9:00 a.m. to 5:00 p.m. approximately.<\/li>\n<li class=\"ai-optimize-17\"><strong>Includes:<\/strong> Guided navigation, forest tours, navigation in Frias Lake.<\/li>\n<li class=\"ai-optimize-18\"><strong>Does not include:<\/strong> Transfer to <strong>Puerto Pa\u00f1uelo<\/strong>, There are places to buy meals (there are places to buy them) and access fees to National Parks.<\/li>\n<\/ul>\n<h2 class=\"ai-optimize-19\">Frequently Asked Questions<\/h2>\n<ul>\n<li class=\"ai-optimize-20\"><strong>Where do I pay the National Park entrance and port fees?<\/strong><br \/>\nThese payments are made in <strong>Puerto Pa\u00f1uelo<\/strong> in cash and in Argentine pesos on the same day. Residents of <strong>San Carlos de Bariloche<\/strong>, people with disabilities, children under five years of age and retirees.<\/li>\n<li class=\"ai-optimize-21\"><strong>Does the benefit for retirees apply only to Argentines?<\/strong><br \/>\nExactly, the discount is for Argentinean retirees, showing the corresponding ID card when boarding.<\/li>\n<li class=\"ai-optimize-22\"><strong>How demanding are the walks?<\/strong><br \/>\nThe walks in <strong>Puerto Blest<\/strong> have different requirements. The ascent to the <strong>Los C\u00e1ntaros Waterfall<\/strong> has about 700 steps, viewpoints and rest areas.<\/li>\n<\/ul>","protected":false},"excerpt":{"rendered":"<h2 class=\"ai-optimize-6\">Tour of Puerto Blest and \u00abLos C\u00e1ntaros\u00bb waterfall.\u00bb<\/h2>\n<p class=\"ai-optimize-7 ai-optimize-introduction\">Embark from <strong>Puerto Pa\u00f1uelo<\/strong> in a unique experience on the road to the <strong>Los C\u00e1ntaros Waterfall<\/strong>, crossing the calm waters of the <strong>Nahuel Huapi Lake<\/strong>. Long live the magic of the <strong>Lake Frias<\/strong> and walk the paths of the <strong>valdivian forest<\/strong>, surrounded by the impressive <strong>Andes mountain range<\/strong>.<\/p>","protected":false},"featured_media":377138,"comment_status":"open","ping_status":"closed","template":"","meta":[],"product_brand":[],"product_cat":[25,30,33,34,36,41,42,43,46],"product_tag":[],"class_list":{"0":"post-377858","1":"product","2":"type-product","3":"status-publish","4":"has-post-thumbnail","6":"product_cat-adultos","7":"product_cat-familia","8":"product_cat-jubilados","9":"product_cat-lacustre","10":"product_cat-ninos","11":"product_cat-sin-comida","12":"product_cat-sin-traslado","13":"product_cat-temporada","14":"product_cat-todo-el-ano","16":"first","17":"instock","18":"virtual","19":"sold-individually","20":"purchasable","21":"product-type-booking"},"booking_location":"","booking_location_type":"","booking_duration":60,"booking_duration_unit":"minute","booking_buffer":0,"booking_cost":0,"booking_resources":[],"exclude_global_add_ons":[],"addons":[],"yoast_head":"<!-- This site is optimized with the Yoast SEO Premium plugin v25.2 (Yoast SEO v25.2) - https:\/\/yoast.com\/wordpress\/plugins\/seo\/ -->\n<title>Puerto Blest, Los C\u00e1ntaros y Lago Fr\u00edas | Excursi\u00f3n - Navegaci\u00f3n AR<\/title>\n<meta name=\"description\" content=\"Naveg\u00e1 a Puerto Blest, Cascada de los C\u00e1ntaros y Lago Fr\u00edas. Disfrut\u00e1 la selva valdiviana y vistas del Cerro Tronador en Bariloche.\" \/>\n<meta name=\"robots\" content=\"index, follow, max-snippet:-1, max-image-preview:large, max-video-preview:-1\" \/>\n<link rel=\"canonical\" href=\"https:\/\/navegacion.ar\/en\/product\/puerto-blest-waterfall-cantaros-lake-frias-without-transfer\/\" \/>\n<meta property=\"og:locale\" content=\"en_US\" \/>\n<meta property=\"og:type\" content=\"article\" \/>\n<meta property=\"og:title\" content=\"Puerto Blest y Cascada \u201cLos Cantaros\u201d + Lago Frias sin Traslado\" \/>\n<meta property=\"og:description\" content=\"Naveg\u00e1 a Puerto Blest, Cascada de los C\u00e1ntaros y Lago Fr\u00edas. Disfrut\u00e1 la selva valdiviana y vistas del Cerro Tronador en Bariloche.\" \/>\n<meta property=\"og:url\" content=\"https:\/\/navegacion.ar\/en\/product\/puerto-blest-waterfall-cantaros-lake-frias-without-transfer\/\" \/>\n<meta property=\"og:site_name\" content=\"Navegaci\u00f3n AR\" \/>\n<meta property=\"article:modified_time\" content=\"2026-01-28T13:27:50+00:00\" \/>\n<meta property=\"og:image\" content=\"https:\/\/navegacion.ar\/wp-content\/uploads\/sites\/3\/2025\/03\/PuertoblestyCascadadelosCntaros_image2_1140_1601574229.jpg\" \/>\n\t<meta property=\"og:image:width\" content=\"1140\" \/>\n\t<meta property=\"og:image:height\" content=\"855\" \/>\n\t<meta property=\"og:image:type\" content=\"image\/jpeg\" \/>\n<meta name=\"twitter:card\" content=\"summary_large_image\" \/>\n<meta name=\"twitter:label1\" content=\"Price\" \/>\n\t<meta name=\"twitter:data1\" content=\"&#036;232,800.00\" \/>\n\t<meta name=\"twitter:label2\" content=\"Availability\" \/>\n\t<meta name=\"twitter:data2\" content=\"In stock\" \/>\n<script type=\"application\/ld+json\" class=\"yoast-schema-graph\">{\"@context\":\"https:\/\/schema.org\",\"@graph\":[{\"@type\":\"WebPage\",\"@id\":\"https:\/\/navegacion.ar\/producto\/puerto-blest-cascada-cantaros-lago-frias-sin-traslado\/\",\"url\":\"https:\/\/navegacion.ar\/producto\/puerto-blest-cascada-cantaros-lago-frias-sin-traslado\/\",\"name\":\"Puerto Blest, Los C\u00e1ntaros y Lago Fr\u00edas | Excursi\u00f3n - Navegaci\u00f3n AR\",\"isPartOf\":{\"@id\":\"https:\/\/navegacion.ar\/#website\"},\"primaryImageOfPage\":{\"@id\":\"https:\/\/navegacion.ar\/producto\/puerto-blest-cascada-cantaros-lago-frias-sin-traslado\/#primaryimage\"},\"image\":{\"@id\":\"https:\/\/navegacion.ar\/producto\/puerto-blest-cascada-cantaros-lago-frias-sin-traslado\/#primaryimage\"},\"thumbnailUrl\":\"https:\/\/navegacion.ar\/wp-content\/uploads\/sites\/3\/2025\/03\/PuertoblestyCascadadelosCntaros_image2_1140_1601574229.jpg\",\"datePublished\":\"2025-06-13T15:51:55+00:00\",\"dateModified\":\"2026-01-28T13:27:50+00:00\",\"description\":\"Naveg\u00e1 a Puerto Blest, Cascada de los C\u00e1ntaros y Lago Fr\u00edas. Disfrut\u00e1 la selva valdiviana y vistas del Cerro Tronador en Bariloche.\",\"breadcrumb\":{\"@id\":\"https:\/\/navegacion.ar\/producto\/puerto-blest-cascada-cantaros-lago-frias-sin-traslado\/#breadcrumb\"},\"inLanguage\":\"en-US\",\"potentialAction\":[{\"@type\":\"ReadAction\",\"target\":[\"https:\/\/navegacion.ar\/producto\/puerto-blest-cascada-cantaros-lago-frias-sin-traslado\/\"]}]},{\"@type\":\"ImageObject\",\"inLanguage\":\"en-US\",\"@id\":\"https:\/\/navegacion.ar\/producto\/puerto-blest-cascada-cantaros-lago-frias-sin-traslado\/#primaryimage\",\"url\":\"https:\/\/navegacion.ar\/wp-content\/uploads\/sites\/3\/2025\/03\/PuertoblestyCascadadelosCntaros_image2_1140_1601574229.jpg\",\"contentUrl\":\"https:\/\/navegacion.ar\/wp-content\/uploads\/sites\/3\/2025\/03\/PuertoblestyCascadadelosCntaros_image2_1140_1601574229.jpg\",\"width\":1140,\"height\":855},{\"@type\":\"BreadcrumbList\",\"@id\":\"https:\/\/navegacion.ar\/producto\/puerto-blest-cascada-cantaros-lago-frias-sin-traslado\/#breadcrumb\",\"itemListElement\":[{\"@type\":\"ListItem\",\"position\":1,\"name\":\"Inicio\",\"item\":\"https:\/\/navegacion.ar\/\"},{\"@type\":\"ListItem\",\"position\":2,\"name\":\"Tienda\",\"item\":\"https:\/\/navegacion.ar\/tienda\/\"},{\"@type\":\"ListItem\",\"position\":3,\"name\":\"Puerto Blest y Cascada \u201cLos Cantaros\u201d + Lago Frias sin Traslado\"}]},{\"@type\":\"WebSite\",\"@id\":\"https:\/\/navegacion.ar\/#website\",\"url\":\"https:\/\/navegacion.ar\/\",\"name\":\"Navegaci\u00f3n AR\",\"description\":\"\",\"potentialAction\":[{\"@type\":\"SearchAction\",\"target\":{\"@type\":\"EntryPoint\",\"urlTemplate\":\"https:\/\/navegacion.ar\/?s={search_term_string}\"},\"query-input\":{\"@type\":\"PropertyValueSpecification\",\"valueRequired\":true,\"valueName\":\"search_term_string\"}}],\"inLanguage\":\"en-US\"}]}<\/script>\n<meta property=\"product:price:amount\" content=\"232800.00\" \/>\n<meta property=\"product:price:currency\" content=\"ARS\" \/>\n<meta property=\"og:availability\" content=\"instock\" \/>\n<meta property=\"product:availability\" content=\"instock\" \/>\n<meta property=\"product:retailer_item_id\" content=\"ADV2025PUBLYC33V7\" \/>\n<meta property=\"product:condition\" content=\"new\" \/>\n<!-- \/ Yoast SEO Premium plugin. -->","yoast_head_json":{"title":"Puerto Blest, Los C\u00e1ntaros and Lago Fr\u00edas | Excursion - Navigation AR","description":"Sail to Puerto Blest, Cascada de los C\u00e1ntaros and Lago Fr\u00edas. Enjoy the Valdivian rainforest and views of Cerro Tronador in Bariloche.","robots":{"index":"index","follow":"follow","max-snippet":"max-snippet:-1","max-image-preview":"max-image-preview:large","max-video-preview":"max-video-preview:-1"},"canonical":"https:\/\/navegacion.ar\/en\/product\/puerto-blest-waterfall-cantaros-lake-frias-without-transfer\/","og_locale":"en_US","og_type":"article","og_title":"Puerto Blest y Cascada \u201cLos Cantaros\u201d + Lago Frias sin Traslado","og_description":"Naveg\u00e1 a Puerto Blest, Cascada de los C\u00e1ntaros y Lago Fr\u00edas. Disfrut\u00e1 la selva valdiviana y vistas del Cerro Tronador en Bariloche.","og_url":"https:\/\/navegacion.ar\/en\/product\/puerto-blest-waterfall-cantaros-lake-frias-without-transfer\/","og_site_name":"Navegaci\u00f3n AR","article_modified_time":"2026-01-28T13:27:50+00:00","og_image":[{"width":1140,"height":855,"url":"https:\/\/navegacion.ar\/wp-content\/uploads\/sites\/3\/2025\/03\/PuertoblestyCascadadelosCntaros_image2_1140_1601574229.jpg","type":"image\/jpeg"}],"twitter_card":"summary_large_image","twitter_misc":{"Price":"&#36;232,800.00","Availability":"In stock"},"schema":{"@context":"https:\/\/schema.org","@graph":[{"@type":"WebPage","@id":"https:\/\/navegacion.ar\/producto\/puerto-blest-cascada-cantaros-lago-frias-sin-traslado\/","url":"https:\/\/navegacion.ar\/producto\/puerto-blest-cascada-cantaros-lago-frias-sin-traslado\/","name":"Puerto Blest, Los C\u00e1ntaros and Lago Fr\u00edas | Excursion - Navigation AR","isPartOf":{"@id":"https:\/\/navegacion.ar\/#website"},"primaryImageOfPage":{"@id":"https:\/\/navegacion.ar\/producto\/puerto-blest-cascada-cantaros-lago-frias-sin-traslado\/#primaryimage"},"image":{"@id":"https:\/\/navegacion.ar\/producto\/puerto-blest-cascada-cantaros-lago-frias-sin-traslado\/#primaryimage"},"thumbnailUrl":"https:\/\/navegacion.ar\/wp-content\/uploads\/sites\/3\/2025\/03\/PuertoblestyCascadadelosCntaros_image2_1140_1601574229.jpg","datePublished":"2025-06-13T15:51:55+00:00","dateModified":"2026-01-28T13:27:50+00:00","description":"Sail to Puerto Blest, Cascada de los C\u00e1ntaros and Lago Fr\u00edas. Enjoy the Valdivian rainforest and views of Cerro Tronador in Bariloche.","breadcrumb":{"@id":"https:\/\/navegacion.ar\/producto\/puerto-blest-cascada-cantaros-lago-frias-sin-traslado\/#breadcrumb"},"inLanguage":"en-US","potentialAction":[{"@type":"ReadAction","target":["https:\/\/navegacion.ar\/producto\/puerto-blest-cascada-cantaros-lago-frias-sin-traslado\/"]}]},{"@type":"ImageObject","inLanguage":"en-US","@id":"https:\/\/navegacion.ar\/producto\/puerto-blest-cascada-cantaros-lago-frias-sin-traslado\/#primaryimage","url":"https:\/\/navegacion.ar\/wp-content\/uploads\/sites\/3\/2025\/03\/PuertoblestyCascadadelosCntaros_image2_1140_1601574229.jpg","contentUrl":"https:\/\/navegacion.ar\/wp-content\/uploads\/sites\/3\/2025\/03\/PuertoblestyCascadadelosCntaros_image2_1140_1601574229.jpg","width":1140,"height":855},{"@type":"BreadcrumbList","@id":"https:\/\/navegacion.ar\/producto\/puerto-blest-cascada-cantaros-lago-frias-sin-traslado\/#breadcrumb","itemListElement":[{"@type":"ListItem","position":1,"name":"Inicio","item":"https:\/\/navegacion.ar\/"},{"@type":"ListItem","position":2,"name":"Tienda","item":"https:\/\/navegacion.ar\/tienda\/"},{"@type":"ListItem","position":3,"name":"Puerto Blest y Cascada \u201cLos Cantaros\u201d + Lago Frias sin Traslado"}]},{"@type":"WebSite","@id":"https:\/\/navegacion.ar\/#website","url":"https:\/\/navegacion.ar\/","name":"AR Navigation","description":"","potentialAction":[{"@type":"SearchAction","target":{"@type":"EntryPoint","urlTemplate":"https:\/\/navegacion.ar\/?s={search_term_string}"},"query-input":{"@type":"PropertyValueSpecification","valueRequired":true,"valueName":"search_term_string"}}],"inLanguage":"en-US"}]},"product_price_amount":"232800.00","product_price_currency":"ARS","og_availability":"instock","product_availability":"instock","product_retailer_item_id":"ADV2025PUBLYC33V7","product_condition":"new"},"_links":{"self":[{"href":"https:\/\/navegacion.ar\/en\/wp-json\/wp\/v2\/product\/377858","targetHints":{"allow":["GET"]}}],"collection":[{"href":"https:\/\/navegacion.ar\/en\/wp-json\/wp\/v2\/product"}],"about":[{"href":"https:\/\/navegacion.ar\/en\/wp-json\/wp\/v2\/types\/product"}],"replies":[{"embeddable":true,"href":"https:\/\/navegacion.ar\/en\/wp-json\/wp\/v2\/comments?post=377858"}],"wp:featuredmedia":[{"embeddable":true,"href":"https:\/\/navegacion.ar\/en\/wp-json\/wp\/v2\/media\/377138"}],"wp:attachment":[{"href":"https:\/\/navegacion.ar\/en\/wp-json\/wp\/v2\/media?parent=377858"}],"wp:term":[{"taxonomy":"product_brand","embeddable":true,"href":"https:\/\/navegacion.ar\/en\/wp-json\/wp\/v2\/product_brand?post=377858"},{"taxonomy":"product_cat","embeddable":true,"href":"https:\/\/navegacion.ar\/en\/wp-json\/wp\/v2\/product_cat?post=377858"},{"taxonomy":"product_tag","embeddable":true,"href":"https:\/\/navegacion.ar\/en\/wp-json\/wp\/v2\/product_tag?post=377858"}],"curies":[{"name":"wp","href":"https:\/\/api.w.org\/{rel}","templated":true}]}}