{"id":378005,"date":"2025-09-18T11:54:03","date_gmt":"2025-09-18T14:54:03","guid":{"rendered":"https:\/\/navegacion.ar\/?post_type=product&#038;p=378005"},"modified":"2026-03-09T16:43:21","modified_gmt":"2026-03-09T19:43:21","slug":"tour-cervecero-bariloche","status":"publish","type":"product","link":"https:\/\/navegacion.ar\/en\/product\/bariloche-beer-tour\/","title":{"rendered":"Bariloche Beer Experience"},"content":{"rendered":"<p class=\"ai-optimize-6 ai-optimize-introduction\" data-start=\"333\" data-end=\"413\"><strong data-start=\"336\" data-end=\"411\">Beer Experience Bariloche: a unique beer tour in Patagonia<\/strong><\/p>\n<p class=\"ai-optimize-7\" data-start=\"415\" data-end=\"655\">I experienced an exclusive outing for people over 18 years old with the <strong data-start=\"472\" data-end=\"501\">Beer Experience Bariloche<\/strong>, a beer tour that combines landscapes, flavors and tradition in three of the most emblematic breweries of the city: <strong data-start=\"621\" data-end=\"652\">Wesley, Patagonia and Gilbert<\/strong>.<\/p>\n<p class=\"ai-optimize-8\" data-start=\"657\" data-end=\"997\">During the tour you will enjoy <strong data-start=\"697\" data-end=\"737\">7 half pints of craft beer<\/strong>, Each beer is paired with regional snacks and products that enhance the flavors of each style. In addition, you will learn firsthand the brewing process, ingredients and secrets of the local beer culture, accompanied by a <strong data-start=\"965\" data-end=\"994\">professional bilingual guide<\/strong>.<\/p>\n<p class=\"ai-optimize-9\" data-start=\"999\" data-end=\"1208\">The plan is perfect for those who are looking for a different, authentic and gourmet experience: relax with friends, discover the essence of Bariloche's beer scene and take away a <strong data-start=\"1166\" data-end=\"1187\">special souvenir<\/strong> at the end of the tour.<\/p>\n<h3 class=\"ai-optimize-10\" data-start=\"1215\" data-end=\"1244\">\u00a0Practical information<\/h3>\n<ul data-start=\"1245\" data-end=\"1487\">\n<li class=\"ai-optimize-11\" data-start=\"1245\" data-end=\"1278\">\n<p class=\"ai-optimize-12\" data-start=\"1247\" data-end=\"1278\"><strong data-start=\"1247\" data-end=\"1256\">Days:<\/strong> Wednesday and Friday<\/p>\n<\/li>\n<li class=\"ai-optimize-13\" data-start=\"1279\" data-end=\"1312\">\n<p class=\"ai-optimize-14\" data-start=\"1281\" data-end=\"1312\"><strong data-start=\"1281\" data-end=\"1293\">Schedule:<\/strong> 15:00 to 21:00 hs<\/p>\n<\/li>\n<li class=\"ai-optimize-15\" data-start=\"1313\" data-end=\"1345\">\n<p class=\"ai-optimize-16\" data-start=\"1315\" data-end=\"1345\"><strong data-start=\"1315\" data-end=\"1328\">Duration:<\/strong> 6 hours approx.<\/p>\n<\/li>\n<li class=\"ai-optimize-17\" data-start=\"1346\" data-end=\"1487\">\n<p class=\"ai-optimize-18\" data-start=\"1348\" data-end=\"1487\"><strong data-start=\"1348\" data-end=\"1371\">Meeting point:<\/strong> Coordinated at the time of booking. Options available from downtown and surrounding areas (Bustillo or Pioneros).<\/p>\n<\/li>\n<\/ul>\n<h3 class=\"ai-optimize-19\" data-start=\"1494\" data-end=\"1509\">\u00a0Includes<\/h3>\n<ul data-start=\"1510\" data-end=\"1761\">\n<li class=\"ai-optimize-20\" data-start=\"1510\" data-end=\"1565\">\n<p class=\"ai-optimize-21\" data-start=\"1512\" data-end=\"1565\">Roundtrip transfer in an authorized tourist van.<\/p>\n<\/li>\n<li class=\"ai-optimize-22\" data-start=\"1566\" data-end=\"1597\">\n<p class=\"ai-optimize-23\" data-start=\"1568\" data-end=\"1597\">Specialized bilingual guide<\/p>\n<\/li>\n<li class=\"ai-optimize-24\" data-start=\"1598\" data-end=\"1648\">\n<p class=\"ai-optimize-25\" data-start=\"1600\" data-end=\"1648\">Guided tours in Wesley, Patagonia and Gilbert<\/p>\n<\/li>\n<li class=\"ai-optimize-26\" data-start=\"1649\" data-end=\"1683\">\n<p class=\"ai-optimize-27\" data-start=\"1651\" data-end=\"1683\">Tasting of 7 half pints<\/p>\n<\/li>\n<li class=\"ai-optimize-28\" data-start=\"1684\" data-end=\"1720\">\n<p class=\"ai-optimize-29\" data-start=\"1686\" data-end=\"1720\">Pairing with regional appetizers<\/p>\n<\/li>\n<li class=\"ai-optimize-30\" data-start=\"1721\" data-end=\"1761\">\n<p class=\"ai-optimize-31\" data-start=\"1723\" data-end=\"1761\">Exclusive souvenir of the experience<\/p>\n<\/li>\n<\/ul>\n<h3 class=\"ai-optimize-32\" data-start=\"1768\" data-end=\"1786\">\u00a0Does not include<\/h3>\n<ul data-start=\"1787\" data-end=\"1864\">\n<li class=\"ai-optimize-33\" data-start=\"1787\" data-end=\"1799\">\n<p class=\"ai-optimize-34\" data-start=\"1789\" data-end=\"1799\">Tips<\/p>\n<\/li>\n<li class=\"ai-optimize-35\" data-start=\"1800\" data-end=\"1840\">\n<p class=\"ai-optimize-36\" data-start=\"1802\" data-end=\"1840\">Extras or consumption outside the program<\/p>\n<\/li>\n<li class=\"ai-optimize-37\" data-start=\"1841\" data-end=\"1864\">\n<p class=\"ai-optimize-38\" data-start=\"1843\" data-end=\"1864\">Additional beverages<\/p>\n<\/li>\n<\/ul>","protected":false},"excerpt":{"rendered":"<p class=\"ai-optimize-26\">Immerse yourself in an unforgettable experience with the\u00a0<strong>Beer Experience Bariloche<\/strong>, a brewery tour designed for people over 18 years old. This tour combines the fascinating landscapes of Patagonia, intense flavors and a rich brewing tradition. Visit three of the city's most iconic breweries - Wesley, Patagonia and Gilbert - while you enjoy a unique tasting of\u00a0<em>7 half pints<\/em>\u00a0of craft beers, carefully paired with regional products and snacks. Each combination is designed to enhance the unique nuances of each beer style, offering you an authentic and unforgettable experience.<\/p>","protected":false},"featured_media":378014,"comment_status":"open","ping_status":"closed","template":"","meta":[],"product_brand":[],"product_cat":[25,29,44,46],"product_tag":[],"class_list":{"0":"post-378005","1":"product","2":"type-product","3":"status-publish","4":"has-post-thumbnail","6":"product_cat-adultos","7":"product_cat-con-traslado","8":"product_cat-terrestre","9":"product_cat-todo-el-ano","11":"first","12":"instock","13":"virtual","14":"sold-individually","15":"purchasable","16":"product-type-booking"},"booking_location":"","booking_location_type":"","booking_duration":1,"booking_duration_unit":"hour","booking_buffer":0,"booking_cost":222000,"booking_resources":[],"exclude_global_add_ons":[],"addons":[],"yoast_head":"<!-- This site is optimized with the Yoast SEO Premium plugin v25.2 (Yoast SEO v25.2) - https:\/\/yoast.com\/wordpress\/plugins\/seo\/ -->\n<title>Tour cervecero Bariloche | Beer Experience Bariloche - Navegaci\u00f3n AR<\/title>\n<meta name=\"description\" content=\"Descubre la esencia cervecera de Bariloche con el Beer Experience. Explora cervecer\u00edas ic\u00f3nicas como Wesley, Patagonia y Gilbert, mientras disfrutas de la degustaci\u00f3n de 7 medias pintas de cerveza artesanal maridadas con picadas y productos regionales. Aprende sobre la cultura cervecera local con gu\u00edas biling\u00fces y vive una experiencia \u00fanica en la Patagonia. Con traslado ida y vuelta incluido, este tour de 6 horas es ideal para mayores de 18 a\u00f1os que buscan combinar paisajes fascinantes con sabores intensos. \u00a1Reserva ahora!\" \/>\n<meta name=\"robots\" content=\"index, follow, max-snippet:-1, max-image-preview:large, max-video-preview:-1\" \/>\n<link rel=\"canonical\" href=\"https:\/\/navegacion.ar\/en\/product\/bariloche-beer-tour\/\" \/>\n<meta property=\"og:locale\" content=\"en_US\" \/>\n<meta property=\"og:type\" content=\"article\" \/>\n<meta property=\"og:title\" content=\"Beer Experience Bariloche: Un Recorrido Cervecero \u00danico\" \/>\n<meta property=\"og:description\" content=\"\ud83c\udf7a Viv\u00ed la Beer Experience Bariloche: 3 cervecer\u00edas, 7 degustaciones y paisajes \u00fanicos de la Patagonia. Sabores, tradici\u00f3n y diversi\u00f3n en un solo tour. #Bariloche #CervezaArtesanal\" \/>\n<meta property=\"og:url\" content=\"https:\/\/navegacion.ar\/en\/product\/bariloche-beer-tour\/\" \/>\n<meta property=\"og:site_name\" content=\"Navegaci\u00f3n AR\" \/>\n<meta property=\"article:modified_time\" content=\"2026-03-09T19:43:21+00:00\" \/>\n<meta property=\"og:image\" content=\"https:\/\/navegacion.ar\/wp-content\/uploads\/sites\/3\/2025\/09\/5-C-gallery-home-img-5-big-1-scaled.jpg\" \/>\n\t<meta property=\"og:image:width\" content=\"1920\" \/>\n\t<meta property=\"og:image:height\" content=\"2560\" \/>\n\t<meta property=\"og:image:type\" content=\"image\/jpeg\" \/>\n<meta name=\"twitter:card\" content=\"summary_large_image\" \/>\n<meta name=\"twitter:title\" content=\"Beer Experience Bariloche: Un Recorrido Cervecero \u00danico\" \/>\n<meta name=\"twitter:description\" content=\"\ud83c\udf7a Viv\u00ed la Beer Experience Bariloche: 3 cervecer\u00edas, 7 degustaciones y paisajes \u00fanicos de la Patagonia. Sabores, tradici\u00f3n y diversi\u00f3n en un solo tour. #Bariloche #CervezaArtesanal\" \/>\n<meta name=\"twitter:label1\" content=\"Price\" \/>\n\t<meta name=\"twitter:data1\" content=\"&#036;222,000.00\" \/>\n\t<meta name=\"twitter:label2\" content=\"Availability\" \/>\n\t<meta name=\"twitter:data2\" content=\"In stock\" \/>\n<script type=\"application\/ld+json\" class=\"yoast-schema-graph\">{\"@context\":\"https:\/\/schema.org\",\"@graph\":[{\"@type\":\"WebPage\",\"@id\":\"https:\/\/navegacion.ar\/producto\/tour-cervecero-bariloche\/\",\"url\":\"https:\/\/navegacion.ar\/producto\/tour-cervecero-bariloche\/\",\"name\":\"Tour cervecero Bariloche | Beer Experience Bariloche - Navegaci\u00f3n AR\",\"isPartOf\":{\"@id\":\"https:\/\/navegacion.ar\/#website\"},\"primaryImageOfPage\":{\"@id\":\"https:\/\/navegacion.ar\/producto\/tour-cervecero-bariloche\/#primaryimage\"},\"image\":{\"@id\":\"https:\/\/navegacion.ar\/producto\/tour-cervecero-bariloche\/#primaryimage\"},\"thumbnailUrl\":\"https:\/\/navegacion.ar\/wp-content\/uploads\/sites\/3\/2025\/09\/5-C-gallery-home-img-5-big-1-scaled.jpg\",\"datePublished\":\"2025-09-18T14:54:03+00:00\",\"dateModified\":\"2026-03-09T19:43:21+00:00\",\"description\":\"Descubre la esencia cervecera de Bariloche con el Beer Experience. Explora cervecer\u00edas ic\u00f3nicas como Wesley, Patagonia y Gilbert, mientras disfrutas de la degustaci\u00f3n de 7 medias pintas de cerveza artesanal maridadas con picadas y productos regionales. Aprende sobre la cultura cervecera local con gu\u00edas biling\u00fces y vive una experiencia \u00fanica en la Patagonia. Con traslado ida y vuelta incluido, este tour de 6 horas es ideal para mayores de 18 a\u00f1os que buscan combinar paisajes fascinantes con sabores intensos. \u00a1Reserva ahora!\",\"breadcrumb\":{\"@id\":\"https:\/\/navegacion.ar\/producto\/tour-cervecero-bariloche\/#breadcrumb\"},\"inLanguage\":\"en-US\",\"potentialAction\":[{\"@type\":\"ReadAction\",\"target\":[\"https:\/\/navegacion.ar\/producto\/tour-cervecero-bariloche\/\"]}]},{\"@type\":\"ImageObject\",\"inLanguage\":\"en-US\",\"@id\":\"https:\/\/navegacion.ar\/producto\/tour-cervecero-bariloche\/#primaryimage\",\"url\":\"https:\/\/navegacion.ar\/wp-content\/uploads\/sites\/3\/2025\/09\/5-C-gallery-home-img-5-big-1-scaled.jpg\",\"contentUrl\":\"https:\/\/navegacion.ar\/wp-content\/uploads\/sites\/3\/2025\/09\/5-C-gallery-home-img-5-big-1-scaled.jpg\",\"width\":1920,\"height\":2560},{\"@type\":\"BreadcrumbList\",\"@id\":\"https:\/\/navegacion.ar\/producto\/tour-cervecero-bariloche\/#breadcrumb\",\"itemListElement\":[{\"@type\":\"ListItem\",\"position\":1,\"name\":\"Inicio\",\"item\":\"https:\/\/navegacion.ar\/\"},{\"@type\":\"ListItem\",\"position\":2,\"name\":\"Tienda\",\"item\":\"https:\/\/navegacion.ar\/tienda\/\"},{\"@type\":\"ListItem\",\"position\":3,\"name\":\"Bariloche Beer Experience\"}]},{\"@type\":\"WebSite\",\"@id\":\"https:\/\/navegacion.ar\/#website\",\"url\":\"https:\/\/navegacion.ar\/\",\"name\":\"Navegaci\u00f3n AR\",\"description\":\"\",\"potentialAction\":[{\"@type\":\"SearchAction\",\"target\":{\"@type\":\"EntryPoint\",\"urlTemplate\":\"https:\/\/navegacion.ar\/?s={search_term_string}\"},\"query-input\":{\"@type\":\"PropertyValueSpecification\",\"valueRequired\":true,\"valueName\":\"search_term_string\"}}],\"inLanguage\":\"en-US\"}]}<\/script>\n<meta property=\"product:price:amount\" content=\"222000.00\" \/>\n<meta property=\"product:price:currency\" content=\"ARS\" \/>\n<meta property=\"og:availability\" content=\"instock\" \/>\n<meta property=\"product:availability\" content=\"instock\" \/>\n<meta property=\"product:retailer_item_id\" content=\"ADV2025BABEEX7FQ9\" \/>\n<meta property=\"product:condition\" content=\"new\" \/>\n<!-- \/ Yoast SEO Premium plugin. -->","yoast_head_json":{"title":"Bariloche Beer Experience Bariloche Beer Tour - AR Navigation","description":"Discover the beer essence of Bariloche with the Beer Experience. Explore iconic breweries such as Wesley, Patagonia and Gilbert, while enjoying the tasting of 7 half pints of craft beer paired with regional snacks and products. Learn about the local beer culture with bilingual guides and live a unique experience in Patagonia. With roundtrip transportation included, this 6-hour tour is ideal for people over 18 who are looking to combine fascinating landscapes with intense flavors. Book now!","robots":{"index":"index","follow":"follow","max-snippet":"max-snippet:-1","max-image-preview":"max-image-preview:large","max-video-preview":"max-video-preview:-1"},"canonical":"https:\/\/navegacion.ar\/en\/product\/bariloche-beer-tour\/","og_locale":"en_US","og_type":"article","og_title":"Beer Experience Bariloche: Un Recorrido Cervecero \u00danico","og_description":"\ud83c\udf7a Viv\u00ed la Beer Experience Bariloche: 3 cervecer\u00edas, 7 degustaciones y paisajes \u00fanicos de la Patagonia. Sabores, tradici\u00f3n y diversi\u00f3n en un solo tour. #Bariloche #CervezaArtesanal","og_url":"https:\/\/navegacion.ar\/en\/product\/bariloche-beer-tour\/","og_site_name":"Navegaci\u00f3n AR","article_modified_time":"2026-03-09T19:43:21+00:00","og_image":[{"width":1920,"height":2560,"url":"https:\/\/navegacion.ar\/wp-content\/uploads\/sites\/3\/2025\/09\/5-C-gallery-home-img-5-big-1-scaled.jpg","type":"image\/jpeg"}],"twitter_card":"summary_large_image","twitter_title":"Beer Experience Bariloche: Un Recorrido Cervecero \u00danico","twitter_description":"\ud83c\udf7a Viv\u00ed la Beer Experience Bariloche: 3 cervecer\u00edas, 7 degustaciones y paisajes \u00fanicos de la Patagonia. Sabores, tradici\u00f3n y diversi\u00f3n en un solo tour. #Bariloche #CervezaArtesanal","twitter_misc":{"Price":"&#36;222,000.00","Availability":"In stock"},"schema":{"@context":"https:\/\/schema.org","@graph":[{"@type":"WebPage","@id":"https:\/\/navegacion.ar\/producto\/tour-cervecero-bariloche\/","url":"https:\/\/navegacion.ar\/producto\/tour-cervecero-bariloche\/","name":"Bariloche Beer Experience Bariloche Beer Tour - AR Navigation","isPartOf":{"@id":"https:\/\/navegacion.ar\/#website"},"primaryImageOfPage":{"@id":"https:\/\/navegacion.ar\/producto\/tour-cervecero-bariloche\/#primaryimage"},"image":{"@id":"https:\/\/navegacion.ar\/producto\/tour-cervecero-bariloche\/#primaryimage"},"thumbnailUrl":"https:\/\/navegacion.ar\/wp-content\/uploads\/sites\/3\/2025\/09\/5-C-gallery-home-img-5-big-1-scaled.jpg","datePublished":"2025-09-18T14:54:03+00:00","dateModified":"2026-03-09T19:43:21+00:00","description":"Discover the beer essence of Bariloche with the Beer Experience. Explore iconic breweries such as Wesley, Patagonia and Gilbert, while enjoying the tasting of 7 half pints of craft beer paired with regional snacks and products. Learn about the local beer culture with bilingual guides and live a unique experience in Patagonia. With roundtrip transportation included, this 6-hour tour is ideal for people over 18 who are looking to combine fascinating landscapes with intense flavors. Book now!","breadcrumb":{"@id":"https:\/\/navegacion.ar\/producto\/tour-cervecero-bariloche\/#breadcrumb"},"inLanguage":"en-US","potentialAction":[{"@type":"ReadAction","target":["https:\/\/navegacion.ar\/producto\/tour-cervecero-bariloche\/"]}]},{"@type":"ImageObject","inLanguage":"en-US","@id":"https:\/\/navegacion.ar\/producto\/tour-cervecero-bariloche\/#primaryimage","url":"https:\/\/navegacion.ar\/wp-content\/uploads\/sites\/3\/2025\/09\/5-C-gallery-home-img-5-big-1-scaled.jpg","contentUrl":"https:\/\/navegacion.ar\/wp-content\/uploads\/sites\/3\/2025\/09\/5-C-gallery-home-img-5-big-1-scaled.jpg","width":1920,"height":2560},{"@type":"BreadcrumbList","@id":"https:\/\/navegacion.ar\/producto\/tour-cervecero-bariloche\/#breadcrumb","itemListElement":[{"@type":"ListItem","position":1,"name":"Inicio","item":"https:\/\/navegacion.ar\/"},{"@type":"ListItem","position":2,"name":"Tienda","item":"https:\/\/navegacion.ar\/tienda\/"},{"@type":"ListItem","position":3,"name":"Bariloche Beer Experience"}]},{"@type":"WebSite","@id":"https:\/\/navegacion.ar\/#website","url":"https:\/\/navegacion.ar\/","name":"AR Navigation","description":"","potentialAction":[{"@type":"SearchAction","target":{"@type":"EntryPoint","urlTemplate":"https:\/\/navegacion.ar\/?s={search_term_string}"},"query-input":{"@type":"PropertyValueSpecification","valueRequired":true,"valueName":"search_term_string"}}],"inLanguage":"en-US"}]},"product_price_amount":"222000.00","product_price_currency":"ARS","og_availability":"instock","product_availability":"instock","product_retailer_item_id":"ADV2025BABEEX7FQ9","product_condition":"new"},"_links":{"self":[{"href":"https:\/\/navegacion.ar\/en\/wp-json\/wp\/v2\/product\/378005","targetHints":{"allow":["GET"]}}],"collection":[{"href":"https:\/\/navegacion.ar\/en\/wp-json\/wp\/v2\/product"}],"about":[{"href":"https:\/\/navegacion.ar\/en\/wp-json\/wp\/v2\/types\/product"}],"replies":[{"embeddable":true,"href":"https:\/\/navegacion.ar\/en\/wp-json\/wp\/v2\/comments?post=378005"}],"wp:featuredmedia":[{"embeddable":true,"href":"https:\/\/navegacion.ar\/en\/wp-json\/wp\/v2\/media\/378014"}],"wp:attachment":[{"href":"https:\/\/navegacion.ar\/en\/wp-json\/wp\/v2\/media?parent=378005"}],"wp:term":[{"taxonomy":"product_brand","embeddable":true,"href":"https:\/\/navegacion.ar\/en\/wp-json\/wp\/v2\/product_brand?post=378005"},{"taxonomy":"product_cat","embeddable":true,"href":"https:\/\/navegacion.ar\/en\/wp-json\/wp\/v2\/product_cat?post=378005"},{"taxonomy":"product_tag","embeddable":true,"href":"https:\/\/navegacion.ar\/en\/wp-json\/wp\/v2\/product_tag?post=378005"}],"curies":[{"name":"wp","href":"https:\/\/api.w.org\/{rel}","templated":true}]}}