{"id":377829,"date":"2025-06-13T12:43:14","date_gmt":"2025-06-13T15:43:14","guid":{"rendered":"https:\/\/navegacion.ar\/producto\/rafting-limay-por-la-estepa-patagonica\/"},"modified":"2026-04-28T12:55:08","modified_gmt":"2026-04-28T15:55:08","slug":"rafting-rio-limay-desde-bariloche","status":"publish","type":"product","link":"https:\/\/navegacion.ar\/pt\/produto\/rafting-no-rio-limay-saindo-de-bariloche\/","title":{"rendered":"Rafting em Limay pela estepe patag\u00f4nica"},"content":{"rendered":"<h2 class=\"ai-optimize-24\">Viva uma aventura diferente na Patag\u00f4nia<\/h2>\n<p class=\"ai-optimize-25 ai-optimize-introduction\">Mergulhe na magnific\u00eancia natural do Rio Limay com uma proposta simples de rafting. Essa experi\u00eancia foi organizada para aqueles que querem combinar aventura, conforto e o prazer de descobrir as incr\u00edveis paisagens patag\u00f4nicas. Perfeito para fam\u00edlias, grupos de amigos e aqueles que est\u00e3o come\u00e7ando, com a tranquilidade de estar em um ambiente que inspira confian\u00e7a e admira\u00e7\u00e3o.<\/p>\n<h3 class=\"ai-optimize-26\">Detalhes que o convencem<\/h3>\n<ul>\n<li class=\"ai-optimize-27\"><strong>Seguran\u00e7a e f\u00e1cil acesso:<\/strong> Circuito de corredeiras classe I\/II, adequado para crian\u00e7as e adultos a partir de 3 anos de idade.<\/li>\n<li class=\"ai-optimize-28\"><strong>Toda a configura\u00e7\u00e3o e o traslado est\u00e3o inclu\u00eddos:<\/strong> Colete salva-vidas, remos, traslado e tudo coordenado a partir do ponto de encontro.<\/li>\n<li class=\"ai-optimize-29\"><strong>Pontualidade no in\u00edcio:<\/strong> O passeio come\u00e7a pontualmente \u00e0s 13:00, garantindo um dia cheio de divers\u00e3o e relaxamento.<\/li>\n<li class=\"ai-optimize-30\"><strong>Desfrute de um descanso revigorante:<\/strong> Inclui caf\u00e9 da manh\u00e3 ou um lanche, o complemento perfeito para continuar a experi\u00eancia.<\/li>\n<\/ul>\n<h3 class=\"ai-optimize-31\">Conforto e natureza em um \u00fanico momento<\/h3>\n<p class=\"ai-optimize-32\">Junte-se a n\u00f3s em uma excurs\u00e3o onde a calma das \u00e1guas serenas e o brilho das suaves corredeiras do Rio Limay se misturam. Cada segundo foi pensado para que voc\u00ea guarde lembran\u00e7as \u00fanicas, unindo a grandeza da Patag\u00f4nia e o benef\u00edcio de um passeio que cuida do seu bem-estar e felicidade.<\/p>\n<h3 class=\"ai-optimize-33\">Fa\u00e7a suas perguntas (FAQ)<\/h3>\n<ul>\n<li class=\"ai-optimize-34\"><strong>O que est\u00e1 inclu\u00eddo na excurs\u00e3o?<\/strong>Inclui o traslado at\u00e9 o ponto de partida, equipamento completo (colete e remos) e um caf\u00e9 da manh\u00e3 ou lanche, o que torna a experi\u00eancia completa.<\/li>\n<li class=\"ai-optimize-35\"><strong>\u00c9 adequado para crian\u00e7as e fam\u00edlias?<\/strong>Obviamente, essa proposta foi elaborada para que todos possam se divertir, inclusive crian\u00e7as de at\u00e9 3 anos de idade, o que a torna a op\u00e7\u00e3o ideal para passeios em fam\u00edlia.<\/li>\n<li class=\"ai-optimize-36\"><strong>Qu\u00e3o dif\u00edcil \u00e9 a jornada?<\/strong>O percurso \u00e9 feito em corredeiras de Classe I\/II, garantindo um plano seguro e f\u00e1cil para os praticantes de rafting iniciantes.<\/li>\n<li class=\"ai-optimize-37\"><strong>\u00c9 necess\u00e1rio ter experi\u00eancia anterior?<\/strong>N\u00e3o, voc\u00ea n\u00e3o precisa de nenhum conhecimento pr\u00e9vio. Ele foi projetado para aqueles que querem embarcar em uma aventura de rafting, em um ambiente cheio de emo\u00e7\u00e3o e cuidado.<\/li>\n<\/ul>\n<p class=\"ai-optimize-23\"><strong>Aviso importante<\/strong>Este passeio j\u00e1 est\u00e1 dispon\u00edvel para pr\u00e9-reserva. As sa\u00eddas operam de 30 de abril a 30 de setembro, sujeitas ao calend\u00e1rio sazonal.<\/p>","protected":false},"excerpt":{"rendered":"<p class=\"ai-optimize-6\">Experimente o charme do Rio Limay com uma viagem tranquila de rafting, projetada para oferecer seguran\u00e7a e aten\u00e7\u00e3o personalizada em um ambiente natural \u00fanico. Perfeito para grupos familiares e para aqueles que est\u00e3o come\u00e7ando a se aventurar.<\/p>","protected":false},"featured_media":378097,"comment_status":"open","ping_status":"closed","template":"","meta":[],"product_brand":[],"product_cat":[25,27,29,30,36,37,39,41,47],"product_tag":[],"class_list":{"0":"post-377829","1":"product","2":"type-product","3":"status-publish","4":"has-post-thumbnail","6":"product_cat-adultos","7":"product_cat-aventura","8":"product_cat-con-traslado","9":"product_cat-familia","10":"product_cat-ninos","11":"product_cat-otono","12":"product_cat-primavera","13":"product_cat-sin-comida","14":"product_cat-verano","16":"first","17":"instock","18":"virtual","19":"sold-individually","20":"purchasable","21":"product-type-booking"},"booking_location":"","booking_location_type":"","booking_duration":1,"booking_duration_unit":"hour","booking_buffer":0,"booking_cost":0,"booking_resources":[],"exclude_global_add_ons":false,"addons":[{"name":"ADU: Adulto","type":"input_multiplier","position":0,"required":false,"title_format":"label","default":"","description_enable":false,"description":"","placeholder_enable":false,"placeholder":"","display":"select","restrictions_type":"any_text","adjust_price":true,"price":"99500","price_type":"quantity_based","restrictions":false,"min":"0","max":"0","options":[],"id":1777380748}],"yoast_head":"<!-- This site is optimized with the Yoast SEO Premium plugin v25.2 (Yoast SEO v25.2) - https:\/\/yoast.com\/wordpress\/plugins\/seo\/ -->\n<title>Rafting en R\u00edo Limay desde Bariloche - Navegaci\u00f3n AR<\/title>\n<meta name=\"description\" content=\"Viv\u00ed una experiencia segura de rafting en el R\u00edo Limay. Naturaleza, diversi\u00f3n y relax en paisajes patag\u00f3nicos \u00fanicos, ideal para toda la familia.\" \/>\n<meta name=\"robots\" content=\"index, follow, max-snippet:-1, max-image-preview:large, max-video-preview:-1\" \/>\n<link rel=\"canonical\" href=\"https:\/\/navegacion.ar\/pt\/produto\/rafting-no-rio-limay-saindo-de-bariloche\/\" \/>\n<meta property=\"og:locale\" content=\"pt_BR\" \/>\n<meta property=\"og:type\" content=\"article\" \/>\n<meta property=\"og:title\" content=\"Rafting Limay por la estepa patag\u00f3nica\" \/>\n<meta property=\"og:description\" content=\"Viv\u00ed una experiencia segura de rafting en el R\u00edo Limay. Naturaleza, diversi\u00f3n y relax en paisajes patag\u00f3nicos \u00fanicos, ideal para toda la familia.\" \/>\n<meta property=\"og:url\" content=\"https:\/\/navegacion.ar\/pt\/produto\/rafting-no-rio-limay-saindo-de-bariloche\/\" \/>\n<meta property=\"og:site_name\" content=\"Navegaci\u00f3n AR\" \/>\n<meta property=\"article:modified_time\" content=\"2026-04-28T15:55:08+00:00\" \/>\n<meta property=\"og:image\" content=\"https:\/\/navegacion.ar\/wp-content\/uploads\/sites\/3\/2025\/06\/1-A-GOPR2576-2-1-scaled.jpg\" \/>\n\t<meta property=\"og:image:width\" content=\"1920\" \/>\n\t<meta property=\"og:image:height\" content=\"2560\" \/>\n\t<meta property=\"og:image:type\" content=\"image\/jpeg\" \/>\n<meta name=\"twitter:card\" content=\"summary_large_image\" \/>\n<meta name=\"twitter:label1\" content=\"Pre\u00e7o\" \/>\n\t<meta name=\"twitter:data1\" content=\"&#036;99,500.00\" \/>\n\t<meta name=\"twitter:label2\" content=\"Disponibilidade\" \/>\n\t<meta name=\"twitter:data2\" content=\"Em Estoque\" \/>\n<script type=\"application\/ld+json\" class=\"yoast-schema-graph\">{\"@context\":\"https:\/\/schema.org\",\"@graph\":[{\"@type\":\"WebPage\",\"@id\":\"https:\/\/navegacion.ar\/producto\/rafting-rio-limay-desde-bariloche\/\",\"url\":\"https:\/\/navegacion.ar\/producto\/rafting-rio-limay-desde-bariloche\/\",\"name\":\"Rafting en R\u00edo Limay desde Bariloche - Navegaci\u00f3n AR\",\"isPartOf\":{\"@id\":\"https:\/\/navegacion.ar\/#website\"},\"primaryImageOfPage\":{\"@id\":\"https:\/\/navegacion.ar\/producto\/rafting-rio-limay-desde-bariloche\/#primaryimage\"},\"image\":{\"@id\":\"https:\/\/navegacion.ar\/producto\/rafting-rio-limay-desde-bariloche\/#primaryimage\"},\"thumbnailUrl\":\"https:\/\/navegacion.ar\/wp-content\/uploads\/sites\/3\/2025\/06\/1-A-GOPR2576-2-1-scaled.jpg\",\"datePublished\":\"2025-06-13T15:43:14+00:00\",\"dateModified\":\"2026-04-28T15:55:08+00:00\",\"description\":\"Viv\u00ed una experiencia segura de rafting en el R\u00edo Limay. Naturaleza, diversi\u00f3n y relax en paisajes patag\u00f3nicos \u00fanicos, ideal para toda la familia.\",\"breadcrumb\":{\"@id\":\"https:\/\/navegacion.ar\/producto\/rafting-rio-limay-desde-bariloche\/#breadcrumb\"},\"inLanguage\":\"pt-BR\",\"potentialAction\":[{\"@type\":\"ReadAction\",\"target\":[\"https:\/\/navegacion.ar\/producto\/rafting-rio-limay-desde-bariloche\/\"]}]},{\"@type\":\"ImageObject\",\"inLanguage\":\"pt-BR\",\"@id\":\"https:\/\/navegacion.ar\/producto\/rafting-rio-limay-desde-bariloche\/#primaryimage\",\"url\":\"https:\/\/navegacion.ar\/wp-content\/uploads\/sites\/3\/2025\/06\/1-A-GOPR2576-2-1-scaled.jpg\",\"contentUrl\":\"https:\/\/navegacion.ar\/wp-content\/uploads\/sites\/3\/2025\/06\/1-A-GOPR2576-2-1-scaled.jpg\",\"width\":1920,\"height\":2560},{\"@type\":\"BreadcrumbList\",\"@id\":\"https:\/\/navegacion.ar\/producto\/rafting-rio-limay-desde-bariloche\/#breadcrumb\",\"itemListElement\":[{\"@type\":\"ListItem\",\"position\":1,\"name\":\"Inicio\",\"item\":\"https:\/\/navegacion.ar\/\"},{\"@type\":\"ListItem\",\"position\":2,\"name\":\"Tienda\",\"item\":\"https:\/\/navegacion.ar\/tienda\/\"},{\"@type\":\"ListItem\",\"position\":3,\"name\":\"Rafting Limay por la estepa patag\u00f3nica\"}]},{\"@type\":\"WebSite\",\"@id\":\"https:\/\/navegacion.ar\/#website\",\"url\":\"https:\/\/navegacion.ar\/\",\"name\":\"Navegaci\u00f3n AR\",\"description\":\"\",\"potentialAction\":[{\"@type\":\"SearchAction\",\"target\":{\"@type\":\"EntryPoint\",\"urlTemplate\":\"https:\/\/navegacion.ar\/?s={search_term_string}\"},\"query-input\":{\"@type\":\"PropertyValueSpecification\",\"valueRequired\":true,\"valueName\":\"search_term_string\"}}],\"inLanguage\":\"pt-BR\"}]}<\/script>\n<meta property=\"product:price:amount\" content=\"99500.00\" \/>\n<meta property=\"product:price:currency\" content=\"ARS\" \/>\n<meta property=\"og:availability\" content=\"instock\" \/>\n<meta property=\"product:availability\" content=\"instock\" \/>\n<meta property=\"product:retailer_item_id\" content=\"ADV2025RALIPO7XQ4\" \/>\n<meta property=\"product:condition\" content=\"new\" \/>\n<!-- \/ Yoast SEO Premium plugin. -->","yoast_head_json":{"title":"Rafting no rio Limay saindo de Bariloche - Navega\u00e7\u00e3o AR","description":"Viva uma experi\u00eancia segura de rafting no Rio Limay. Natureza, divers\u00e3o e relaxamento em paisagens patag\u00f4nicas \u00fanicas, ideais para toda a fam\u00edlia.","robots":{"index":"index","follow":"follow","max-snippet":"max-snippet:-1","max-image-preview":"max-image-preview:large","max-video-preview":"max-video-preview:-1"},"canonical":"https:\/\/navegacion.ar\/pt\/produto\/rafting-no-rio-limay-saindo-de-bariloche\/","og_locale":"pt_BR","og_type":"article","og_title":"Rafting Limay por la estepa patag\u00f3nica","og_description":"Viv\u00ed una experiencia segura de rafting en el R\u00edo Limay. Naturaleza, diversi\u00f3n y relax en paisajes patag\u00f3nicos \u00fanicos, ideal para toda la familia.","og_url":"https:\/\/navegacion.ar\/pt\/produto\/rafting-no-rio-limay-saindo-de-bariloche\/","og_site_name":"Navegaci\u00f3n AR","article_modified_time":"2026-04-28T15:55:08+00:00","og_image":[{"width":1920,"height":2560,"url":"https:\/\/navegacion.ar\/wp-content\/uploads\/sites\/3\/2025\/06\/1-A-GOPR2576-2-1-scaled.jpg","type":"image\/jpeg"}],"twitter_card":"summary_large_image","twitter_misc":{"Pre\u00e7o":"&#36;99,500.00","Disponibilidade":"Em Estoque"},"schema":{"@context":"https:\/\/schema.org","@graph":[{"@type":"WebPage","@id":"https:\/\/navegacion.ar\/producto\/rafting-rio-limay-desde-bariloche\/","url":"https:\/\/navegacion.ar\/producto\/rafting-rio-limay-desde-bariloche\/","name":"Rafting no rio Limay saindo de Bariloche - Navega\u00e7\u00e3o AR","isPartOf":{"@id":"https:\/\/navegacion.ar\/#website"},"primaryImageOfPage":{"@id":"https:\/\/navegacion.ar\/producto\/rafting-rio-limay-desde-bariloche\/#primaryimage"},"image":{"@id":"https:\/\/navegacion.ar\/producto\/rafting-rio-limay-desde-bariloche\/#primaryimage"},"thumbnailUrl":"https:\/\/navegacion.ar\/wp-content\/uploads\/sites\/3\/2025\/06\/1-A-GOPR2576-2-1-scaled.jpg","datePublished":"2025-06-13T15:43:14+00:00","dateModified":"2026-04-28T15:55:08+00:00","description":"Viva uma experi\u00eancia segura de rafting no Rio Limay. Natureza, divers\u00e3o e relaxamento em paisagens patag\u00f4nicas \u00fanicas, ideais para toda a fam\u00edlia.","breadcrumb":{"@id":"https:\/\/navegacion.ar\/producto\/rafting-rio-limay-desde-bariloche\/#breadcrumb"},"inLanguage":"pt-BR","potentialAction":[{"@type":"ReadAction","target":["https:\/\/navegacion.ar\/producto\/rafting-rio-limay-desde-bariloche\/"]}]},{"@type":"ImageObject","inLanguage":"pt-BR","@id":"https:\/\/navegacion.ar\/producto\/rafting-rio-limay-desde-bariloche\/#primaryimage","url":"https:\/\/navegacion.ar\/wp-content\/uploads\/sites\/3\/2025\/06\/1-A-GOPR2576-2-1-scaled.jpg","contentUrl":"https:\/\/navegacion.ar\/wp-content\/uploads\/sites\/3\/2025\/06\/1-A-GOPR2576-2-1-scaled.jpg","width":1920,"height":2560},{"@type":"BreadcrumbList","@id":"https:\/\/navegacion.ar\/producto\/rafting-rio-limay-desde-bariloche\/#breadcrumb","itemListElement":[{"@type":"ListItem","position":1,"name":"Inicio","item":"https:\/\/navegacion.ar\/"},{"@type":"ListItem","position":2,"name":"Tienda","item":"https:\/\/navegacion.ar\/tienda\/"},{"@type":"ListItem","position":3,"name":"Rafting Limay por la estepa patag\u00f3nica"}]},{"@type":"WebSite","@id":"https:\/\/navegacion.ar\/#website","url":"https:\/\/navegacion.ar\/","name":"Navega\u00e7\u00e3o AR","description":"","potentialAction":[{"@type":"SearchAction","target":{"@type":"EntryPoint","urlTemplate":"https:\/\/navegacion.ar\/?s={search_term_string}"},"query-input":{"@type":"PropertyValueSpecification","valueRequired":true,"valueName":"search_term_string"}}],"inLanguage":"pt-BR"}]},"product_price_amount":"99500.00","product_price_currency":"ARS","og_availability":"instock","product_availability":"instock","product_retailer_item_id":"ADV2025RALIPO7XQ4","product_condition":"new"},"_links":{"self":[{"href":"https:\/\/navegacion.ar\/pt\/wp-json\/wp\/v2\/product\/377829","targetHints":{"allow":["GET"]}}],"collection":[{"href":"https:\/\/navegacion.ar\/pt\/wp-json\/wp\/v2\/product"}],"about":[{"href":"https:\/\/navegacion.ar\/pt\/wp-json\/wp\/v2\/types\/product"}],"replies":[{"embeddable":true,"href":"https:\/\/navegacion.ar\/pt\/wp-json\/wp\/v2\/comments?post=377829"}],"wp:featuredmedia":[{"embeddable":true,"href":"https:\/\/navegacion.ar\/pt\/wp-json\/wp\/v2\/media\/378097"}],"wp:attachment":[{"href":"https:\/\/navegacion.ar\/pt\/wp-json\/wp\/v2\/media?parent=377829"}],"wp:term":[{"taxonomy":"product_brand","embeddable":true,"href":"https:\/\/navegacion.ar\/pt\/wp-json\/wp\/v2\/product_brand?post=377829"},{"taxonomy":"product_cat","embeddable":true,"href":"https:\/\/navegacion.ar\/pt\/wp-json\/wp\/v2\/product_cat?post=377829"},{"taxonomy":"product_tag","embeddable":true,"href":"https:\/\/navegacion.ar\/pt\/wp-json\/wp\/v2\/product_tag?post=377829"}],"curies":[{"name":"wp","href":"https:\/\/api.w.org\/{rel}","templated":true}]}}