{"id":377840,"date":"2025-06-13T12:45:34","date_gmt":"2025-06-13T15:45:34","guid":{"rendered":"https:\/\/navegacion.ar\/producto\/el-bolson-y-lago-puelo-ruta-escenica-cultura-artesanal-y-naturaleza-viva\/"},"modified":"2025-10-13T12:11:22","modified_gmt":"2025-10-13T15:11:22","slug":"bolson-y-lago-puelo","status":"publish","type":"product","link":"https:\/\/navegacion.ar\/pt\/produto\/bolson-e-lago-puelo\/","title":{"rendered":"El Bols\u00f3n e Lago Puelo: rota c\u00eanica, cultura artesanal e natureza viva"},"content":{"rendered":"<h2>Descubra a magia de Bols\u00f3n e do Lago Puelo<\/h2>\n<p>Venha vivenciar uma aventura inesquec\u00edvel que come\u00e7a na cativante cidade de San Carlos de Bariloche, o recanto patag\u00f4nico que faz com que qualquer pessoa que o visite se apaixone por ele. Dirija pela emblem\u00e1tica Rota Nacional 40 e surpreenda-se com paisagens dignas de filme: os lagos Guti\u00e9rrez, Mascardi e Guillelmo est\u00e3o esperando para deix\u00e1-lo sem palavras. Cada trecho o convida a sentir a natureza patag\u00f4nica por dentro e a se conectar com sua energia \u00fanica.<\/p>\n<h3>El Bols\u00f3n: tradi\u00e7\u00e3o e encanto natural<\/h3>\n<p><strong>El Bols\u00f3n<\/strong> se destaca gra\u00e7as ao seu microclima, ideal para produzir frutas vermelhas requintadas e os l\u00fapulos mais frescos. N\u00e3o perca a famosa <strong>Feira de artesanato<\/strong>, onde a criatividade est\u00e1 no ar. Veja como os fabricantes locais moldam suas pe\u00e7as em metal, cer\u00e2mica e tecidos t\u00edpicos e leve para casa uma lembran\u00e7a especial diretamente de suas m\u00e3os.<\/p>\n<h3>Explore o Parque Nacional Lago Puelo<\/h3>\n<p>O <strong>Parque Nacional Lago Puelo<\/strong> O Parque Nacional de El Bols\u00f3n o receber\u00e1 com \u00e1guas azul-turquesa e vistas panor\u00e2micas que, sem d\u00favida, o emocionar\u00e3o. Localizado a apenas 26 km de El Bols\u00f3n, esse para\u00edso marca o ponto em que o Rio Negro e Chubut se encontram. Voc\u00ea terminar\u00e1 o dia voltando com o cart\u00e3o postal de um p\u00f4r do sol inesquec\u00edvel sobre lagos e montanhas, uma experi\u00eancia sensorial que voc\u00ea vai querer reviver.<\/p>\n<h2>Fatos \u00fateis sobre a experi\u00eancia<\/h2>\n<ul>\n<li><strong>Rota:<\/strong> Dirija pelo Parque Nacional Nahuel Huapi, visitando El Bols\u00f3n e o Lago Puelo.<\/li>\n<li><strong>Hor\u00e1rio:<\/strong> Sa\u00edda \u00e0s 8h30min e retorno previsto para as 18h30min.<\/li>\n<li><strong>Servi\u00e7os inclu\u00eddos:<\/strong> Transporte e guia profissional (alternativa de guia bil\u00edngue extra por um custo adicional).<\/li>\n<li><strong>N\u00e3o inclu\u00eddo:<\/strong> Refei\u00e7\u00f5es e taxas de entrada em parques nacionais durante a viagem.<\/li>\n<\/ul>\n<h2>Perguntas frequentes (FAQ)<\/h2>\n<h3>A partida \u00e9 cancelada em caso de mau tempo?<\/h3>\n<p>N\u00e3o, o passeio \u00e9 garantido independentemente do clima. Lembre-se de que o clima na Patag\u00f4nia pode surpreend\u00ea-lo com suas mudan\u00e7as repentinas.<\/p>\n<h3>Qual \u00e9 o custo para entrar no parque nacional?<\/h3>\n<p>A taxa de entrada no Parque Nacional Lago Puelo \u00e9 paga separadamente, diretamente na entrada, e n\u00e3o est\u00e1 inclu\u00edda no pre\u00e7o do passeio.<\/p>","protected":false},"excerpt":{"rendered":"<p class=\"ai-optimize-6\">Desfrute de uma viagem \u00fanica de Bariloche at\u00e9 o encantador Bols\u00f3n e o Lago Puelo. Descubra vistas de tirar o f\u00f4lego, artesanato local e todo o esp\u00edrito patag\u00f4nico em uma proposta \u00fanica.<\/p>","protected":false},"featured_media":378047,"comment_status":"open","ping_status":"closed","template":"","meta":[],"product_brand":[],"product_cat":[25,29,30,32,33,36,37,39,43,44,46,47],"product_tag":[],"class_list":{"0":"post-377840","1":"product","2":"type-product","3":"status-publish","4":"has-post-thumbnail","6":"product_cat-adultos","7":"product_cat-con-traslado","8":"product_cat-familia","9":"product_cat-invierno","10":"product_cat-jubilados","11":"product_cat-ninos","12":"product_cat-otono","13":"product_cat-primavera","14":"product_cat-temporada","15":"product_cat-terrestre","16":"product_cat-todo-el-ano","17":"product_cat-verano","19":"first","20":"instock","21":"virtual","22":"sold-individually","23":"purchasable","24":"product-type-booking"},"booking_location":"","booking_location_type":"","booking_duration":1,"booking_duration_unit":"hour","booking_buffer":0,"booking_cost":59400,"booking_resources":[],"exclude_global_add_ons":[],"addons":[],"yoast_head":"<!-- This site is optimized with the Yoast SEO Premium plugin v25.2 (Yoast SEO v25.2) - https:\/\/yoast.com\/wordpress\/plugins\/seo\/ -->\n<title>El Bols\u00f3n y Lago Puelo | Excursi\u00f3n desde Bariloche - Navegaci\u00f3n AR<\/title>\n<meta name=\"description\" content=\"Visit\u00e1 El Bols\u00f3n y el Lago Puelo en una excursi\u00f3n \u00fanica desde Bariloche. Naturaleza, cultura artesanal y paisajes patag\u00f3nicos inolvidables.\" \/>\n<meta name=\"robots\" content=\"index, follow, max-snippet:-1, max-image-preview:large, max-video-preview:-1\" \/>\n<link rel=\"canonical\" href=\"https:\/\/navegacion.ar\/pt\/produto\/bolson-e-lago-puelo\/\" \/>\n<meta property=\"og:locale\" content=\"pt_BR\" \/>\n<meta property=\"og:type\" content=\"article\" \/>\n<meta property=\"og:title\" content=\"El Bols\u00f3n y Lago Puelo: ruta esc\u00e9nica, cultura artesanal y naturaleza viva\" \/>\n<meta property=\"og:description\" content=\"Visit\u00e1 El Bols\u00f3n y el Lago Puelo en una excursi\u00f3n \u00fanica desde Bariloche. Naturaleza, cultura artesanal y paisajes patag\u00f3nicos inolvidables.\" \/>\n<meta property=\"og:url\" content=\"https:\/\/navegacion.ar\/pt\/produto\/bolson-e-lago-puelo\/\" \/>\n<meta property=\"og:site_name\" content=\"Navegaci\u00f3n AR\" \/>\n<meta property=\"article:modified_time\" content=\"2025-10-13T15:11:22+00:00\" \/>\n<meta property=\"og:image\" content=\"https:\/\/navegacion.ar\/wp-content\/uploads\/sites\/3\/2025\/06\/9-A-El-Bolson-Guia-.com_.ar_-copia.jpg\" \/>\n\t<meta property=\"og:image:width\" content=\"850\" \/>\n\t<meta property=\"og:image:height\" content=\"1133\" \/>\n\t<meta property=\"og:image:type\" content=\"image\/jpeg\" \/>\n<meta name=\"twitter:card\" content=\"summary_large_image\" \/>\n<meta name=\"twitter:label1\" content=\"Pre\u00e7o\" \/>\n\t<meta name=\"twitter:data1\" content=\"&#036;59,400.00\" \/>\n\t<meta name=\"twitter:label2\" content=\"Disponibilidade\" \/>\n\t<meta name=\"twitter:data2\" content=\"Em Estoque\" \/>\n<script type=\"application\/ld+json\" class=\"yoast-schema-graph\">{\"@context\":\"https:\/\/schema.org\",\"@graph\":[{\"@type\":\"WebPage\",\"@id\":\"https:\/\/navegacion.ar\/producto\/bolson-y-lago-puelo\/\",\"url\":\"https:\/\/navegacion.ar\/producto\/bolson-y-lago-puelo\/\",\"name\":\"El Bols\u00f3n y Lago Puelo | Excursi\u00f3n desde Bariloche - Navegaci\u00f3n AR\",\"isPartOf\":{\"@id\":\"https:\/\/navegacion.ar\/#website\"},\"primaryImageOfPage\":{\"@id\":\"https:\/\/navegacion.ar\/producto\/bolson-y-lago-puelo\/#primaryimage\"},\"image\":{\"@id\":\"https:\/\/navegacion.ar\/producto\/bolson-y-lago-puelo\/#primaryimage\"},\"thumbnailUrl\":\"https:\/\/navegacion.ar\/wp-content\/uploads\/sites\/3\/2025\/06\/9-A-El-Bolson-Guia-.com_.ar_-copia.jpg\",\"datePublished\":\"2025-06-13T15:45:34+00:00\",\"dateModified\":\"2025-10-13T15:11:22+00:00\",\"description\":\"Visit\u00e1 El Bols\u00f3n y el Lago Puelo en una excursi\u00f3n \u00fanica desde Bariloche. Naturaleza, cultura artesanal y paisajes patag\u00f3nicos inolvidables.\",\"breadcrumb\":{\"@id\":\"https:\/\/navegacion.ar\/producto\/bolson-y-lago-puelo\/#breadcrumb\"},\"inLanguage\":\"pt-BR\",\"potentialAction\":[{\"@type\":\"ReadAction\",\"target\":[\"https:\/\/navegacion.ar\/producto\/bolson-y-lago-puelo\/\"]}]},{\"@type\":\"ImageObject\",\"inLanguage\":\"pt-BR\",\"@id\":\"https:\/\/navegacion.ar\/producto\/bolson-y-lago-puelo\/#primaryimage\",\"url\":\"https:\/\/navegacion.ar\/wp-content\/uploads\/sites\/3\/2025\/06\/9-A-El-Bolson-Guia-.com_.ar_-copia.jpg\",\"contentUrl\":\"https:\/\/navegacion.ar\/wp-content\/uploads\/sites\/3\/2025\/06\/9-A-El-Bolson-Guia-.com_.ar_-copia.jpg\",\"width\":850,\"height\":1133},{\"@type\":\"BreadcrumbList\",\"@id\":\"https:\/\/navegacion.ar\/producto\/bolson-y-lago-puelo\/#breadcrumb\",\"itemListElement\":[{\"@type\":\"ListItem\",\"position\":1,\"name\":\"Inicio\",\"item\":\"https:\/\/navegacion.ar\/\"},{\"@type\":\"ListItem\",\"position\":2,\"name\":\"Tienda\",\"item\":\"https:\/\/navegacion.ar\/tienda\/\"},{\"@type\":\"ListItem\",\"position\":3,\"name\":\"El Bols\u00f3n y Lago Puelo: ruta esc\u00e9nica, cultura artesanal y naturaleza viva\"}]},{\"@type\":\"WebSite\",\"@id\":\"https:\/\/navegacion.ar\/#website\",\"url\":\"https:\/\/navegacion.ar\/\",\"name\":\"Navegaci\u00f3n AR\",\"description\":\"\",\"potentialAction\":[{\"@type\":\"SearchAction\",\"target\":{\"@type\":\"EntryPoint\",\"urlTemplate\":\"https:\/\/navegacion.ar\/?s={search_term_string}\"},\"query-input\":{\"@type\":\"PropertyValueSpecification\",\"valueRequired\":true,\"valueName\":\"search_term_string\"}}],\"inLanguage\":\"pt-BR\"}]}<\/script>\n<meta property=\"product:price:amount\" content=\"59400.00\" \/>\n<meta property=\"product:price:currency\" content=\"ARS\" \/>\n<meta property=\"og:availability\" content=\"instock\" \/>\n<meta property=\"product:availability\" content=\"instock\" \/>\n<meta property=\"product:retailer_item_id\" content=\"ADV2025BOYLAPYFHS\" \/>\n<meta property=\"product:condition\" content=\"new\" \/>\n<!-- \/ Yoast SEO Premium plugin. -->","yoast_head_json":{"title":"El Bols\u00f3n e Lago Puelo | Excurs\u00e3o de Bariloche - Navega\u00e7\u00e3o AR","description":"Visite El Bols\u00f3n e o Lago Puelo em uma excurs\u00e3o exclusiva saindo de Bariloche. Natureza, cultura artesanal e paisagens patag\u00f4nicas inesquec\u00edveis.","robots":{"index":"index","follow":"follow","max-snippet":"max-snippet:-1","max-image-preview":"max-image-preview:large","max-video-preview":"max-video-preview:-1"},"canonical":"https:\/\/navegacion.ar\/pt\/produto\/bolson-e-lago-puelo\/","og_locale":"pt_BR","og_type":"article","og_title":"El Bols\u00f3n y Lago Puelo: ruta esc\u00e9nica, cultura artesanal y naturaleza viva","og_description":"Visit\u00e1 El Bols\u00f3n y el Lago Puelo en una excursi\u00f3n \u00fanica desde Bariloche. Naturaleza, cultura artesanal y paisajes patag\u00f3nicos inolvidables.","og_url":"https:\/\/navegacion.ar\/pt\/produto\/bolson-e-lago-puelo\/","og_site_name":"Navegaci\u00f3n AR","article_modified_time":"2025-10-13T15:11:22+00:00","og_image":[{"width":850,"height":1133,"url":"https:\/\/navegacion.ar\/wp-content\/uploads\/sites\/3\/2025\/06\/9-A-El-Bolson-Guia-.com_.ar_-copia.jpg","type":"image\/jpeg"}],"twitter_card":"summary_large_image","twitter_misc":{"Pre\u00e7o":"&#36;59,400.00","Disponibilidade":"Em Estoque"},"schema":{"@context":"https:\/\/schema.org","@graph":[{"@type":"WebPage","@id":"https:\/\/navegacion.ar\/producto\/bolson-y-lago-puelo\/","url":"https:\/\/navegacion.ar\/producto\/bolson-y-lago-puelo\/","name":"El Bols\u00f3n e Lago Puelo | Excurs\u00e3o de Bariloche - Navega\u00e7\u00e3o AR","isPartOf":{"@id":"https:\/\/navegacion.ar\/#website"},"primaryImageOfPage":{"@id":"https:\/\/navegacion.ar\/producto\/bolson-y-lago-puelo\/#primaryimage"},"image":{"@id":"https:\/\/navegacion.ar\/producto\/bolson-y-lago-puelo\/#primaryimage"},"thumbnailUrl":"https:\/\/navegacion.ar\/wp-content\/uploads\/sites\/3\/2025\/06\/9-A-El-Bolson-Guia-.com_.ar_-copia.jpg","datePublished":"2025-06-13T15:45:34+00:00","dateModified":"2025-10-13T15:11:22+00:00","description":"Visite El Bols\u00f3n e o Lago Puelo em uma excurs\u00e3o exclusiva saindo de Bariloche. Natureza, cultura artesanal e paisagens patag\u00f4nicas inesquec\u00edveis.","breadcrumb":{"@id":"https:\/\/navegacion.ar\/producto\/bolson-y-lago-puelo\/#breadcrumb"},"inLanguage":"pt-BR","potentialAction":[{"@type":"ReadAction","target":["https:\/\/navegacion.ar\/producto\/bolson-y-lago-puelo\/"]}]},{"@type":"ImageObject","inLanguage":"pt-BR","@id":"https:\/\/navegacion.ar\/producto\/bolson-y-lago-puelo\/#primaryimage","url":"https:\/\/navegacion.ar\/wp-content\/uploads\/sites\/3\/2025\/06\/9-A-El-Bolson-Guia-.com_.ar_-copia.jpg","contentUrl":"https:\/\/navegacion.ar\/wp-content\/uploads\/sites\/3\/2025\/06\/9-A-El-Bolson-Guia-.com_.ar_-copia.jpg","width":850,"height":1133},{"@type":"BreadcrumbList","@id":"https:\/\/navegacion.ar\/producto\/bolson-y-lago-puelo\/#breadcrumb","itemListElement":[{"@type":"ListItem","position":1,"name":"Inicio","item":"https:\/\/navegacion.ar\/"},{"@type":"ListItem","position":2,"name":"Tienda","item":"https:\/\/navegacion.ar\/tienda\/"},{"@type":"ListItem","position":3,"name":"El Bols\u00f3n y Lago Puelo: ruta esc\u00e9nica, cultura artesanal y naturaleza viva"}]},{"@type":"WebSite","@id":"https:\/\/navegacion.ar\/#website","url":"https:\/\/navegacion.ar\/","name":"Navega\u00e7\u00e3o AR","description":"","potentialAction":[{"@type":"SearchAction","target":{"@type":"EntryPoint","urlTemplate":"https:\/\/navegacion.ar\/?s={search_term_string}"},"query-input":{"@type":"PropertyValueSpecification","valueRequired":true,"valueName":"search_term_string"}}],"inLanguage":"pt-BR"}]},"product_price_amount":"59400.00","product_price_currency":"ARS","og_availability":"instock","product_availability":"instock","product_retailer_item_id":"ADV2025BOYLAPYFHS","product_condition":"new"},"_links":{"self":[{"href":"https:\/\/navegacion.ar\/pt\/wp-json\/wp\/v2\/product\/377840","targetHints":{"allow":["GET"]}}],"collection":[{"href":"https:\/\/navegacion.ar\/pt\/wp-json\/wp\/v2\/product"}],"about":[{"href":"https:\/\/navegacion.ar\/pt\/wp-json\/wp\/v2\/types\/product"}],"replies":[{"embeddable":true,"href":"https:\/\/navegacion.ar\/pt\/wp-json\/wp\/v2\/comments?post=377840"}],"wp:featuredmedia":[{"embeddable":true,"href":"https:\/\/navegacion.ar\/pt\/wp-json\/wp\/v2\/media\/378047"}],"wp:attachment":[{"href":"https:\/\/navegacion.ar\/pt\/wp-json\/wp\/v2\/media?parent=377840"}],"wp:term":[{"taxonomy":"product_brand","embeddable":true,"href":"https:\/\/navegacion.ar\/pt\/wp-json\/wp\/v2\/product_brand?post=377840"},{"taxonomy":"product_cat","embeddable":true,"href":"https:\/\/navegacion.ar\/pt\/wp-json\/wp\/v2\/product_cat?post=377840"},{"taxonomy":"product_tag","embeddable":true,"href":"https:\/\/navegacion.ar\/pt\/wp-json\/wp\/v2\/product_tag?post=377840"}],"curies":[{"name":"wp","href":"https:\/\/api.w.org\/{rel}","templated":true}]}}