{"id":377841,"date":"2025-06-13T12:45:52","date_gmt":"2025-06-13T15:45:52","guid":{"rendered":"https:\/\/navegacion.ar\/producto\/cerro-tronador-y-ventisquero-negro-exploracion-total-en-el-corazon-de-la-patagonia\/"},"modified":"2025-10-13T12:11:21","modified_gmt":"2025-10-13T15:11:21","slug":"cerro-tronador-y-ventisquero-negro","status":"publish","type":"product","link":"https:\/\/navegacion.ar\/pt\/produto\/cerro-tronador-e-ventisquero-negro\/","title":{"rendered":"Cerro Tronador e Ventisquero Negro: explora\u00e7\u00e3o completa no cora\u00e7\u00e3o da Patag\u00f4nia"},"content":{"rendered":"<h3 class=\"ai-optimize-6\" data-start=\"470\" data-end=\"552\"><strong data-start=\"474\" data-end=\"552\">Uma viagem a um dos cen\u00e1rios mais deslumbrantes dos Andes Patag\u00f4nicos.<\/strong><\/h3>\n<p class=\"ai-optimize-7\" data-start=\"554\" data-end=\"888\">Esta visita guiada prop\u00f5e que voc\u00ea se conecte com um dos lugares mais impressionantes do Parque Nacional Nahuel Huapi. O <strong data-start=\"666\" data-end=\"684\">Serra do Tronador<\/strong>, A Patag\u00f4nia, com sua neve permanente e geleiras em movimento, \u00e9 um cart\u00e3o postal da Patag\u00f4nia argentina e uma parada imperd\u00edvel para quem busca paisagens de tirar o f\u00f4lego e ar puro em uma experi\u00eancia ao ar livre que ser\u00e1 lembrada por toda a vida.<\/p>\n<p class=\"ai-optimize-8\" data-start=\"890\" data-end=\"1248\">A viagem come\u00e7a nos pontos de encontro em Bariloche (entre o centro e o km 8 da Av. Bustillo ou Av. Pioneros), percorrendo a rota c\u00eanica pr\u00f3xima aos lagos Gutierrez e Mascardi. Ao longo do caminho, voc\u00ea ter\u00e1 a chance de parar para tirar fotos em lugares como <strong data-start=\"1147\" data-end=\"1162\">Praia Negra<\/strong> e o <strong data-start=\"1168\" data-end=\"1198\">Mirante da Ilha do Cora\u00e7\u00e3o<\/strong>, e uma pausa no acampamento Los R\u00e1pidos.<\/p>\n<p class=\"ai-optimize-9\" data-start=\"1250\" data-end=\"1591\">Voc\u00ea segue a aventura at\u00e9 chegar ao <strong data-start=\"1287\" data-end=\"1308\">Neve Negra<\/strong>, Uma geleira espec\u00edfica que desce do topo do Cerro Tronador. De l\u00e1, voc\u00ea se maravilhar\u00e1 com a diferen\u00e7a entre o gelo escuro e os picos brancos. Em <strong data-start=\"1490\" data-end=\"1505\">Pampa Linda<\/strong>, Voc\u00ea ter\u00e1 tempo livre para almo\u00e7ar nos paradores locais e relaxar na natureza patag\u00f4nica.<\/p>\n<p class=\"ai-optimize-10\" data-start=\"1593\" data-end=\"1835\">A excurs\u00e3o \u00e9 realizada entre 9:00 e 18:30 aproximadamente, incluindo transporte, guia que fala ingl\u00eas e paradas importantes para explorar esse lugar \u00fanico em profundidade. N\u00e3o inclui refei\u00e7\u00f5es nem a taxa de entrada no Parque Nacional, que \u00e9 paga separadamente. As vagas s\u00e3o limitadas: n\u00e3o perca a oportunidade!<\/p>\n<h3 class=\"ai-optimize-11\" data-start=\"1842\" data-end=\"1870\"><strong data-start=\"1846\" data-end=\"1870\">Perguntas frequentes<\/strong><\/h3>\n<p class=\"ai-optimize-12\" data-start=\"1872\" data-end=\"2010\"><strong data-start=\"1872\" data-end=\"1908\">Voc\u00ea precisa fazer treinamento f\u00edsico?<\/strong><br data-start=\"1908\" data-end=\"1911\" \/>Isso n\u00e3o \u00e9 necess\u00e1rio. Esta \u00e9 uma excurs\u00e3o de ve\u00edculo com caminhadas curtas at\u00e9 os pontos de vista. \u00c9 adequado para todas as idades.<\/p>\n<p class=\"ai-optimize-13\" data-start=\"2012\" data-end=\"2124\"><strong data-start=\"2012\" data-end=\"2038\">Onde voc\u00ea pode almo\u00e7ar?<\/strong><br data-start=\"2038\" data-end=\"2041\" \/>Em Pampa Linda, h\u00e1 pousadas que oferecem pratos t\u00edpicos e bebidas para repor suas energias.<\/p>\n<p class=\"ai-optimize-14\" data-start=\"2126\" data-end=\"2290\"><strong data-start=\"2126\" data-end=\"2160\">O que levar para o passeio?<\/strong><br data-start=\"2160\" data-end=\"2163\" \/>Roupas confort\u00e1veis, agasalhos, cal\u00e7ados para caminhada ou t\u00eanis, protetor solar, \u00e1gua e algum dinheiro para a entrada no parque e as refei\u00e7\u00f5es.<\/p>\n<p class=\"ai-optimize-15\" data-start=\"2292\" data-end=\"2476\"><strong data-start=\"2292\" data-end=\"2322\">O que o servi\u00e7o cobre?<\/strong><br data-start=\"2322\" data-end=\"2325\" \/>Inclui traslados de ida e volta aos pontos de encontro, guia tur\u00edstico e o passeio completo. O almo\u00e7o e o ingresso para o Parque Nacional Nahuel Huapi n\u00e3o est\u00e3o inclu\u00eddos.<\/p>","protected":false},"excerpt":{"rendered":"<p class=\"ai-optimize-16\">Viva uma experi\u00eancia \u00fanica em um passeio pelo Parque Nacional Nahuel Huapi, onde as vistas de tirar o f\u00f4lego do Cerro Tronador e a incr\u00edvel Geleira Ventisquero Negro esperam por voc\u00ea. Desfrute de uma combina\u00e7\u00e3o ideal de paisagens naturais, emo\u00e7\u00e3o e conforto.<\/p>","protected":false},"featured_media":377435,"comment_status":"open","ping_status":"closed","template":"","meta":[],"product_brand":[],"product_cat":[29,32,37,38,39,43,44,46,47],"product_tag":[],"class_list":{"0":"post-377841","1":"product","2":"type-product","3":"status-publish","4":"has-post-thumbnail","6":"product_cat-con-traslado","7":"product_cat-invierno","8":"product_cat-otono","9":"product_cat-otros","10":"product_cat-primavera","11":"product_cat-temporada","12":"product_cat-terrestre","13":"product_cat-todo-el-ano","14":"product_cat-verano","16":"first","17":"instock","18":"virtual","19":"sold-individually","20":"purchasable","21":"product-type-booking"},"booking_location":"","booking_location_type":"","booking_duration":1,"booking_duration_unit":"hour","booking_buffer":0,"booking_cost":59400,"booking_resources":[],"exclude_global_add_ons":[],"addons":[],"yoast_head":"<!-- This site is optimized with the Yoast SEO Premium plugin v25.2 (Yoast SEO v25.2) - https:\/\/yoast.com\/wordpress\/plugins\/seo\/ -->\n<title>Cerro Tronador y Ventisquero Negro | Excursi\u00f3n Bariloche - Navegaci\u00f3n AR<\/title>\n<meta name=\"description\" content=\"Explor\u00e1 el imponente Cerro Tronador y el Ventisquero Negro en una excursi\u00f3n \u00fanica desde Bariloche. Naturaleza y paisajes inolvidables.\" \/>\n<meta name=\"robots\" content=\"index, follow, max-snippet:-1, max-image-preview:large, max-video-preview:-1\" \/>\n<link rel=\"canonical\" href=\"https:\/\/navegacion.ar\/pt\/produto\/cerro-tronador-e-ventisquero-negro\/\" \/>\n<meta property=\"og:locale\" content=\"pt_BR\" \/>\n<meta property=\"og:type\" content=\"article\" \/>\n<meta property=\"og:title\" content=\"Cerro Tronador y Ventisquero Negro: exploraci\u00f3n total en el coraz\u00f3n de la Patagonia\" \/>\n<meta property=\"og:description\" content=\"Explor\u00e1 el imponente Cerro Tronador y el Ventisquero Negro en una excursi\u00f3n \u00fanica desde Bariloche. Naturaleza y paisajes inolvidables.\" \/>\n<meta property=\"og:url\" content=\"https:\/\/navegacion.ar\/pt\/produto\/cerro-tronador-e-ventisquero-negro\/\" \/>\n<meta property=\"og:site_name\" content=\"Navegaci\u00f3n AR\" \/>\n<meta property=\"article:modified_time\" content=\"2025-10-13T15:11:21+00:00\" \/>\n<meta property=\"og:image\" content=\"https:\/\/navegacion.ar\/wp-content\/uploads\/sites\/3\/2025\/03\/CerroTronador_icon_1140_1601315371-1.jpg\" \/>\n\t<meta property=\"og:image:width\" content=\"1140\" \/>\n\t<meta property=\"og:image:height\" content=\"855\" \/>\n\t<meta property=\"og:image:type\" content=\"image\/jpeg\" \/>\n<meta name=\"twitter:card\" content=\"summary_large_image\" \/>\n<meta name=\"twitter:label1\" content=\"Pre\u00e7o\" \/>\n\t<meta name=\"twitter:data1\" content=\"&#036;59,400.00\" \/>\n\t<meta name=\"twitter:label2\" content=\"Disponibilidade\" \/>\n\t<meta name=\"twitter:data2\" content=\"Em Estoque\" \/>\n<script type=\"application\/ld+json\" class=\"yoast-schema-graph\">{\"@context\":\"https:\/\/schema.org\",\"@graph\":[{\"@type\":\"WebPage\",\"@id\":\"https:\/\/navegacion.ar\/producto\/cerro-tronador-y-ventisquero-negro\/\",\"url\":\"https:\/\/navegacion.ar\/producto\/cerro-tronador-y-ventisquero-negro\/\",\"name\":\"Cerro Tronador y Ventisquero Negro | Excursi\u00f3n Bariloche - Navegaci\u00f3n AR\",\"isPartOf\":{\"@id\":\"https:\/\/navegacion.ar\/#website\"},\"primaryImageOfPage\":{\"@id\":\"https:\/\/navegacion.ar\/producto\/cerro-tronador-y-ventisquero-negro\/#primaryimage\"},\"image\":{\"@id\":\"https:\/\/navegacion.ar\/producto\/cerro-tronador-y-ventisquero-negro\/#primaryimage\"},\"thumbnailUrl\":\"https:\/\/navegacion.ar\/wp-content\/uploads\/sites\/3\/2025\/03\/CerroTronador_icon_1140_1601315371-1.jpg\",\"datePublished\":\"2025-06-13T15:45:52+00:00\",\"dateModified\":\"2025-10-13T15:11:21+00:00\",\"description\":\"Explor\u00e1 el imponente Cerro Tronador y el Ventisquero Negro en una excursi\u00f3n \u00fanica desde Bariloche. Naturaleza y paisajes inolvidables.\",\"breadcrumb\":{\"@id\":\"https:\/\/navegacion.ar\/producto\/cerro-tronador-y-ventisquero-negro\/#breadcrumb\"},\"inLanguage\":\"pt-BR\",\"potentialAction\":[{\"@type\":\"ReadAction\",\"target\":[\"https:\/\/navegacion.ar\/producto\/cerro-tronador-y-ventisquero-negro\/\"]}]},{\"@type\":\"ImageObject\",\"inLanguage\":\"pt-BR\",\"@id\":\"https:\/\/navegacion.ar\/producto\/cerro-tronador-y-ventisquero-negro\/#primaryimage\",\"url\":\"https:\/\/navegacion.ar\/wp-content\/uploads\/sites\/3\/2025\/03\/CerroTronador_icon_1140_1601315371-1.jpg\",\"contentUrl\":\"https:\/\/navegacion.ar\/wp-content\/uploads\/sites\/3\/2025\/03\/CerroTronador_icon_1140_1601315371-1.jpg\",\"width\":1140,\"height\":855},{\"@type\":\"BreadcrumbList\",\"@id\":\"https:\/\/navegacion.ar\/producto\/cerro-tronador-y-ventisquero-negro\/#breadcrumb\",\"itemListElement\":[{\"@type\":\"ListItem\",\"position\":1,\"name\":\"Inicio\",\"item\":\"https:\/\/navegacion.ar\/\"},{\"@type\":\"ListItem\",\"position\":2,\"name\":\"Tienda\",\"item\":\"https:\/\/navegacion.ar\/tienda\/\"},{\"@type\":\"ListItem\",\"position\":3,\"name\":\"Cerro Tronador y Ventisquero Negro: exploraci\u00f3n total en el coraz\u00f3n de la Patagonia\"}]},{\"@type\":\"WebSite\",\"@id\":\"https:\/\/navegacion.ar\/#website\",\"url\":\"https:\/\/navegacion.ar\/\",\"name\":\"Navegaci\u00f3n AR\",\"description\":\"\",\"potentialAction\":[{\"@type\":\"SearchAction\",\"target\":{\"@type\":\"EntryPoint\",\"urlTemplate\":\"https:\/\/navegacion.ar\/?s={search_term_string}\"},\"query-input\":{\"@type\":\"PropertyValueSpecification\",\"valueRequired\":true,\"valueName\":\"search_term_string\"}}],\"inLanguage\":\"pt-BR\"}]}<\/script>\n<meta property=\"product:price:amount\" content=\"59400.00\" \/>\n<meta property=\"product:price:currency\" content=\"ARS\" \/>\n<meta property=\"og:availability\" content=\"instock\" \/>\n<meta property=\"product:availability\" content=\"instock\" \/>\n<meta property=\"product:retailer_item_id\" content=\"ADV2025CETRYVHMNO\" \/>\n<meta property=\"product:condition\" content=\"new\" \/>\n<!-- \/ Yoast SEO Premium plugin. -->","yoast_head_json":{"title":"Cerro Tronador e Ventisquero Negro - Excurs\u00e3o a Bariloche - Navega\u00e7\u00e3o AR","description":"Explore o imponente Cerro Tronador e o Ventisquero Negro em uma excurs\u00e3o exclusiva saindo de Bariloche. Natureza e paisagens inesquec\u00edveis.","robots":{"index":"index","follow":"follow","max-snippet":"max-snippet:-1","max-image-preview":"max-image-preview:large","max-video-preview":"max-video-preview:-1"},"canonical":"https:\/\/navegacion.ar\/pt\/produto\/cerro-tronador-e-ventisquero-negro\/","og_locale":"pt_BR","og_type":"article","og_title":"Cerro Tronador y Ventisquero Negro: exploraci\u00f3n total en el coraz\u00f3n de la Patagonia","og_description":"Explor\u00e1 el imponente Cerro Tronador y el Ventisquero Negro en una excursi\u00f3n \u00fanica desde Bariloche. Naturaleza y paisajes inolvidables.","og_url":"https:\/\/navegacion.ar\/pt\/produto\/cerro-tronador-e-ventisquero-negro\/","og_site_name":"Navegaci\u00f3n AR","article_modified_time":"2025-10-13T15:11:21+00:00","og_image":[{"width":1140,"height":855,"url":"https:\/\/navegacion.ar\/wp-content\/uploads\/sites\/3\/2025\/03\/CerroTronador_icon_1140_1601315371-1.jpg","type":"image\/jpeg"}],"twitter_card":"summary_large_image","twitter_misc":{"Pre\u00e7o":"&#36;59,400.00","Disponibilidade":"Em Estoque"},"schema":{"@context":"https:\/\/schema.org","@graph":[{"@type":"WebPage","@id":"https:\/\/navegacion.ar\/producto\/cerro-tronador-y-ventisquero-negro\/","url":"https:\/\/navegacion.ar\/producto\/cerro-tronador-y-ventisquero-negro\/","name":"Cerro Tronador e Ventisquero Negro - Excurs\u00e3o a Bariloche - Navega\u00e7\u00e3o AR","isPartOf":{"@id":"https:\/\/navegacion.ar\/#website"},"primaryImageOfPage":{"@id":"https:\/\/navegacion.ar\/producto\/cerro-tronador-y-ventisquero-negro\/#primaryimage"},"image":{"@id":"https:\/\/navegacion.ar\/producto\/cerro-tronador-y-ventisquero-negro\/#primaryimage"},"thumbnailUrl":"https:\/\/navegacion.ar\/wp-content\/uploads\/sites\/3\/2025\/03\/CerroTronador_icon_1140_1601315371-1.jpg","datePublished":"2025-06-13T15:45:52+00:00","dateModified":"2025-10-13T15:11:21+00:00","description":"Explore o imponente Cerro Tronador e o Ventisquero Negro em uma excurs\u00e3o exclusiva saindo de Bariloche. Natureza e paisagens inesquec\u00edveis.","breadcrumb":{"@id":"https:\/\/navegacion.ar\/producto\/cerro-tronador-y-ventisquero-negro\/#breadcrumb"},"inLanguage":"pt-BR","potentialAction":[{"@type":"ReadAction","target":["https:\/\/navegacion.ar\/producto\/cerro-tronador-y-ventisquero-negro\/"]}]},{"@type":"ImageObject","inLanguage":"pt-BR","@id":"https:\/\/navegacion.ar\/producto\/cerro-tronador-y-ventisquero-negro\/#primaryimage","url":"https:\/\/navegacion.ar\/wp-content\/uploads\/sites\/3\/2025\/03\/CerroTronador_icon_1140_1601315371-1.jpg","contentUrl":"https:\/\/navegacion.ar\/wp-content\/uploads\/sites\/3\/2025\/03\/CerroTronador_icon_1140_1601315371-1.jpg","width":1140,"height":855},{"@type":"BreadcrumbList","@id":"https:\/\/navegacion.ar\/producto\/cerro-tronador-y-ventisquero-negro\/#breadcrumb","itemListElement":[{"@type":"ListItem","position":1,"name":"Inicio","item":"https:\/\/navegacion.ar\/"},{"@type":"ListItem","position":2,"name":"Tienda","item":"https:\/\/navegacion.ar\/tienda\/"},{"@type":"ListItem","position":3,"name":"Cerro Tronador y Ventisquero Negro: exploraci\u00f3n total en el coraz\u00f3n de la Patagonia"}]},{"@type":"WebSite","@id":"https:\/\/navegacion.ar\/#website","url":"https:\/\/navegacion.ar\/","name":"Navega\u00e7\u00e3o AR","description":"","potentialAction":[{"@type":"SearchAction","target":{"@type":"EntryPoint","urlTemplate":"https:\/\/navegacion.ar\/?s={search_term_string}"},"query-input":{"@type":"PropertyValueSpecification","valueRequired":true,"valueName":"search_term_string"}}],"inLanguage":"pt-BR"}]},"product_price_amount":"59400.00","product_price_currency":"ARS","og_availability":"instock","product_availability":"instock","product_retailer_item_id":"ADV2025CETRYVHMNO","product_condition":"new"},"_links":{"self":[{"href":"https:\/\/navegacion.ar\/pt\/wp-json\/wp\/v2\/product\/377841","targetHints":{"allow":["GET"]}}],"collection":[{"href":"https:\/\/navegacion.ar\/pt\/wp-json\/wp\/v2\/product"}],"about":[{"href":"https:\/\/navegacion.ar\/pt\/wp-json\/wp\/v2\/types\/product"}],"replies":[{"embeddable":true,"href":"https:\/\/navegacion.ar\/pt\/wp-json\/wp\/v2\/comments?post=377841"}],"wp:featuredmedia":[{"embeddable":true,"href":"https:\/\/navegacion.ar\/pt\/wp-json\/wp\/v2\/media\/377435"}],"wp:attachment":[{"href":"https:\/\/navegacion.ar\/pt\/wp-json\/wp\/v2\/media?parent=377841"}],"wp:term":[{"taxonomy":"product_brand","embeddable":true,"href":"https:\/\/navegacion.ar\/pt\/wp-json\/wp\/v2\/product_brand?post=377841"},{"taxonomy":"product_cat","embeddable":true,"href":"https:\/\/navegacion.ar\/pt\/wp-json\/wp\/v2\/product_cat?post=377841"},{"taxonomy":"product_tag","embeddable":true,"href":"https:\/\/navegacion.ar\/pt\/wp-json\/wp\/v2\/product_tag?post=377841"}],"curies":[{"name":"wp","href":"https:\/\/api.w.org\/{rel}","templated":true}]}}