{"id":377843,"date":"2025-06-13T12:46:31","date_gmt":"2025-06-13T15:46:31","guid":{"rendered":"https:\/\/navegacion.ar\/producto\/circuito-chico-y-cerro-campanario-explora-bariloche-como-nunca-antes\/"},"modified":"2026-02-16T09:31:21","modified_gmt":"2026-02-16T12:31:21","slug":"circuito-chico-cerro-campanario","status":"publish","type":"product","link":"https:\/\/navegacion.ar\/pt\/produto\/cerro-campanario-small-circuit\/","title":{"rendered":"Circuito Chico e Cerro Campanario: explore Bariloche como nunca antes"},"content":{"rendered":"<h3 class=\"ai-optimize-6\" data-start=\"417\" data-end=\"500\"><strong data-start=\"421\" data-end=\"500\">Paisagens inesquec\u00edveis, rotas emblem\u00e1ticas e cart\u00f5es-postais que v\u00e3o mexer com voc\u00ea.<\/strong><\/h3>\n<p class=\"ai-optimize-7 ai-optimize-introduction\" data-start=\"502\" data-end=\"756\">Venha conhecer, em apenas meio dia, o lado mais emblem\u00e1tico de Bariloche por meio de um passeio projetado para aqueles que querem mergulhar na natureza, na hist\u00f3ria e em vistas que ficar\u00e3o para sempre. Os <strong data-start=\"677\" data-end=\"695\">Circuito pequeno<\/strong> \u00e9 a maneira ideal de iniciar sua conex\u00e3o com a cidade.<\/p>\n<p class=\"ai-optimize-8\" data-start=\"758\" data-end=\"1088\">O passeio come\u00e7a nos pontos de encontro entre o centro e o km 8 da Av. Bustillo ou Av. Pioneros. Durante o passeio, voc\u00ea percorrer\u00e1 a <strong data-start=\"910\" data-end=\"931\">Lago Nahuel Huapi<\/strong>, admirar a impon\u00eancia <strong data-start=\"957\" data-end=\"976\">Hotel Llao Llao<\/strong>, o cl\u00e1ssico <strong data-start=\"993\" data-end=\"1016\">Capela de S\u00e3o Eduardo<\/strong> e o <strong data-start=\"1022\" data-end=\"1040\">Puerto Pa\u00f1uelo<\/strong>, onde come\u00e7am os passeios de barco.<\/p>\n<p class=\"ai-optimize-9\" data-start=\"1090\" data-end=\"1241\">Voc\u00ea tamb\u00e9m chegar\u00e1 a lugares como <strong data-start=\"1125\" data-end=\"1140\">Vila Tacul<\/strong>, o <strong data-start=\"1145\" data-end=\"1163\">Lago escondido<\/strong> e o <strong data-start=\"1169\" data-end=\"1184\">Cerro L\u00f3pez<\/strong>, parando para tirar fotos e se deixar envolver pelo ambiente patag\u00f4nico.<\/p>\n<p class=\"ai-optimize-10\" data-start=\"1243\" data-end=\"1484\">A aventura termina no <strong data-start=\"1272\" data-end=\"1292\">Cerro Campanario<\/strong>, Voc\u00ea pode optar por pegar um telef\u00e9rico at\u00e9 um mirante escolhido entre os melhores do planeta. Do alto, a vista panor\u00e2mica das montanhas, lagos e vales o deixar\u00e1 sem palavras.<\/p>\n<p class=\"ai-optimize-11\" data-start=\"1486\" data-end=\"1665\">O passeio \u00e9 das 8h30min \u00e0s 12h30min ou das 14h30min \u00e0s 19h. Inclui transporte e guia profissional em espanhol (bil\u00edngue opcional). N\u00e3o inclui o ingresso do telef\u00e9rico, almo\u00e7o ou lanches.<\/p>\n<h3 class=\"ai-optimize-12\" data-start=\"1672\" data-end=\"1700\"><strong data-start=\"1676\" data-end=\"1700\">D\u00favidas comuns<\/strong><\/h3>\n<p class=\"ai-optimize-13\" data-start=\"1702\" data-end=\"1844\"><strong data-start=\"1702\" data-end=\"1746\">Ele pode ser combinado com outra excurs\u00e3o?<\/strong><br data-start=\"1746\" data-end=\"1749\" \/>Sim, \u00e9 perfeito para uma viagem posterior ao <strong data-start=\"1787\" data-end=\"1805\">Cerro Catedral<\/strong> ou uma sa\u00edda para o <strong data-start=\"1813\" data-end=\"1830\">Ilha Victoria<\/strong>.<\/p>\n<p class=\"ai-optimize-14\" data-start=\"1846\" data-end=\"1951\"><strong data-start=\"1846\" data-end=\"1878\">O telef\u00e9rico est\u00e1 inclu\u00eddo?<\/strong><br data-start=\"1878\" data-end=\"1881\" \/>N\u00e3o, a subida ao Cerro Campanario \u00e9 opcional e deve ser paga separadamente no destino.<\/p>\n<p class=\"ai-optimize-15\" data-start=\"1953\" data-end=\"2056\"><strong data-start=\"1953\" data-end=\"1986\">Como fa\u00e7o para entrar no Llao Llao Llao Hotel?<\/strong><br data-start=\"1986\" data-end=\"1989\" \/>N\u00e3o. Voc\u00ea apenas aprecia a vista externa e a incr\u00edvel paisagem que a cerca.<\/p>\n<p class=\"ai-optimize-16\" data-start=\"2058\" data-end=\"2192\"><strong data-start=\"2058\" data-end=\"2082\">Ele envolve atividade f\u00edsica?<\/strong><br data-start=\"2082\" data-end=\"2085\" \/>Voc\u00ea n\u00e3o precisar\u00e1 de nenhum esfor\u00e7o f\u00edsico. \u00c9 adequado para todos e altamente recomendado para explorar Bariloche pela primeira vez.<\/p>","protected":false},"excerpt":{"rendered":"<p class=\"ai-optimize-6\">Mergulhe em Bariloche com o Circuito Chico e a subida ao Cerro Campanario. Passeie pela pitoresca Avenida Bustillo, contemple a impon\u00eancia do Hotel Llao Llao Llao e suba o Cerro Campanario para desfrutar de vistas panor\u00e2micas \u00fanicas. Uma experi\u00eancia de paisagens deslumbrantes, conforto e aventura inigual\u00e1vel.<\/p>","protected":false},"featured_media":377163,"comment_status":"open","ping_status":"closed","template":"","meta":[],"product_brand":[],"product_cat":[25,29,30,32,33,36,37,38,39,43,44,46,47],"product_tag":[],"class_list":{"0":"post-377843","1":"product","2":"type-product","3":"status-publish","4":"has-post-thumbnail","6":"product_cat-adultos","7":"product_cat-con-traslado","8":"product_cat-familia","9":"product_cat-invierno","10":"product_cat-jubilados","11":"product_cat-ninos","12":"product_cat-otono","13":"product_cat-otros","14":"product_cat-primavera","15":"product_cat-temporada","16":"product_cat-terrestre","17":"product_cat-todo-el-ano","18":"product_cat-verano","20":"first","21":"instock","22":"virtual","23":"sold-individually","24":"purchasable","25":"product-type-booking"},"booking_location":"","booking_location_type":"","booking_duration":1,"booking_duration_unit":"hour","booking_buffer":0,"booking_cost":26000,"booking_resources":[],"exclude_global_add_ons":[],"addons":[],"yoast_head":"<!-- This site is optimized with the Yoast SEO Premium plugin v25.2 (Yoast SEO v25.2) - https:\/\/yoast.com\/wordpress\/plugins\/seo\/ -->\n<title>Circuito Chico y Cerro Campanario - Navegaci\u00f3n AR<\/title>\n<meta name=\"description\" content=\"Recorr\u00e9 el Circuito Chico y sub\u00ed al Cerro Campanario para disfrutar las mejores vistas de Bariloche en una excursi\u00f3n inolvidable.\" \/>\n<meta name=\"robots\" content=\"index, follow, max-snippet:-1, max-image-preview:large, max-video-preview:-1\" \/>\n<link rel=\"canonical\" href=\"https:\/\/navegacion.ar\/pt\/produto\/cerro-campanario-small-circuit\/\" \/>\n<meta property=\"og:locale\" content=\"pt_BR\" \/>\n<meta property=\"og:type\" content=\"article\" \/>\n<meta property=\"og:title\" content=\"Circuito Chico y Cerro Campanario: explor\u00e1 Bariloche como nunca antes\" \/>\n<meta property=\"og:description\" content=\"Recorr\u00e9 el Circuito Chico y sub\u00ed al Cerro Campanario para disfrutar las mejores vistas de Bariloche en una excursi\u00f3n inolvidable.\" \/>\n<meta property=\"og:url\" content=\"https:\/\/navegacion.ar\/pt\/produto\/cerro-campanario-small-circuit\/\" \/>\n<meta property=\"og:site_name\" content=\"Navegaci\u00f3n AR\" \/>\n<meta property=\"article:modified_time\" content=\"2026-02-16T12:31:21+00:00\" \/>\n<meta property=\"og:image\" content=\"https:\/\/navegacion.ar\/wp-content\/uploads\/sites\/3\/2025\/03\/CircuitoChico_image4_1140_1601385625.jpg\" \/>\n\t<meta property=\"og:image:width\" content=\"1140\" \/>\n\t<meta property=\"og:image:height\" content=\"855\" \/>\n\t<meta property=\"og:image:type\" content=\"image\/jpeg\" \/>\n<meta name=\"twitter:card\" content=\"summary_large_image\" \/>\n<meta name=\"twitter:label1\" content=\"Pre\u00e7o\" \/>\n\t<meta name=\"twitter:data1\" content=\"&#036;26,000.00\" \/>\n\t<meta name=\"twitter:label2\" content=\"Disponibilidade\" \/>\n\t<meta name=\"twitter:data2\" content=\"Em Estoque\" \/>\n<script type=\"application\/ld+json\" class=\"yoast-schema-graph\">{\"@context\":\"https:\/\/schema.org\",\"@graph\":[{\"@type\":\"WebPage\",\"@id\":\"https:\/\/navegacion.ar\/producto\/circuito-chico-cerro-campanario\/\",\"url\":\"https:\/\/navegacion.ar\/producto\/circuito-chico-cerro-campanario\/\",\"name\":\"Circuito Chico y Cerro Campanario - Navegaci\u00f3n AR\",\"isPartOf\":{\"@id\":\"https:\/\/navegacion.ar\/#website\"},\"primaryImageOfPage\":{\"@id\":\"https:\/\/navegacion.ar\/producto\/circuito-chico-cerro-campanario\/#primaryimage\"},\"image\":{\"@id\":\"https:\/\/navegacion.ar\/producto\/circuito-chico-cerro-campanario\/#primaryimage\"},\"thumbnailUrl\":\"https:\/\/navegacion.ar\/wp-content\/uploads\/sites\/3\/2025\/03\/CircuitoChico_image4_1140_1601385625.jpg\",\"datePublished\":\"2025-06-13T15:46:31+00:00\",\"dateModified\":\"2026-02-16T12:31:21+00:00\",\"description\":\"Recorr\u00e9 el Circuito Chico y sub\u00ed al Cerro Campanario para disfrutar las mejores vistas de Bariloche en una excursi\u00f3n inolvidable.\",\"breadcrumb\":{\"@id\":\"https:\/\/navegacion.ar\/producto\/circuito-chico-cerro-campanario\/#breadcrumb\"},\"inLanguage\":\"pt-BR\",\"potentialAction\":[{\"@type\":\"ReadAction\",\"target\":[\"https:\/\/navegacion.ar\/producto\/circuito-chico-cerro-campanario\/\"]}]},{\"@type\":\"ImageObject\",\"inLanguage\":\"pt-BR\",\"@id\":\"https:\/\/navegacion.ar\/producto\/circuito-chico-cerro-campanario\/#primaryimage\",\"url\":\"https:\/\/navegacion.ar\/wp-content\/uploads\/sites\/3\/2025\/03\/CircuitoChico_image4_1140_1601385625.jpg\",\"contentUrl\":\"https:\/\/navegacion.ar\/wp-content\/uploads\/sites\/3\/2025\/03\/CircuitoChico_image4_1140_1601385625.jpg\",\"width\":1140,\"height\":855},{\"@type\":\"BreadcrumbList\",\"@id\":\"https:\/\/navegacion.ar\/producto\/circuito-chico-cerro-campanario\/#breadcrumb\",\"itemListElement\":[{\"@type\":\"ListItem\",\"position\":1,\"name\":\"Inicio\",\"item\":\"https:\/\/navegacion.ar\/\"},{\"@type\":\"ListItem\",\"position\":2,\"name\":\"Tienda\",\"item\":\"https:\/\/navegacion.ar\/tienda\/\"},{\"@type\":\"ListItem\",\"position\":3,\"name\":\"Circuito Chico y Cerro Campanario: explor\u00e1 Bariloche como nunca antes\"}]},{\"@type\":\"WebSite\",\"@id\":\"https:\/\/navegacion.ar\/#website\",\"url\":\"https:\/\/navegacion.ar\/\",\"name\":\"Navegaci\u00f3n AR\",\"description\":\"\",\"potentialAction\":[{\"@type\":\"SearchAction\",\"target\":{\"@type\":\"EntryPoint\",\"urlTemplate\":\"https:\/\/navegacion.ar\/?s={search_term_string}\"},\"query-input\":{\"@type\":\"PropertyValueSpecification\",\"valueRequired\":true,\"valueName\":\"search_term_string\"}}],\"inLanguage\":\"pt-BR\"}]}<\/script>\n<meta property=\"product:price:amount\" content=\"26000.00\" \/>\n<meta property=\"product:price:currency\" content=\"ARS\" \/>\n<meta property=\"og:availability\" content=\"instock\" \/>\n<meta property=\"product:availability\" content=\"instock\" \/>\n<meta property=\"product:retailer_item_id\" content=\"ADV2025CICHYC1KOR\" \/>\n<meta property=\"product:condition\" content=\"new\" \/>\n<!-- \/ Yoast SEO Premium plugin. -->","yoast_head_json":{"title":"Circuito Chico e Cerro Campanario - Navega\u00e7\u00e3o AR","description":"Caminhe pelo Circuito Chico e suba o Cerro Campanario para apreciar as melhores vistas de Bariloche em uma excurs\u00e3o inesquec\u00edvel.","robots":{"index":"index","follow":"follow","max-snippet":"max-snippet:-1","max-image-preview":"max-image-preview:large","max-video-preview":"max-video-preview:-1"},"canonical":"https:\/\/navegacion.ar\/pt\/produto\/cerro-campanario-small-circuit\/","og_locale":"pt_BR","og_type":"article","og_title":"Circuito Chico y Cerro Campanario: explor\u00e1 Bariloche como nunca antes","og_description":"Recorr\u00e9 el Circuito Chico y sub\u00ed al Cerro Campanario para disfrutar las mejores vistas de Bariloche en una excursi\u00f3n inolvidable.","og_url":"https:\/\/navegacion.ar\/pt\/produto\/cerro-campanario-small-circuit\/","og_site_name":"Navegaci\u00f3n AR","article_modified_time":"2026-02-16T12:31:21+00:00","og_image":[{"width":1140,"height":855,"url":"https:\/\/navegacion.ar\/wp-content\/uploads\/sites\/3\/2025\/03\/CircuitoChico_image4_1140_1601385625.jpg","type":"image\/jpeg"}],"twitter_card":"summary_large_image","twitter_misc":{"Pre\u00e7o":"&#36;26,000.00","Disponibilidade":"Em Estoque"},"schema":{"@context":"https:\/\/schema.org","@graph":[{"@type":"WebPage","@id":"https:\/\/navegacion.ar\/producto\/circuito-chico-cerro-campanario\/","url":"https:\/\/navegacion.ar\/producto\/circuito-chico-cerro-campanario\/","name":"Circuito Chico e Cerro Campanario - Navega\u00e7\u00e3o AR","isPartOf":{"@id":"https:\/\/navegacion.ar\/#website"},"primaryImageOfPage":{"@id":"https:\/\/navegacion.ar\/producto\/circuito-chico-cerro-campanario\/#primaryimage"},"image":{"@id":"https:\/\/navegacion.ar\/producto\/circuito-chico-cerro-campanario\/#primaryimage"},"thumbnailUrl":"https:\/\/navegacion.ar\/wp-content\/uploads\/sites\/3\/2025\/03\/CircuitoChico_image4_1140_1601385625.jpg","datePublished":"2025-06-13T15:46:31+00:00","dateModified":"2026-02-16T12:31:21+00:00","description":"Caminhe pelo Circuito Chico e suba o Cerro Campanario para apreciar as melhores vistas de Bariloche em uma excurs\u00e3o inesquec\u00edvel.","breadcrumb":{"@id":"https:\/\/navegacion.ar\/producto\/circuito-chico-cerro-campanario\/#breadcrumb"},"inLanguage":"pt-BR","potentialAction":[{"@type":"ReadAction","target":["https:\/\/navegacion.ar\/producto\/circuito-chico-cerro-campanario\/"]}]},{"@type":"ImageObject","inLanguage":"pt-BR","@id":"https:\/\/navegacion.ar\/producto\/circuito-chico-cerro-campanario\/#primaryimage","url":"https:\/\/navegacion.ar\/wp-content\/uploads\/sites\/3\/2025\/03\/CircuitoChico_image4_1140_1601385625.jpg","contentUrl":"https:\/\/navegacion.ar\/wp-content\/uploads\/sites\/3\/2025\/03\/CircuitoChico_image4_1140_1601385625.jpg","width":1140,"height":855},{"@type":"BreadcrumbList","@id":"https:\/\/navegacion.ar\/producto\/circuito-chico-cerro-campanario\/#breadcrumb","itemListElement":[{"@type":"ListItem","position":1,"name":"Inicio","item":"https:\/\/navegacion.ar\/"},{"@type":"ListItem","position":2,"name":"Tienda","item":"https:\/\/navegacion.ar\/tienda\/"},{"@type":"ListItem","position":3,"name":"Circuito Chico y Cerro Campanario: explor\u00e1 Bariloche como nunca antes"}]},{"@type":"WebSite","@id":"https:\/\/navegacion.ar\/#website","url":"https:\/\/navegacion.ar\/","name":"Navega\u00e7\u00e3o AR","description":"","potentialAction":[{"@type":"SearchAction","target":{"@type":"EntryPoint","urlTemplate":"https:\/\/navegacion.ar\/?s={search_term_string}"},"query-input":{"@type":"PropertyValueSpecification","valueRequired":true,"valueName":"search_term_string"}}],"inLanguage":"pt-BR"}]},"product_price_amount":"26000.00","product_price_currency":"ARS","og_availability":"instock","product_availability":"instock","product_retailer_item_id":"ADV2025CICHYC1KOR","product_condition":"new"},"_links":{"self":[{"href":"https:\/\/navegacion.ar\/pt\/wp-json\/wp\/v2\/product\/377843","targetHints":{"allow":["GET"]}}],"collection":[{"href":"https:\/\/navegacion.ar\/pt\/wp-json\/wp\/v2\/product"}],"about":[{"href":"https:\/\/navegacion.ar\/pt\/wp-json\/wp\/v2\/types\/product"}],"replies":[{"embeddable":true,"href":"https:\/\/navegacion.ar\/pt\/wp-json\/wp\/v2\/comments?post=377843"}],"wp:featuredmedia":[{"embeddable":true,"href":"https:\/\/navegacion.ar\/pt\/wp-json\/wp\/v2\/media\/377163"}],"wp:attachment":[{"href":"https:\/\/navegacion.ar\/pt\/wp-json\/wp\/v2\/media?parent=377843"}],"wp:term":[{"taxonomy":"product_brand","embeddable":true,"href":"https:\/\/navegacion.ar\/pt\/wp-json\/wp\/v2\/product_brand?post=377843"},{"taxonomy":"product_cat","embeddable":true,"href":"https:\/\/navegacion.ar\/pt\/wp-json\/wp\/v2\/product_cat?post=377843"},{"taxonomy":"product_tag","embeddable":true,"href":"https:\/\/navegacion.ar\/pt\/wp-json\/wp\/v2\/product_tag?post=377843"}],"curies":[{"name":"wp","href":"https:\/\/api.w.org\/{rel}","templated":true}]}}