{"id":377844,"date":"2025-06-13T12:46:48","date_gmt":"2025-06-13T15:46:48","guid":{"rendered":"https:\/\/navegacion.ar\/producto\/rafting-light-en-el-rio-manso-con-traslado\/"},"modified":"2026-04-28T13:16:19","modified_gmt":"2026-04-28T16:16:19","slug":"rafting-light-en-el-rio-manso-con-traslado","status":"publish","type":"product","link":"https:\/\/navegacion.ar\/pt\/produto\/rafting-leve-no-rio-manso-com-traslado\/","title":{"rendered":"Rafting leve no rio Manso com traslado"},"content":{"rendered":"<h2 class=\"ai-optimize-6\">Experimente a energia do Rio Manso em total tranquilidade<\/h2>\n<p class=\"ai-optimize-7 ai-optimize-introduction\">Eu senti a <strong>adrenalina do rafting<\/strong> no fascinante <strong>Rio Manso<\/strong>, onde a natureza e a aventura se fundem para lhe proporcionar momentos inesquec\u00edveis. Esse <strong>rafting suave<\/strong> \u00e9 ideal para fam\u00edlias argentinas e \u00e9 adequado para crian\u00e7as a partir de 5 anos de idade, oferecendo uma vers\u00e3o cuidadosamente projetada e acess\u00edvel para mergulhar em paisagens \u00fanicas. N\u00f3s remamos <strong>6 quil\u00f4metros<\/strong> nas \u00e1guas do <strong>grau 1 e 2<\/strong>, perfeito para iniciantes ou para quem procura um dia relaxante na \u00e1gua, cercado de beleza.<\/p>\n<h3 class=\"ai-optimize-8\">Vivencie um tipo diferente de experi\u00eancia<\/h3>\n<p class=\"ai-optimize-9\">No ponto de encontro, nosso <strong>guias qualificados<\/strong> voc\u00ea ser\u00e1 recebido com boas vibra\u00e7\u00f5es para come\u00e7armos juntos essa experi\u00eancia memor\u00e1vel.<\/p>\n<ul>\n<li class=\"ai-optimize-10\"><strong>Todos os equipamentos est\u00e3o inclu\u00eddos:<\/strong> Fornecemos roupa de mergulho, capacete, colete salva-vidas e muito mais para voc\u00ea se divertir.<\/li>\n<li class=\"ai-optimize-11\"><strong>Palestra sobre seguran\u00e7a:<\/strong> Antes de embarcar, voc\u00ea receber\u00e1 treinamento expresso para tornar sua partida divertida e sem complica\u00e7\u00f5es.<\/li>\n<\/ul>\n<p class=\"ai-optimize-12\">Durante a excurs\u00e3o, surpreenda-se com a imensid\u00e3o dos arredores e conhe\u00e7a o rio de perto. A aventura dura aproximadamente <strong>uma hora e meia<\/strong>, ideal para se desconectar e se soltar no cora\u00e7\u00e3o da natureza.<\/p>\n<h3 class=\"ai-optimize-13\">Por onde come\u00e7amos?<\/h3>\n<p class=\"ai-optimize-14\" data-pm-slice=\"1 1 []\">Quando voc\u00ea reserva seu lugar com transfer, partimos do centro de Bariloche ou coordenamos o ponto de encontro que melhor lhe convier, dependendo de onde voc\u00ea estiver parando.<\/p>\n<p class=\"ai-optimize-21\" data-pm-slice=\"1 1 []\">A excurs\u00e3o de rafting \u00e9 realizada em nosso albergue, na Base Villegas, Rota 83 Km 1. <a class=\"theme markdown__link\" href=\"https:\/\/maps.app.goo.gl\/NqbsUN6VB5Fnt7hVA\" target=\"_blank\" rel=\"noopener noreferrer\">https:\/\/maps.app.goo.gl\/NqbsUN6VB5Fnt7hVA<\/a> este \u00e9 o link para a localiza\u00e7\u00e3o do parador.<\/p>\n<h3 class=\"ai-optimize-15\">Relaxamento e boa companhia<\/h3>\n<p class=\"ai-optimize-16\">No final do passeio, voc\u00ea retorna ao parador, com tempo para relaxar, conversar e compartilhar emo\u00e7\u00f5es com aqueles que passaram pela mesma experi\u00eancia. Recarregue suas baterias e leve consigo novas hist\u00f3rias.<\/p>\n<h3 class=\"ai-optimize-17\">Dicas para sua viagem<\/h3>\n<ul>\n<li class=\"ai-optimize-18\"><strong>Sempre carregue:<\/strong> uma toalha, roupas secas e cal\u00e7ados \u00e0 prova d'\u00e1gua.<\/li>\n<li class=\"ai-optimize-19\"><strong>Importante:<\/strong> voc\u00ea ter\u00e1 alguns respingos que fazem parte da divers\u00e3o.<\/li>\n<\/ul>\n<p class=\"ai-optimize-20\">N\u00e3o perca essa chance de conhecer a natureza argentina por dentro, a hora \u00e9 agora, estamos esperando por voc\u00ea com muita energia!<\/p>\n<p class=\"ai-optimize-23\"><strong>Aviso importante<\/strong>Esse passeio est\u00e1 dispon\u00edvel no momento e tem sa\u00eddas at\u00e9 30 de abril, de acordo com o calend\u00e1rio operacional.<\/p>","protected":false},"excerpt":{"rendered":"<p class=\"ai-optimize-6\">Experimente uma aventura \u00fanica de rafting suave no Rio Manso. Especialmente projetada para grupos familiares e iniciantes, essa proposta garante uma viagem confi\u00e1vel e divertida de 6 quil\u00f4metros em meio a paisagens de tirar o f\u00f4lego.<\/p>","protected":false},"featured_media":377823,"comment_status":"open","ping_status":"closed","template":"","meta":[],"product_brand":[],"product_cat":[27,29,39,47],"product_tag":[],"class_list":{"0":"post-377844","1":"product","2":"type-product","3":"status-publish","4":"has-post-thumbnail","6":"product_cat-aventura","7":"product_cat-con-traslado","8":"product_cat-primavera","9":"product_cat-verano","11":"first","12":"instock","13":"virtual","14":"sold-individually","15":"purchasable","16":"product-type-booking"},"booking_location":"","booking_location_type":"","booking_duration":1,"booking_duration_unit":"hour","booking_buffer":0,"booking_cost":0,"booking_resources":[],"exclude_global_add_ons":false,"addons":[{"name":"ADU: Adulto","type":"input_multiplier","position":0,"required":false,"title_format":"label","default":"","description_enable":false,"description":"","placeholder_enable":false,"placeholder":"","display":"select","restrictions_type":"any_text","adjust_price":true,"price":"90000","price_type":"quantity_based","restrictions":false,"min":"0","max":"0","options":[],"id":1777382180},{"name":"EXTRA: acompanhante","type":"input_multiplier","position":1,"required":false,"title_format":"label","default":"","description_enable":false,"description":"","placeholder_enable":false,"placeholder":"","display":"select","restrictions_type":"any_text","adjust_price":true,"price":"45000","price_type":"quantity_based","restrictions":false,"min":"0","max":"0","options":[],"id":1777382181},{"name":"MEN512 | De 5 a 12","type":"input_multiplier","position":2,"required":false,"title_format":"label","default":"","description_enable":false,"description":"","placeholder_enable":false,"placeholder":"","display":"select","restrictions_type":"any_text","adjust_price":true,"price":"90000","price_type":"quantity_based","restrictions":false,"min":"0","max":"0","options":[],"id":1777382182}],"yoast_head":"<!-- This site is optimized with the Yoast SEO Premium plugin v25.2 (Yoast SEO v25.2) - https:\/\/yoast.com\/wordpress\/plugins\/seo\/ -->\n<title>Rafting light en el r\u00edo Manso con traslado - Navegaci\u00f3n AR<\/title>\n<meta name=\"description\" content=\"Disfrut\u00e1 el rafting light en el r\u00edo Manso, ideal para toda la familia. Aventura, diversi\u00f3n y traslado incluido desde Bariloche.\" \/>\n<meta name=\"robots\" content=\"index, follow, max-snippet:-1, max-image-preview:large, max-video-preview:-1\" \/>\n<link rel=\"canonical\" href=\"https:\/\/navegacion.ar\/pt\/produto\/rafting-leve-no-rio-manso-com-traslado\/\" \/>\n<meta property=\"og:locale\" content=\"pt_BR\" \/>\n<meta property=\"og:type\" content=\"article\" \/>\n<meta property=\"og:title\" content=\"Rafting light en el r\u00edo Manso con traslado\" \/>\n<meta property=\"og:description\" content=\"Disfrut\u00e1 el rafting light en el r\u00edo Manso, ideal para toda la familia. Aventura, diversi\u00f3n y traslado incluido desde Bariloche.\" \/>\n<meta property=\"og:url\" content=\"https:\/\/navegacion.ar\/pt\/produto\/rafting-leve-no-rio-manso-com-traslado\/\" \/>\n<meta property=\"og:site_name\" content=\"Navegaci\u00f3n AR\" \/>\n<meta property=\"article:modified_time\" content=\"2026-04-28T16:16:19+00:00\" \/>\n<meta property=\"og:image\" content=\"https:\/\/navegacion.ar\/wp-content\/uploads\/sites\/3\/2025\/03\/RaftingLightrioManso_image5_1140_1601836293.jpg\" \/>\n\t<meta property=\"og:image:width\" content=\"1140\" \/>\n\t<meta property=\"og:image:height\" content=\"855\" \/>\n\t<meta property=\"og:image:type\" content=\"image\/jpeg\" \/>\n<meta name=\"twitter:card\" content=\"summary_large_image\" \/>\n<meta name=\"twitter:label1\" content=\"Pre\u00e7o\" \/>\n\t<meta name=\"twitter:data1\" content=\"&#036;90,000.00\" \/>\n\t<meta name=\"twitter:label2\" content=\"Disponibilidade\" \/>\n\t<meta name=\"twitter:data2\" content=\"Em Estoque\" \/>\n<script type=\"application\/ld+json\" class=\"yoast-schema-graph\">{\"@context\":\"https:\/\/schema.org\",\"@graph\":[{\"@type\":\"WebPage\",\"@id\":\"https:\/\/navegacion.ar\/producto\/rafting-light-en-el-rio-manso-con-traslado\/\",\"url\":\"https:\/\/navegacion.ar\/producto\/rafting-light-en-el-rio-manso-con-traslado\/\",\"name\":\"Rafting light en el r\u00edo Manso con traslado - Navegaci\u00f3n AR\",\"isPartOf\":{\"@id\":\"https:\/\/navegacion.ar\/#website\"},\"primaryImageOfPage\":{\"@id\":\"https:\/\/navegacion.ar\/producto\/rafting-light-en-el-rio-manso-con-traslado\/#primaryimage\"},\"image\":{\"@id\":\"https:\/\/navegacion.ar\/producto\/rafting-light-en-el-rio-manso-con-traslado\/#primaryimage\"},\"thumbnailUrl\":\"https:\/\/navegacion.ar\/wp-content\/uploads\/sites\/3\/2025\/03\/RaftingLightrioManso_image5_1140_1601836293.jpg\",\"datePublished\":\"2025-06-13T15:46:48+00:00\",\"dateModified\":\"2026-04-28T16:16:19+00:00\",\"description\":\"Disfrut\u00e1 el rafting light en el r\u00edo Manso, ideal para toda la familia. Aventura, diversi\u00f3n y traslado incluido desde Bariloche.\",\"breadcrumb\":{\"@id\":\"https:\/\/navegacion.ar\/producto\/rafting-light-en-el-rio-manso-con-traslado\/#breadcrumb\"},\"inLanguage\":\"pt-BR\",\"potentialAction\":[{\"@type\":\"ReadAction\",\"target\":[\"https:\/\/navegacion.ar\/producto\/rafting-light-en-el-rio-manso-con-traslado\/\"]}]},{\"@type\":\"ImageObject\",\"inLanguage\":\"pt-BR\",\"@id\":\"https:\/\/navegacion.ar\/producto\/rafting-light-en-el-rio-manso-con-traslado\/#primaryimage\",\"url\":\"https:\/\/navegacion.ar\/wp-content\/uploads\/sites\/3\/2025\/03\/RaftingLightrioManso_image5_1140_1601836293.jpg\",\"contentUrl\":\"https:\/\/navegacion.ar\/wp-content\/uploads\/sites\/3\/2025\/03\/RaftingLightrioManso_image5_1140_1601836293.jpg\",\"width\":1140,\"height\":855},{\"@type\":\"BreadcrumbList\",\"@id\":\"https:\/\/navegacion.ar\/producto\/rafting-light-en-el-rio-manso-con-traslado\/#breadcrumb\",\"itemListElement\":[{\"@type\":\"ListItem\",\"position\":1,\"name\":\"Inicio\",\"item\":\"https:\/\/navegacion.ar\/\"},{\"@type\":\"ListItem\",\"position\":2,\"name\":\"Tienda\",\"item\":\"https:\/\/navegacion.ar\/tienda\/\"},{\"@type\":\"ListItem\",\"position\":3,\"name\":\"Rafting light en el r\u00edo Manso con traslado\"}]},{\"@type\":\"WebSite\",\"@id\":\"https:\/\/navegacion.ar\/#website\",\"url\":\"https:\/\/navegacion.ar\/\",\"name\":\"Navegaci\u00f3n AR\",\"description\":\"\",\"potentialAction\":[{\"@type\":\"SearchAction\",\"target\":{\"@type\":\"EntryPoint\",\"urlTemplate\":\"https:\/\/navegacion.ar\/?s={search_term_string}\"},\"query-input\":{\"@type\":\"PropertyValueSpecification\",\"valueRequired\":true,\"valueName\":\"search_term_string\"}}],\"inLanguage\":\"pt-BR\"}]}<\/script>\n<meta property=\"product:price:amount\" content=\"90000.00\" \/>\n<meta property=\"product:price:currency\" content=\"ARS\" \/>\n<meta property=\"og:availability\" content=\"instock\" \/>\n<meta property=\"product:availability\" content=\"instock\" \/>\n<meta property=\"product:retailer_item_id\" content=\"ADV2025RALIENP3DA\" \/>\n<meta property=\"product:condition\" content=\"new\" \/>\n<!-- \/ Yoast SEO Premium plugin. -->","yoast_head_json":{"title":"Rafting leve no rio Manso com traslado - Navega\u00e7\u00e3o AR","description":"Desfrute de um rafting leve no Rio Manso, ideal para toda a fam\u00edlia. Aventura, divers\u00e3o e traslado inclu\u00eddos a partir de Bariloche.","robots":{"index":"index","follow":"follow","max-snippet":"max-snippet:-1","max-image-preview":"max-image-preview:large","max-video-preview":"max-video-preview:-1"},"canonical":"https:\/\/navegacion.ar\/pt\/produto\/rafting-leve-no-rio-manso-com-traslado\/","og_locale":"pt_BR","og_type":"article","og_title":"Rafting light en el r\u00edo Manso con traslado","og_description":"Disfrut\u00e1 el rafting light en el r\u00edo Manso, ideal para toda la familia. Aventura, diversi\u00f3n y traslado incluido desde Bariloche.","og_url":"https:\/\/navegacion.ar\/pt\/produto\/rafting-leve-no-rio-manso-com-traslado\/","og_site_name":"Navegaci\u00f3n AR","article_modified_time":"2026-04-28T16:16:19+00:00","og_image":[{"width":1140,"height":855,"url":"https:\/\/navegacion.ar\/wp-content\/uploads\/sites\/3\/2025\/03\/RaftingLightrioManso_image5_1140_1601836293.jpg","type":"image\/jpeg"}],"twitter_card":"summary_large_image","twitter_misc":{"Pre\u00e7o":"&#36;90,000.00","Disponibilidade":"Em Estoque"},"schema":{"@context":"https:\/\/schema.org","@graph":[{"@type":"WebPage","@id":"https:\/\/navegacion.ar\/producto\/rafting-light-en-el-rio-manso-con-traslado\/","url":"https:\/\/navegacion.ar\/producto\/rafting-light-en-el-rio-manso-con-traslado\/","name":"Rafting leve no rio Manso com traslado - Navega\u00e7\u00e3o AR","isPartOf":{"@id":"https:\/\/navegacion.ar\/#website"},"primaryImageOfPage":{"@id":"https:\/\/navegacion.ar\/producto\/rafting-light-en-el-rio-manso-con-traslado\/#primaryimage"},"image":{"@id":"https:\/\/navegacion.ar\/producto\/rafting-light-en-el-rio-manso-con-traslado\/#primaryimage"},"thumbnailUrl":"https:\/\/navegacion.ar\/wp-content\/uploads\/sites\/3\/2025\/03\/RaftingLightrioManso_image5_1140_1601836293.jpg","datePublished":"2025-06-13T15:46:48+00:00","dateModified":"2026-04-28T16:16:19+00:00","description":"Desfrute de um rafting leve no Rio Manso, ideal para toda a fam\u00edlia. Aventura, divers\u00e3o e traslado inclu\u00eddos a partir de Bariloche.","breadcrumb":{"@id":"https:\/\/navegacion.ar\/producto\/rafting-light-en-el-rio-manso-con-traslado\/#breadcrumb"},"inLanguage":"pt-BR","potentialAction":[{"@type":"ReadAction","target":["https:\/\/navegacion.ar\/producto\/rafting-light-en-el-rio-manso-con-traslado\/"]}]},{"@type":"ImageObject","inLanguage":"pt-BR","@id":"https:\/\/navegacion.ar\/producto\/rafting-light-en-el-rio-manso-con-traslado\/#primaryimage","url":"https:\/\/navegacion.ar\/wp-content\/uploads\/sites\/3\/2025\/03\/RaftingLightrioManso_image5_1140_1601836293.jpg","contentUrl":"https:\/\/navegacion.ar\/wp-content\/uploads\/sites\/3\/2025\/03\/RaftingLightrioManso_image5_1140_1601836293.jpg","width":1140,"height":855},{"@type":"BreadcrumbList","@id":"https:\/\/navegacion.ar\/producto\/rafting-light-en-el-rio-manso-con-traslado\/#breadcrumb","itemListElement":[{"@type":"ListItem","position":1,"name":"Inicio","item":"https:\/\/navegacion.ar\/"},{"@type":"ListItem","position":2,"name":"Tienda","item":"https:\/\/navegacion.ar\/tienda\/"},{"@type":"ListItem","position":3,"name":"Rafting light en el r\u00edo Manso con traslado"}]},{"@type":"WebSite","@id":"https:\/\/navegacion.ar\/#website","url":"https:\/\/navegacion.ar\/","name":"Navega\u00e7\u00e3o AR","description":"","potentialAction":[{"@type":"SearchAction","target":{"@type":"EntryPoint","urlTemplate":"https:\/\/navegacion.ar\/?s={search_term_string}"},"query-input":{"@type":"PropertyValueSpecification","valueRequired":true,"valueName":"search_term_string"}}],"inLanguage":"pt-BR"}]},"product_price_amount":"90000.00","product_price_currency":"ARS","og_availability":"instock","product_availability":"instock","product_retailer_item_id":"ADV2025RALIENP3DA","product_condition":"new"},"_links":{"self":[{"href":"https:\/\/navegacion.ar\/pt\/wp-json\/wp\/v2\/product\/377844","targetHints":{"allow":["GET"]}}],"collection":[{"href":"https:\/\/navegacion.ar\/pt\/wp-json\/wp\/v2\/product"}],"about":[{"href":"https:\/\/navegacion.ar\/pt\/wp-json\/wp\/v2\/types\/product"}],"replies":[{"embeddable":true,"href":"https:\/\/navegacion.ar\/pt\/wp-json\/wp\/v2\/comments?post=377844"}],"wp:featuredmedia":[{"embeddable":true,"href":"https:\/\/navegacion.ar\/pt\/wp-json\/wp\/v2\/media\/377823"}],"wp:attachment":[{"href":"https:\/\/navegacion.ar\/pt\/wp-json\/wp\/v2\/media?parent=377844"}],"wp:term":[{"taxonomy":"product_brand","embeddable":true,"href":"https:\/\/navegacion.ar\/pt\/wp-json\/wp\/v2\/product_brand?post=377844"},{"taxonomy":"product_cat","embeddable":true,"href":"https:\/\/navegacion.ar\/pt\/wp-json\/wp\/v2\/product_cat?post=377844"},{"taxonomy":"product_tag","embeddable":true,"href":"https:\/\/navegacion.ar\/pt\/wp-json\/wp\/v2\/product_tag?post=377844"}],"curies":[{"name":"wp","href":"https:\/\/api.w.org\/{rel}","templated":true}]}}