{"id":377845,"date":"2025-06-13T12:47:12","date_gmt":"2025-06-13T15:47:12","guid":{"rendered":"https:\/\/navegacion.ar\/producto\/rafting-light-en-el-rio-manso-sin-traslado\/"},"modified":"2026-04-28T13:14:51","modified_gmt":"2026-04-28T16:14:51","slug":"rafting-light-en-el-rio-manso-sin-traslado","status":"publish","type":"product","link":"https:\/\/navegacion.ar\/pt\/produto\/rafting-leve-no-rio-manso-sem-traslado\/","title":{"rendered":"Rafting Light no Rio Manso sem traslado"},"content":{"rendered":"<h2 class=\"ai-optimize-6\">Proposta familiar no rio Manso<\/h2>\n<p class=\"ai-optimize-7 ai-optimize-introduction\">Venha e experimente um tipo diferente de dia com nosso <strong>Rafting suave no rio Manso<\/strong>, projetado para ser compartilhado e desfrutado em grupo. Essa experi\u00eancia aqu\u00e1tica foi projetada para ser simples e confi\u00e1vel, perfeita para crian\u00e7as a partir de 5 anos de idade. As corredeiras calmas de n\u00edvel 1 e 2 garantem pura alegria em um ambiente seguro, especialmente para aqueles que querem come\u00e7ar a praticar esse esporte aqu\u00e1tico ou est\u00e3o procurando um momento relaxante cercado pela natureza patag\u00f4nica.<\/p>\n<h3 class=\"ai-optimize-8\">Detalhes da experi\u00eancia<\/h3>\n<ul>\n<li class=\"ai-optimize-9\"><strong>Dura\u00e7\u00e3o:<\/strong> Cerca de 90 minutos cheios de entusiasmo e divers\u00e3o compartilhada.<\/li>\n<li class=\"ai-optimize-10\"><strong>Rota:<\/strong> Descubra 40 km de cart\u00f5es postais e corredeiras suaves que ficar\u00e3o gravados em sua mem\u00f3ria.<\/li>\n<li class=\"ai-optimize-11\"><strong>Equipamento inclu\u00eddo:<\/strong> Tudo o que voc\u00ea precisa: kit de seguran\u00e7a com neoprene, capacete e colete salva-vidas.<\/li>\n<\/ul>\n<h3 class=\"ai-optimize-12\">In\u00edcio da caminhada<\/h3>\n<p class=\"ai-optimize-13\">Quando voc\u00ea chegar ao ponto de encontro, nossa equipe profissional estar\u00e1 esperando por voc\u00ea com as melhores vibra\u00e7\u00f5es, orientando-o por meio de uma explica\u00e7\u00e3o r\u00e1pida e f\u00e1cil sobre como manejar a balsa. Tudo \u00e9 planejado para que voc\u00ea possa relaxar e se divertir, n\u00e3o importa se \u00e9 a sua primeira vez.<\/p>\n<h3 class=\"ai-optimize-14\">Recomenda\u00e7\u00f5es<\/h3>\n<p class=\"ai-optimize-15\">N\u00e3o se esque\u00e7a de somar:<\/p>\n<ul>\n<li class=\"ai-optimize-16\">Toalha pessoal.<\/li>\n<li class=\"ai-optimize-17\">Roupas confort\u00e1veis e secas para depois da excurs\u00e3o.<\/li>\n<li class=\"ai-optimize-18\">T\u00eanis ou sand\u00e1lias que possam ser molhados sem problemas.<\/li>\n<\/ul>\n<h3 class=\"ai-optimize-19\">Modo de condu\u00e7\u00e3o aut\u00f4noma<\/h3>\n<p class=\"ai-optimize-20\">Para aqueles que chegam por conta pr\u00f3pria, estamos no <strong>Base Villegas<\/strong> localizado no <strong>Rota 83 Km 1.<\/strong> <a class=\"theme markdown__link\" href=\"https:\/\/maps.app.goo.gl\/NqbsUN6VB5Fnt7hVA\" target=\"_blank\" rel=\"noopener noreferrer\">https:\/\/maps.app.goo.gl\/NqbsUN6VB5Fnt7hVA<\/a> este \u00e9 o link para a localiza\u00e7\u00e3o do parador.<\/p>\n<h3 class=\"ai-optimize-21\">Inclui \/ N\u00e3o inclui<\/h3>\n<ul>\n<li class=\"ai-optimize-22\"><strong>Ele inclui:<\/strong> O passeio de rafting mais todo o equipamento: neoprene, colete, jaqueta imperme\u00e1vel, botas de neoprene, remos e capacete de prote\u00e7\u00e3o.<\/li>\n<li class=\"ai-optimize-23\"><strong>N\u00e3o inclu\u00eddo:<\/strong> Traslados e alimenta\u00e7\u00e3o (almo\u00e7o, caf\u00e9 da manh\u00e3 ou lanche).<\/li>\n<\/ul>\n<h3 class=\"ai-optimize-24\">Hor\u00e1rios dispon\u00edveis<\/h3>\n<p class=\"ai-optimize-25\">A primeira experi\u00eancia de rafting vai de <strong>Das 9h30min \u00e0s 18h30min.<\/strong>.<\/p>\n<h2 class=\"ai-optimize-26\">Perguntas frequentes<\/h2>\n<h3 class=\"ai-optimize-27\">Qual \u00e9 a din\u00e2mica se eu optar por ir por conta pr\u00f3pria?<\/h3>\n<p class=\"ai-optimize-28\" data-pm-slice=\"1 1 []\">Se voc\u00ea optar por se juntar a n\u00f3s sem um traslado, basta aparecer em nossa parada de rafting no <strong>Base Villegas Ruta 83 Km 1.<\/strong><\/p>\n<p class=\"ai-optimize-6\"><a class=\"theme markdown__link\" href=\"https:\/\/maps.app.goo.gl\/NqbsUN6VB5Fnt7hVA\" target=\"_blank\" rel=\"noopener noreferrer\">https:\/\/maps.app.goo.gl\/NqbsUN6VB5Fnt7hVA<\/a> este \u00e9 o link para a localiza\u00e7\u00e3o do parador.<\/p>\n<h3 class=\"ai-optimize-29\">Posso levar algu\u00e9m comigo que n\u00e3o pratica rafting?<\/h3>\n<p class=\"ai-optimize-30\">\u00c9 claro que voc\u00ea pode trazer um acompanhante com voc\u00ea, que pagar\u00e1 o <strong>50% do valor<\/strong> da sa\u00edda.<\/p>\n<p class=\"ai-optimize-23\"><strong>Aviso importante<\/strong>Esse passeio est\u00e1 dispon\u00edvel no momento e tem sa\u00eddas at\u00e9 30 de abril, de acordo com o calend\u00e1rio operacional.<\/p>","protected":false},"excerpt":{"rendered":"<h2 class=\"ai-optimize-6\">Participe da aventura de rafting no rio Manso<\/h2>\n<p class=\"ai-optimize-7\">Passe um dia diferente com nossa experi\u00eancia de rafting leve no Rio Manso, especialmente projetada para grupos familiares e crian\u00e7as a partir de 5 anos de idade. Sinta a calma e o ambiente natural enquanto atravessa corredeiras de n\u00edvel 1 e 2. Se voc\u00ea vier por conta pr\u00f3pria, o ponto de encontro \u00e9 na esta\u00e7\u00e3o YPF-ACA. Viva essa experi\u00eancia \u00fanica!<\/p>","protected":false},"featured_media":377819,"comment_status":"open","ping_status":"closed","template":"","meta":[],"product_brand":[],"product_cat":[27,38,39,41,42,47],"product_tag":[],"class_list":{"0":"post-377845","1":"product","2":"type-product","3":"status-publish","4":"has-post-thumbnail","6":"product_cat-aventura","7":"product_cat-otros","8":"product_cat-primavera","9":"product_cat-sin-comida","10":"product_cat-sin-traslado","11":"product_cat-verano","13":"first","14":"instock","15":"virtual","16":"sold-individually","17":"purchasable","18":"product-type-booking"},"booking_location":"","booking_location_type":"","booking_duration":1,"booking_duration_unit":"hour","booking_buffer":0,"booking_cost":0,"booking_resources":[],"exclude_global_add_ons":false,"addons":[{"name":"ADU: Adulto","type":"input_multiplier","position":0,"required":false,"title_format":"label","default":"","description_enable":false,"description":"","placeholder_enable":false,"placeholder":"","display":"select","restrictions_type":"any_text","adjust_price":true,"price":"75000","price_type":"quantity_based","restrictions":false,"min":"0","max":"0","options":[],"id":1777382092},{"name":"EXTRA: acompanhante","type":"input_multiplier","position":1,"required":false,"title_format":"label","default":"","description_enable":false,"description":"","placeholder_enable":false,"placeholder":"","display":"select","restrictions_type":"any_text","adjust_price":true,"price":"37500","price_type":"quantity_based","restrictions":false,"min":"0","max":"0","options":[],"id":1777382093},{"name":"MEN512 | De 5 a 12","type":"input_multiplier","position":2,"required":false,"title_format":"label","default":"","description_enable":false,"description":"","placeholder_enable":false,"placeholder":"","display":"select","restrictions_type":"any_text","adjust_price":true,"price":"75000","price_type":"quantity_based","restrictions":false,"min":"0","max":"0","options":[],"id":1777382094}],"yoast_head":"<!-- This site is optimized with the Yoast SEO Premium plugin v25.2 (Yoast SEO v25.2) - https:\/\/yoast.com\/wordpress\/plugins\/seo\/ -->\n<title>Rafting Light en el R\u00edo Manso sin Traslado - Navegaci\u00f3n AR<\/title>\n<meta name=\"description\" content=\"Disfrut\u00e1 el rafting light en el r\u00edo Manso, ideal para toda la familia. Aventura, diversi\u00f3n y traslado incluido desde Bariloche.\" \/>\n<meta name=\"robots\" content=\"index, follow, max-snippet:-1, max-image-preview:large, max-video-preview:-1\" \/>\n<link rel=\"canonical\" href=\"https:\/\/navegacion.ar\/pt\/produto\/rafting-leve-no-rio-manso-sem-traslado\/\" \/>\n<meta property=\"og:locale\" content=\"pt_BR\" \/>\n<meta property=\"og:type\" content=\"article\" \/>\n<meta property=\"og:title\" content=\"Rafting Light en el R\u00edo Manso sin Traslado\" \/>\n<meta property=\"og:description\" content=\"Disfrut\u00e1 el rafting light en el r\u00edo Manso, ideal para toda la familia. Aventura, diversi\u00f3n y traslado incluido desde Bariloche.\" \/>\n<meta property=\"og:url\" content=\"https:\/\/navegacion.ar\/pt\/produto\/rafting-leve-no-rio-manso-sem-traslado\/\" \/>\n<meta property=\"og:site_name\" content=\"Navegaci\u00f3n AR\" \/>\n<meta property=\"article:modified_time\" content=\"2026-04-28T16:14:51+00:00\" \/>\n<meta property=\"og:image\" content=\"https:\/\/navegacion.ar\/wp-content\/uploads\/sites\/3\/2025\/03\/RaftingLightrioManso_image2_1140_1601836638.jpg\" \/>\n\t<meta property=\"og:image:width\" content=\"1140\" \/>\n\t<meta property=\"og:image:height\" content=\"855\" \/>\n\t<meta property=\"og:image:type\" content=\"image\/jpeg\" \/>\n<meta name=\"twitter:card\" content=\"summary_large_image\" \/>\n<meta name=\"twitter:label1\" content=\"Pre\u00e7o\" \/>\n\t<meta name=\"twitter:data1\" content=\"&#036;75,000.00\" \/>\n\t<meta name=\"twitter:label2\" content=\"Disponibilidade\" \/>\n\t<meta name=\"twitter:data2\" content=\"Em Estoque\" \/>\n<script type=\"application\/ld+json\" class=\"yoast-schema-graph\">{\"@context\":\"https:\/\/schema.org\",\"@graph\":[{\"@type\":\"WebPage\",\"@id\":\"https:\/\/navegacion.ar\/producto\/rafting-light-en-el-rio-manso-sin-traslado\/\",\"url\":\"https:\/\/navegacion.ar\/producto\/rafting-light-en-el-rio-manso-sin-traslado\/\",\"name\":\"Rafting Light en el R\u00edo Manso sin Traslado - Navegaci\u00f3n AR\",\"isPartOf\":{\"@id\":\"https:\/\/navegacion.ar\/#website\"},\"primaryImageOfPage\":{\"@id\":\"https:\/\/navegacion.ar\/producto\/rafting-light-en-el-rio-manso-sin-traslado\/#primaryimage\"},\"image\":{\"@id\":\"https:\/\/navegacion.ar\/producto\/rafting-light-en-el-rio-manso-sin-traslado\/#primaryimage\"},\"thumbnailUrl\":\"https:\/\/navegacion.ar\/wp-content\/uploads\/sites\/3\/2025\/03\/RaftingLightrioManso_image2_1140_1601836638.jpg\",\"datePublished\":\"2025-06-13T15:47:12+00:00\",\"dateModified\":\"2026-04-28T16:14:51+00:00\",\"description\":\"Disfrut\u00e1 el rafting light en el r\u00edo Manso, ideal para toda la familia. Aventura, diversi\u00f3n y traslado incluido desde Bariloche.\",\"breadcrumb\":{\"@id\":\"https:\/\/navegacion.ar\/producto\/rafting-light-en-el-rio-manso-sin-traslado\/#breadcrumb\"},\"inLanguage\":\"pt-BR\",\"potentialAction\":[{\"@type\":\"ReadAction\",\"target\":[\"https:\/\/navegacion.ar\/producto\/rafting-light-en-el-rio-manso-sin-traslado\/\"]}]},{\"@type\":\"ImageObject\",\"inLanguage\":\"pt-BR\",\"@id\":\"https:\/\/navegacion.ar\/producto\/rafting-light-en-el-rio-manso-sin-traslado\/#primaryimage\",\"url\":\"https:\/\/navegacion.ar\/wp-content\/uploads\/sites\/3\/2025\/03\/RaftingLightrioManso_image2_1140_1601836638.jpg\",\"contentUrl\":\"https:\/\/navegacion.ar\/wp-content\/uploads\/sites\/3\/2025\/03\/RaftingLightrioManso_image2_1140_1601836638.jpg\",\"width\":1140,\"height\":855},{\"@type\":\"BreadcrumbList\",\"@id\":\"https:\/\/navegacion.ar\/producto\/rafting-light-en-el-rio-manso-sin-traslado\/#breadcrumb\",\"itemListElement\":[{\"@type\":\"ListItem\",\"position\":1,\"name\":\"Inicio\",\"item\":\"https:\/\/navegacion.ar\/\"},{\"@type\":\"ListItem\",\"position\":2,\"name\":\"Tienda\",\"item\":\"https:\/\/navegacion.ar\/tienda\/\"},{\"@type\":\"ListItem\",\"position\":3,\"name\":\"Rafting Light en el R\u00edo Manso sin Traslado\"}]},{\"@type\":\"WebSite\",\"@id\":\"https:\/\/navegacion.ar\/#website\",\"url\":\"https:\/\/navegacion.ar\/\",\"name\":\"Navegaci\u00f3n AR\",\"description\":\"\",\"potentialAction\":[{\"@type\":\"SearchAction\",\"target\":{\"@type\":\"EntryPoint\",\"urlTemplate\":\"https:\/\/navegacion.ar\/?s={search_term_string}\"},\"query-input\":{\"@type\":\"PropertyValueSpecification\",\"valueRequired\":true,\"valueName\":\"search_term_string\"}}],\"inLanguage\":\"pt-BR\"}]}<\/script>\n<meta property=\"product:price:amount\" content=\"75000.00\" \/>\n<meta property=\"product:price:currency\" content=\"ARS\" \/>\n<meta property=\"og:availability\" content=\"instock\" \/>\n<meta property=\"product:availability\" content=\"instock\" \/>\n<meta property=\"product:retailer_item_id\" content=\"ADV2025RALIENTUFA\" \/>\n<meta property=\"product:condition\" content=\"new\" \/>\n<!-- \/ Yoast SEO Premium plugin. -->","yoast_head_json":{"title":"Rafting Light no Rio Manso sem traslado - Navega\u00e7\u00e3o AR","description":"Desfrute de um rafting leve no Rio Manso, ideal para toda a fam\u00edlia. Aventura, divers\u00e3o e traslado inclu\u00eddos a partir de Bariloche.","robots":{"index":"index","follow":"follow","max-snippet":"max-snippet:-1","max-image-preview":"max-image-preview:large","max-video-preview":"max-video-preview:-1"},"canonical":"https:\/\/navegacion.ar\/pt\/produto\/rafting-leve-no-rio-manso-sem-traslado\/","og_locale":"pt_BR","og_type":"article","og_title":"Rafting Light en el R\u00edo Manso sin Traslado","og_description":"Disfrut\u00e1 el rafting light en el r\u00edo Manso, ideal para toda la familia. Aventura, diversi\u00f3n y traslado incluido desde Bariloche.","og_url":"https:\/\/navegacion.ar\/pt\/produto\/rafting-leve-no-rio-manso-sem-traslado\/","og_site_name":"Navegaci\u00f3n AR","article_modified_time":"2026-04-28T16:14:51+00:00","og_image":[{"width":1140,"height":855,"url":"https:\/\/navegacion.ar\/wp-content\/uploads\/sites\/3\/2025\/03\/RaftingLightrioManso_image2_1140_1601836638.jpg","type":"image\/jpeg"}],"twitter_card":"summary_large_image","twitter_misc":{"Pre\u00e7o":"&#36;75,000.00","Disponibilidade":"Em Estoque"},"schema":{"@context":"https:\/\/schema.org","@graph":[{"@type":"WebPage","@id":"https:\/\/navegacion.ar\/producto\/rafting-light-en-el-rio-manso-sin-traslado\/","url":"https:\/\/navegacion.ar\/producto\/rafting-light-en-el-rio-manso-sin-traslado\/","name":"Rafting Light no Rio Manso sem traslado - Navega\u00e7\u00e3o AR","isPartOf":{"@id":"https:\/\/navegacion.ar\/#website"},"primaryImageOfPage":{"@id":"https:\/\/navegacion.ar\/producto\/rafting-light-en-el-rio-manso-sin-traslado\/#primaryimage"},"image":{"@id":"https:\/\/navegacion.ar\/producto\/rafting-light-en-el-rio-manso-sin-traslado\/#primaryimage"},"thumbnailUrl":"https:\/\/navegacion.ar\/wp-content\/uploads\/sites\/3\/2025\/03\/RaftingLightrioManso_image2_1140_1601836638.jpg","datePublished":"2025-06-13T15:47:12+00:00","dateModified":"2026-04-28T16:14:51+00:00","description":"Desfrute de um rafting leve no Rio Manso, ideal para toda a fam\u00edlia. Aventura, divers\u00e3o e traslado inclu\u00eddos a partir de Bariloche.","breadcrumb":{"@id":"https:\/\/navegacion.ar\/producto\/rafting-light-en-el-rio-manso-sin-traslado\/#breadcrumb"},"inLanguage":"pt-BR","potentialAction":[{"@type":"ReadAction","target":["https:\/\/navegacion.ar\/producto\/rafting-light-en-el-rio-manso-sin-traslado\/"]}]},{"@type":"ImageObject","inLanguage":"pt-BR","@id":"https:\/\/navegacion.ar\/producto\/rafting-light-en-el-rio-manso-sin-traslado\/#primaryimage","url":"https:\/\/navegacion.ar\/wp-content\/uploads\/sites\/3\/2025\/03\/RaftingLightrioManso_image2_1140_1601836638.jpg","contentUrl":"https:\/\/navegacion.ar\/wp-content\/uploads\/sites\/3\/2025\/03\/RaftingLightrioManso_image2_1140_1601836638.jpg","width":1140,"height":855},{"@type":"BreadcrumbList","@id":"https:\/\/navegacion.ar\/producto\/rafting-light-en-el-rio-manso-sin-traslado\/#breadcrumb","itemListElement":[{"@type":"ListItem","position":1,"name":"Inicio","item":"https:\/\/navegacion.ar\/"},{"@type":"ListItem","position":2,"name":"Tienda","item":"https:\/\/navegacion.ar\/tienda\/"},{"@type":"ListItem","position":3,"name":"Rafting Light en el R\u00edo Manso sin Traslado"}]},{"@type":"WebSite","@id":"https:\/\/navegacion.ar\/#website","url":"https:\/\/navegacion.ar\/","name":"Navega\u00e7\u00e3o AR","description":"","potentialAction":[{"@type":"SearchAction","target":{"@type":"EntryPoint","urlTemplate":"https:\/\/navegacion.ar\/?s={search_term_string}"},"query-input":{"@type":"PropertyValueSpecification","valueRequired":true,"valueName":"search_term_string"}}],"inLanguage":"pt-BR"}]},"product_price_amount":"75000.00","product_price_currency":"ARS","og_availability":"instock","product_availability":"instock","product_retailer_item_id":"ADV2025RALIENTUFA","product_condition":"new"},"_links":{"self":[{"href":"https:\/\/navegacion.ar\/pt\/wp-json\/wp\/v2\/product\/377845","targetHints":{"allow":["GET"]}}],"collection":[{"href":"https:\/\/navegacion.ar\/pt\/wp-json\/wp\/v2\/product"}],"about":[{"href":"https:\/\/navegacion.ar\/pt\/wp-json\/wp\/v2\/types\/product"}],"replies":[{"embeddable":true,"href":"https:\/\/navegacion.ar\/pt\/wp-json\/wp\/v2\/comments?post=377845"}],"wp:featuredmedia":[{"embeddable":true,"href":"https:\/\/navegacion.ar\/pt\/wp-json\/wp\/v2\/media\/377819"}],"wp:attachment":[{"href":"https:\/\/navegacion.ar\/pt\/wp-json\/wp\/v2\/media?parent=377845"}],"wp:term":[{"taxonomy":"product_brand","embeddable":true,"href":"https:\/\/navegacion.ar\/pt\/wp-json\/wp\/v2\/product_brand?post=377845"},{"taxonomy":"product_cat","embeddable":true,"href":"https:\/\/navegacion.ar\/pt\/wp-json\/wp\/v2\/product_cat?post=377845"},{"taxonomy":"product_tag","embeddable":true,"href":"https:\/\/navegacion.ar\/pt\/wp-json\/wp\/v2\/product_tag?post=377845"}],"curies":[{"name":"wp","href":"https:\/\/api.w.org\/{rel}","templated":true}]}}