{"id":377846,"date":"2025-06-13T12:47:39","date_gmt":"2025-06-13T15:47:39","guid":{"rendered":"https:\/\/navegacion.ar\/producto\/rafting-al-limite-con-chile-con-traslado\/"},"modified":"2026-04-28T13:14:28","modified_gmt":"2026-04-28T16:14:28","slug":"rafting-al-limite-con-chile-con-traslado","status":"publish","type":"product","link":"https:\/\/navegacion.ar\/pt\/produto\/rafting-ate-a-fronteira-do-chile-com-traslado\/","title":{"rendered":"Rafting at\u00e9 a fronteira com o Chile com traslado"},"content":{"rendered":"<h2 class=\"ai-optimize-6\">Experimente o Rafting no Rio Manso como nunca antes<\/h2>\n<p class=\"ai-optimize-7 ai-optimize-introduction\">Eu senti a <strong>adrenalina real do rafting<\/strong> enquanto voc\u00ea navega pelo cativante Rio Manso, cercado por <strong>paisagens patag\u00f4nicas \u00fanicas<\/strong> e pura a\u00e7\u00e3o. O percurso apresenta corredeiras de classe 3 e 4 e se encerra no cora\u00e7\u00e3o do rio. <strong>linha de fronteira com o Chile<\/strong>, A combina\u00e7\u00e3o de emo\u00e7\u00e3o e vistas de sonho em um ambiente protegido \u00e9 inigual\u00e1vel.<\/p>\n<h3 class=\"ai-optimize-8\">Plano de atividades<\/h3>\n<ul>\n<li class=\"ai-optimize-9\"><strong>Hor\u00e1rios de partida:<\/strong> A viagem come\u00e7a pontualmente \u00e0s 8:00 horas, saindo do centro de San Carlos de Bariloche.<\/li>\n<li class=\"ai-optimize-11\"><strong>Entrega de equipamentos:<\/strong> Voc\u00ea receber\u00e1 uma roupa de mergulho, capacete e colete salva-vidas, tudo sob a supervis\u00e3o de nossos instrutores especializados.<\/li>\n<li class=\"ai-optimize-12\"><strong>Dura\u00e7\u00e3o da travessia:<\/strong> Atravesse as corredeiras por 11 km, em uma experi\u00eancia sustentada de cerca de duas horas de pura intensidade.<\/li>\n<li class=\"ai-optimize-13\"><strong>Op\u00e7\u00e3o de almo\u00e7o:<\/strong> No final do dia, voc\u00ea pode adicionar (por um custo extra) um bom churrasco ou saladas frescas para encerrar o dia com chave de ouro.<\/li>\n<li class=\"ai-optimize-14\"><strong>Seguran\u00e7a em primeiro lugar:<\/strong> Os caiaqueiros de apoio o acompanham na viagem para que voc\u00ea possa aproveitar o momento em paz e tranquilidade.<\/li>\n<\/ul>\n<h3 class=\"ai-optimize-15\">Informa\u00e7\u00f5es essenciais<\/h3>\n<ul>\n<li class=\"ai-optimize-16\"><strong>Recomenda\u00e7\u00f5es:<\/strong> Traga uma toalha e uma muda de roupa para trocar no final da atividade.<\/li>\n<li class=\"ai-optimize-17\"><strong>Idade m\u00ednima:<\/strong> Voc\u00ea deve ter pelo menos 14 anos de idade para participar.<\/li>\n<\/ul>\n<h3 class=\"ai-optimize-18\">Hor\u00e1rios<\/h3>\n<p class=\"ai-optimize-19\">O traslado come\u00e7a \u00e0s 8:00 e voc\u00ea estar\u00e1 de volta por volta das 18:00.<\/p>\n<h3 class=\"ai-optimize-20\">Inclui<\/h3>\n<ul>\n<li class=\"ai-optimize-21\">Experi\u00eancia integral de rafting.<\/li>\n<li class=\"ai-optimize-23\">Todo o equipamento t\u00e9cnico necess\u00e1rio: roupa de mergulho, colete, jaqueta imperme\u00e1vel, botas de neoprene, remo e capacete.<\/li>\n<\/ul>\n<h3 class=\"ai-optimize-24\">Perguntas frequentes<\/h3>\n<h4 class=\"ai-optimize-25\">Posso chegar l\u00e1 por conta pr\u00f3pria?<\/h4>\n<p class=\"ai-optimize-26\">Se voc\u00ea decidir contratar a op\u00e7\u00e3o sem traslado, dever\u00e1 estar em nosso albergue onde a excurs\u00e3o de rafting \u00e9 realizada na Base Villegas, Rota 83 Km 1. <a class=\"theme markdown__link\" href=\"https:\/\/maps.app.goo.gl\/NqbsUN6VB5Fnt7hVA\" target=\"_blank\" rel=\"noopener noreferrer\">https:\/\/maps.app.goo.gl\/NqbsUN6VB5Fnt7hVA<\/a> este \u00e9 o link para a localiza\u00e7\u00e3o do parador.<\/p>\n<h4 class=\"ai-optimize-27\">\u00c9 poss\u00edvel levar acompanhantes que n\u00e3o estejam trabalhando?<\/h4>\n<p class=\"ai-optimize-28\">Sim, os acompanhantes t\u00eam a op\u00e7\u00e3o de aproveitar o rio por um pre\u00e7o reduzido: eles pagam apenas a taxa de entrada de 50% sem fazer a atividade.<\/p>\n<p class=\"ai-optimize-23\"><strong>Aviso importante<\/strong>Esse passeio est\u00e1 dispon\u00edvel no momento e tem sa\u00eddas at\u00e9 30 de abril, de acordo com o calend\u00e1rio operacional.<\/p>","protected":false},"excerpt":{"rendered":"<p class=\"ai-optimize-6\">Desfrute de um <strong>experi\u00eancia \u00fanica de rafting<\/strong> na fronteira com o Chile. Encare as emocionantes corredeiras do <strong>Rio Manso<\/strong> enquanto saboreia um caf\u00e9 da manh\u00e3 energ\u00e9tico, com todo o equipamento inclu\u00eddo e a tranquilidade de ser acompanhado por guias especializados em caiaque. Ideal para aqueles que querem se sentir parte da natureza em sua melhor forma.<\/p>","protected":false},"featured_media":376773,"comment_status":"open","ping_status":"closed","template":"","meta":[],"product_brand":[],"product_cat":[25,27,29,30,32,38,39,41,47],"product_tag":[],"class_list":{"0":"post-377846","1":"product","2":"type-product","3":"status-publish","4":"has-post-thumbnail","6":"product_cat-adultos","7":"product_cat-aventura","8":"product_cat-con-traslado","9":"product_cat-familia","10":"product_cat-invierno","11":"product_cat-otros","12":"product_cat-primavera","13":"product_cat-sin-comida","14":"product_cat-verano","16":"first","17":"instock","18":"virtual","19":"sold-individually","20":"purchasable","21":"product-type-booking"},"booking_location":"","booking_location_type":"","booking_duration":1,"booking_duration_unit":"hour","booking_buffer":0,"booking_cost":0,"booking_resources":[],"exclude_global_add_ons":false,"addons":[{"name":"ADU: Adulto","type":"input_multiplier","position":0,"required":false,"title_format":"label","default":"","description_enable":false,"description":"","placeholder_enable":false,"placeholder":"","display":"select","restrictions_type":"any_text","adjust_price":true,"price":"155400","price_type":"quantity_based","restrictions":false,"min":"0","max":"0","options":[],"id":1777381961},{"name":"EXTRA: acompanhante","type":"input_multiplier","position":1,"required":false,"title_format":"label","default":"","description_enable":false,"description":"","placeholder_enable":false,"placeholder":"","display":"select","restrictions_type":"any_text","adjust_price":true,"price":"77700","price_type":"quantity_based","restrictions":false,"min":"0","max":"0","options":[],"id":1777381962},{"name":"MEN1418 | De 14 a 18","type":"input_multiplier","position":2,"required":false,"title_format":"label","default":"","description_enable":false,"description":"","placeholder_enable":false,"placeholder":"","display":"select","restrictions_type":"any_text","adjust_price":true,"price":"155400","price_type":"quantity_based","restrictions":false,"min":"0","max":"0","options":[],"id":1777381963}],"yoast_head":"<!-- This site is optimized with the Yoast SEO Premium plugin v25.2 (Yoast SEO v25.2) - https:\/\/yoast.com\/wordpress\/plugins\/seo\/ -->\n<title>Rafting al l\u00edmite con Chile con traslado - Navegaci\u00f3n AR<\/title>\n<meta name=\"description\" content=\"Viv\u00ed la experiencia del rafting al l\u00edmite con Chile. Una excursi\u00f3n \u00fanica desde Bariloche con traslado incluido.\" \/>\n<meta name=\"robots\" content=\"index, follow, max-snippet:-1, max-image-preview:large, max-video-preview:-1\" \/>\n<link rel=\"canonical\" href=\"https:\/\/navegacion.ar\/pt\/produto\/rafting-ate-a-fronteira-do-chile-com-traslado\/\" \/>\n<meta property=\"og:locale\" content=\"pt_BR\" \/>\n<meta property=\"og:type\" content=\"article\" \/>\n<meta property=\"og:title\" content=\"Rafting al l\u00edmite con Chile con traslado\" \/>\n<meta property=\"og:description\" content=\"Viv\u00ed la experiencia del rafting al l\u00edmite con Chile. Una excursi\u00f3n \u00fanica desde Bariloche con traslado incluido.\" \/>\n<meta property=\"og:url\" content=\"https:\/\/navegacion.ar\/pt\/produto\/rafting-ate-a-fronteira-do-chile-com-traslado\/\" \/>\n<meta property=\"og:site_name\" content=\"Navegaci\u00f3n AR\" \/>\n<meta property=\"article:modified_time\" content=\"2026-04-28T16:14:28+00:00\" \/>\n<meta property=\"og:image\" content=\"https:\/\/navegacion.ar\/wp-content\/uploads\/sites\/3\/2023\/11\/72.jpg\" \/>\n\t<meta property=\"og:image:width\" content=\"550\" \/>\n\t<meta property=\"og:image:height\" content=\"628\" \/>\n\t<meta property=\"og:image:type\" content=\"image\/jpeg\" \/>\n<meta name=\"twitter:card\" content=\"summary_large_image\" \/>\n<meta name=\"twitter:label1\" content=\"Pre\u00e7o\" \/>\n\t<meta name=\"twitter:data1\" content=\"&#036;155,400.00\" \/>\n\t<meta name=\"twitter:label2\" content=\"Disponibilidade\" \/>\n\t<meta name=\"twitter:data2\" content=\"Em Estoque\" \/>\n<script type=\"application\/ld+json\" class=\"yoast-schema-graph\">{\"@context\":\"https:\/\/schema.org\",\"@graph\":[{\"@type\":\"WebPage\",\"@id\":\"https:\/\/navegacion.ar\/producto\/rafting-al-limite-con-chile-con-traslado\/\",\"url\":\"https:\/\/navegacion.ar\/producto\/rafting-al-limite-con-chile-con-traslado\/\",\"name\":\"Rafting al l\u00edmite con Chile con traslado - Navegaci\u00f3n AR\",\"isPartOf\":{\"@id\":\"https:\/\/navegacion.ar\/#website\"},\"primaryImageOfPage\":{\"@id\":\"https:\/\/navegacion.ar\/producto\/rafting-al-limite-con-chile-con-traslado\/#primaryimage\"},\"image\":{\"@id\":\"https:\/\/navegacion.ar\/producto\/rafting-al-limite-con-chile-con-traslado\/#primaryimage\"},\"thumbnailUrl\":\"https:\/\/navegacion.ar\/wp-content\/uploads\/sites\/3\/2023\/11\/72.jpg\",\"datePublished\":\"2025-06-13T15:47:39+00:00\",\"dateModified\":\"2026-04-28T16:14:28+00:00\",\"description\":\"Viv\u00ed la experiencia del rafting al l\u00edmite con Chile. Una excursi\u00f3n \u00fanica desde Bariloche con traslado incluido.\",\"breadcrumb\":{\"@id\":\"https:\/\/navegacion.ar\/producto\/rafting-al-limite-con-chile-con-traslado\/#breadcrumb\"},\"inLanguage\":\"pt-BR\",\"potentialAction\":[{\"@type\":\"ReadAction\",\"target\":[\"https:\/\/navegacion.ar\/producto\/rafting-al-limite-con-chile-con-traslado\/\"]}]},{\"@type\":\"ImageObject\",\"inLanguage\":\"pt-BR\",\"@id\":\"https:\/\/navegacion.ar\/producto\/rafting-al-limite-con-chile-con-traslado\/#primaryimage\",\"url\":\"https:\/\/navegacion.ar\/wp-content\/uploads\/sites\/3\/2023\/11\/72.jpg\",\"contentUrl\":\"https:\/\/navegacion.ar\/wp-content\/uploads\/sites\/3\/2023\/11\/72.jpg\",\"width\":550,\"height\":628},{\"@type\":\"BreadcrumbList\",\"@id\":\"https:\/\/navegacion.ar\/producto\/rafting-al-limite-con-chile-con-traslado\/#breadcrumb\",\"itemListElement\":[{\"@type\":\"ListItem\",\"position\":1,\"name\":\"Inicio\",\"item\":\"https:\/\/navegacion.ar\/\"},{\"@type\":\"ListItem\",\"position\":2,\"name\":\"Tienda\",\"item\":\"https:\/\/navegacion.ar\/tienda\/\"},{\"@type\":\"ListItem\",\"position\":3,\"name\":\"Rafting al l\u00edmite con Chile con traslado\"}]},{\"@type\":\"WebSite\",\"@id\":\"https:\/\/navegacion.ar\/#website\",\"url\":\"https:\/\/navegacion.ar\/\",\"name\":\"Navegaci\u00f3n AR\",\"description\":\"\",\"potentialAction\":[{\"@type\":\"SearchAction\",\"target\":{\"@type\":\"EntryPoint\",\"urlTemplate\":\"https:\/\/navegacion.ar\/?s={search_term_string}\"},\"query-input\":{\"@type\":\"PropertyValueSpecification\",\"valueRequired\":true,\"valueName\":\"search_term_string\"}}],\"inLanguage\":\"pt-BR\"}]}<\/script>\n<meta property=\"product:price:amount\" content=\"155400.00\" \/>\n<meta property=\"product:price:currency\" content=\"ARS\" \/>\n<meta property=\"og:availability\" content=\"instock\" \/>\n<meta property=\"product:availability\" content=\"instock\" \/>\n<meta property=\"product:retailer_item_id\" content=\"ADV2025RAALL\u00cd7HIR\" \/>\n<meta property=\"product:condition\" content=\"new\" \/>\n<!-- \/ Yoast SEO Premium plugin. -->","yoast_head_json":{"title":"Rafting at\u00e9 a fronteira com o Chile com traslado - Navega\u00e7\u00e3o AR","description":"Viva a experi\u00eancia do rafting na fronteira com o Chile. Uma excurs\u00e3o exclusiva saindo de Bariloche com traslado inclu\u00eddo.","robots":{"index":"index","follow":"follow","max-snippet":"max-snippet:-1","max-image-preview":"max-image-preview:large","max-video-preview":"max-video-preview:-1"},"canonical":"https:\/\/navegacion.ar\/pt\/produto\/rafting-ate-a-fronteira-do-chile-com-traslado\/","og_locale":"pt_BR","og_type":"article","og_title":"Rafting al l\u00edmite con Chile con traslado","og_description":"Viv\u00ed la experiencia del rafting al l\u00edmite con Chile. Una excursi\u00f3n \u00fanica desde Bariloche con traslado incluido.","og_url":"https:\/\/navegacion.ar\/pt\/produto\/rafting-ate-a-fronteira-do-chile-com-traslado\/","og_site_name":"Navegaci\u00f3n AR","article_modified_time":"2026-04-28T16:14:28+00:00","og_image":[{"width":550,"height":628,"url":"https:\/\/navegacion.ar\/wp-content\/uploads\/sites\/3\/2023\/11\/72.jpg","type":"image\/jpeg"}],"twitter_card":"summary_large_image","twitter_misc":{"Pre\u00e7o":"&#36;155,400.00","Disponibilidade":"Em Estoque"},"schema":{"@context":"https:\/\/schema.org","@graph":[{"@type":"WebPage","@id":"https:\/\/navegacion.ar\/producto\/rafting-al-limite-con-chile-con-traslado\/","url":"https:\/\/navegacion.ar\/producto\/rafting-al-limite-con-chile-con-traslado\/","name":"Rafting at\u00e9 a fronteira com o Chile com traslado - Navega\u00e7\u00e3o AR","isPartOf":{"@id":"https:\/\/navegacion.ar\/#website"},"primaryImageOfPage":{"@id":"https:\/\/navegacion.ar\/producto\/rafting-al-limite-con-chile-con-traslado\/#primaryimage"},"image":{"@id":"https:\/\/navegacion.ar\/producto\/rafting-al-limite-con-chile-con-traslado\/#primaryimage"},"thumbnailUrl":"https:\/\/navegacion.ar\/wp-content\/uploads\/sites\/3\/2023\/11\/72.jpg","datePublished":"2025-06-13T15:47:39+00:00","dateModified":"2026-04-28T16:14:28+00:00","description":"Viva a experi\u00eancia do rafting na fronteira com o Chile. Uma excurs\u00e3o exclusiva saindo de Bariloche com traslado inclu\u00eddo.","breadcrumb":{"@id":"https:\/\/navegacion.ar\/producto\/rafting-al-limite-con-chile-con-traslado\/#breadcrumb"},"inLanguage":"pt-BR","potentialAction":[{"@type":"ReadAction","target":["https:\/\/navegacion.ar\/producto\/rafting-al-limite-con-chile-con-traslado\/"]}]},{"@type":"ImageObject","inLanguage":"pt-BR","@id":"https:\/\/navegacion.ar\/producto\/rafting-al-limite-con-chile-con-traslado\/#primaryimage","url":"https:\/\/navegacion.ar\/wp-content\/uploads\/sites\/3\/2023\/11\/72.jpg","contentUrl":"https:\/\/navegacion.ar\/wp-content\/uploads\/sites\/3\/2023\/11\/72.jpg","width":550,"height":628},{"@type":"BreadcrumbList","@id":"https:\/\/navegacion.ar\/producto\/rafting-al-limite-con-chile-con-traslado\/#breadcrumb","itemListElement":[{"@type":"ListItem","position":1,"name":"Inicio","item":"https:\/\/navegacion.ar\/"},{"@type":"ListItem","position":2,"name":"Tienda","item":"https:\/\/navegacion.ar\/tienda\/"},{"@type":"ListItem","position":3,"name":"Rafting al l\u00edmite con Chile con traslado"}]},{"@type":"WebSite","@id":"https:\/\/navegacion.ar\/#website","url":"https:\/\/navegacion.ar\/","name":"Navega\u00e7\u00e3o AR","description":"","potentialAction":[{"@type":"SearchAction","target":{"@type":"EntryPoint","urlTemplate":"https:\/\/navegacion.ar\/?s={search_term_string}"},"query-input":{"@type":"PropertyValueSpecification","valueRequired":true,"valueName":"search_term_string"}}],"inLanguage":"pt-BR"}]},"product_price_amount":"155400.00","product_price_currency":"ARS","og_availability":"instock","product_availability":"instock","product_retailer_item_id":"ADV2025RAALL\u00cd7HIR","product_condition":"new"},"_links":{"self":[{"href":"https:\/\/navegacion.ar\/pt\/wp-json\/wp\/v2\/product\/377846","targetHints":{"allow":["GET"]}}],"collection":[{"href":"https:\/\/navegacion.ar\/pt\/wp-json\/wp\/v2\/product"}],"about":[{"href":"https:\/\/navegacion.ar\/pt\/wp-json\/wp\/v2\/types\/product"}],"replies":[{"embeddable":true,"href":"https:\/\/navegacion.ar\/pt\/wp-json\/wp\/v2\/comments?post=377846"}],"wp:featuredmedia":[{"embeddable":true,"href":"https:\/\/navegacion.ar\/pt\/wp-json\/wp\/v2\/media\/376773"}],"wp:attachment":[{"href":"https:\/\/navegacion.ar\/pt\/wp-json\/wp\/v2\/media?parent=377846"}],"wp:term":[{"taxonomy":"product_brand","embeddable":true,"href":"https:\/\/navegacion.ar\/pt\/wp-json\/wp\/v2\/product_brand?post=377846"},{"taxonomy":"product_cat","embeddable":true,"href":"https:\/\/navegacion.ar\/pt\/wp-json\/wp\/v2\/product_cat?post=377846"},{"taxonomy":"product_tag","embeddable":true,"href":"https:\/\/navegacion.ar\/pt\/wp-json\/wp\/v2\/product_tag?post=377846"}],"curies":[{"name":"wp","href":"https:\/\/api.w.org\/{rel}","templated":true}]}}