{"id":377847,"date":"2025-06-13T12:48:11","date_gmt":"2025-06-13T15:48:11","guid":{"rendered":"https:\/\/navegacion.ar\/producto\/rafting-al-limite-con-chile-sin-traslado\/"},"modified":"2026-04-28T13:08:18","modified_gmt":"2026-04-28T16:08:18","slug":"rafting-al-limite-con-chile-sin-traslado","status":"publish","type":"product","link":"https:\/\/navegacion.ar\/pt\/produto\/rafting-ate-a-fronteira-do-chile-sem-traslado\/","title":{"rendered":"Rafting at\u00e9 a fronteira com o Chile Sem traslado"},"content":{"rendered":"<h2 class=\"ai-optimize-6\">Aventura aqu\u00e1tica na fronteira com o Chile<\/h2>\n<p class=\"ai-optimize-7 ai-optimize-introduction\">Venha e experimente um <strong>dia inesquec\u00edvel de rafting<\/strong> que o reconectar\u00e1 com as paisagens mais puras e surpreendentes. Esta proposta o convida a descobrir o imponente Rio Manso: as corredeiras e os <strong>n\u00edveis 3 e 4<\/strong> tornam cada trecho emocionante, chegando \u00e0 fronteira com o Chile.<\/p>\n<h3 class=\"ai-optimize-8\">In\u00edcio da turn\u00ea<\/h3>\n<p class=\"ai-optimize-9\">O dia come\u00e7a em nosso ponto de encontro pr\u00e9-estabelecido. Antes de entrar na \u00e1gua, os instrutores lhe d\u00e3o o equipamento necess\u00e1rio: roupas de mergulho, capacete e colete salva-vidas, priorizando sua seguran\u00e7a em todos os momentos.<\/p>\n<h3 class=\"ai-optimize-10\">Descida do rio Manso<\/h3>\n<ul>\n<li class=\"ai-optimize-11\"><strong>Rota:<\/strong> Uma jornada de <strong>10 km<\/strong> pelo Manso, com uma dura\u00e7\u00e3o estimada de <strong>2 horas<\/strong>.<\/li>\n<li class=\"ai-optimize-12\"><strong>Adrenalina:<\/strong> Aventure-se em fant\u00e1sticas corredeiras de \u00e1guas brancas <strong>III\/IV<\/strong>.<\/li>\n<li class=\"ai-optimize-13\">Ao chegarmos \u00e0 fronteira chilena, retornaremos de transporte ao Parador.<\/li>\n<\/ul>\n<h3 class=\"ai-optimize-14\">Op\u00e7\u00f5es de almo\u00e7o<\/h3>\n<p class=\"ai-optimize-15\">Quando a atividade terminar, voc\u00ea poder\u00e1 escolher se quer ficar para almo\u00e7ar em nosso parador. Esse servi\u00e7o n\u00e3o est\u00e1 inclu\u00eddo no pre\u00e7o da viagem, mas temos as melhores op\u00e7\u00f5es para voc\u00ea. <strong>churrasco<\/strong>, <strong>massa<\/strong> o <strong>salada<\/strong>, dispon\u00edvel por um custo adicional.<\/p>\n<h3 class=\"ai-optimize-16\">Recomenda\u00e7\u00f5es para os participantes<\/h3>\n<ul>\n<li class=\"ai-optimize-17\">Atividade desenvolvida para <strong>adolescentes e adultos<\/strong> de <strong>14 anos ou mais<\/strong>.<\/li>\n<li class=\"ai-optimize-18\">Sugerimos que voc\u00ea traga <strong>toalha<\/strong> e roupas para trocar no final do dia.<\/li>\n<\/ul>\n<h3 class=\"ai-optimize-19\">Dados para a op\u00e7\u00e3o sem movimento<\/h3>\n<p class=\"ai-optimize-20\">Se voc\u00ea optar pela modalidade sem traslado, o ponto de encontro ser\u00e1 em nosso parador localizado na <strong data-start=\"372\" data-end=\"389\">Base Villegas<\/strong>, no <strong data-start=\"400\" data-end=\"417\">Ruta 83, Km 1, San Carlos de Bariloche, R\u00edo Negro.<\/strong>.<br data-start=\"418\" data-end=\"421\" \/>Encontre-nos no Google Maps: <a class=\"\" href=\"https:\/\/maps.app.goo.gl\/NqbsUN6VB5Fnt7hVA\" target=\"_new\" rel=\"noopener\" data-start=\"449\" data-end=\"535\">https:\/\/maps.app.goo.gl\/NqbsUN6VB5Fnt7hVA<\/a><\/p>\n<h3 class=\"ai-optimize-21\">Principais dados<\/h3>\n<ul>\n<li class=\"ai-optimize-22\"><strong>Dura\u00e7\u00e3o:<\/strong> De <strong>9:00 a.m. \u00e0s 6:00 p.m.<\/strong> aproximadamente.<\/li>\n<li class=\"ai-optimize-23\"><strong>Ele inclui:<\/strong> Rafting e equipamentos (roupa de mergulho, colete, jaqueta imperme\u00e1vel, sapatos de neoprene, remo e capacete).<\/li>\n<li class=\"ai-optimize-24\"><strong>N\u00e3o inclu\u00eddo:<\/strong> Traslado, busca em sua acomoda\u00e7\u00e3o, caf\u00e9 da manh\u00e3 e almo\u00e7o.<\/li>\n<\/ul>\n<h2 class=\"ai-optimize-25\">Perguntas frequentes<\/h2>\n<ul>\n<li class=\"ai-optimize-26\"><strong>Qual \u00e9 a idade m\u00ednima exigida?<\/strong><br \/>\nEle se destina a pessoas com mais de 14 anos de idade.<\/li>\n<li class=\"ai-optimize-27\"><strong>Quais equipamentos voc\u00eas fornecem?<\/strong><br \/>\nInclu\u00edmos roupas de mergulho, coletes salva-vidas, capacetes, cal\u00e7ados e remos.<\/li>\n<li class=\"ai-optimize-28\"><strong>O almo\u00e7o est\u00e1 coberto?<\/strong><br \/>\nN\u00e3o, o almo\u00e7o \u00e9 pago separadamente; no entanto, voc\u00ea poder\u00e1 escolher entre diferentes alternativas no Parador.<\/li>\n<li class=\"ai-optimize-29\"><strong>Onde a reuni\u00e3o ser\u00e1 realizada?<\/strong><br \/>\nPara a variante sem realoca\u00e7\u00e3o, o ponto de chegada \u00e9 o <strong data-start=\"372\" data-end=\"389\">Base Villegas<\/strong>, no <strong data-start=\"400\" data-end=\"417\">Ruta 83, Km 1, San Carlos de Bariloche, R\u00edo Negro.<br \/>\nEncontre-nos no Google Maps: <a class=\"\" href=\"https:\/\/maps.app.goo.gl\/NqbsUN6VB5Fnt7hVA\" target=\"_new\" rel=\"noopener\" data-start=\"449\" data-end=\"535\">https:\/\/maps.app.goo.gl\/NqbsUN6VB5Fnt7hVA<\/a><br \/>\n<\/strong><\/li>\n<\/ul>\n<p class=\"ai-optimize-23\"><strong>Aviso importante<\/strong>Esse passeio est\u00e1 dispon\u00edvel no momento e tem sa\u00eddas at\u00e9 30 de abril, de acordo com o calend\u00e1rio operacional.<\/p>\n<p>&nbsp;<\/p>","protected":false},"excerpt":{"rendered":"<p class=\"ai-optimize-6\">Aproveite a aventura de remar pelo Rio Manso sem se preocupar com traslados. Mergulhe em corredeiras de grau III\/IV e comece o dia com um farto caf\u00e9 da manh\u00e3. Perfeita para maiores de 14 anos, essa experi\u00eancia combina pura emo\u00e7\u00e3o e vistas espetaculares.<\/p>","protected":false},"featured_media":378034,"comment_status":"open","ping_status":"closed","template":"","meta":[],"product_brand":[],"product_cat":[25,27,30,37,38,39,41,42,47],"product_tag":[],"class_list":{"0":"post-377847","1":"product","2":"type-product","3":"status-publish","4":"has-post-thumbnail","6":"product_cat-adultos","7":"product_cat-aventura","8":"product_cat-familia","9":"product_cat-otono","10":"product_cat-otros","11":"product_cat-primavera","12":"product_cat-sin-comida","13":"product_cat-sin-traslado","14":"product_cat-verano","16":"first","17":"instock","18":"virtual","19":"sold-individually","20":"purchasable","21":"product-type-booking"},"booking_location":"","booking_location_type":"","booking_duration":9,"booking_duration_unit":"hour","booking_buffer":0,"booking_cost":0,"booking_resources":[],"exclude_global_add_ons":false,"addons":[{"name":"ADU: Adulto","type":"input_multiplier","position":0,"required":false,"title_format":"label","default":"","description_enable":false,"description":"","placeholder_enable":false,"placeholder":"","display":"select","restrictions_type":"any_text","adjust_price":true,"price":"140400","price_type":"quantity_based","restrictions":false,"min":"0","max":"0","options":[],"id":1777381699},{"name":"EXTRA: acompanhante","type":"input_multiplier","position":1,"required":false,"title_format":"label","default":"","description_enable":false,"description":"","placeholder_enable":false,"placeholder":"","display":"select","restrictions_type":"any_text","adjust_price":true,"price":"70200","price_type":"quantity_based","restrictions":false,"min":"0","max":"0","options":[],"id":1777381700},{"name":"MEN 14 18 | De 14 a 18","type":"input_multiplier","position":2,"required":false,"title_format":"label","default":"","description_enable":false,"description":"","placeholder_enable":false,"placeholder":"","display":"select","restrictions_type":"any_text","adjust_price":true,"price":"140400","price_type":"quantity_based","restrictions":false,"min":"0","max":"0","options":[],"id":1777381701}],"yoast_head":"<!-- This site is optimized with the Yoast SEO Premium plugin v25.2 (Yoast SEO v25.2) - https:\/\/yoast.com\/wordpress\/plugins\/seo\/ -->\n<title>Rafting al l\u00edmite con Chile Sin traslado - Navegaci\u00f3n AR<\/title>\n<meta name=\"description\" content=\"Viv\u00ed la adrenalina del rafting al l\u00edmite con Chile. Una excursi\u00f3n \u00fanica desde Bariloche con traslado incluido.\" \/>\n<meta name=\"robots\" content=\"index, follow, max-snippet:-1, max-image-preview:large, max-video-preview:-1\" \/>\n<link rel=\"canonical\" href=\"https:\/\/navegacion.ar\/pt\/produto\/rafting-ate-a-fronteira-do-chile-sem-traslado\/\" \/>\n<meta property=\"og:locale\" content=\"pt_BR\" \/>\n<meta property=\"og:type\" content=\"article\" \/>\n<meta property=\"og:title\" content=\"Rafting al l\u00edmite con Chile Sin traslado\" \/>\n<meta property=\"og:description\" content=\"Viv\u00ed la adrenalina del rafting al l\u00edmite con Chile. Una excursi\u00f3n \u00fanica desde Bariloche con traslado incluido.\" \/>\n<meta property=\"og:url\" content=\"https:\/\/navegacion.ar\/pt\/produto\/rafting-ate-a-fronteira-do-chile-sem-traslado\/\" \/>\n<meta property=\"og:site_name\" content=\"Navegaci\u00f3n AR\" \/>\n<meta property=\"article:modified_time\" content=\"2026-04-28T16:08:18+00:00\" \/>\n<meta property=\"og:image\" content=\"https:\/\/navegacion.ar\/wp-content\/uploads\/sites\/3\/2025\/06\/2-D-aftingLightrioManso_image5_1140_1601836293-copia-1-scaled.jpg\" \/>\n\t<meta property=\"og:image:width\" content=\"1920\" \/>\n\t<meta property=\"og:image:height\" content=\"2560\" \/>\n\t<meta property=\"og:image:type\" content=\"image\/jpeg\" \/>\n<meta name=\"twitter:card\" content=\"summary_large_image\" \/>\n<meta name=\"twitter:label1\" content=\"Pre\u00e7o\" \/>\n\t<meta name=\"twitter:data1\" content=\"&#036;140,400.00\" \/>\n\t<meta name=\"twitter:label2\" content=\"Disponibilidade\" \/>\n\t<meta name=\"twitter:data2\" content=\"Em Estoque\" \/>\n<script type=\"application\/ld+json\" class=\"yoast-schema-graph\">{\"@context\":\"https:\/\/schema.org\",\"@graph\":[{\"@type\":\"WebPage\",\"@id\":\"https:\/\/navegacion.ar\/producto\/rafting-al-limite-con-chile-sin-traslado\/\",\"url\":\"https:\/\/navegacion.ar\/producto\/rafting-al-limite-con-chile-sin-traslado\/\",\"name\":\"Rafting al l\u00edmite con Chile Sin traslado - Navegaci\u00f3n AR\",\"isPartOf\":{\"@id\":\"https:\/\/navegacion.ar\/#website\"},\"primaryImageOfPage\":{\"@id\":\"https:\/\/navegacion.ar\/producto\/rafting-al-limite-con-chile-sin-traslado\/#primaryimage\"},\"image\":{\"@id\":\"https:\/\/navegacion.ar\/producto\/rafting-al-limite-con-chile-sin-traslado\/#primaryimage\"},\"thumbnailUrl\":\"https:\/\/navegacion.ar\/wp-content\/uploads\/sites\/3\/2025\/06\/2-D-aftingLightrioManso_image5_1140_1601836293-copia-1-scaled.jpg\",\"datePublished\":\"2025-06-13T15:48:11+00:00\",\"dateModified\":\"2026-04-28T16:08:18+00:00\",\"description\":\"Viv\u00ed la adrenalina del rafting al l\u00edmite con Chile. Una excursi\u00f3n \u00fanica desde Bariloche con traslado incluido.\",\"breadcrumb\":{\"@id\":\"https:\/\/navegacion.ar\/producto\/rafting-al-limite-con-chile-sin-traslado\/#breadcrumb\"},\"inLanguage\":\"pt-BR\",\"potentialAction\":[{\"@type\":\"ReadAction\",\"target\":[\"https:\/\/navegacion.ar\/producto\/rafting-al-limite-con-chile-sin-traslado\/\"]}]},{\"@type\":\"ImageObject\",\"inLanguage\":\"pt-BR\",\"@id\":\"https:\/\/navegacion.ar\/producto\/rafting-al-limite-con-chile-sin-traslado\/#primaryimage\",\"url\":\"https:\/\/navegacion.ar\/wp-content\/uploads\/sites\/3\/2025\/06\/2-D-aftingLightrioManso_image5_1140_1601836293-copia-1-scaled.jpg\",\"contentUrl\":\"https:\/\/navegacion.ar\/wp-content\/uploads\/sites\/3\/2025\/06\/2-D-aftingLightrioManso_image5_1140_1601836293-copia-1-scaled.jpg\",\"width\":1920,\"height\":2560},{\"@type\":\"BreadcrumbList\",\"@id\":\"https:\/\/navegacion.ar\/producto\/rafting-al-limite-con-chile-sin-traslado\/#breadcrumb\",\"itemListElement\":[{\"@type\":\"ListItem\",\"position\":1,\"name\":\"Inicio\",\"item\":\"https:\/\/navegacion.ar\/\"},{\"@type\":\"ListItem\",\"position\":2,\"name\":\"Tienda\",\"item\":\"https:\/\/navegacion.ar\/tienda\/\"},{\"@type\":\"ListItem\",\"position\":3,\"name\":\"Rafting al l\u00edmite con Chile Sin traslado\"}]},{\"@type\":\"WebSite\",\"@id\":\"https:\/\/navegacion.ar\/#website\",\"url\":\"https:\/\/navegacion.ar\/\",\"name\":\"Navegaci\u00f3n AR\",\"description\":\"\",\"potentialAction\":[{\"@type\":\"SearchAction\",\"target\":{\"@type\":\"EntryPoint\",\"urlTemplate\":\"https:\/\/navegacion.ar\/?s={search_term_string}\"},\"query-input\":{\"@type\":\"PropertyValueSpecification\",\"valueRequired\":true,\"valueName\":\"search_term_string\"}}],\"inLanguage\":\"pt-BR\"}]}<\/script>\n<meta property=\"product:price:amount\" content=\"140400.00\" \/>\n<meta property=\"product:price:currency\" content=\"ARS\" \/>\n<meta property=\"og:availability\" content=\"instock\" \/>\n<meta property=\"product:availability\" content=\"instock\" \/>\n<meta property=\"product:retailer_item_id\" content=\"ADV2025RAALL\u00cd530P\" \/>\n<meta property=\"product:condition\" content=\"new\" \/>\n<!-- \/ Yoast SEO Premium plugin. -->","yoast_head_json":{"title":"Rafting at\u00e9 a fronteira com o Chile Sem traslado - Navega\u00e7\u00e3o AR","description":"Experimente a adrenalina do rafting na fronteira com o Chile. Uma excurs\u00e3o exclusiva saindo de Bariloche com traslado inclu\u00eddo.","robots":{"index":"index","follow":"follow","max-snippet":"max-snippet:-1","max-image-preview":"max-image-preview:large","max-video-preview":"max-video-preview:-1"},"canonical":"https:\/\/navegacion.ar\/pt\/produto\/rafting-ate-a-fronteira-do-chile-sem-traslado\/","og_locale":"pt_BR","og_type":"article","og_title":"Rafting al l\u00edmite con Chile Sin traslado","og_description":"Viv\u00ed la adrenalina del rafting al l\u00edmite con Chile. Una excursi\u00f3n \u00fanica desde Bariloche con traslado incluido.","og_url":"https:\/\/navegacion.ar\/pt\/produto\/rafting-ate-a-fronteira-do-chile-sem-traslado\/","og_site_name":"Navegaci\u00f3n AR","article_modified_time":"2026-04-28T16:08:18+00:00","og_image":[{"width":1920,"height":2560,"url":"https:\/\/navegacion.ar\/wp-content\/uploads\/sites\/3\/2025\/06\/2-D-aftingLightrioManso_image5_1140_1601836293-copia-1-scaled.jpg","type":"image\/jpeg"}],"twitter_card":"summary_large_image","twitter_misc":{"Pre\u00e7o":"&#36;140,400.00","Disponibilidade":"Em Estoque"},"schema":{"@context":"https:\/\/schema.org","@graph":[{"@type":"WebPage","@id":"https:\/\/navegacion.ar\/producto\/rafting-al-limite-con-chile-sin-traslado\/","url":"https:\/\/navegacion.ar\/producto\/rafting-al-limite-con-chile-sin-traslado\/","name":"Rafting at\u00e9 a fronteira com o Chile Sem traslado - Navega\u00e7\u00e3o AR","isPartOf":{"@id":"https:\/\/navegacion.ar\/#website"},"primaryImageOfPage":{"@id":"https:\/\/navegacion.ar\/producto\/rafting-al-limite-con-chile-sin-traslado\/#primaryimage"},"image":{"@id":"https:\/\/navegacion.ar\/producto\/rafting-al-limite-con-chile-sin-traslado\/#primaryimage"},"thumbnailUrl":"https:\/\/navegacion.ar\/wp-content\/uploads\/sites\/3\/2025\/06\/2-D-aftingLightrioManso_image5_1140_1601836293-copia-1-scaled.jpg","datePublished":"2025-06-13T15:48:11+00:00","dateModified":"2026-04-28T16:08:18+00:00","description":"Experimente a adrenalina do rafting na fronteira com o Chile. Uma excurs\u00e3o exclusiva saindo de Bariloche com traslado inclu\u00eddo.","breadcrumb":{"@id":"https:\/\/navegacion.ar\/producto\/rafting-al-limite-con-chile-sin-traslado\/#breadcrumb"},"inLanguage":"pt-BR","potentialAction":[{"@type":"ReadAction","target":["https:\/\/navegacion.ar\/producto\/rafting-al-limite-con-chile-sin-traslado\/"]}]},{"@type":"ImageObject","inLanguage":"pt-BR","@id":"https:\/\/navegacion.ar\/producto\/rafting-al-limite-con-chile-sin-traslado\/#primaryimage","url":"https:\/\/navegacion.ar\/wp-content\/uploads\/sites\/3\/2025\/06\/2-D-aftingLightrioManso_image5_1140_1601836293-copia-1-scaled.jpg","contentUrl":"https:\/\/navegacion.ar\/wp-content\/uploads\/sites\/3\/2025\/06\/2-D-aftingLightrioManso_image5_1140_1601836293-copia-1-scaled.jpg","width":1920,"height":2560},{"@type":"BreadcrumbList","@id":"https:\/\/navegacion.ar\/producto\/rafting-al-limite-con-chile-sin-traslado\/#breadcrumb","itemListElement":[{"@type":"ListItem","position":1,"name":"Inicio","item":"https:\/\/navegacion.ar\/"},{"@type":"ListItem","position":2,"name":"Tienda","item":"https:\/\/navegacion.ar\/tienda\/"},{"@type":"ListItem","position":3,"name":"Rafting al l\u00edmite con Chile Sin traslado"}]},{"@type":"WebSite","@id":"https:\/\/navegacion.ar\/#website","url":"https:\/\/navegacion.ar\/","name":"Navega\u00e7\u00e3o AR","description":"","potentialAction":[{"@type":"SearchAction","target":{"@type":"EntryPoint","urlTemplate":"https:\/\/navegacion.ar\/?s={search_term_string}"},"query-input":{"@type":"PropertyValueSpecification","valueRequired":true,"valueName":"search_term_string"}}],"inLanguage":"pt-BR"}]},"product_price_amount":"140400.00","product_price_currency":"ARS","og_availability":"instock","product_availability":"instock","product_retailer_item_id":"ADV2025RAALL\u00cd530P","product_condition":"new"},"_links":{"self":[{"href":"https:\/\/navegacion.ar\/pt\/wp-json\/wp\/v2\/product\/377847","targetHints":{"allow":["GET"]}}],"collection":[{"href":"https:\/\/navegacion.ar\/pt\/wp-json\/wp\/v2\/product"}],"about":[{"href":"https:\/\/navegacion.ar\/pt\/wp-json\/wp\/v2\/types\/product"}],"replies":[{"embeddable":true,"href":"https:\/\/navegacion.ar\/pt\/wp-json\/wp\/v2\/comments?post=377847"}],"wp:featuredmedia":[{"embeddable":true,"href":"https:\/\/navegacion.ar\/pt\/wp-json\/wp\/v2\/media\/378034"}],"wp:attachment":[{"href":"https:\/\/navegacion.ar\/pt\/wp-json\/wp\/v2\/media?parent=377847"}],"wp:term":[{"taxonomy":"product_brand","embeddable":true,"href":"https:\/\/navegacion.ar\/pt\/wp-json\/wp\/v2\/product_brand?post=377847"},{"taxonomy":"product_cat","embeddable":true,"href":"https:\/\/navegacion.ar\/pt\/wp-json\/wp\/v2\/product_cat?post=377847"},{"taxonomy":"product_tag","embeddable":true,"href":"https:\/\/navegacion.ar\/pt\/wp-json\/wp\/v2\/product_tag?post=377847"}],"curies":[{"name":"wp","href":"https:\/\/api.w.org\/{rel}","templated":true}]}}