{"id":377853,"date":"2025-06-13T12:50:10","date_gmt":"2025-06-13T15:50:10","guid":{"rendered":"https:\/\/navegacion.ar\/producto\/isla-victoria-y-bosque-de-arrayanes-con-traslado\/"},"modified":"2026-01-28T10:31:12","modified_gmt":"2026-01-28T13:31:12","slug":"isla-victoria-y-bosque-arrayanes","status":"publish","type":"product","link":"https:\/\/navegacion.ar\/pt\/produto\/ilha-de-victoria-e-floresta-de-arrayanes\/","title":{"rendered":"Ilha Victoria e Bosque de Arrayanes com traslado"},"content":{"rendered":"<h2 class=\"ai-optimize-6\">Conhe\u00e7a a Isla Victoria e a Magic Myrtle Forest<\/h2>\n<p class=\"ai-optimize-7 ai-optimize-introduction\">Mergulhe na ess\u00eancia da Patag\u00f4nia com esta excurs\u00e3o emocionante, partindo da charmosa cidade de Bariloche direto para os tesouros naturais da Patag\u00f4nia. <strong>Ilha Victoria<\/strong> e o <strong>Floresta Myrtle<\/strong>. Tudo come\u00e7a em <strong>Puerto Pa\u00f1uelo<\/strong>, O ponto de partida ideal para uma aventura em lagos cristalinos.<\/p>\n<h3 class=\"ai-optimize-8\">Participe de nosso tour exclusivo<\/h3>\n<p class=\"ai-optimize-9\">Comece o dia com um passeio de barco de uma hora at\u00e9 a lend\u00e1ria pen\u00ednsula de <strong>Quetrihu\u00e9<\/strong>, O ref\u00fagio da exclusiva floresta de murtas, uma das mais famosas do planeta. Esse recanto, cheio de mitos e charme, foi a musa inspiradora dos criadores do emblem\u00e1tico filme <em>Bambi<\/em> Disney.<\/p>\n<p class=\"ai-optimize-10\">Em seguida, o barco leva voc\u00ea at\u00e9 <strong>Porto de Anchorena<\/strong> em <strong>Ilha Victoria<\/strong>, onde as trilhas o convidam a explorar a abundante vegeta\u00e7\u00e3o nativa e a descobrir o <strong>Praia de El Toro<\/strong>, famosa por seus petr\u00f3glifos milenares e sua areia vulc\u00e2nica exclusiva.<\/p>\n<h3 class=\"ai-optimize-11\">Detalhes essenciais da atividade<\/h3>\n<ul>\n<li class=\"ai-optimize-12\"><strong>Tipo de aventura:<\/strong> Passeios guiados no lago e caminhadas por florestas antigas.<\/li>\n<li class=\"ai-optimize-13\"><strong>Hor\u00e1rios:<\/strong> Das 13:00 hs \u00e0s 19:00 hs.<\/li>\n<li class=\"ai-optimize-14\"><strong>Ele inclui:<\/strong> Traslado de ida e volta e guias especializados sobre a vida nativa.<\/li>\n<li class=\"ai-optimize-15\"><strong>Esclarecimentos importantes:<\/strong> N\u00e3o inclui refei\u00e7\u00f5es, mas h\u00e1 uma variedade de paradas; as taxas do parque e de embarque devem ser pagas no local.<\/li>\n<\/ul>\n<p class=\"ai-optimize-16\">Uma experi\u00eancia \u00fanica para conhecer a natureza de perto e se deixar fascinar por paisagens singulares. Aproveite a oportunidade de ser o protagonista dessa proposta irrepet\u00edvel.<\/p>\n<h3 class=\"ai-optimize-17\">Perguntas comuns sobre a atividade<\/h3>\n<ul>\n<li class=\"ai-optimize-18\"><strong>Onde posso pagar as taxas de entrada e de embarque?<\/strong><br \/>\nAs taxas devem ser pagas pessoalmente e em dinheiro no mesmo dia em Puerto Pa\u00f1uelo. H\u00e1 exce\u00e7\u00f5es para residentes locais e determinados grupos.<\/li>\n<li class=\"ai-optimize-19\"><strong>H\u00e1 algum desconto para aposentados estrangeiros?<\/strong><br \/>\nN\u00e3o, os descontos para aposentados s\u00e3o exclusivos para aqueles que residem na Argentina. Uma prova v\u00e1lida de elegibilidade ser\u00e1 exigida antes do embarque.<\/li>\n<li class=\"ai-optimize-20\"><strong>\u00c9 poss\u00edvel comprar comida durante a excurs\u00e3o?<\/strong><br \/>\nSim, voc\u00ea encontrar\u00e1 alternativas gastron\u00f4micas a bordo e em v\u00e1rios pontos ao longo do percurso. Voc\u00ea tamb\u00e9m pode levar sua pr\u00f3pria comida, se preferir.<\/li>\n<li class=\"ai-optimize-21\"><strong>Qual barco \u00e9 usado na excurs\u00e3o?<\/strong><br \/>\nGeralmente navegamos no hist\u00f3rico <strong>Modesta Victoria<\/strong>, embora a disponibilidade possa variar de acordo com a disponibilidade.<\/li>\n<\/ul>","protected":false},"excerpt":{"rendered":"<p class=\"ai-optimize-6\">Desfrute de uma aventura \u00fanica na Patag\u00f4nia com nossa viagem \u00e0 Ilha Victoria e \u00e0 Floresta de Arrayanes. Com traslado garantido, voc\u00ea percorrer\u00e1 paisagens incompar\u00e1veis e caminhos naturais em um passeio cativante ao redor do lago. Fa\u00e7a sua reserva e deixe-se surpreender pelo encanto desses lugares verdadeiramente especiais.<\/p>","protected":false},"featured_media":377129,"comment_status":"open","ping_status":"closed","template":"","meta":[],"product_brand":[],"product_cat":[25,29,30,33,34,36,41,46],"product_tag":[],"class_list":{"0":"post-377853","1":"product","2":"type-product","3":"status-publish","4":"has-post-thumbnail","6":"product_cat-adultos","7":"product_cat-con-traslado","8":"product_cat-familia","9":"product_cat-jubilados","10":"product_cat-lacustre","11":"product_cat-ninos","12":"product_cat-sin-comida","13":"product_cat-todo-el-ano","15":"first","16":"instock","17":"virtual","18":"sold-individually","19":"purchasable","20":"product-type-booking"},"booking_location":"","booking_location_type":"","booking_duration":60,"booking_duration_unit":"minute","booking_buffer":0,"booking_cost":0,"booking_resources":[],"exclude_global_add_ons":[],"addons":[],"yoast_head":"<!-- This site is optimized with the Yoast SEO Premium plugin v25.2 (Yoast SEO v25.2) - https:\/\/yoast.com\/wordpress\/plugins\/seo\/ -->\n<title>Isla Victoria y Bosque de Arrayanes con Traslado - Navegaci\u00f3n AR<\/title>\n<meta name=\"description\" content=\"Naveg\u00e1 por el Nahuel Huapi y descubr\u00ed Isla Victoria y el Bosque de Arrayanes. Viv\u00ed una excursi\u00f3n \u00fanica entre paisajes patag\u00f3nicos y naturaleza pura.\" \/>\n<meta name=\"robots\" content=\"index, follow, max-snippet:-1, max-image-preview:large, max-video-preview:-1\" \/>\n<link rel=\"canonical\" href=\"https:\/\/navegacion.ar\/pt\/produto\/ilha-de-victoria-e-floresta-de-arrayanes\/\" \/>\n<meta property=\"og:locale\" content=\"pt_BR\" \/>\n<meta property=\"og:type\" content=\"article\" \/>\n<meta property=\"og:title\" content=\"Isla Victoria y Bosque de Arrayanes con Traslado\" \/>\n<meta property=\"og:description\" content=\"Naveg\u00e1 por el Nahuel Huapi y descubr\u00ed Isla Victoria y el Bosque de Arrayanes. Viv\u00ed una excursi\u00f3n \u00fanica entre paisajes patag\u00f3nicos y naturaleza pura.\" \/>\n<meta property=\"og:url\" content=\"https:\/\/navegacion.ar\/pt\/produto\/ilha-de-victoria-e-floresta-de-arrayanes\/\" \/>\n<meta property=\"og:site_name\" content=\"Navegaci\u00f3n AR\" \/>\n<meta property=\"article:modified_time\" content=\"2026-01-28T13:31:12+00:00\" \/>\n<meta property=\"og:image\" content=\"https:\/\/navegacion.ar\/wp-content\/uploads\/sites\/3\/2025\/03\/IslaVictoriayBosquedeArrayanes_image1_1140_1601416936.jpg\" \/>\n\t<meta property=\"og:image:width\" content=\"1140\" \/>\n\t<meta property=\"og:image:height\" content=\"855\" \/>\n\t<meta property=\"og:image:type\" content=\"image\/jpeg\" \/>\n<meta name=\"twitter:card\" content=\"summary_large_image\" \/>\n<meta name=\"twitter:label1\" content=\"Pre\u00e7o\" \/>\n\t<meta name=\"twitter:data1\" content=\"&#036;194,400.00\" \/>\n\t<meta name=\"twitter:label2\" content=\"Disponibilidade\" \/>\n\t<meta name=\"twitter:data2\" content=\"Em Estoque\" \/>\n<script type=\"application\/ld+json\" class=\"yoast-schema-graph\">{\"@context\":\"https:\/\/schema.org\",\"@graph\":[{\"@type\":\"WebPage\",\"@id\":\"https:\/\/navegacion.ar\/producto\/isla-victoria-y-bosque-arrayanes\/\",\"url\":\"https:\/\/navegacion.ar\/producto\/isla-victoria-y-bosque-arrayanes\/\",\"name\":\"Isla Victoria y Bosque de Arrayanes con Traslado - Navegaci\u00f3n AR\",\"isPartOf\":{\"@id\":\"https:\/\/navegacion.ar\/#website\"},\"primaryImageOfPage\":{\"@id\":\"https:\/\/navegacion.ar\/producto\/isla-victoria-y-bosque-arrayanes\/#primaryimage\"},\"image\":{\"@id\":\"https:\/\/navegacion.ar\/producto\/isla-victoria-y-bosque-arrayanes\/#primaryimage\"},\"thumbnailUrl\":\"https:\/\/navegacion.ar\/wp-content\/uploads\/sites\/3\/2025\/03\/IslaVictoriayBosquedeArrayanes_image1_1140_1601416936.jpg\",\"datePublished\":\"2025-06-13T15:50:10+00:00\",\"dateModified\":\"2026-01-28T13:31:12+00:00\",\"description\":\"Naveg\u00e1 por el Nahuel Huapi y descubr\u00ed Isla Victoria y el Bosque de Arrayanes. Viv\u00ed una excursi\u00f3n \u00fanica entre paisajes patag\u00f3nicos y naturaleza pura.\",\"breadcrumb\":{\"@id\":\"https:\/\/navegacion.ar\/producto\/isla-victoria-y-bosque-arrayanes\/#breadcrumb\"},\"inLanguage\":\"pt-BR\",\"potentialAction\":[{\"@type\":\"ReadAction\",\"target\":[\"https:\/\/navegacion.ar\/producto\/isla-victoria-y-bosque-arrayanes\/\"]}]},{\"@type\":\"ImageObject\",\"inLanguage\":\"pt-BR\",\"@id\":\"https:\/\/navegacion.ar\/producto\/isla-victoria-y-bosque-arrayanes\/#primaryimage\",\"url\":\"https:\/\/navegacion.ar\/wp-content\/uploads\/sites\/3\/2025\/03\/IslaVictoriayBosquedeArrayanes_image1_1140_1601416936.jpg\",\"contentUrl\":\"https:\/\/navegacion.ar\/wp-content\/uploads\/sites\/3\/2025\/03\/IslaVictoriayBosquedeArrayanes_image1_1140_1601416936.jpg\",\"width\":1140,\"height\":855},{\"@type\":\"BreadcrumbList\",\"@id\":\"https:\/\/navegacion.ar\/producto\/isla-victoria-y-bosque-arrayanes\/#breadcrumb\",\"itemListElement\":[{\"@type\":\"ListItem\",\"position\":1,\"name\":\"Inicio\",\"item\":\"https:\/\/navegacion.ar\/\"},{\"@type\":\"ListItem\",\"position\":2,\"name\":\"Tienda\",\"item\":\"https:\/\/navegacion.ar\/tienda\/\"},{\"@type\":\"ListItem\",\"position\":3,\"name\":\"Isla Victoria y Bosque de Arrayanes con Traslado\"}]},{\"@type\":\"WebSite\",\"@id\":\"https:\/\/navegacion.ar\/#website\",\"url\":\"https:\/\/navegacion.ar\/\",\"name\":\"Navegaci\u00f3n AR\",\"description\":\"\",\"potentialAction\":[{\"@type\":\"SearchAction\",\"target\":{\"@type\":\"EntryPoint\",\"urlTemplate\":\"https:\/\/navegacion.ar\/?s={search_term_string}\"},\"query-input\":{\"@type\":\"PropertyValueSpecification\",\"valueRequired\":true,\"valueName\":\"search_term_string\"}}],\"inLanguage\":\"pt-BR\"}]}<\/script>\n<meta property=\"product:price:amount\" content=\"194400.00\" \/>\n<meta property=\"product:price:currency\" content=\"ARS\" \/>\n<meta property=\"og:availability\" content=\"instock\" \/>\n<meta property=\"product:availability\" content=\"instock\" \/>\n<meta property=\"product:retailer_item_id\" content=\"ADV2025ISVIYBMX11\" \/>\n<meta property=\"product:condition\" content=\"new\" \/>\n<!-- \/ Yoast SEO Premium plugin. -->","yoast_head_json":{"title":"Ilha Victoria e Floresta de Arrayanes com traslado - Navega\u00e7\u00e3o AR","description":"Navegue ao longo do Nahuel Huapi e descubra a Ilha Victoria e a Floresta de Arrayanes. Experimente uma excurs\u00e3o \u00fanica entre as paisagens patag\u00f4nicas e a natureza pura.","robots":{"index":"index","follow":"follow","max-snippet":"max-snippet:-1","max-image-preview":"max-image-preview:large","max-video-preview":"max-video-preview:-1"},"canonical":"https:\/\/navegacion.ar\/pt\/produto\/ilha-de-victoria-e-floresta-de-arrayanes\/","og_locale":"pt_BR","og_type":"article","og_title":"Isla Victoria y Bosque de Arrayanes con Traslado","og_description":"Naveg\u00e1 por el Nahuel Huapi y descubr\u00ed Isla Victoria y el Bosque de Arrayanes. Viv\u00ed una excursi\u00f3n \u00fanica entre paisajes patag\u00f3nicos y naturaleza pura.","og_url":"https:\/\/navegacion.ar\/pt\/produto\/ilha-de-victoria-e-floresta-de-arrayanes\/","og_site_name":"Navegaci\u00f3n AR","article_modified_time":"2026-01-28T13:31:12+00:00","og_image":[{"width":1140,"height":855,"url":"https:\/\/navegacion.ar\/wp-content\/uploads\/sites\/3\/2025\/03\/IslaVictoriayBosquedeArrayanes_image1_1140_1601416936.jpg","type":"image\/jpeg"}],"twitter_card":"summary_large_image","twitter_misc":{"Pre\u00e7o":"&#36;194,400.00","Disponibilidade":"Em Estoque"},"schema":{"@context":"https:\/\/schema.org","@graph":[{"@type":"WebPage","@id":"https:\/\/navegacion.ar\/producto\/isla-victoria-y-bosque-arrayanes\/","url":"https:\/\/navegacion.ar\/producto\/isla-victoria-y-bosque-arrayanes\/","name":"Ilha Victoria e Floresta de Arrayanes com traslado - Navega\u00e7\u00e3o AR","isPartOf":{"@id":"https:\/\/navegacion.ar\/#website"},"primaryImageOfPage":{"@id":"https:\/\/navegacion.ar\/producto\/isla-victoria-y-bosque-arrayanes\/#primaryimage"},"image":{"@id":"https:\/\/navegacion.ar\/producto\/isla-victoria-y-bosque-arrayanes\/#primaryimage"},"thumbnailUrl":"https:\/\/navegacion.ar\/wp-content\/uploads\/sites\/3\/2025\/03\/IslaVictoriayBosquedeArrayanes_image1_1140_1601416936.jpg","datePublished":"2025-06-13T15:50:10+00:00","dateModified":"2026-01-28T13:31:12+00:00","description":"Navegue ao longo do Nahuel Huapi e descubra a Ilha Victoria e a Floresta de Arrayanes. Experimente uma excurs\u00e3o \u00fanica entre as paisagens patag\u00f4nicas e a natureza pura.","breadcrumb":{"@id":"https:\/\/navegacion.ar\/producto\/isla-victoria-y-bosque-arrayanes\/#breadcrumb"},"inLanguage":"pt-BR","potentialAction":[{"@type":"ReadAction","target":["https:\/\/navegacion.ar\/producto\/isla-victoria-y-bosque-arrayanes\/"]}]},{"@type":"ImageObject","inLanguage":"pt-BR","@id":"https:\/\/navegacion.ar\/producto\/isla-victoria-y-bosque-arrayanes\/#primaryimage","url":"https:\/\/navegacion.ar\/wp-content\/uploads\/sites\/3\/2025\/03\/IslaVictoriayBosquedeArrayanes_image1_1140_1601416936.jpg","contentUrl":"https:\/\/navegacion.ar\/wp-content\/uploads\/sites\/3\/2025\/03\/IslaVictoriayBosquedeArrayanes_image1_1140_1601416936.jpg","width":1140,"height":855},{"@type":"BreadcrumbList","@id":"https:\/\/navegacion.ar\/producto\/isla-victoria-y-bosque-arrayanes\/#breadcrumb","itemListElement":[{"@type":"ListItem","position":1,"name":"Inicio","item":"https:\/\/navegacion.ar\/"},{"@type":"ListItem","position":2,"name":"Tienda","item":"https:\/\/navegacion.ar\/tienda\/"},{"@type":"ListItem","position":3,"name":"Isla Victoria y Bosque de Arrayanes con Traslado"}]},{"@type":"WebSite","@id":"https:\/\/navegacion.ar\/#website","url":"https:\/\/navegacion.ar\/","name":"Navega\u00e7\u00e3o AR","description":"","potentialAction":[{"@type":"SearchAction","target":{"@type":"EntryPoint","urlTemplate":"https:\/\/navegacion.ar\/?s={search_term_string}"},"query-input":{"@type":"PropertyValueSpecification","valueRequired":true,"valueName":"search_term_string"}}],"inLanguage":"pt-BR"}]},"product_price_amount":"194400.00","product_price_currency":"ARS","og_availability":"instock","product_availability":"instock","product_retailer_item_id":"ADV2025ISVIYBMX11","product_condition":"new"},"_links":{"self":[{"href":"https:\/\/navegacion.ar\/pt\/wp-json\/wp\/v2\/product\/377853","targetHints":{"allow":["GET"]}}],"collection":[{"href":"https:\/\/navegacion.ar\/pt\/wp-json\/wp\/v2\/product"}],"about":[{"href":"https:\/\/navegacion.ar\/pt\/wp-json\/wp\/v2\/types\/product"}],"replies":[{"embeddable":true,"href":"https:\/\/navegacion.ar\/pt\/wp-json\/wp\/v2\/comments?post=377853"}],"wp:featuredmedia":[{"embeddable":true,"href":"https:\/\/navegacion.ar\/pt\/wp-json\/wp\/v2\/media\/377129"}],"wp:attachment":[{"href":"https:\/\/navegacion.ar\/pt\/wp-json\/wp\/v2\/media?parent=377853"}],"wp:term":[{"taxonomy":"product_brand","embeddable":true,"href":"https:\/\/navegacion.ar\/pt\/wp-json\/wp\/v2\/product_brand?post=377853"},{"taxonomy":"product_cat","embeddable":true,"href":"https:\/\/navegacion.ar\/pt\/wp-json\/wp\/v2\/product_cat?post=377853"},{"taxonomy":"product_tag","embeddable":true,"href":"https:\/\/navegacion.ar\/pt\/wp-json\/wp\/v2\/product_tag?post=377853"}],"curies":[{"name":"wp","href":"https:\/\/api.w.org\/{rel}","templated":true}]}}