{"id":377854,"date":"2025-06-13T12:50:27","date_gmt":"2025-06-13T15:50:27","guid":{"rendered":"https:\/\/navegacion.ar\/producto\/puerto-blest-y-cascada-los-cantaros-con-traslado\/"},"modified":"2026-01-28T10:30:56","modified_gmt":"2026-01-28T13:30:56","slug":"puerto-blest-cascada-los-cantaros-con-traslado","status":"publish","type":"product","link":"https:\/\/navegacion.ar\/pt\/produto\/cachoeira-puerto-blest-los-cantaros-com-traslado\/","title":{"rendered":"Puerto Blest e Cachoeira \u201cLos Cantaros\u201d com traslado"},"content":{"rendered":"<h2 class=\"ai-optimize-6\">Conhe\u00e7a a grandeza de Puerto Blest e a cachoeira \u201cLos C\u00e1ntaros\u201d.\u201d<\/h2>\n<p class=\"ai-optimize-7 ai-optimize-introduction\">Deixe-se levar por uma experi\u00eancia diferente no cora\u00e7\u00e3o da Patag\u00f4nia. Ao escolher esse traslado, voc\u00ea partir\u00e1 do centro de Bariloche com destino a Puerto Pa\u00f1uelo, localizado a apenas 25 km de dist\u00e2ncia. No caminho, aproveite para se maravilhar com a incr\u00edvel vista de cart\u00e3o postal das paisagens andinas e a calma total dos espelhos d'\u00e1gua da Patag\u00f4nia.<\/p>\n<h3 class=\"ai-optimize-8\">Uma jornada que marca<\/h3>\n<p class=\"ai-optimize-9\">Suba no catamar\u00e3 e inicie uma navega\u00e7\u00e3o de aproximadamente uma hora. No caminho, voc\u00ea visitar\u00e1 a ilhota Centinela, o local hist\u00f3rico onde repousam os restos do emblem\u00e1tico Perito Moreno. A viagem continua at\u00e9 as passarelas em dire\u00e7\u00e3o ao majestoso <strong>Cachoeira Los C\u00e1ntaros<\/strong>, O parque \u00e9 not\u00e1vel por suas enormes paredes de granito moldadas por geleiras, que transmitem a for\u00e7a indom\u00e1vel do ambiente natural.<\/p>\n<h3 class=\"ai-optimize-10\">Os segredos de Puerto Blest<\/h3>\n<ul>\n<li class=\"ai-optimize-11\"><strong>Bah\u00eda So\u00f1ada:<\/strong> Contemple a vista panor\u00e2mica de tirar o f\u00f4lego e as \u00e1guas verdes do Lago Frias, alimentadas pelas geleiras do imponente Cerro Tronador.<\/li>\n<li class=\"ai-optimize-12\"><strong>Trilhas na floresta tropical de Vald\u00edvia:<\/strong> Ao caminhar por essas trilhas, voc\u00ea se conecta com uma biodiversidade extraordin\u00e1ria em um ambiente realmente incompar\u00e1vel.<\/li>\n<\/ul>\n<h3 class=\"ai-optimize-13\">Uma caminhada para o tesouro<\/h3>\n<p class=\"ai-optimize-14\">O dia termina navegando de volta ao longo do Brazo Blest, enquanto o Cerro Tronador se despede com seus \u00faltimos raios, criando mem\u00f3rias indel\u00e9veis desse passeio ideal.<\/p>\n<h3 class=\"ai-optimize-15\">Informa\u00e7\u00f5es \u00fateis<\/h3>\n<ul>\n<li class=\"ai-optimize-16\"><strong>Hor\u00e1rio:<\/strong> Das 9:00 \u00e0s 18:00 hs, aproximadamente.<\/li>\n<li class=\"ai-optimize-17\"><strong>Ele inclui:<\/strong> Traslado em ambas as dire\u00e7\u00f5es, excurs\u00e3o guiada de catamar\u00e3 e caminhadas guiadas pela floresta.<\/li>\n<li class=\"ai-optimize-18\"><strong>N\u00e3o inclu\u00eddo:<\/strong> Refei\u00e7\u00f5es (voc\u00ea pode comer em diferentes paradas), taxas de uso do Parque Nacional e taxas de embarque.<\/li>\n<\/ul>\n<h3 class=\"ai-optimize-19\">Consultas regulares<\/h3>\n<h4 class=\"ai-optimize-20\">A viagem \u00e9 adequada para todas as idades?<\/h4>\n<p class=\"ai-optimize-21\">Sem d\u00favida, ele foi projetado para que pessoas de todas as idades possam aproveit\u00e1-lo ao m\u00e1ximo e desfrut\u00e1-lo ao m\u00e1ximo.<\/p>\n<h4 class=\"ai-optimize-22\">O que devo vestir?<\/h4>\n<p class=\"ai-optimize-23\">Sugerimos roupas pr\u00e1ticas e cal\u00e7ados confort\u00e1veis, al\u00e9m de uma jaqueta para o caso de mudan\u00e7as clim\u00e1ticas.<\/p>\n<h4 class=\"ai-optimize-24\">\u00c9 poss\u00edvel ir \u00e0 cachoeira \u201cLos C\u00e1ntaros\u201d o ano todo?<\/h4>\n<p class=\"ai-optimize-25\">Normalmente, a rota fica aberta durante todo o ano, embora seja melhor verificar as condi\u00e7\u00f5es no inverno.<\/p>","protected":false},"excerpt":{"rendered":"<p class=\"ai-optimize-6\">Desfrute de uma experi\u00eancia \u00fanica a caminho de Puerto Blest e da imponente cachoeira \u00abLos C\u00e1ntaros\u00bb. Fa\u00e7a um passeio de catamar\u00e3 nas \u00e1guas do Lago Nahuel Huapi e mergulhe na exuberante floresta tropical valdiviana. Essa viagem oferece vistas inesquec\u00edveis e momentos de pura conex\u00e3o com o ambiente natural. Garanta seu lugar e conhe\u00e7a a Patag\u00f4nia de uma forma \u00fanica.<\/p>","protected":false},"featured_media":377136,"comment_status":"open","ping_status":"closed","template":"","meta":[],"product_brand":[],"product_cat":[34,46],"product_tag":[],"class_list":{"0":"post-377854","1":"product","2":"type-product","3":"status-publish","4":"has-post-thumbnail","6":"product_cat-lacustre","7":"product_cat-todo-el-ano","9":"first","10":"instock","11":"virtual","12":"sold-individually","13":"purchasable","14":"product-type-booking"},"booking_location":"","booking_location_type":"","booking_duration":60,"booking_duration_unit":"minute","booking_buffer":0,"booking_cost":0,"booking_resources":[],"exclude_global_add_ons":[],"addons":[],"yoast_head":"<!-- This site is optimized with the Yoast SEO Premium plugin v25.2 (Yoast SEO v25.2) - https:\/\/yoast.com\/wordpress\/plugins\/seo\/ -->\n<title>Puerto Blest y Cascada Los C\u00e1ntaros con traslado | Excursi\u00f3n - Navegaci\u00f3n AR<\/title>\n<meta name=\"description\" content=\"Descubr\u00ed Puerto Blest y la Cascada Los C\u00e1ntaros con traslado desde Bariloche. Naveg\u00e1 el Nahuel Huapi y viv\u00ed una excursi\u00f3n patag\u00f3nica inolvidable.\" \/>\n<meta name=\"robots\" content=\"index, follow, max-snippet:-1, max-image-preview:large, max-video-preview:-1\" \/>\n<link rel=\"canonical\" href=\"https:\/\/navegacion.ar\/pt\/produto\/cachoeira-puerto-blest-los-cantaros-com-traslado\/\" \/>\n<meta property=\"og:locale\" content=\"pt_BR\" \/>\n<meta property=\"og:type\" content=\"article\" \/>\n<meta property=\"og:title\" content=\"Puerto Blest y Cascada &quot;Los Cantaros&quot; con traslado\" \/>\n<meta property=\"og:description\" content=\"Descubr\u00ed Puerto Blest y la Cascada Los C\u00e1ntaros con traslado desde Bariloche. Naveg\u00e1 el Nahuel Huapi y viv\u00ed una excursi\u00f3n patag\u00f3nica inolvidable.\" \/>\n<meta property=\"og:url\" content=\"https:\/\/navegacion.ar\/pt\/produto\/cachoeira-puerto-blest-los-cantaros-com-traslado\/\" \/>\n<meta property=\"og:site_name\" content=\"Navegaci\u00f3n AR\" \/>\n<meta property=\"article:modified_time\" content=\"2026-01-28T13:30:56+00:00\" \/>\n<meta property=\"og:image\" content=\"https:\/\/navegacion.ar\/wp-content\/uploads\/sites\/3\/2025\/03\/PuertoblestyCascadadelosCntaros_icon_1140_1601570037.jpg\" \/>\n\t<meta property=\"og:image:width\" content=\"1140\" \/>\n\t<meta property=\"og:image:height\" content=\"855\" \/>\n\t<meta property=\"og:image:type\" content=\"image\/jpeg\" \/>\n<meta name=\"twitter:card\" content=\"summary_large_image\" \/>\n<meta name=\"twitter:label1\" content=\"Pre\u00e7o\" \/>\n\t<meta name=\"twitter:data1\" content=\"&#036;194,400.00\" \/>\n\t<meta name=\"twitter:label2\" content=\"Disponibilidade\" \/>\n\t<meta name=\"twitter:data2\" content=\"Em Estoque\" \/>\n<script type=\"application\/ld+json\" class=\"yoast-schema-graph\">{\"@context\":\"https:\/\/schema.org\",\"@graph\":[{\"@type\":\"WebPage\",\"@id\":\"https:\/\/navegacion.ar\/producto\/puerto-blest-cascada-los-cantaros-con-traslado\/\",\"url\":\"https:\/\/navegacion.ar\/producto\/puerto-blest-cascada-los-cantaros-con-traslado\/\",\"name\":\"Puerto Blest y Cascada Los C\u00e1ntaros con traslado | Excursi\u00f3n - Navegaci\u00f3n AR\",\"isPartOf\":{\"@id\":\"https:\/\/navegacion.ar\/#website\"},\"primaryImageOfPage\":{\"@id\":\"https:\/\/navegacion.ar\/producto\/puerto-blest-cascada-los-cantaros-con-traslado\/#primaryimage\"},\"image\":{\"@id\":\"https:\/\/navegacion.ar\/producto\/puerto-blest-cascada-los-cantaros-con-traslado\/#primaryimage\"},\"thumbnailUrl\":\"https:\/\/navegacion.ar\/wp-content\/uploads\/sites\/3\/2025\/03\/PuertoblestyCascadadelosCntaros_icon_1140_1601570037.jpg\",\"datePublished\":\"2025-06-13T15:50:27+00:00\",\"dateModified\":\"2026-01-28T13:30:56+00:00\",\"description\":\"Descubr\u00ed Puerto Blest y la Cascada Los C\u00e1ntaros con traslado desde Bariloche. Naveg\u00e1 el Nahuel Huapi y viv\u00ed una excursi\u00f3n patag\u00f3nica inolvidable.\",\"breadcrumb\":{\"@id\":\"https:\/\/navegacion.ar\/producto\/puerto-blest-cascada-los-cantaros-con-traslado\/#breadcrumb\"},\"inLanguage\":\"pt-BR\",\"potentialAction\":[{\"@type\":\"ReadAction\",\"target\":[\"https:\/\/navegacion.ar\/producto\/puerto-blest-cascada-los-cantaros-con-traslado\/\"]}]},{\"@type\":\"ImageObject\",\"inLanguage\":\"pt-BR\",\"@id\":\"https:\/\/navegacion.ar\/producto\/puerto-blest-cascada-los-cantaros-con-traslado\/#primaryimage\",\"url\":\"https:\/\/navegacion.ar\/wp-content\/uploads\/sites\/3\/2025\/03\/PuertoblestyCascadadelosCntaros_icon_1140_1601570037.jpg\",\"contentUrl\":\"https:\/\/navegacion.ar\/wp-content\/uploads\/sites\/3\/2025\/03\/PuertoblestyCascadadelosCntaros_icon_1140_1601570037.jpg\",\"width\":1140,\"height\":855},{\"@type\":\"BreadcrumbList\",\"@id\":\"https:\/\/navegacion.ar\/producto\/puerto-blest-cascada-los-cantaros-con-traslado\/#breadcrumb\",\"itemListElement\":[{\"@type\":\"ListItem\",\"position\":1,\"name\":\"Inicio\",\"item\":\"https:\/\/navegacion.ar\/\"},{\"@type\":\"ListItem\",\"position\":2,\"name\":\"Tienda\",\"item\":\"https:\/\/navegacion.ar\/tienda\/\"},{\"@type\":\"ListItem\",\"position\":3,\"name\":\"Puerto Blest y Cascada \u00abLos Cantaros\u00bb con traslado\"}]},{\"@type\":\"WebSite\",\"@id\":\"https:\/\/navegacion.ar\/#website\",\"url\":\"https:\/\/navegacion.ar\/\",\"name\":\"Navegaci\u00f3n AR\",\"description\":\"\",\"potentialAction\":[{\"@type\":\"SearchAction\",\"target\":{\"@type\":\"EntryPoint\",\"urlTemplate\":\"https:\/\/navegacion.ar\/?s={search_term_string}\"},\"query-input\":{\"@type\":\"PropertyValueSpecification\",\"valueRequired\":true,\"valueName\":\"search_term_string\"}}],\"inLanguage\":\"pt-BR\"}]}<\/script>\n<meta property=\"product:price:amount\" content=\"194400.00\" \/>\n<meta property=\"product:price:currency\" content=\"ARS\" \/>\n<meta property=\"og:availability\" content=\"instock\" \/>\n<meta property=\"product:availability\" content=\"instock\" \/>\n<meta property=\"product:retailer_item_id\" content=\"ADV2025PUBLYCO2Q8\" \/>\n<meta property=\"product:condition\" content=\"new\" \/>\n<!-- \/ Yoast SEO Premium plugin. -->","yoast_head_json":{"title":"Puerto Blest e Cachoeira Los C\u00e1ntaros com traslado | Excurs\u00e3o - Sailing AR","description":"Descubra Puerto Blest e a Cascata Los C\u00e1ntaros com traslado de Bariloche. Navegue pelo Nahuel Huapi e experimente uma excurs\u00e3o inesquec\u00edvel pela Patag\u00f4nia.","robots":{"index":"index","follow":"follow","max-snippet":"max-snippet:-1","max-image-preview":"max-image-preview:large","max-video-preview":"max-video-preview:-1"},"canonical":"https:\/\/navegacion.ar\/pt\/produto\/cachoeira-puerto-blest-los-cantaros-com-traslado\/","og_locale":"pt_BR","og_type":"article","og_title":"Puerto Blest y Cascada \"Los Cantaros\" con traslado","og_description":"Descubr\u00ed Puerto Blest y la Cascada Los C\u00e1ntaros con traslado desde Bariloche. Naveg\u00e1 el Nahuel Huapi y viv\u00ed una excursi\u00f3n patag\u00f3nica inolvidable.","og_url":"https:\/\/navegacion.ar\/pt\/produto\/cachoeira-puerto-blest-los-cantaros-com-traslado\/","og_site_name":"Navegaci\u00f3n AR","article_modified_time":"2026-01-28T13:30:56+00:00","og_image":[{"width":1140,"height":855,"url":"https:\/\/navegacion.ar\/wp-content\/uploads\/sites\/3\/2025\/03\/PuertoblestyCascadadelosCntaros_icon_1140_1601570037.jpg","type":"image\/jpeg"}],"twitter_card":"summary_large_image","twitter_misc":{"Pre\u00e7o":"&#36;194,400.00","Disponibilidade":"Em Estoque"},"schema":{"@context":"https:\/\/schema.org","@graph":[{"@type":"WebPage","@id":"https:\/\/navegacion.ar\/producto\/puerto-blest-cascada-los-cantaros-con-traslado\/","url":"https:\/\/navegacion.ar\/producto\/puerto-blest-cascada-los-cantaros-con-traslado\/","name":"Puerto Blest e Cachoeira Los C\u00e1ntaros com traslado | Excurs\u00e3o - Sailing AR","isPartOf":{"@id":"https:\/\/navegacion.ar\/#website"},"primaryImageOfPage":{"@id":"https:\/\/navegacion.ar\/producto\/puerto-blest-cascada-los-cantaros-con-traslado\/#primaryimage"},"image":{"@id":"https:\/\/navegacion.ar\/producto\/puerto-blest-cascada-los-cantaros-con-traslado\/#primaryimage"},"thumbnailUrl":"https:\/\/navegacion.ar\/wp-content\/uploads\/sites\/3\/2025\/03\/PuertoblestyCascadadelosCntaros_icon_1140_1601570037.jpg","datePublished":"2025-06-13T15:50:27+00:00","dateModified":"2026-01-28T13:30:56+00:00","description":"Descubra Puerto Blest e a Cascata Los C\u00e1ntaros com traslado de Bariloche. Navegue pelo Nahuel Huapi e experimente uma excurs\u00e3o inesquec\u00edvel pela Patag\u00f4nia.","breadcrumb":{"@id":"https:\/\/navegacion.ar\/producto\/puerto-blest-cascada-los-cantaros-con-traslado\/#breadcrumb"},"inLanguage":"pt-BR","potentialAction":[{"@type":"ReadAction","target":["https:\/\/navegacion.ar\/producto\/puerto-blest-cascada-los-cantaros-con-traslado\/"]}]},{"@type":"ImageObject","inLanguage":"pt-BR","@id":"https:\/\/navegacion.ar\/producto\/puerto-blest-cascada-los-cantaros-con-traslado\/#primaryimage","url":"https:\/\/navegacion.ar\/wp-content\/uploads\/sites\/3\/2025\/03\/PuertoblestyCascadadelosCntaros_icon_1140_1601570037.jpg","contentUrl":"https:\/\/navegacion.ar\/wp-content\/uploads\/sites\/3\/2025\/03\/PuertoblestyCascadadelosCntaros_icon_1140_1601570037.jpg","width":1140,"height":855},{"@type":"BreadcrumbList","@id":"https:\/\/navegacion.ar\/producto\/puerto-blest-cascada-los-cantaros-con-traslado\/#breadcrumb","itemListElement":[{"@type":"ListItem","position":1,"name":"Inicio","item":"https:\/\/navegacion.ar\/"},{"@type":"ListItem","position":2,"name":"Tienda","item":"https:\/\/navegacion.ar\/tienda\/"},{"@type":"ListItem","position":3,"name":"Puerto Blest y Cascada \u00abLos Cantaros\u00bb con traslado"}]},{"@type":"WebSite","@id":"https:\/\/navegacion.ar\/#website","url":"https:\/\/navegacion.ar\/","name":"Navega\u00e7\u00e3o AR","description":"","potentialAction":[{"@type":"SearchAction","target":{"@type":"EntryPoint","urlTemplate":"https:\/\/navegacion.ar\/?s={search_term_string}"},"query-input":{"@type":"PropertyValueSpecification","valueRequired":true,"valueName":"search_term_string"}}],"inLanguage":"pt-BR"}]},"product_price_amount":"194400.00","product_price_currency":"ARS","og_availability":"instock","product_availability":"instock","product_retailer_item_id":"ADV2025PUBLYCO2Q8","product_condition":"new"},"_links":{"self":[{"href":"https:\/\/navegacion.ar\/pt\/wp-json\/wp\/v2\/product\/377854","targetHints":{"allow":["GET"]}}],"collection":[{"href":"https:\/\/navegacion.ar\/pt\/wp-json\/wp\/v2\/product"}],"about":[{"href":"https:\/\/navegacion.ar\/pt\/wp-json\/wp\/v2\/types\/product"}],"replies":[{"embeddable":true,"href":"https:\/\/navegacion.ar\/pt\/wp-json\/wp\/v2\/comments?post=377854"}],"wp:featuredmedia":[{"embeddable":true,"href":"https:\/\/navegacion.ar\/pt\/wp-json\/wp\/v2\/media\/377136"}],"wp:attachment":[{"href":"https:\/\/navegacion.ar\/pt\/wp-json\/wp\/v2\/media?parent=377854"}],"wp:term":[{"taxonomy":"product_brand","embeddable":true,"href":"https:\/\/navegacion.ar\/pt\/wp-json\/wp\/v2\/product_brand?post=377854"},{"taxonomy":"product_cat","embeddable":true,"href":"https:\/\/navegacion.ar\/pt\/wp-json\/wp\/v2\/product_cat?post=377854"},{"taxonomy":"product_tag","embeddable":true,"href":"https:\/\/navegacion.ar\/pt\/wp-json\/wp\/v2\/product_tag?post=377854"}],"curies":[{"name":"wp","href":"https:\/\/api.w.org\/{rel}","templated":true}]}}