{"id":377855,"date":"2025-06-13T12:50:46","date_gmt":"2025-06-13T15:50:46","guid":{"rendered":"https:\/\/navegacion.ar\/producto\/excursion-a-puerto-blest-y-lago-frias-con-traslado\/"},"modified":"2026-01-28T10:30:38","modified_gmt":"2026-01-28T13:30:38","slug":"puerto-blest-cascada-los-cantaros-lago-frias","status":"publish","type":"product","link":"https:\/\/navegacion.ar\/pt\/produto\/puerto-blest-cachoeira-los-cantaros-lago-frias\/","title":{"rendered":"Excurs\u00e3o a Puerto Blest e Lago Frias com traslado"},"content":{"rendered":"<h2 class=\"ai-optimize-6\">Conhe\u00e7a a grandeza de Puerto Blest e a cachoeira \u201cLos C\u00e1ntaros\u201d.\u201d<\/h2>\n<p class=\"ai-optimize-7 ai-optimize-introduction\">Comece uma experi\u00eancia incr\u00edvel a partir do encantador <strong>Puerto Pa\u00f1uelo<\/strong>, a apenas alguns minutos do centro de San Carlos de Bariloche. Em uma divertida viagem de barco de aproximadamente uma hora, voc\u00ea conhecer\u00e1 a extraordin\u00e1ria <strong>Ilhota Sentinela<\/strong>, famoso por ser o local de descanso final do m\u00edtico Perito Moreno.<\/p>\n<p class=\"ai-optimize-8\">Mais adiante, seguimos em dire\u00e7\u00e3o a um sistema de passarelas que lhe d\u00e1 uma perspectiva \u00fanica da imponente <strong>Cachoeira Los C\u00e1ntaros<\/strong>. Esse espet\u00e1culo natural, cercado por paredes de granito, esconde um lari\u00e7o milenar que testemunhou s\u00e9culos de maravilhas.<\/p>\n<h3 class=\"ai-optimize-9\">Navega\u00e7\u00e3o panor\u00e2mica no lago<\/h3>\n<p class=\"ai-optimize-10\">A bordo de um catamar\u00e3 de \u00faltima gera\u00e7\u00e3o, voc\u00ea desfrutar\u00e1 de <strong>vistas incompar\u00e1veis do Lago Nahuel Huapi<\/strong> e os imponentes picos da <strong>Cordilheira dos Andes<\/strong>. Venha e deixe-se surpreender pela diversidade de suas ilhas e pelas paisagens inconfund\u00edveis que distinguem essa terra patag\u00f4nica.<\/p>\n<h2 class=\"ai-optimize-11\">Mergulhe no Lago Frias: um canto secreto<\/h2>\n<p class=\"ai-optimize-12\">Quando voc\u00ea chega a Puerto Blest, um lugar que encanta visitantes de todo o mundo, fica deslumbrado com a m\u00e1gica <strong>Lago Frias<\/strong>. Sua cor esverdeada intensa \u00e9 consequ\u00eancia dos minerais transportados pela geleira Tronador.<\/p>\n<p class=\"ai-optimize-13\">Para prolongar a aventura, uma curta viagem de \u00f4nibus de 3 km o levar\u00e1 a <strong>Porto Alegre<\/strong>, onde voc\u00ea embarcar\u00e1 para conhecer de perto essas \u00e1guas deslumbrantes.<\/p>\n<h3 class=\"ai-optimize-14\">Propostas variadas para sua divers\u00e3o<\/h3>\n<ul>\n<li class=\"ai-optimize-15\">Passeios guiados a p\u00e9 pela floresta tropical de Vald\u00edvia, um verdadeiro santu\u00e1rio natural.<\/li>\n<li class=\"ai-optimize-16\">Viagens n\u00e1uticas no calmo Lago Fr\u00edas, com cart\u00f5es postais irrepet\u00edveis.<\/li>\n<\/ul>\n<h2 class=\"ai-optimize-17\">Fatos importantes sobre a excurs\u00e3o<\/h2>\n<ul>\n<li class=\"ai-optimize-18\"><strong>Dura\u00e7\u00e3o:<\/strong> Das 9:00 \u00e0s 17:30 hs, aproximadamente.<\/li>\n<li class=\"ai-optimize-19\"><strong>Ele inclui:<\/strong> Traslado de ida e volta, guia durante a viagem e a caminhada.<\/li>\n<li class=\"ai-optimize-20\"><strong>N\u00e3o inclu\u00eddo:<\/strong> Refei\u00e7\u00f5es (voc\u00ea pode comer em Paradores) e a taxa de entrada nos Parques Nacionais.<\/li>\n<\/ul>\n<h2 class=\"ai-optimize-21\">Perguntas frequentes<\/h2>\n<ul>\n<li class=\"ai-optimize-22\"><strong>Como fa\u00e7o para pagar pelo acesso aos Parques Nacionais?<\/strong><br \/>\nO pagamento \u00e9 feito no dia da excurs\u00e3o em Puerto Pa\u00f1uelo, somente em dinheiro e moeda local. H\u00e1 isen\u00e7\u00f5es dispon\u00edveis para a popula\u00e7\u00e3o local e para crian\u00e7as menores de cinco anos de idade.<\/li>\n<li class=\"ai-optimize-23\"><strong>Os aposentados estrangeiros recebem b\u00f4nus?<\/strong><br \/>\nN\u00e3o, os benef\u00edcios s\u00e3o concedidos apenas aos aposentados argentinos, que devem apresentar o documento no momento do embarque.<\/li>\n<li class=\"ai-optimize-24\"><strong>Posso levar minha pr\u00f3pria comida?<\/strong><br \/>\n\u00c9 claro que voc\u00ea pode levar sua pr\u00f3pria comida ou comprar comida a bordo e nos diversos paradores.<\/li>\n<li class=\"ai-optimize-25\"><strong>Qual vaso \u00e9 normalmente usado?<\/strong><br \/>\nNormalmente, voc\u00ea viaja na ic\u00f4nica Modesta Victoria, embora possam ocorrer altera\u00e7\u00f5es sem aviso pr\u00e9vio.<\/li>\n<li class=\"ai-optimize-26\"><strong>\u00c9 poss\u00edvel combin\u00e1-lo com outras propostas?<\/strong><br \/>\nSim, especialmente se seu passeio estiver programado para a tarde. Adicionar o Circuito Chico \u00e9 uma excelente op\u00e7\u00e3o para completar o passeio.<\/li>\n<\/ul>","protected":false},"excerpt":{"rendered":"<p class=\"ai-optimize-6\">Desfrute de uma experi\u00eancia \u00fanica em Puerto Blest e na cachoeira Los C\u00e1ntaros. Fa\u00e7a um passeio de barco ao redor do lago e maravilhe-se com as incr\u00edveis paisagens do Lago Frias. Adquira seu ingresso agora e conecte-se com um ambiente natural verdadeiramente espetacular.<\/p>","protected":false},"featured_media":377142,"comment_status":"open","ping_status":"closed","template":"","meta":[],"product_brand":[],"product_cat":[29,34,46],"product_tag":[],"class_list":{"0":"post-377855","1":"product","2":"type-product","3":"status-publish","4":"has-post-thumbnail","6":"product_cat-con-traslado","7":"product_cat-lacustre","8":"product_cat-todo-el-ano","10":"first","11":"instock","12":"virtual","13":"sold-individually","14":"purchasable","15":"product-type-booking"},"booking_location":"","booking_location_type":"","booking_duration":60,"booking_duration_unit":"minute","booking_buffer":0,"booking_cost":0,"booking_resources":[],"exclude_global_add_ons":[],"addons":[],"yoast_head":"<!-- This site is optimized with the Yoast SEO Premium plugin v25.2 (Yoast SEO v25.2) - https:\/\/yoast.com\/wordpress\/plugins\/seo\/ -->\n<title>Excursi\u00f3n a Puerto Blest y Lago Fr\u00edas con traslado - Navegaci\u00f3n AR<\/title>\n<meta name=\"description\" content=\"Naveg\u00e1 por el Nahuel Huapi hasta Puerto Blest y Lago Fr\u00edas. Una excursi\u00f3n inolvidable rodeada de monta\u00f1as y naturaleza.\" \/>\n<meta name=\"robots\" content=\"index, follow, max-snippet:-1, max-image-preview:large, max-video-preview:-1\" \/>\n<link rel=\"canonical\" href=\"https:\/\/navegacion.ar\/pt\/produto\/puerto-blest-cachoeira-los-cantaros-lago-frias\/\" \/>\n<meta property=\"og:locale\" content=\"pt_BR\" \/>\n<meta property=\"og:type\" content=\"article\" \/>\n<meta property=\"og:title\" content=\"Excursi\u00f3n a Puerto Blest y Lago Fr\u00edas con traslado\" \/>\n<meta property=\"og:description\" content=\"Naveg\u00e1 por el Nahuel Huapi hasta Puerto Blest y Lago Fr\u00edas. Una excursi\u00f3n inolvidable rodeada de monta\u00f1as y naturaleza.\" \/>\n<meta property=\"og:url\" content=\"https:\/\/navegacion.ar\/pt\/produto\/puerto-blest-cachoeira-los-cantaros-lago-frias\/\" \/>\n<meta property=\"og:site_name\" content=\"Navegaci\u00f3n AR\" \/>\n<meta property=\"article:modified_time\" content=\"2026-01-28T13:30:38+00:00\" \/>\n<meta property=\"og:image\" content=\"https:\/\/navegacion.ar\/wp-content\/uploads\/sites\/3\/2025\/03\/PuertoblestyCascadadelosCntaros_image6_1140_1601653186.jpg\" \/>\n\t<meta property=\"og:image:width\" content=\"1140\" \/>\n\t<meta property=\"og:image:height\" content=\"855\" \/>\n\t<meta property=\"og:image:type\" content=\"image\/jpeg\" \/>\n<meta name=\"twitter:card\" content=\"summary_large_image\" \/>\n<meta name=\"twitter:label1\" content=\"Pre\u00e7o\" \/>\n\t<meta name=\"twitter:data1\" content=\"&#036;259,200.00\" \/>\n\t<meta name=\"twitter:label2\" content=\"Disponibilidade\" \/>\n\t<meta name=\"twitter:data2\" content=\"Em Estoque\" \/>\n<script type=\"application\/ld+json\" class=\"yoast-schema-graph\">{\"@context\":\"https:\/\/schema.org\",\"@graph\":[{\"@type\":\"WebPage\",\"@id\":\"https:\/\/navegacion.ar\/producto\/puerto-blest-cascada-los-cantaros-lago-frias\/\",\"url\":\"https:\/\/navegacion.ar\/producto\/puerto-blest-cascada-los-cantaros-lago-frias\/\",\"name\":\"Excursi\u00f3n a Puerto Blest y Lago Fr\u00edas con traslado - Navegaci\u00f3n AR\",\"isPartOf\":{\"@id\":\"https:\/\/navegacion.ar\/#website\"},\"primaryImageOfPage\":{\"@id\":\"https:\/\/navegacion.ar\/producto\/puerto-blest-cascada-los-cantaros-lago-frias\/#primaryimage\"},\"image\":{\"@id\":\"https:\/\/navegacion.ar\/producto\/puerto-blest-cascada-los-cantaros-lago-frias\/#primaryimage\"},\"thumbnailUrl\":\"https:\/\/navegacion.ar\/wp-content\/uploads\/sites\/3\/2025\/03\/PuertoblestyCascadadelosCntaros_image6_1140_1601653186.jpg\",\"datePublished\":\"2025-06-13T15:50:46+00:00\",\"dateModified\":\"2026-01-28T13:30:38+00:00\",\"description\":\"Naveg\u00e1 por el Nahuel Huapi hasta Puerto Blest y Lago Fr\u00edas. Una excursi\u00f3n inolvidable rodeada de monta\u00f1as y naturaleza.\",\"breadcrumb\":{\"@id\":\"https:\/\/navegacion.ar\/producto\/puerto-blest-cascada-los-cantaros-lago-frias\/#breadcrumb\"},\"inLanguage\":\"pt-BR\",\"potentialAction\":[{\"@type\":\"ReadAction\",\"target\":[\"https:\/\/navegacion.ar\/producto\/puerto-blest-cascada-los-cantaros-lago-frias\/\"]}]},{\"@type\":\"ImageObject\",\"inLanguage\":\"pt-BR\",\"@id\":\"https:\/\/navegacion.ar\/producto\/puerto-blest-cascada-los-cantaros-lago-frias\/#primaryimage\",\"url\":\"https:\/\/navegacion.ar\/wp-content\/uploads\/sites\/3\/2025\/03\/PuertoblestyCascadadelosCntaros_image6_1140_1601653186.jpg\",\"contentUrl\":\"https:\/\/navegacion.ar\/wp-content\/uploads\/sites\/3\/2025\/03\/PuertoblestyCascadadelosCntaros_image6_1140_1601653186.jpg\",\"width\":1140,\"height\":855},{\"@type\":\"BreadcrumbList\",\"@id\":\"https:\/\/navegacion.ar\/producto\/puerto-blest-cascada-los-cantaros-lago-frias\/#breadcrumb\",\"itemListElement\":[{\"@type\":\"ListItem\",\"position\":1,\"name\":\"Inicio\",\"item\":\"https:\/\/navegacion.ar\/\"},{\"@type\":\"ListItem\",\"position\":2,\"name\":\"Tienda\",\"item\":\"https:\/\/navegacion.ar\/tienda\/\"},{\"@type\":\"ListItem\",\"position\":3,\"name\":\"Excursi\u00f3n a Puerto Blest y Lago Fr\u00edas con traslado\"}]},{\"@type\":\"WebSite\",\"@id\":\"https:\/\/navegacion.ar\/#website\",\"url\":\"https:\/\/navegacion.ar\/\",\"name\":\"Navegaci\u00f3n AR\",\"description\":\"\",\"potentialAction\":[{\"@type\":\"SearchAction\",\"target\":{\"@type\":\"EntryPoint\",\"urlTemplate\":\"https:\/\/navegacion.ar\/?s={search_term_string}\"},\"query-input\":{\"@type\":\"PropertyValueSpecification\",\"valueRequired\":true,\"valueName\":\"search_term_string\"}}],\"inLanguage\":\"pt-BR\"}]}<\/script>\n<meta property=\"product:price:amount\" content=\"259200.00\" \/>\n<meta property=\"product:price:currency\" content=\"ARS\" \/>\n<meta property=\"og:availability\" content=\"instock\" \/>\n<meta property=\"product:availability\" content=\"instock\" \/>\n<meta property=\"product:retailer_item_id\" content=\"ADV2025PUBLYC9CR1\" \/>\n<meta property=\"product:condition\" content=\"new\" \/>\n<!-- \/ Yoast SEO Premium plugin. -->","yoast_head_json":{"title":"Excurs\u00e3o a Puerto Blest e Lago Frias com traslado - Sailing AR","description":"Navegue ao longo do Nahuel Huapi at\u00e9 Puerto Blest e Lago Frias. Uma excurs\u00e3o inesquec\u00edvel cercada por montanhas e natureza.","robots":{"index":"index","follow":"follow","max-snippet":"max-snippet:-1","max-image-preview":"max-image-preview:large","max-video-preview":"max-video-preview:-1"},"canonical":"https:\/\/navegacion.ar\/pt\/produto\/puerto-blest-cachoeira-los-cantaros-lago-frias\/","og_locale":"pt_BR","og_type":"article","og_title":"Excursi\u00f3n a Puerto Blest y Lago Fr\u00edas con traslado","og_description":"Naveg\u00e1 por el Nahuel Huapi hasta Puerto Blest y Lago Fr\u00edas. Una excursi\u00f3n inolvidable rodeada de monta\u00f1as y naturaleza.","og_url":"https:\/\/navegacion.ar\/pt\/produto\/puerto-blest-cachoeira-los-cantaros-lago-frias\/","og_site_name":"Navegaci\u00f3n AR","article_modified_time":"2026-01-28T13:30:38+00:00","og_image":[{"width":1140,"height":855,"url":"https:\/\/navegacion.ar\/wp-content\/uploads\/sites\/3\/2025\/03\/PuertoblestyCascadadelosCntaros_image6_1140_1601653186.jpg","type":"image\/jpeg"}],"twitter_card":"summary_large_image","twitter_misc":{"Pre\u00e7o":"&#36;259,200.00","Disponibilidade":"Em Estoque"},"schema":{"@context":"https:\/\/schema.org","@graph":[{"@type":"WebPage","@id":"https:\/\/navegacion.ar\/producto\/puerto-blest-cascada-los-cantaros-lago-frias\/","url":"https:\/\/navegacion.ar\/producto\/puerto-blest-cascada-los-cantaros-lago-frias\/","name":"Excurs\u00e3o a Puerto Blest e Lago Frias com traslado - Sailing AR","isPartOf":{"@id":"https:\/\/navegacion.ar\/#website"},"primaryImageOfPage":{"@id":"https:\/\/navegacion.ar\/producto\/puerto-blest-cascada-los-cantaros-lago-frias\/#primaryimage"},"image":{"@id":"https:\/\/navegacion.ar\/producto\/puerto-blest-cascada-los-cantaros-lago-frias\/#primaryimage"},"thumbnailUrl":"https:\/\/navegacion.ar\/wp-content\/uploads\/sites\/3\/2025\/03\/PuertoblestyCascadadelosCntaros_image6_1140_1601653186.jpg","datePublished":"2025-06-13T15:50:46+00:00","dateModified":"2026-01-28T13:30:38+00:00","description":"Navegue ao longo do Nahuel Huapi at\u00e9 Puerto Blest e Lago Frias. Uma excurs\u00e3o inesquec\u00edvel cercada por montanhas e natureza.","breadcrumb":{"@id":"https:\/\/navegacion.ar\/producto\/puerto-blest-cascada-los-cantaros-lago-frias\/#breadcrumb"},"inLanguage":"pt-BR","potentialAction":[{"@type":"ReadAction","target":["https:\/\/navegacion.ar\/producto\/puerto-blest-cascada-los-cantaros-lago-frias\/"]}]},{"@type":"ImageObject","inLanguage":"pt-BR","@id":"https:\/\/navegacion.ar\/producto\/puerto-blest-cascada-los-cantaros-lago-frias\/#primaryimage","url":"https:\/\/navegacion.ar\/wp-content\/uploads\/sites\/3\/2025\/03\/PuertoblestyCascadadelosCntaros_image6_1140_1601653186.jpg","contentUrl":"https:\/\/navegacion.ar\/wp-content\/uploads\/sites\/3\/2025\/03\/PuertoblestyCascadadelosCntaros_image6_1140_1601653186.jpg","width":1140,"height":855},{"@type":"BreadcrumbList","@id":"https:\/\/navegacion.ar\/producto\/puerto-blest-cascada-los-cantaros-lago-frias\/#breadcrumb","itemListElement":[{"@type":"ListItem","position":1,"name":"Inicio","item":"https:\/\/navegacion.ar\/"},{"@type":"ListItem","position":2,"name":"Tienda","item":"https:\/\/navegacion.ar\/tienda\/"},{"@type":"ListItem","position":3,"name":"Excursi\u00f3n a Puerto Blest y Lago Fr\u00edas con traslado"}]},{"@type":"WebSite","@id":"https:\/\/navegacion.ar\/#website","url":"https:\/\/navegacion.ar\/","name":"Navega\u00e7\u00e3o AR","description":"","potentialAction":[{"@type":"SearchAction","target":{"@type":"EntryPoint","urlTemplate":"https:\/\/navegacion.ar\/?s={search_term_string}"},"query-input":{"@type":"PropertyValueSpecification","valueRequired":true,"valueName":"search_term_string"}}],"inLanguage":"pt-BR"}]},"product_price_amount":"259200.00","product_price_currency":"ARS","og_availability":"instock","product_availability":"instock","product_retailer_item_id":"ADV2025PUBLYC9CR1","product_condition":"new"},"_links":{"self":[{"href":"https:\/\/navegacion.ar\/pt\/wp-json\/wp\/v2\/product\/377855","targetHints":{"allow":["GET"]}}],"collection":[{"href":"https:\/\/navegacion.ar\/pt\/wp-json\/wp\/v2\/product"}],"about":[{"href":"https:\/\/navegacion.ar\/pt\/wp-json\/wp\/v2\/types\/product"}],"replies":[{"embeddable":true,"href":"https:\/\/navegacion.ar\/pt\/wp-json\/wp\/v2\/comments?post=377855"}],"wp:featuredmedia":[{"embeddable":true,"href":"https:\/\/navegacion.ar\/pt\/wp-json\/wp\/v2\/media\/377142"}],"wp:attachment":[{"href":"https:\/\/navegacion.ar\/pt\/wp-json\/wp\/v2\/media?parent=377855"}],"wp:term":[{"taxonomy":"product_brand","embeddable":true,"href":"https:\/\/navegacion.ar\/pt\/wp-json\/wp\/v2\/product_brand?post=377855"},{"taxonomy":"product_cat","embeddable":true,"href":"https:\/\/navegacion.ar\/pt\/wp-json\/wp\/v2\/product_cat?post=377855"},{"taxonomy":"product_tag","embeddable":true,"href":"https:\/\/navegacion.ar\/pt\/wp-json\/wp\/v2\/product_tag?post=377855"}],"curies":[{"name":"wp","href":"https:\/\/api.w.org\/{rel}","templated":true}]}}