{"id":377856,"date":"2025-06-13T12:51:06","date_gmt":"2025-06-13T15:51:06","guid":{"rendered":"https:\/\/navegacion.ar\/producto\/navegacion-por-nahuel-huapi-isla-victoria-y-bosque-de-arrayanes-sin-traslado\/"},"modified":"2026-01-28T10:30:17","modified_gmt":"2026-01-28T13:30:17","slug":"isla-victoria-y-bosque-de-arrayanes-sin-traslado","status":"publish","type":"product","link":"https:\/\/navegacion.ar\/pt\/produto\/victoria-island-e-arrayanes-forest-sem-realocacao\/","title":{"rendered":"Navega\u00e7\u00e3o Nahuel Huapi: Ilha Victoria e Floresta Arrayanes sem traslado"},"content":{"rendered":"<h3 class=\"ai-optimize-6\" data-start=\"304\" data-end=\"381\">Experimente o melhor da Patag\u00f4nia, com a garantia da Bariloche Excursions.<\/h3>\n<p class=\"ai-optimize-7 ai-optimize-introduction\" data-start=\"383\" data-end=\"761\">Pegue o Lago Nahuel Huapi e conecte-se com dois cart\u00f5es postais inesquec\u00edveis do sul da Argentina: a majestosa Ilha Victoria e a encantadora Floresta de Arrayanes. Essa alternativa \u00e9 perfeita se voc\u00ea j\u00e1 estiver em Bariloche e preferir ir diretamente a Puerto Pa\u00f1uelo, para aproveitar o dia no seu pr\u00f3prio ritmo e com a cordialidade de nossa equipe local especializada.<\/p>\n<h3 class=\"ai-optimize-8\" data-start=\"763\" data-end=\"808\">Itiner\u00e1rio e lugares imperd\u00edveis<\/h3>\n<p class=\"ai-optimize-9\" data-start=\"810\" data-end=\"1136\">O passeio come\u00e7a em <strong data-start=\"832\" data-end=\"850\">Puerto Pa\u00f1uelo<\/strong>, localizado no 25\u00ba quil\u00f4metro da Avenida Bustillo. Voc\u00ea embarca em um catamar\u00e3 de vidro e come\u00e7a a explorar o Lago Nahuel Huapi. O primeiro destino \u00e9 o <strong data-start=\"1006\" data-end=\"1032\">Pen\u00ednsula de Quetrihu\u00e9<\/strong>, onde trilhas bem conservadas e a \u00fanica floresta de murtas do planeta esperam por voc\u00ea.<\/p>\n<p class=\"ai-optimize-10\" data-start=\"1138\" data-end=\"1365\">Em seguida, voc\u00ea passa para <strong data-start=\"1166\" data-end=\"1183\">Ilha Victoria<\/strong>, um ref\u00fagio natural com trilhas que levam ao <strong data-start=\"1246\" data-end=\"1264\">Praia de El Toro<\/strong>, Um lugarzinho especial com areia vulc\u00e2nica e vest\u00edgios de culturas antigas, como pinturas rupestres aut\u00eanticas.<\/p>\n<h3 class=\"ai-optimize-11\" data-start=\"1367\" data-end=\"1387\">Fatos importantes<\/h3>\n<ul data-start=\"1389\" data-end=\"1663\">\n<li class=\"ai-optimize-12\" data-start=\"1389\" data-end=\"1435\">\n<p class=\"ai-optimize-13\" data-start=\"1391\" data-end=\"1435\"><strong data-start=\"1391\" data-end=\"1412\">Dura\u00e7\u00e3o aproximada<\/strong>: das 13:00 \u00e0s 18:30 hs<\/p>\n<\/li>\n<li class=\"ai-optimize-14\" data-start=\"1436\" data-end=\"1521\">\n<p class=\"ai-optimize-15\" data-start=\"1438\" data-end=\"1521\"><strong data-start=\"1438\" data-end=\"1449\">Inclui<\/strong>Passeio de catamar\u00e3 e um guia profissional durante toda a viagem.<\/p>\n<\/li>\n<li class=\"ai-optimize-16\" data-start=\"1522\" data-end=\"1663\">\n<p class=\"ai-optimize-17\" data-start=\"1524\" data-end=\"1663\"><strong data-start=\"1524\" data-end=\"1538\">N\u00e3o inclui<\/strong>: traslado at\u00e9 Puerto Pa\u00f1uelo, taxas portu\u00e1rias e acesso ao Parque Nacional, refei\u00e7\u00f5es (h\u00e1 alternativas no barco e na ilha)<\/p>\n<\/li>\n<\/ul>\n<h3 class=\"ai-optimize-18\" data-start=\"1665\" data-end=\"1694\">Chegue l\u00e1 facilmente por conta pr\u00f3pria<\/h3>\n<p class=\"ai-optimize-19\" data-start=\"1696\" data-end=\"1943\">Puerto Pa\u00f1uelo fica a apenas 30 minutos do centro de Bariloche, no km 25 da Avenida Bustillo. Voc\u00ea tem a op\u00e7\u00e3o de ir de carro particular, remis ou \u00f4nibus local. Ao fazer sua reserva, informaremos como fazer isso de maneira simples e f\u00e1cil.<\/p>\n<h3 class=\"ai-optimize-20\" data-start=\"1950\" data-end=\"1974\">Consultas comuns<\/h3>\n<p class=\"ai-optimize-21\" data-start=\"1976\" data-end=\"2212\"><strong data-start=\"1976\" data-end=\"2028\">Onde posso pagar as taxas do parque e de embarque?<\/strong><br data-start=\"2028\" data-end=\"2031\" \/>Voc\u00ea paga em dinheiro no mesmo dia em que chegar a Puerto Pa\u00f1uelo. Residentes de Bariloche, pessoas com defici\u00eancia, crian\u00e7as menores de 6 anos e aposentados nacionais est\u00e3o isentos.<\/p>\n<p class=\"ai-optimize-22\" data-start=\"2214\" data-end=\"2368\"><strong data-start=\"2214\" data-end=\"2260\">Os turistas estrangeiros recebem descontos?<\/strong><br data-start=\"2260\" data-end=\"2263\" \/>N\u00e3o. Os benef\u00edcios da taxa se aplicam apenas a pessoas residentes na Argentina com o devido credenciamento.<\/p>\n<p class=\"ai-optimize-23\" data-start=\"2370\" data-end=\"2524\"><strong data-start=\"2370\" data-end=\"2402\">Qual barco \u00e9 usado para velejar?<\/strong><br data-start=\"2402\" data-end=\"2405\" \/>Durante a maior parte do ano, o ic\u00f4nico <strong data-start=\"2457\" data-end=\"2477\">Modesta Victoria<\/strong>, embora isso possa variar de acordo com a disponibilidade e a demanda.<\/p>\n<p class=\"ai-optimize-24\" data-start=\"2526\" data-end=\"2689\"><strong data-start=\"2526\" data-end=\"2587\">Posso levar comida ou comprar algo l\u00e1?<\/strong><br data-start=\"2587\" data-end=\"2590\" \/>Sem drama: traga seu pr\u00f3prio almo\u00e7o ou compre alimentos e bebidas no catamar\u00e3 ou na Ilha Victoria sempre que quiser.<\/p>","protected":false},"excerpt":{"rendered":"<p class=\"ai-optimize-6\">Vivi uma experi\u00eancia inesquec\u00edvel ao visitar o impressionante <strong>Ilha Victoria<\/strong> e o ic\u00f4nico <strong>Floresta Myrtle<\/strong>, localizado no cora\u00e7\u00e3o da Patag\u00f4nia argentina. Aprecie a imponente <strong>Lago Nahuel Huapi<\/strong> navegando em suas \u00e1guas cristalinas, caminhando por trilhas cercadas de vegeta\u00e7\u00e3o nativa e descobrindo vest\u00edgios de culturas milenares. Aproveite essa proposta exclusiva em um ambiente natural de beleza incompar\u00e1vel.<\/p>","protected":false},"featured_media":377133,"comment_status":"open","ping_status":"closed","template":"","meta":[],"product_brand":[],"product_cat":[25,30,33,34,36,41,43,46],"product_tag":[],"class_list":{"0":"post-377856","1":"product","2":"type-product","3":"status-publish","4":"has-post-thumbnail","6":"product_cat-adultos","7":"product_cat-familia","8":"product_cat-jubilados","9":"product_cat-lacustre","10":"product_cat-ninos","11":"product_cat-sin-comida","12":"product_cat-temporada","13":"product_cat-todo-el-ano","15":"first","16":"instock","17":"virtual","18":"sold-individually","19":"purchasable","20":"product-type-booking"},"booking_location":"","booking_location_type":"","booking_duration":60,"booking_duration_unit":"minute","booking_buffer":0,"booking_cost":0,"booking_resources":[],"exclude_global_add_ons":[],"addons":[],"yoast_head":"<!-- This site is optimized with the Yoast SEO Premium plugin v25.2 (Yoast SEO v25.2) - https:\/\/yoast.com\/wordpress\/plugins\/seo\/ -->\n<title>Navegaci\u00f3n Nahuel Huapi: Isla Victoria y Bosque de Arrayanes - Navegaci\u00f3n AR<\/title>\n<meta name=\"description\" content=\"Naveg\u00e1 por el Nahuel Huapi y descubr\u00ed Isla Victoria y el Bosque de Arrayanes. Naturaleza, historia y paisajes \u00fanicos en una excursi\u00f3n desde Bariloche.\" \/>\n<meta name=\"robots\" content=\"index, follow, max-snippet:-1, max-image-preview:large, max-video-preview:-1\" \/>\n<link rel=\"canonical\" href=\"https:\/\/navegacion.ar\/pt\/produto\/victoria-island-e-arrayanes-forest-sem-realocacao\/\" \/>\n<meta property=\"og:locale\" content=\"pt_BR\" \/>\n<meta property=\"og:type\" content=\"article\" \/>\n<meta property=\"og:title\" content=\"Navegaci\u00f3n por Nahuel Huapi: Isla Victoria y Bosque de Arrayanes sin traslado\" \/>\n<meta property=\"og:description\" content=\"Naveg\u00e1 por el Nahuel Huapi y descubr\u00ed Isla Victoria y el Bosque de Arrayanes. Naturaleza, historia y paisajes \u00fanicos en una excursi\u00f3n desde Bariloche.\" \/>\n<meta property=\"og:url\" content=\"https:\/\/navegacion.ar\/pt\/produto\/victoria-island-e-arrayanes-forest-sem-realocacao\/\" \/>\n<meta property=\"og:site_name\" content=\"Navegaci\u00f3n AR\" \/>\n<meta property=\"article:modified_time\" content=\"2026-01-28T13:30:17+00:00\" \/>\n<meta property=\"og:image\" content=\"https:\/\/navegacion.ar\/wp-content\/uploads\/sites\/3\/2025\/03\/IslaVictoriayBosquedeArrayanes_image5_1140_1601416940.jpg\" \/>\n\t<meta property=\"og:image:width\" content=\"1140\" \/>\n\t<meta property=\"og:image:height\" content=\"855\" \/>\n\t<meta property=\"og:image:type\" content=\"image\/jpeg\" \/>\n<meta name=\"twitter:card\" content=\"summary_large_image\" \/>\n<meta name=\"twitter:label1\" content=\"Pre\u00e7o\" \/>\n\t<meta name=\"twitter:data1\" content=\"&#036;168,000.00\" \/>\n\t<meta name=\"twitter:label2\" content=\"Disponibilidade\" \/>\n\t<meta name=\"twitter:data2\" content=\"Em Estoque\" \/>\n<script type=\"application\/ld+json\" class=\"yoast-schema-graph\">{\"@context\":\"https:\/\/schema.org\",\"@graph\":[{\"@type\":\"WebPage\",\"@id\":\"https:\/\/navegacion.ar\/producto\/isla-victoria-y-bosque-de-arrayanes-sin-traslado\/\",\"url\":\"https:\/\/navegacion.ar\/producto\/isla-victoria-y-bosque-de-arrayanes-sin-traslado\/\",\"name\":\"Navegaci\u00f3n Nahuel Huapi: Isla Victoria y Bosque de Arrayanes - Navegaci\u00f3n AR\",\"isPartOf\":{\"@id\":\"https:\/\/navegacion.ar\/#website\"},\"primaryImageOfPage\":{\"@id\":\"https:\/\/navegacion.ar\/producto\/isla-victoria-y-bosque-de-arrayanes-sin-traslado\/#primaryimage\"},\"image\":{\"@id\":\"https:\/\/navegacion.ar\/producto\/isla-victoria-y-bosque-de-arrayanes-sin-traslado\/#primaryimage\"},\"thumbnailUrl\":\"https:\/\/navegacion.ar\/wp-content\/uploads\/sites\/3\/2025\/03\/IslaVictoriayBosquedeArrayanes_image5_1140_1601416940.jpg\",\"datePublished\":\"2025-06-13T15:51:06+00:00\",\"dateModified\":\"2026-01-28T13:30:17+00:00\",\"description\":\"Naveg\u00e1 por el Nahuel Huapi y descubr\u00ed Isla Victoria y el Bosque de Arrayanes. Naturaleza, historia y paisajes \u00fanicos en una excursi\u00f3n desde Bariloche.\",\"breadcrumb\":{\"@id\":\"https:\/\/navegacion.ar\/producto\/isla-victoria-y-bosque-de-arrayanes-sin-traslado\/#breadcrumb\"},\"inLanguage\":\"pt-BR\",\"potentialAction\":[{\"@type\":\"ReadAction\",\"target\":[\"https:\/\/navegacion.ar\/producto\/isla-victoria-y-bosque-de-arrayanes-sin-traslado\/\"]}]},{\"@type\":\"ImageObject\",\"inLanguage\":\"pt-BR\",\"@id\":\"https:\/\/navegacion.ar\/producto\/isla-victoria-y-bosque-de-arrayanes-sin-traslado\/#primaryimage\",\"url\":\"https:\/\/navegacion.ar\/wp-content\/uploads\/sites\/3\/2025\/03\/IslaVictoriayBosquedeArrayanes_image5_1140_1601416940.jpg\",\"contentUrl\":\"https:\/\/navegacion.ar\/wp-content\/uploads\/sites\/3\/2025\/03\/IslaVictoriayBosquedeArrayanes_image5_1140_1601416940.jpg\",\"width\":1140,\"height\":855},{\"@type\":\"BreadcrumbList\",\"@id\":\"https:\/\/navegacion.ar\/producto\/isla-victoria-y-bosque-de-arrayanes-sin-traslado\/#breadcrumb\",\"itemListElement\":[{\"@type\":\"ListItem\",\"position\":1,\"name\":\"Inicio\",\"item\":\"https:\/\/navegacion.ar\/\"},{\"@type\":\"ListItem\",\"position\":2,\"name\":\"Tienda\",\"item\":\"https:\/\/navegacion.ar\/tienda\/\"},{\"@type\":\"ListItem\",\"position\":3,\"name\":\"Navegaci\u00f3n por Nahuel Huapi: Isla Victoria y Bosque de Arrayanes sin traslado\"}]},{\"@type\":\"WebSite\",\"@id\":\"https:\/\/navegacion.ar\/#website\",\"url\":\"https:\/\/navegacion.ar\/\",\"name\":\"Navegaci\u00f3n AR\",\"description\":\"\",\"potentialAction\":[{\"@type\":\"SearchAction\",\"target\":{\"@type\":\"EntryPoint\",\"urlTemplate\":\"https:\/\/navegacion.ar\/?s={search_term_string}\"},\"query-input\":{\"@type\":\"PropertyValueSpecification\",\"valueRequired\":true,\"valueName\":\"search_term_string\"}}],\"inLanguage\":\"pt-BR\"}]}<\/script>\n<meta property=\"product:price:amount\" content=\"168000.00\" \/>\n<meta property=\"product:price:currency\" content=\"ARS\" \/>\n<meta property=\"og:availability\" content=\"instock\" \/>\n<meta property=\"product:availability\" content=\"instock\" \/>\n<meta property=\"product:retailer_item_id\" content=\"ADV2025ISVIYB4A10\" \/>\n<meta property=\"product:condition\" content=\"new\" \/>\n<!-- \/ Yoast SEO Premium plugin. -->","yoast_head_json":{"title":"Navega\u00e7\u00e3o Nahuel Huapi: Ilha Victoria e Floresta Arrayanes - Navega\u00e7\u00e3o AR","description":"Navegue pelo Nahuel Huapi e descubra a Ilha Victoria e a Floresta de Arrayanes. Natureza, hist\u00f3ria e paisagens \u00fanicas em uma excurs\u00e3o saindo de Bariloche.","robots":{"index":"index","follow":"follow","max-snippet":"max-snippet:-1","max-image-preview":"max-image-preview:large","max-video-preview":"max-video-preview:-1"},"canonical":"https:\/\/navegacion.ar\/pt\/produto\/victoria-island-e-arrayanes-forest-sem-realocacao\/","og_locale":"pt_BR","og_type":"article","og_title":"Navegaci\u00f3n por Nahuel Huapi: Isla Victoria y Bosque de Arrayanes sin traslado","og_description":"Naveg\u00e1 por el Nahuel Huapi y descubr\u00ed Isla Victoria y el Bosque de Arrayanes. Naturaleza, historia y paisajes \u00fanicos en una excursi\u00f3n desde Bariloche.","og_url":"https:\/\/navegacion.ar\/pt\/produto\/victoria-island-e-arrayanes-forest-sem-realocacao\/","og_site_name":"Navegaci\u00f3n AR","article_modified_time":"2026-01-28T13:30:17+00:00","og_image":[{"width":1140,"height":855,"url":"https:\/\/navegacion.ar\/wp-content\/uploads\/sites\/3\/2025\/03\/IslaVictoriayBosquedeArrayanes_image5_1140_1601416940.jpg","type":"image\/jpeg"}],"twitter_card":"summary_large_image","twitter_misc":{"Pre\u00e7o":"&#36;168,000.00","Disponibilidade":"Em Estoque"},"schema":{"@context":"https:\/\/schema.org","@graph":[{"@type":"WebPage","@id":"https:\/\/navegacion.ar\/producto\/isla-victoria-y-bosque-de-arrayanes-sin-traslado\/","url":"https:\/\/navegacion.ar\/producto\/isla-victoria-y-bosque-de-arrayanes-sin-traslado\/","name":"Navega\u00e7\u00e3o Nahuel Huapi: Ilha Victoria e Floresta Arrayanes - Navega\u00e7\u00e3o AR","isPartOf":{"@id":"https:\/\/navegacion.ar\/#website"},"primaryImageOfPage":{"@id":"https:\/\/navegacion.ar\/producto\/isla-victoria-y-bosque-de-arrayanes-sin-traslado\/#primaryimage"},"image":{"@id":"https:\/\/navegacion.ar\/producto\/isla-victoria-y-bosque-de-arrayanes-sin-traslado\/#primaryimage"},"thumbnailUrl":"https:\/\/navegacion.ar\/wp-content\/uploads\/sites\/3\/2025\/03\/IslaVictoriayBosquedeArrayanes_image5_1140_1601416940.jpg","datePublished":"2025-06-13T15:51:06+00:00","dateModified":"2026-01-28T13:30:17+00:00","description":"Navegue pelo Nahuel Huapi e descubra a Ilha Victoria e a Floresta de Arrayanes. Natureza, hist\u00f3ria e paisagens \u00fanicas em uma excurs\u00e3o saindo de Bariloche.","breadcrumb":{"@id":"https:\/\/navegacion.ar\/producto\/isla-victoria-y-bosque-de-arrayanes-sin-traslado\/#breadcrumb"},"inLanguage":"pt-BR","potentialAction":[{"@type":"ReadAction","target":["https:\/\/navegacion.ar\/producto\/isla-victoria-y-bosque-de-arrayanes-sin-traslado\/"]}]},{"@type":"ImageObject","inLanguage":"pt-BR","@id":"https:\/\/navegacion.ar\/producto\/isla-victoria-y-bosque-de-arrayanes-sin-traslado\/#primaryimage","url":"https:\/\/navegacion.ar\/wp-content\/uploads\/sites\/3\/2025\/03\/IslaVictoriayBosquedeArrayanes_image5_1140_1601416940.jpg","contentUrl":"https:\/\/navegacion.ar\/wp-content\/uploads\/sites\/3\/2025\/03\/IslaVictoriayBosquedeArrayanes_image5_1140_1601416940.jpg","width":1140,"height":855},{"@type":"BreadcrumbList","@id":"https:\/\/navegacion.ar\/producto\/isla-victoria-y-bosque-de-arrayanes-sin-traslado\/#breadcrumb","itemListElement":[{"@type":"ListItem","position":1,"name":"Inicio","item":"https:\/\/navegacion.ar\/"},{"@type":"ListItem","position":2,"name":"Tienda","item":"https:\/\/navegacion.ar\/tienda\/"},{"@type":"ListItem","position":3,"name":"Navegaci\u00f3n por Nahuel Huapi: Isla Victoria y Bosque de Arrayanes sin traslado"}]},{"@type":"WebSite","@id":"https:\/\/navegacion.ar\/#website","url":"https:\/\/navegacion.ar\/","name":"Navega\u00e7\u00e3o AR","description":"","potentialAction":[{"@type":"SearchAction","target":{"@type":"EntryPoint","urlTemplate":"https:\/\/navegacion.ar\/?s={search_term_string}"},"query-input":{"@type":"PropertyValueSpecification","valueRequired":true,"valueName":"search_term_string"}}],"inLanguage":"pt-BR"}]},"product_price_amount":"168000.00","product_price_currency":"ARS","og_availability":"instock","product_availability":"instock","product_retailer_item_id":"ADV2025ISVIYB4A10","product_condition":"new"},"_links":{"self":[{"href":"https:\/\/navegacion.ar\/pt\/wp-json\/wp\/v2\/product\/377856","targetHints":{"allow":["GET"]}}],"collection":[{"href":"https:\/\/navegacion.ar\/pt\/wp-json\/wp\/v2\/product"}],"about":[{"href":"https:\/\/navegacion.ar\/pt\/wp-json\/wp\/v2\/types\/product"}],"replies":[{"embeddable":true,"href":"https:\/\/navegacion.ar\/pt\/wp-json\/wp\/v2\/comments?post=377856"}],"wp:featuredmedia":[{"embeddable":true,"href":"https:\/\/navegacion.ar\/pt\/wp-json\/wp\/v2\/media\/377133"}],"wp:attachment":[{"href":"https:\/\/navegacion.ar\/pt\/wp-json\/wp\/v2\/media?parent=377856"}],"wp:term":[{"taxonomy":"product_brand","embeddable":true,"href":"https:\/\/navegacion.ar\/pt\/wp-json\/wp\/v2\/product_brand?post=377856"},{"taxonomy":"product_cat","embeddable":true,"href":"https:\/\/navegacion.ar\/pt\/wp-json\/wp\/v2\/product_cat?post=377856"},{"taxonomy":"product_tag","embeddable":true,"href":"https:\/\/navegacion.ar\/pt\/wp-json\/wp\/v2\/product_tag?post=377856"}],"curies":[{"name":"wp","href":"https:\/\/api.w.org\/{rel}","templated":true}]}}