{"id":377857,"date":"2025-06-13T12:51:27","date_gmt":"2025-06-13T15:51:27","guid":{"rendered":"https:\/\/navegacion.ar\/producto\/puerto-blest-y-cascada-los-cantaros-sin-traslado\/"},"modified":"2026-01-28T10:29:58","modified_gmt":"2026-01-28T13:29:58","slug":"puerto-blest-cascada-los-cantaros-sin-traslado","status":"publish","type":"product","link":"https:\/\/navegacion.ar\/pt\/produto\/puerto-blest-waterfall-los-cantaros-no-transfer\/","title":{"rendered":"Puerto Blest e Cachoeira \u201cLos Cantaros\u201d Sem traslado"},"content":{"rendered":"<h2 class=\"ai-optimize-22\">Experimente a magia intocada de Puerto Blest<\/h2>\n<p class=\"ai-optimize-23 ai-optimize-introduction\">Mergulhe em uma aventura inesquec\u00edvel explorando <strong>Puerto Blest<\/strong> e o imponente <strong>Cachoeira Los C\u00e1ntaros<\/strong>, Um destino onde a natureza pode ser sentida em sua melhor forma. Essa experi\u00eancia, sem traslados inclu\u00eddos, \u00e9 perfeita para aqueles que est\u00e3o sozinhos at\u00e9 o final do dia. <strong>Puerto Pa\u00f1uelo<\/strong>, no <strong>Avenida Bustillo, km 25, San Carlos de Bariloche<\/strong>.<\/p>\n<h3 class=\"ai-optimize-24\">A experi\u00eancia<\/h3>\n<ul>\n<li class=\"ai-optimize-25\"><strong>Passeio de catamar\u00e3:<\/strong> Navegue pelas \u00e1guas calmas do <strong>Lago Nahuel Huapi<\/strong>, cercado por ilhas encantadoras e vistas majestosas sob o abrigo eterno do <strong>Cordilheira dos Andes<\/strong>.<\/li>\n<li class=\"ai-optimize-26\"><strong>Acesso \u00e0 cachoeira Los C\u00e1ntaros:<\/strong> Uma oportunidade exclusiva de contemplar essa impressionante cachoeira, emoldurada por paredes de granito moldadas por antigas geleiras.<\/li>\n<li class=\"ai-optimize-27\"><strong>Trekking guiado:<\/strong> Caminhei por trilhas escondidas e descobri a biodiversidade \u00fanica da regi\u00e3o. <strong>Floresta Valdiviana<\/strong> nos dom\u00ednios de <strong>Puerto Blest<\/strong>.<\/li>\n<\/ul>\n<h3 class=\"ai-optimize-28\">Informa\u00e7\u00f5es e hor\u00e1rios<\/h3>\n<p class=\"ai-optimize-29\">A experi\u00eancia ocorre em <strong>9:00 a.m. at\u00e9 aproximadamente 5:30 p.m.<\/strong>, proporcionando a voc\u00ea um dia inteiro para se conectar com o ambiente natural.<\/p>\n<ul>\n<li class=\"ai-optimize-30\"><strong>Ele inclui:<\/strong> Guia especializado na navega\u00e7\u00e3o e explora\u00e7\u00e3o das trilhas na floresta.<\/li>\n<li class=\"ai-optimize-31\"><strong>N\u00e3o inclu\u00eddo:<\/strong> Traslados para Puerto Pa\u00f1uelo, refei\u00e7\u00f5es e entradas para parques nacionais.<\/li>\n<\/ul>\n<h3 class=\"ai-optimize-32\">Final surpreendente<\/h3>\n<p class=\"ai-optimize-33\">O passeio termina com uma navega\u00e7\u00e3o fascinante pelo <strong>Bra\u00e7o aben\u00e7oado<\/strong>, com o <strong>Serra do Tronador<\/strong> como pano de fundo, garantindo uma cena memor\u00e1vel ao cair da noite.<\/p>\n<h3 class=\"ai-optimize-34\">Consultas comuns<\/h3>\n<ul>\n<li class=\"ai-optimize-35\"><strong>Como fa\u00e7o para chegar a Puerto Pa\u00f1uelo?<\/strong><br \/>\nVoc\u00ea deve chegar diretamente \u00e0 Avenida Bustillo, km 25. \u00c9 aconselh\u00e1vel ir em seu pr\u00f3prio ve\u00edculo ou usar um t\u00e1xi\/rem\u00eds.<\/li>\n<li class=\"ai-optimize-36\"><strong>Que roupas usar?<\/strong><br \/>\n\u00c9 aconselh\u00e1vel vestir-se em camadas, usar cal\u00e7ados confort\u00e1veis e roupas quentes, considerando as mudan\u00e7as t\u00edpicas do clima patag\u00f4nico.<\/li>\n<li class=\"ai-optimize-37\"><strong>Posso levar comida?<\/strong><br \/>\nSim, voc\u00ea pode levar sua pr\u00f3pria comida, embora tamb\u00e9m haja alternativas para comprar no local.<\/li>\n<\/ul>","protected":false},"excerpt":{"rendered":"<p class=\"ai-optimize-6\">Viva uma aventura inesquec\u00edvel explorando Puerto Blest e a imponente Cachoeira Los C\u00e1ntaros. Relaxe durante um cruzeiro de catamar\u00e3 e fa\u00e7a trilhas pela floresta tropical valdiviana para desfrutar de paisagens incr\u00edveis no cora\u00e7\u00e3o da Patag\u00f4nia argentina.<\/p>","protected":false},"featured_media":377139,"comment_status":"open","ping_status":"closed","template":"","meta":[],"product_brand":[],"product_cat":[25,30,33,34,36,38,41,42,43,46],"product_tag":[],"class_list":{"0":"post-377857","1":"product","2":"type-product","3":"status-publish","4":"has-post-thumbnail","6":"product_cat-adultos","7":"product_cat-familia","8":"product_cat-jubilados","9":"product_cat-lacustre","10":"product_cat-ninos","11":"product_cat-otros","12":"product_cat-sin-comida","13":"product_cat-sin-traslado","14":"product_cat-temporada","15":"product_cat-todo-el-ano","17":"first","18":"instock","19":"virtual","20":"sold-individually","21":"purchasable","22":"product-type-booking"},"booking_location":"","booking_location_type":"","booking_duration":60,"booking_duration_unit":"minute","booking_buffer":0,"booking_cost":0,"booking_resources":[],"exclude_global_add_ons":[],"addons":[],"yoast_head":"<!-- This site is optimized with the Yoast SEO Premium plugin v25.2 (Yoast SEO v25.2) - https:\/\/yoast.com\/wordpress\/plugins\/seo\/ -->\n<title>Puerto Blest y Cascada \u201cLos Cantaros\u201d Sin Traslado - Navegaci\u00f3n AR<\/title>\n<meta name=\"description\" content=\"Viv\u00ed la belleza de Puerto Blest y la Cascada Los C\u00e1ntaros en el Nahuel Huapi. Una excursi\u00f3n \u00fanica para conectar con la naturaleza.\" \/>\n<meta name=\"robots\" content=\"index, follow, max-snippet:-1, max-image-preview:large, max-video-preview:-1\" \/>\n<link rel=\"canonical\" href=\"https:\/\/navegacion.ar\/pt\/produto\/puerto-blest-waterfall-los-cantaros-no-transfer\/\" \/>\n<meta property=\"og:locale\" content=\"pt_BR\" \/>\n<meta property=\"og:type\" content=\"article\" \/>\n<meta property=\"og:title\" content=\"Puerto Blest y Cascada \u201cLos Cantaros\u201d Sin Traslado\" \/>\n<meta property=\"og:description\" content=\"Viv\u00ed la belleza de Puerto Blest y la Cascada Los C\u00e1ntaros en el Nahuel Huapi. Una excursi\u00f3n \u00fanica para conectar con la naturaleza.\" \/>\n<meta property=\"og:url\" content=\"https:\/\/navegacion.ar\/pt\/produto\/puerto-blest-waterfall-los-cantaros-no-transfer\/\" \/>\n<meta property=\"og:site_name\" content=\"Navegaci\u00f3n AR\" \/>\n<meta property=\"article:modified_time\" content=\"2026-01-28T13:29:58+00:00\" \/>\n<meta property=\"og:image\" content=\"https:\/\/navegacion.ar\/wp-content\/uploads\/sites\/3\/2025\/03\/PuertoblestyCascadadelosCntaros_image3_1140_1601574544.jpg\" \/>\n\t<meta property=\"og:image:width\" content=\"1140\" \/>\n\t<meta property=\"og:image:height\" content=\"855\" \/>\n\t<meta property=\"og:image:type\" content=\"image\/jpeg\" \/>\n<meta name=\"twitter:card\" content=\"summary_large_image\" \/>\n<meta name=\"twitter:label1\" content=\"Pre\u00e7o\" \/>\n\t<meta name=\"twitter:data1\" content=\"&#036;168,000.00\" \/>\n\t<meta name=\"twitter:label2\" content=\"Disponibilidade\" \/>\n\t<meta name=\"twitter:data2\" content=\"Em Estoque\" \/>\n<script type=\"application\/ld+json\" class=\"yoast-schema-graph\">{\"@context\":\"https:\/\/schema.org\",\"@graph\":[{\"@type\":\"WebPage\",\"@id\":\"https:\/\/navegacion.ar\/producto\/puerto-blest-cascada-los-cantaros-sin-traslado\/\",\"url\":\"https:\/\/navegacion.ar\/producto\/puerto-blest-cascada-los-cantaros-sin-traslado\/\",\"name\":\"Puerto Blest y Cascada \u201cLos Cantaros\u201d Sin Traslado - Navegaci\u00f3n AR\",\"isPartOf\":{\"@id\":\"https:\/\/navegacion.ar\/#website\"},\"primaryImageOfPage\":{\"@id\":\"https:\/\/navegacion.ar\/producto\/puerto-blest-cascada-los-cantaros-sin-traslado\/#primaryimage\"},\"image\":{\"@id\":\"https:\/\/navegacion.ar\/producto\/puerto-blest-cascada-los-cantaros-sin-traslado\/#primaryimage\"},\"thumbnailUrl\":\"https:\/\/navegacion.ar\/wp-content\/uploads\/sites\/3\/2025\/03\/PuertoblestyCascadadelosCntaros_image3_1140_1601574544.jpg\",\"datePublished\":\"2025-06-13T15:51:27+00:00\",\"dateModified\":\"2026-01-28T13:29:58+00:00\",\"description\":\"Viv\u00ed la belleza de Puerto Blest y la Cascada Los C\u00e1ntaros en el Nahuel Huapi. Una excursi\u00f3n \u00fanica para conectar con la naturaleza.\",\"breadcrumb\":{\"@id\":\"https:\/\/navegacion.ar\/producto\/puerto-blest-cascada-los-cantaros-sin-traslado\/#breadcrumb\"},\"inLanguage\":\"pt-BR\",\"potentialAction\":[{\"@type\":\"ReadAction\",\"target\":[\"https:\/\/navegacion.ar\/producto\/puerto-blest-cascada-los-cantaros-sin-traslado\/\"]}]},{\"@type\":\"ImageObject\",\"inLanguage\":\"pt-BR\",\"@id\":\"https:\/\/navegacion.ar\/producto\/puerto-blest-cascada-los-cantaros-sin-traslado\/#primaryimage\",\"url\":\"https:\/\/navegacion.ar\/wp-content\/uploads\/sites\/3\/2025\/03\/PuertoblestyCascadadelosCntaros_image3_1140_1601574544.jpg\",\"contentUrl\":\"https:\/\/navegacion.ar\/wp-content\/uploads\/sites\/3\/2025\/03\/PuertoblestyCascadadelosCntaros_image3_1140_1601574544.jpg\",\"width\":1140,\"height\":855},{\"@type\":\"BreadcrumbList\",\"@id\":\"https:\/\/navegacion.ar\/producto\/puerto-blest-cascada-los-cantaros-sin-traslado\/#breadcrumb\",\"itemListElement\":[{\"@type\":\"ListItem\",\"position\":1,\"name\":\"Inicio\",\"item\":\"https:\/\/navegacion.ar\/\"},{\"@type\":\"ListItem\",\"position\":2,\"name\":\"Tienda\",\"item\":\"https:\/\/navegacion.ar\/tienda\/\"},{\"@type\":\"ListItem\",\"position\":3,\"name\":\"Puerto Blest y Cascada \u201cLos Cantaros\u201d Sin Traslado\"}]},{\"@type\":\"WebSite\",\"@id\":\"https:\/\/navegacion.ar\/#website\",\"url\":\"https:\/\/navegacion.ar\/\",\"name\":\"Navegaci\u00f3n AR\",\"description\":\"\",\"potentialAction\":[{\"@type\":\"SearchAction\",\"target\":{\"@type\":\"EntryPoint\",\"urlTemplate\":\"https:\/\/navegacion.ar\/?s={search_term_string}\"},\"query-input\":{\"@type\":\"PropertyValueSpecification\",\"valueRequired\":true,\"valueName\":\"search_term_string\"}}],\"inLanguage\":\"pt-BR\"}]}<\/script>\n<meta property=\"product:price:amount\" content=\"168000.00\" \/>\n<meta property=\"product:price:currency\" content=\"ARS\" \/>\n<meta property=\"og:availability\" content=\"instock\" \/>\n<meta property=\"product:availability\" content=\"instock\" \/>\n<meta property=\"product:retailer_item_id\" content=\"ADV2025PUBLYC297O\" \/>\n<meta property=\"product:condition\" content=\"new\" \/>\n<!-- \/ Yoast SEO Premium plugin. -->","yoast_head_json":{"title":"Puerto Blest e cachoeira \u201cLos Cantaros\u201d sem traslado - Navega\u00e7\u00e3o AR","description":"Conhe\u00e7a a beleza de Puerto Blest e da Cachoeira Los C\u00e1ntaros no Nahuel Huapi. Uma excurs\u00e3o \u00fanica para se conectar com a natureza.","robots":{"index":"index","follow":"follow","max-snippet":"max-snippet:-1","max-image-preview":"max-image-preview:large","max-video-preview":"max-video-preview:-1"},"canonical":"https:\/\/navegacion.ar\/pt\/produto\/puerto-blest-waterfall-los-cantaros-no-transfer\/","og_locale":"pt_BR","og_type":"article","og_title":"Puerto Blest y Cascada \u201cLos Cantaros\u201d Sin Traslado","og_description":"Viv\u00ed la belleza de Puerto Blest y la Cascada Los C\u00e1ntaros en el Nahuel Huapi. Una excursi\u00f3n \u00fanica para conectar con la naturaleza.","og_url":"https:\/\/navegacion.ar\/pt\/produto\/puerto-blest-waterfall-los-cantaros-no-transfer\/","og_site_name":"Navegaci\u00f3n AR","article_modified_time":"2026-01-28T13:29:58+00:00","og_image":[{"width":1140,"height":855,"url":"https:\/\/navegacion.ar\/wp-content\/uploads\/sites\/3\/2025\/03\/PuertoblestyCascadadelosCntaros_image3_1140_1601574544.jpg","type":"image\/jpeg"}],"twitter_card":"summary_large_image","twitter_misc":{"Pre\u00e7o":"&#36;168,000.00","Disponibilidade":"Em Estoque"},"schema":{"@context":"https:\/\/schema.org","@graph":[{"@type":"WebPage","@id":"https:\/\/navegacion.ar\/producto\/puerto-blest-cascada-los-cantaros-sin-traslado\/","url":"https:\/\/navegacion.ar\/producto\/puerto-blest-cascada-los-cantaros-sin-traslado\/","name":"Puerto Blest e cachoeira \u201cLos Cantaros\u201d sem traslado - Navega\u00e7\u00e3o AR","isPartOf":{"@id":"https:\/\/navegacion.ar\/#website"},"primaryImageOfPage":{"@id":"https:\/\/navegacion.ar\/producto\/puerto-blest-cascada-los-cantaros-sin-traslado\/#primaryimage"},"image":{"@id":"https:\/\/navegacion.ar\/producto\/puerto-blest-cascada-los-cantaros-sin-traslado\/#primaryimage"},"thumbnailUrl":"https:\/\/navegacion.ar\/wp-content\/uploads\/sites\/3\/2025\/03\/PuertoblestyCascadadelosCntaros_image3_1140_1601574544.jpg","datePublished":"2025-06-13T15:51:27+00:00","dateModified":"2026-01-28T13:29:58+00:00","description":"Conhe\u00e7a a beleza de Puerto Blest e da Cachoeira Los C\u00e1ntaros no Nahuel Huapi. Uma excurs\u00e3o \u00fanica para se conectar com a natureza.","breadcrumb":{"@id":"https:\/\/navegacion.ar\/producto\/puerto-blest-cascada-los-cantaros-sin-traslado\/#breadcrumb"},"inLanguage":"pt-BR","potentialAction":[{"@type":"ReadAction","target":["https:\/\/navegacion.ar\/producto\/puerto-blest-cascada-los-cantaros-sin-traslado\/"]}]},{"@type":"ImageObject","inLanguage":"pt-BR","@id":"https:\/\/navegacion.ar\/producto\/puerto-blest-cascada-los-cantaros-sin-traslado\/#primaryimage","url":"https:\/\/navegacion.ar\/wp-content\/uploads\/sites\/3\/2025\/03\/PuertoblestyCascadadelosCntaros_image3_1140_1601574544.jpg","contentUrl":"https:\/\/navegacion.ar\/wp-content\/uploads\/sites\/3\/2025\/03\/PuertoblestyCascadadelosCntaros_image3_1140_1601574544.jpg","width":1140,"height":855},{"@type":"BreadcrumbList","@id":"https:\/\/navegacion.ar\/producto\/puerto-blest-cascada-los-cantaros-sin-traslado\/#breadcrumb","itemListElement":[{"@type":"ListItem","position":1,"name":"Inicio","item":"https:\/\/navegacion.ar\/"},{"@type":"ListItem","position":2,"name":"Tienda","item":"https:\/\/navegacion.ar\/tienda\/"},{"@type":"ListItem","position":3,"name":"Puerto Blest y Cascada \u201cLos Cantaros\u201d Sin Traslado"}]},{"@type":"WebSite","@id":"https:\/\/navegacion.ar\/#website","url":"https:\/\/navegacion.ar\/","name":"Navega\u00e7\u00e3o AR","description":"","potentialAction":[{"@type":"SearchAction","target":{"@type":"EntryPoint","urlTemplate":"https:\/\/navegacion.ar\/?s={search_term_string}"},"query-input":{"@type":"PropertyValueSpecification","valueRequired":true,"valueName":"search_term_string"}}],"inLanguage":"pt-BR"}]},"product_price_amount":"168000.00","product_price_currency":"ARS","og_availability":"instock","product_availability":"instock","product_retailer_item_id":"ADV2025PUBLYC297O","product_condition":"new"},"_links":{"self":[{"href":"https:\/\/navegacion.ar\/pt\/wp-json\/wp\/v2\/product\/377857","targetHints":{"allow":["GET"]}}],"collection":[{"href":"https:\/\/navegacion.ar\/pt\/wp-json\/wp\/v2\/product"}],"about":[{"href":"https:\/\/navegacion.ar\/pt\/wp-json\/wp\/v2\/types\/product"}],"replies":[{"embeddable":true,"href":"https:\/\/navegacion.ar\/pt\/wp-json\/wp\/v2\/comments?post=377857"}],"wp:featuredmedia":[{"embeddable":true,"href":"https:\/\/navegacion.ar\/pt\/wp-json\/wp\/v2\/media\/377139"}],"wp:attachment":[{"href":"https:\/\/navegacion.ar\/pt\/wp-json\/wp\/v2\/media?parent=377857"}],"wp:term":[{"taxonomy":"product_brand","embeddable":true,"href":"https:\/\/navegacion.ar\/pt\/wp-json\/wp\/v2\/product_brand?post=377857"},{"taxonomy":"product_cat","embeddable":true,"href":"https:\/\/navegacion.ar\/pt\/wp-json\/wp\/v2\/product_cat?post=377857"},{"taxonomy":"product_tag","embeddable":true,"href":"https:\/\/navegacion.ar\/pt\/wp-json\/wp\/v2\/product_tag?post=377857"}],"curies":[{"name":"wp","href":"https:\/\/api.w.org\/{rel}","templated":true}]}}