{"id":377858,"date":"2025-06-13T12:51:55","date_gmt":"2025-06-13T15:51:55","guid":{"rendered":"https:\/\/navegacion.ar\/producto\/puerto-blest-y-cascada-los-cantaros-lago-frias-sin-traslado\/"},"modified":"2026-01-28T10:27:50","modified_gmt":"2026-01-28T13:27:50","slug":"puerto-blest-cascada-cantaros-lago-frias-sin-traslado","status":"publish","type":"product","link":"https:\/\/navegacion.ar\/pt\/produto\/puerto-blest-cachoeira-cantaros-lago-frias-sem-traslado\/","title":{"rendered":"Puerto Blest e Cachoeira \u201cLos Cantaros\u201d + Lago Frias sem traslado"},"content":{"rendered":"<h2 class=\"ai-optimize-6\">Deixe-se envolver pela calma de Puerto Blest e pela Cascada de los C\u00e1ntaros (cachoeira)<\/h2>\n<p class=\"ai-optimize-7 ai-optimize-introduction\">Sa\u00ed de <strong>Puerto Pa\u00f1uelo<\/strong>, localizado a apenas 25 km de <strong>San Carlos de Bariloche<\/strong>, e fa\u00e7a um passeio \u00fanico pelas \u00e1guas do <strong>Lago Nahuel Huapi<\/strong>. No caminho, voc\u00ea contemplar\u00e1 o <strong>Ilhota Sentinela<\/strong>, onde o m\u00edtico <strong>Perito Moreno<\/strong>, e voc\u00ea seguir\u00e1 por passarelas incr\u00edveis at\u00e9 o deslumbrante <strong>Cachoeira Los C\u00e1ntaros<\/strong>, cercado por espetaculares paredes de granito.<\/p>\n<h3 class=\"ai-optimize-8\">Um encontro \u00edntimo com o meio ambiente<\/h3>\n<p class=\"ai-optimize-9\">\u00c0 medida que avan\u00e7a, voc\u00ea desfrutar\u00e1 de magn\u00edficas vistas panor\u00e2micas da <strong>Cordilheira dos Andes<\/strong> e as ilhas que tornam essa regi\u00e3o especial. Em <strong>Puerto Blest<\/strong>, Mergulhe na paz do <strong>Ba\u00eda<\/strong> e se surpreenda com os reflexos esmeralda do <strong>Lago Frias<\/strong>, manchado pela eros\u00e3o glacial do <strong>Serra do Tronador<\/strong>.<\/p>\n<h3 class=\"ai-optimize-10\">Momentos de aventura<\/h3>\n<ul>\n<li class=\"ai-optimize-11\"><strong>Caminhadas acompanhadas<\/strong> A floresta tropical de Vald\u00edvia, que abriga uma variedade not\u00e1vel de vida.<\/li>\n<li class=\"ai-optimize-12\"><strong>Trilhas<\/strong> para todos os n\u00edveis, ideal para descobrir o local em seu pr\u00f3prio ritmo.<\/li>\n<\/ul>\n<h2 class=\"ai-optimize-13\">Op\u00e7\u00f5es e servi\u00e7os de navega\u00e7\u00e3o<\/h2>\n<p class=\"ai-optimize-14\">A experi\u00eancia culmina com um retorno ao <strong>Puerto Pa\u00f1uelo<\/strong> surfando o <strong>Bra\u00e7o aben\u00e7oado<\/strong>, com o <strong>Serra do Tronador<\/strong> dando a voc\u00ea o presente de um p\u00f4r do sol dos sonhos. Se voc\u00ea optar por visitar o <strong>Lago Frias<\/strong>, adicione uma curta transfer\u00eancia de \u00f4nibus de 3 km para <strong>Porto Alegre<\/strong>, De l\u00e1, voc\u00ea embarca em um barco a motor de \u00faltima gera\u00e7\u00e3o para descobrir esse local espetacular.<\/p>\n<h3 class=\"ai-optimize-15\">Informa\u00e7\u00f5es pr\u00e1ticas<\/h3>\n<ul>\n<li class=\"ai-optimize-16\"><strong>Hor\u00e1rio:<\/strong> 9:00 \u00e0s 17:00 hs aproximadamente.<\/li>\n<li class=\"ai-optimize-17\"><strong>Ele inclui:<\/strong> Navega\u00e7\u00e3o guiada, passeios pela floresta, navega\u00e7\u00e3o no Lago Frias.<\/li>\n<li class=\"ai-optimize-18\"><strong>N\u00e3o inclu\u00eddo:<\/strong> Transfer\u00eancia para <strong>Puerto Pa\u00f1uelo<\/strong>, N\u00e3o h\u00e1 taxas de entrada, refei\u00e7\u00f5es (h\u00e1 lugares para compr\u00e1-las) ou taxas de entrada em Parques Nacionais.<\/li>\n<\/ul>\n<h2 class=\"ai-optimize-19\">Perguntas frequentes<\/h2>\n<ul>\n<li class=\"ai-optimize-20\"><strong>Onde devo pagar a taxa de entrada no Parque Nacional e a taxa portu\u00e1ria?<\/strong><br \/>\nEsses pagamentos s\u00e3o feitos em <strong>Puerto Pa\u00f1uelo<\/strong> em dinheiro e em pesos argentinos no mesmo dia. Os residentes de <strong>San Carlos de Bariloche<\/strong>, pessoas com defici\u00eancia, crian\u00e7as com menos de cinco anos de idade e aposentados.<\/li>\n<li class=\"ai-optimize-21\"><strong>O benef\u00edcio para aposentados se aplica somente aos argentinos?<\/strong><br \/>\nExatamente, o desconto \u00e9 para aposentados argentinos, apresentando o cart\u00e3o correspondente no momento do embarque.<\/li>\n<li class=\"ai-optimize-22\"><strong>Qual \u00e9 o n\u00edvel de exig\u00eancia das caminhadas?<\/strong><br \/>\nAs caminhadas em <strong>Puerto Blest<\/strong> t\u00eam requisitos diferentes. A subida para o <strong>Cachoeira Los C\u00e1ntaros<\/strong> tem cerca de 700 degraus, pontos de vista e \u00e1reas de descanso.<\/li>\n<\/ul>","protected":false},"excerpt":{"rendered":"<h2 class=\"ai-optimize-6\">Passeio por Puerto Blest e Cachoeira \u00abLos C\u00e1ntaros\u00bb<\/h2>\n<p class=\"ai-optimize-7 ai-optimize-introduction\">Embarque de <strong>Puerto Pa\u00f1uelo<\/strong> em uma experi\u00eancia \u00fanica no caminho para o <strong>Cachoeira Los C\u00e1ntaros<\/strong>, cruzando as \u00e1guas calmas do <strong>Lago Nahuel Huapi<\/strong>. Viva a magia do <strong>Lago Frias<\/strong> e percorrer os caminhos do <strong>Floresta Valdiviana<\/strong>, cercado pela impressionante <strong>Cordilheira dos Andes<\/strong>.<\/p>","protected":false},"featured_media":377138,"comment_status":"open","ping_status":"closed","template":"","meta":[],"product_brand":[],"product_cat":[25,30,33,34,36,41,42,43,46],"product_tag":[],"class_list":{"0":"post-377858","1":"product","2":"type-product","3":"status-publish","4":"has-post-thumbnail","6":"product_cat-adultos","7":"product_cat-familia","8":"product_cat-jubilados","9":"product_cat-lacustre","10":"product_cat-ninos","11":"product_cat-sin-comida","12":"product_cat-sin-traslado","13":"product_cat-temporada","14":"product_cat-todo-el-ano","16":"first","17":"instock","18":"virtual","19":"sold-individually","20":"purchasable","21":"product-type-booking"},"booking_location":"","booking_location_type":"","booking_duration":60,"booking_duration_unit":"minute","booking_buffer":0,"booking_cost":0,"booking_resources":[],"exclude_global_add_ons":[],"addons":[],"yoast_head":"<!-- This site is optimized with the Yoast SEO Premium plugin v25.2 (Yoast SEO v25.2) - https:\/\/yoast.com\/wordpress\/plugins\/seo\/ -->\n<title>Puerto Blest, Los C\u00e1ntaros y Lago Fr\u00edas | Excursi\u00f3n - Navegaci\u00f3n AR<\/title>\n<meta name=\"description\" content=\"Naveg\u00e1 a Puerto Blest, Cascada de los C\u00e1ntaros y Lago Fr\u00edas. Disfrut\u00e1 la selva valdiviana y vistas del Cerro Tronador en Bariloche.\" \/>\n<meta name=\"robots\" content=\"index, follow, max-snippet:-1, max-image-preview:large, max-video-preview:-1\" \/>\n<link rel=\"canonical\" href=\"https:\/\/navegacion.ar\/pt\/produto\/puerto-blest-cachoeira-cantaros-lago-frias-sem-traslado\/\" \/>\n<meta property=\"og:locale\" content=\"pt_BR\" \/>\n<meta property=\"og:type\" content=\"article\" \/>\n<meta property=\"og:title\" content=\"Puerto Blest y Cascada \u201cLos Cantaros\u201d + Lago Frias sin Traslado\" \/>\n<meta property=\"og:description\" content=\"Naveg\u00e1 a Puerto Blest, Cascada de los C\u00e1ntaros y Lago Fr\u00edas. Disfrut\u00e1 la selva valdiviana y vistas del Cerro Tronador en Bariloche.\" \/>\n<meta property=\"og:url\" content=\"https:\/\/navegacion.ar\/pt\/produto\/puerto-blest-cachoeira-cantaros-lago-frias-sem-traslado\/\" \/>\n<meta property=\"og:site_name\" content=\"Navegaci\u00f3n AR\" \/>\n<meta property=\"article:modified_time\" content=\"2026-01-28T13:27:50+00:00\" \/>\n<meta property=\"og:image\" content=\"https:\/\/navegacion.ar\/wp-content\/uploads\/sites\/3\/2025\/03\/PuertoblestyCascadadelosCntaros_image2_1140_1601574229.jpg\" \/>\n\t<meta property=\"og:image:width\" content=\"1140\" \/>\n\t<meta property=\"og:image:height\" content=\"855\" \/>\n\t<meta property=\"og:image:type\" content=\"image\/jpeg\" \/>\n<meta name=\"twitter:card\" content=\"summary_large_image\" \/>\n<meta name=\"twitter:label1\" content=\"Pre\u00e7o\" \/>\n\t<meta name=\"twitter:data1\" content=\"&#036;232,800.00\" \/>\n\t<meta name=\"twitter:label2\" content=\"Disponibilidade\" \/>\n\t<meta name=\"twitter:data2\" content=\"Em Estoque\" \/>\n<script type=\"application\/ld+json\" class=\"yoast-schema-graph\">{\"@context\":\"https:\/\/schema.org\",\"@graph\":[{\"@type\":\"WebPage\",\"@id\":\"https:\/\/navegacion.ar\/producto\/puerto-blest-cascada-cantaros-lago-frias-sin-traslado\/\",\"url\":\"https:\/\/navegacion.ar\/producto\/puerto-blest-cascada-cantaros-lago-frias-sin-traslado\/\",\"name\":\"Puerto Blest, Los C\u00e1ntaros y Lago Fr\u00edas | Excursi\u00f3n - Navegaci\u00f3n AR\",\"isPartOf\":{\"@id\":\"https:\/\/navegacion.ar\/#website\"},\"primaryImageOfPage\":{\"@id\":\"https:\/\/navegacion.ar\/producto\/puerto-blest-cascada-cantaros-lago-frias-sin-traslado\/#primaryimage\"},\"image\":{\"@id\":\"https:\/\/navegacion.ar\/producto\/puerto-blest-cascada-cantaros-lago-frias-sin-traslado\/#primaryimage\"},\"thumbnailUrl\":\"https:\/\/navegacion.ar\/wp-content\/uploads\/sites\/3\/2025\/03\/PuertoblestyCascadadelosCntaros_image2_1140_1601574229.jpg\",\"datePublished\":\"2025-06-13T15:51:55+00:00\",\"dateModified\":\"2026-01-28T13:27:50+00:00\",\"description\":\"Naveg\u00e1 a Puerto Blest, Cascada de los C\u00e1ntaros y Lago Fr\u00edas. Disfrut\u00e1 la selva valdiviana y vistas del Cerro Tronador en Bariloche.\",\"breadcrumb\":{\"@id\":\"https:\/\/navegacion.ar\/producto\/puerto-blest-cascada-cantaros-lago-frias-sin-traslado\/#breadcrumb\"},\"inLanguage\":\"pt-BR\",\"potentialAction\":[{\"@type\":\"ReadAction\",\"target\":[\"https:\/\/navegacion.ar\/producto\/puerto-blest-cascada-cantaros-lago-frias-sin-traslado\/\"]}]},{\"@type\":\"ImageObject\",\"inLanguage\":\"pt-BR\",\"@id\":\"https:\/\/navegacion.ar\/producto\/puerto-blest-cascada-cantaros-lago-frias-sin-traslado\/#primaryimage\",\"url\":\"https:\/\/navegacion.ar\/wp-content\/uploads\/sites\/3\/2025\/03\/PuertoblestyCascadadelosCntaros_image2_1140_1601574229.jpg\",\"contentUrl\":\"https:\/\/navegacion.ar\/wp-content\/uploads\/sites\/3\/2025\/03\/PuertoblestyCascadadelosCntaros_image2_1140_1601574229.jpg\",\"width\":1140,\"height\":855},{\"@type\":\"BreadcrumbList\",\"@id\":\"https:\/\/navegacion.ar\/producto\/puerto-blest-cascada-cantaros-lago-frias-sin-traslado\/#breadcrumb\",\"itemListElement\":[{\"@type\":\"ListItem\",\"position\":1,\"name\":\"Inicio\",\"item\":\"https:\/\/navegacion.ar\/\"},{\"@type\":\"ListItem\",\"position\":2,\"name\":\"Tienda\",\"item\":\"https:\/\/navegacion.ar\/tienda\/\"},{\"@type\":\"ListItem\",\"position\":3,\"name\":\"Puerto Blest y Cascada \u201cLos Cantaros\u201d + Lago Frias sin Traslado\"}]},{\"@type\":\"WebSite\",\"@id\":\"https:\/\/navegacion.ar\/#website\",\"url\":\"https:\/\/navegacion.ar\/\",\"name\":\"Navegaci\u00f3n AR\",\"description\":\"\",\"potentialAction\":[{\"@type\":\"SearchAction\",\"target\":{\"@type\":\"EntryPoint\",\"urlTemplate\":\"https:\/\/navegacion.ar\/?s={search_term_string}\"},\"query-input\":{\"@type\":\"PropertyValueSpecification\",\"valueRequired\":true,\"valueName\":\"search_term_string\"}}],\"inLanguage\":\"pt-BR\"}]}<\/script>\n<meta property=\"product:price:amount\" content=\"232800.00\" \/>\n<meta property=\"product:price:currency\" content=\"ARS\" \/>\n<meta property=\"og:availability\" content=\"instock\" \/>\n<meta property=\"product:availability\" content=\"instock\" \/>\n<meta property=\"product:retailer_item_id\" content=\"ADV2025PUBLYC33V7\" \/>\n<meta property=\"product:condition\" content=\"new\" \/>\n<!-- \/ Yoast SEO Premium plugin. -->","yoast_head_json":{"title":"Puerto Blest, Los C\u00e1ntaros e Lago Fr\u00edas - Excurs\u00e3o - Navega\u00e7\u00e3o AR","description":"Navegue at\u00e9 Puerto Blest, Cascada de los C\u00e1ntaros e Lago Fr\u00edas. Aprecie a floresta tropical valdiviana e as vistas do Cerro Tronador em Bariloche.","robots":{"index":"index","follow":"follow","max-snippet":"max-snippet:-1","max-image-preview":"max-image-preview:large","max-video-preview":"max-video-preview:-1"},"canonical":"https:\/\/navegacion.ar\/pt\/produto\/puerto-blest-cachoeira-cantaros-lago-frias-sem-traslado\/","og_locale":"pt_BR","og_type":"article","og_title":"Puerto Blest y Cascada \u201cLos Cantaros\u201d + Lago Frias sin Traslado","og_description":"Naveg\u00e1 a Puerto Blest, Cascada de los C\u00e1ntaros y Lago Fr\u00edas. Disfrut\u00e1 la selva valdiviana y vistas del Cerro Tronador en Bariloche.","og_url":"https:\/\/navegacion.ar\/pt\/produto\/puerto-blest-cachoeira-cantaros-lago-frias-sem-traslado\/","og_site_name":"Navegaci\u00f3n AR","article_modified_time":"2026-01-28T13:27:50+00:00","og_image":[{"width":1140,"height":855,"url":"https:\/\/navegacion.ar\/wp-content\/uploads\/sites\/3\/2025\/03\/PuertoblestyCascadadelosCntaros_image2_1140_1601574229.jpg","type":"image\/jpeg"}],"twitter_card":"summary_large_image","twitter_misc":{"Pre\u00e7o":"&#36;232,800.00","Disponibilidade":"Em Estoque"},"schema":{"@context":"https:\/\/schema.org","@graph":[{"@type":"WebPage","@id":"https:\/\/navegacion.ar\/producto\/puerto-blest-cascada-cantaros-lago-frias-sin-traslado\/","url":"https:\/\/navegacion.ar\/producto\/puerto-blest-cascada-cantaros-lago-frias-sin-traslado\/","name":"Puerto Blest, Los C\u00e1ntaros e Lago Fr\u00edas - Excurs\u00e3o - Navega\u00e7\u00e3o AR","isPartOf":{"@id":"https:\/\/navegacion.ar\/#website"},"primaryImageOfPage":{"@id":"https:\/\/navegacion.ar\/producto\/puerto-blest-cascada-cantaros-lago-frias-sin-traslado\/#primaryimage"},"image":{"@id":"https:\/\/navegacion.ar\/producto\/puerto-blest-cascada-cantaros-lago-frias-sin-traslado\/#primaryimage"},"thumbnailUrl":"https:\/\/navegacion.ar\/wp-content\/uploads\/sites\/3\/2025\/03\/PuertoblestyCascadadelosCntaros_image2_1140_1601574229.jpg","datePublished":"2025-06-13T15:51:55+00:00","dateModified":"2026-01-28T13:27:50+00:00","description":"Navegue at\u00e9 Puerto Blest, Cascada de los C\u00e1ntaros e Lago Fr\u00edas. Aprecie a floresta tropical valdiviana e as vistas do Cerro Tronador em Bariloche.","breadcrumb":{"@id":"https:\/\/navegacion.ar\/producto\/puerto-blest-cascada-cantaros-lago-frias-sin-traslado\/#breadcrumb"},"inLanguage":"pt-BR","potentialAction":[{"@type":"ReadAction","target":["https:\/\/navegacion.ar\/producto\/puerto-blest-cascada-cantaros-lago-frias-sin-traslado\/"]}]},{"@type":"ImageObject","inLanguage":"pt-BR","@id":"https:\/\/navegacion.ar\/producto\/puerto-blest-cascada-cantaros-lago-frias-sin-traslado\/#primaryimage","url":"https:\/\/navegacion.ar\/wp-content\/uploads\/sites\/3\/2025\/03\/PuertoblestyCascadadelosCntaros_image2_1140_1601574229.jpg","contentUrl":"https:\/\/navegacion.ar\/wp-content\/uploads\/sites\/3\/2025\/03\/PuertoblestyCascadadelosCntaros_image2_1140_1601574229.jpg","width":1140,"height":855},{"@type":"BreadcrumbList","@id":"https:\/\/navegacion.ar\/producto\/puerto-blest-cascada-cantaros-lago-frias-sin-traslado\/#breadcrumb","itemListElement":[{"@type":"ListItem","position":1,"name":"Inicio","item":"https:\/\/navegacion.ar\/"},{"@type":"ListItem","position":2,"name":"Tienda","item":"https:\/\/navegacion.ar\/tienda\/"},{"@type":"ListItem","position":3,"name":"Puerto Blest y Cascada \u201cLos Cantaros\u201d + Lago Frias sin Traslado"}]},{"@type":"WebSite","@id":"https:\/\/navegacion.ar\/#website","url":"https:\/\/navegacion.ar\/","name":"Navega\u00e7\u00e3o AR","description":"","potentialAction":[{"@type":"SearchAction","target":{"@type":"EntryPoint","urlTemplate":"https:\/\/navegacion.ar\/?s={search_term_string}"},"query-input":{"@type":"PropertyValueSpecification","valueRequired":true,"valueName":"search_term_string"}}],"inLanguage":"pt-BR"}]},"product_price_amount":"232800.00","product_price_currency":"ARS","og_availability":"instock","product_availability":"instock","product_retailer_item_id":"ADV2025PUBLYC33V7","product_condition":"new"},"_links":{"self":[{"href":"https:\/\/navegacion.ar\/pt\/wp-json\/wp\/v2\/product\/377858","targetHints":{"allow":["GET"]}}],"collection":[{"href":"https:\/\/navegacion.ar\/pt\/wp-json\/wp\/v2\/product"}],"about":[{"href":"https:\/\/navegacion.ar\/pt\/wp-json\/wp\/v2\/types\/product"}],"replies":[{"embeddable":true,"href":"https:\/\/navegacion.ar\/pt\/wp-json\/wp\/v2\/comments?post=377858"}],"wp:featuredmedia":[{"embeddable":true,"href":"https:\/\/navegacion.ar\/pt\/wp-json\/wp\/v2\/media\/377138"}],"wp:attachment":[{"href":"https:\/\/navegacion.ar\/pt\/wp-json\/wp\/v2\/media?parent=377858"}],"wp:term":[{"taxonomy":"product_brand","embeddable":true,"href":"https:\/\/navegacion.ar\/pt\/wp-json\/wp\/v2\/product_brand?post=377858"},{"taxonomy":"product_cat","embeddable":true,"href":"https:\/\/navegacion.ar\/pt\/wp-json\/wp\/v2\/product_cat?post=377858"},{"taxonomy":"product_tag","embeddable":true,"href":"https:\/\/navegacion.ar\/pt\/wp-json\/wp\/v2\/product_tag?post=377858"}],"curies":[{"name":"wp","href":"https:\/\/api.w.org\/{rel}","templated":true}]}}