{"id":378119,"date":"2026-01-28T14:30:59","date_gmt":"2026-01-28T17:30:59","guid":{"rendered":"https:\/\/navegacion.ar\/?post_type=product&#038;p=378119"},"modified":"2026-01-28T14:31:00","modified_gmt":"2026-01-28T17:31:00","slug":"buceo-bautismo-bariloche","status":"publish","type":"product","link":"https:\/\/navegacion.ar\/pt\/produto\/mergulho-autonomo-em-bariloche\/","title":{"rendered":"Descubra o mergulho em Bariloche"},"content":{"rendered":"<h2 class=\"ai-optimize-22\">Mergulhe no Lago Moreno e descubra o fascinante mundo subaqu\u00e1tico da Patag\u00f4nia.<\/h2>\n<p class=\"ai-optimize-24 ai-optimize-introduction\" data-start=\"847\" data-end=\"1147\">Vivi uma experi\u00eancia diferente com o <em data-start=\"885\" data-end=\"914\">Descubra o mergulho em Bariloche<\/em>.<br data-start=\"915\" data-end=\"918\" \/>Projetada para aqueles que querem se iniciar no mergulho, essa viagem permite que voc\u00ea descubra o Lago Moreno de um novo ponto de vista, acompanhado por instrutores certificados e cercado pelo ambiente natural mais puro da regi\u00e3o.<\/p>\n<p class=\"ai-optimize-25\" data-start=\"1149\" data-end=\"1418\">Durante duas horas - com 20 a 30 minutos de imers\u00e3o real - voc\u00ea desfrutar\u00e1 de uma experi\u00eancia tranquila e contemplativa, repleta de paisagens subaqu\u00e1ticas \u00fanicas.<br data-start=\"1310\" data-end=\"1313\" \/>Ideal para casais, fam\u00edlias ou grupos que buscam uma experi\u00eancia diferente durante sua viagem a Bariloche.<\/p>\n<h3 class=\"ai-optimize-26\" data-start=\"1425\" data-end=\"1467\"><strong data-start=\"1432\" data-end=\"1467\">Por que escolher essa experi\u00eancia<\/strong><\/h3>\n<ul data-start=\"1469\" data-end=\"1804\">\n<li class=\"ai-optimize-27\" data-start=\"1469\" data-end=\"1545\">\n<p class=\"ai-optimize-28\" data-start=\"1471\" data-end=\"1545\">Essa atividade \u00e9 ideal para iniciantes, sem necessidade de experi\u00eancia pr\u00e9via.<\/p>\n<\/li>\n<li class=\"ai-optimize-29\" data-start=\"1546\" data-end=\"1611\">\n<p class=\"ai-optimize-30\" data-start=\"1548\" data-end=\"1611\">Inclui instrutores certificados e equipamento t\u00e9cnico completo.<\/p>\n<\/li>\n<li class=\"ai-optimize-31\" data-start=\"1612\" data-end=\"1694\">\n<p class=\"ai-optimize-32\" data-start=\"1614\" data-end=\"1694\">Cen\u00e1rio natural \u00fanico: Lago Moreno, dentro do Parque Nacional Nahuel Huapi.<\/p>\n<\/li>\n<li class=\"ai-optimize-33\" data-start=\"1695\" data-end=\"1732\">\n<p class=\"ai-optimize-34\" data-start=\"1697\" data-end=\"1732\">Atividade dispon\u00edvel durante todo o ano.<\/p>\n<\/li>\n<li class=\"ai-optimize-35\" data-start=\"1733\" data-end=\"1804\">\n<p class=\"ai-optimize-36\" data-start=\"1735\" data-end=\"1804\">Ideal para combinar com passeios de barco ou pelo lago em Bariloche.<\/p>\n<\/li>\n<\/ul>\n<h3 class=\"ai-optimize-37\" data-start=\"1811\" data-end=\"1846\"><strong data-start=\"1818\" data-end=\"1846\">Como ser\u00e1 sua experi\u00eancia<\/strong><\/h3>\n<p class=\"ai-optimize-38\" data-start=\"1848\" data-end=\"2176\">O ponto de encontro \u00e9 no local combinado, do centro de Bariloche at\u00e9 o km 8 da Avenida Bustillo.<br data-start=\"1949\" data-end=\"1952\" \/>L\u00e1 voc\u00ea ser\u00e1 recebido pelo <em data-start=\"1982\" data-end=\"1997\">Navega\u00e7\u00e3o.ar<\/em>, juntamente com instrutores especializados.<br data-start=\"2039\" data-end=\"2042\" \/>Ap\u00f3s uma breve introdu\u00e7\u00e3o sobre o uso do equipamento, voc\u00ea far\u00e1 um mergulho de pr\u00e1tica na superf\u00edcie antes de iniciar o mergulho.<\/p>\n<p class=\"ai-optimize-39\" data-start=\"2178\" data-end=\"2442\">Durante 20 a 30 minutos, voc\u00ea flutuar\u00e1 debaixo d'\u00e1gua, apreciando os reflexos da luz, a calma do lago e o sil\u00eancio absoluto da paisagem patag\u00f4nica.<br data-start=\"2333\" data-end=\"2336\" \/>A experi\u00eancia completa dura cerca de duas horas e inclui traslado, equipamento e guia profissional.<\/p>\n<h3 class=\"ai-optimize-40\" data-start=\"2449\" data-end=\"2480\"><strong data-start=\"2456\" data-end=\"2480\">Informa\u00e7\u00f5es pr\u00e1ticas<\/strong><\/h3>\n<ul data-start=\"2482\" data-end=\"3029\">\n<li class=\"ai-optimize-41\" data-start=\"2482\" data-end=\"2558\">\n<p class=\"ai-optimize-42\" data-start=\"2484\" data-end=\"2558\"><strong data-start=\"2484\" data-end=\"2497\">Hor\u00e1rios:<\/strong> 11:00 \u00e0s 15:00 \/ 13:00 \u00e0s 17:00 (segunda, quarta e domingo).<\/p>\n<\/li>\n<li class=\"ai-optimize-43\" data-start=\"2559\" data-end=\"2616\">\n<p class=\"ai-optimize-44\" data-start=\"2561\" data-end=\"2616\"><strong data-start=\"2561\" data-end=\"2574\">Dura\u00e7\u00e3o:<\/strong> Aproximadamente 2 horas (20 a 30 minutos de imers\u00e3o).<\/p>\n<\/li>\n<li class=\"ai-optimize-45\" data-start=\"2617\" data-end=\"2644\">\n<p class=\"ai-optimize-46\" data-start=\"2619\" data-end=\"2644\"><strong data-start=\"2619\" data-end=\"2635\">Idade m\u00ednima:<\/strong> 8 anos.<\/p>\n<\/li>\n<li class=\"ai-optimize-47\" data-start=\"2645\" data-end=\"2732\">\n<p class=\"ai-optimize-48\" data-start=\"2647\" data-end=\"2732\"><strong data-start=\"2647\" data-end=\"2670\">Ponto de encontro:<\/strong> do centro de Bariloche at\u00e9 o km 8 da Av. Bustillo.<\/p>\n<\/li>\n<li class=\"ai-optimize-49\" data-start=\"2733\" data-end=\"2817\">\n<p class=\"ai-optimize-50\" data-start=\"2735\" data-end=\"2817\"><strong data-start=\"2735\" data-end=\"2747\">Ele inclui:<\/strong> instrutores certificados, equipamento t\u00e9cnico completo e transporte.<\/p>\n<\/li>\n<li class=\"ai-optimize-51\" data-start=\"2818\" data-end=\"2856\">\n<p class=\"ai-optimize-52\" data-start=\"2820\" data-end=\"2856\"><strong data-start=\"2820\" data-end=\"2835\">N\u00e3o inclu\u00eddo:<\/strong> alimentos e bebidas.<\/p>\n<\/li>\n<li class=\"ai-optimize-53\" data-start=\"2857\" data-end=\"2944\">\n<p class=\"ai-optimize-54\" data-start=\"2859\" data-end=\"2944\"><strong data-start=\"2859\" data-end=\"2877\">Recomenda\u00e7\u00e3o:<\/strong> realizar a atividade pelo menos 12 horas antes do voo.<\/p>\n<\/li>\n<\/ul>\n<h3 class=\"ai-optimize-57\" data-start=\"3036\" data-end=\"3066\"><strong data-start=\"3042\" data-end=\"3066\">Perguntas frequentes<\/strong><\/h3>\n<p class=\"ai-optimize-58\" data-start=\"3068\" data-end=\"3162\"><strong data-start=\"3068\" data-end=\"3103\">Posso fazer isso sem experi\u00eancia?<\/strong><br data-start=\"3103\" data-end=\"3106\" \/>Sim, ele foi projetado para mergulhadores de primeira viagem.<\/p>\n<p class=\"ai-optimize-59\" data-start=\"3164\" data-end=\"3250\"><strong data-start=\"3164\" data-end=\"3186\">Onde isso ocorre?<\/strong><br data-start=\"3186\" data-end=\"3189\" \/>No Lago Moreno, a poucos minutos do centro de Bariloche.<\/p>\n<p class=\"ai-optimize-60\" data-start=\"3252\" data-end=\"3339\"><strong data-start=\"3252\" data-end=\"3278\">O que eu preciso levar?<\/strong><br data-start=\"3278\" data-end=\"3281\" \/>Roupa de banho, toalha, protetor solar e casaco leve.<\/p>\n<p class=\"ai-optimize-61\" data-start=\"3426\" data-end=\"3536\"><strong data-start=\"3426\" data-end=\"3455\">\u00c9 uma atividade em grupo?<\/strong><br data-start=\"3455\" data-end=\"3458\" \/>Sim, ele \u00e9 realizado em pequenos grupos, garantindo aten\u00e7\u00e3o personalizada.<\/p>","protected":false},"excerpt":{"rendered":"<p class=\"ai-optimize-66\">Viva sua primeira experi\u00eancia de mergulho no Lago Moreno. Atividade para iniciantes, com equipamento completo, instrutores certificados e traslado inclu\u00eddo.<\/p>","protected":false},"featured_media":378126,"comment_status":"open","ping_status":"closed","template":"","meta":[],"product_brand":[],"product_cat":[25,27,29,30,36,41,47],"product_tag":[],"class_list":{"0":"post-378119","1":"product","2":"type-product","3":"status-publish","4":"has-post-thumbnail","6":"product_cat-adultos","7":"product_cat-aventura","8":"product_cat-con-traslado","9":"product_cat-familia","10":"product_cat-ninos","11":"product_cat-sin-comida","12":"product_cat-verano","14":"first","15":"instock","16":"virtual","17":"sold-individually","18":"purchasable","19":"product-type-booking"},"booking_location":"","booking_location_type":"","booking_duration":1,"booking_duration_unit":"hour","booking_buffer":0,"booking_cost":132000,"booking_resources":[],"exclude_global_add_ons":[],"addons":[],"yoast_head":"<!-- This site is optimized with the Yoast SEO Premium plugin v25.2 (Yoast SEO v25.2) - https:\/\/yoast.com\/wordpress\/plugins\/seo\/ -->\n<title>Buceo Bautismo en Bariloche - Navegaci\u00f3n AR<\/title>\n<meta name=\"description\" content=\"Sumergite en el Lago Moreno y descubr\u00ed la Patagonia desde el agua. Buceo para principiantes con equipo completo e instructores certificados.\" \/>\n<meta name=\"robots\" content=\"index, follow, max-snippet:-1, max-image-preview:large, max-video-preview:-1\" \/>\n<link rel=\"canonical\" href=\"https:\/\/navegacion.ar\/pt\/produto\/mergulho-autonomo-em-bariloche\/\" \/>\n<meta property=\"og:locale\" content=\"pt_BR\" \/>\n<meta property=\"og:type\" content=\"article\" \/>\n<meta property=\"og:title\" content=\"Buceo Bautismo en Bariloche\" \/>\n<meta property=\"og:description\" content=\"Sumergite en el Lago Moreno y descubr\u00ed la Patagonia desde el agua. Buceo para principiantes con equipo completo e instructores certificados.\" \/>\n<meta property=\"og:url\" content=\"https:\/\/navegacion.ar\/pt\/produto\/mergulho-autonomo-em-bariloche\/\" \/>\n<meta property=\"og:site_name\" content=\"Navegaci\u00f3n AR\" \/>\n<meta property=\"article:modified_time\" content=\"2026-01-28T17:31:00+00:00\" \/>\n<meta property=\"og:image\" content=\"https:\/\/navegacion.ar\/wp-content\/uploads\/sites\/3\/2026\/01\/tikiprincipal.jpeg\" \/>\n\t<meta property=\"og:image:width\" content=\"1120\" \/>\n\t<meta property=\"og:image:height\" content=\"1280\" \/>\n\t<meta property=\"og:image:type\" content=\"image\/jpeg\" \/>\n<meta name=\"twitter:card\" content=\"summary_large_image\" \/>\n<meta name=\"twitter:label1\" content=\"Pre\u00e7o\" \/>\n\t<meta name=\"twitter:data1\" content=\"&#036;132,000.00\" \/>\n\t<meta name=\"twitter:label2\" content=\"Disponibilidade\" \/>\n\t<meta name=\"twitter:data2\" content=\"Em Estoque\" \/>\n<script type=\"application\/ld+json\" class=\"yoast-schema-graph\">{\"@context\":\"https:\/\/schema.org\",\"@graph\":[{\"@type\":\"WebPage\",\"@id\":\"https:\/\/navegacion.ar\/producto\/buceo-bautismo-bariloche\/\",\"url\":\"https:\/\/navegacion.ar\/producto\/buceo-bautismo-bariloche\/\",\"name\":\"Buceo Bautismo en Bariloche - Navegaci\u00f3n AR\",\"isPartOf\":{\"@id\":\"https:\/\/navegacion.ar\/#website\"},\"primaryImageOfPage\":{\"@id\":\"https:\/\/navegacion.ar\/producto\/buceo-bautismo-bariloche\/#primaryimage\"},\"image\":{\"@id\":\"https:\/\/navegacion.ar\/producto\/buceo-bautismo-bariloche\/#primaryimage\"},\"thumbnailUrl\":\"https:\/\/navegacion.ar\/wp-content\/uploads\/sites\/3\/2026\/01\/tikiprincipal.jpeg\",\"datePublished\":\"2026-01-28T17:30:59+00:00\",\"dateModified\":\"2026-01-28T17:31:00+00:00\",\"description\":\"Sumergite en el Lago Moreno y descubr\u00ed la Patagonia desde el agua. Buceo para principiantes con equipo completo e instructores certificados.\",\"breadcrumb\":{\"@id\":\"https:\/\/navegacion.ar\/producto\/buceo-bautismo-bariloche\/#breadcrumb\"},\"inLanguage\":\"pt-BR\",\"potentialAction\":[{\"@type\":\"ReadAction\",\"target\":[\"https:\/\/navegacion.ar\/producto\/buceo-bautismo-bariloche\/\"]}]},{\"@type\":\"ImageObject\",\"inLanguage\":\"pt-BR\",\"@id\":\"https:\/\/navegacion.ar\/producto\/buceo-bautismo-bariloche\/#primaryimage\",\"url\":\"https:\/\/navegacion.ar\/wp-content\/uploads\/sites\/3\/2026\/01\/tikiprincipal.jpeg\",\"contentUrl\":\"https:\/\/navegacion.ar\/wp-content\/uploads\/sites\/3\/2026\/01\/tikiprincipal.jpeg\",\"width\":1120,\"height\":1280},{\"@type\":\"BreadcrumbList\",\"@id\":\"https:\/\/navegacion.ar\/producto\/buceo-bautismo-bariloche\/#breadcrumb\",\"itemListElement\":[{\"@type\":\"ListItem\",\"position\":1,\"name\":\"Inicio\",\"item\":\"https:\/\/navegacion.ar\/\"},{\"@type\":\"ListItem\",\"position\":2,\"name\":\"Tienda\",\"item\":\"https:\/\/navegacion.ar\/tienda\/\"},{\"@type\":\"ListItem\",\"position\":3,\"name\":\"Buceo Bautismo en Bariloche\"}]},{\"@type\":\"WebSite\",\"@id\":\"https:\/\/navegacion.ar\/#website\",\"url\":\"https:\/\/navegacion.ar\/\",\"name\":\"Navegaci\u00f3n AR\",\"description\":\"\",\"potentialAction\":[{\"@type\":\"SearchAction\",\"target\":{\"@type\":\"EntryPoint\",\"urlTemplate\":\"https:\/\/navegacion.ar\/?s={search_term_string}\"},\"query-input\":{\"@type\":\"PropertyValueSpecification\",\"valueRequired\":true,\"valueName\":\"search_term_string\"}}],\"inLanguage\":\"pt-BR\"}]}<\/script>\n<meta property=\"product:price:amount\" content=\"132000.00\" \/>\n<meta property=\"product:price:currency\" content=\"ARS\" \/>\n<meta property=\"og:availability\" content=\"instock\" \/>\n<meta property=\"product:availability\" content=\"instock\" \/>\n<meta property=\"product:retailer_item_id\" content=\"ADV2026BABU9T4K\" \/>\n<meta property=\"product:condition\" content=\"new\" \/>\n<!-- \/ Yoast SEO Premium plugin. -->","yoast_head_json":{"title":"Descubra o mergulho em Bariloche - Sailing AR","description":"Mergulhe no Lago Moreno e descubra a Patag\u00f4nia a partir da \u00e1gua. Mergulho para iniciantes com equipamento completo e instrutores certificados.","robots":{"index":"index","follow":"follow","max-snippet":"max-snippet:-1","max-image-preview":"max-image-preview:large","max-video-preview":"max-video-preview:-1"},"canonical":"https:\/\/navegacion.ar\/pt\/produto\/mergulho-autonomo-em-bariloche\/","og_locale":"pt_BR","og_type":"article","og_title":"Buceo Bautismo en Bariloche","og_description":"Sumergite en el Lago Moreno y descubr\u00ed la Patagonia desde el agua. Buceo para principiantes con equipo completo e instructores certificados.","og_url":"https:\/\/navegacion.ar\/pt\/produto\/mergulho-autonomo-em-bariloche\/","og_site_name":"Navegaci\u00f3n AR","article_modified_time":"2026-01-28T17:31:00+00:00","og_image":[{"width":1120,"height":1280,"url":"https:\/\/navegacion.ar\/wp-content\/uploads\/sites\/3\/2026\/01\/tikiprincipal.jpeg","type":"image\/jpeg"}],"twitter_card":"summary_large_image","twitter_misc":{"Pre\u00e7o":"&#36;132,000.00","Disponibilidade":"Em Estoque"},"schema":{"@context":"https:\/\/schema.org","@graph":[{"@type":"WebPage","@id":"https:\/\/navegacion.ar\/producto\/buceo-bautismo-bariloche\/","url":"https:\/\/navegacion.ar\/producto\/buceo-bautismo-bariloche\/","name":"Descubra o mergulho em Bariloche - Sailing AR","isPartOf":{"@id":"https:\/\/navegacion.ar\/#website"},"primaryImageOfPage":{"@id":"https:\/\/navegacion.ar\/producto\/buceo-bautismo-bariloche\/#primaryimage"},"image":{"@id":"https:\/\/navegacion.ar\/producto\/buceo-bautismo-bariloche\/#primaryimage"},"thumbnailUrl":"https:\/\/navegacion.ar\/wp-content\/uploads\/sites\/3\/2026\/01\/tikiprincipal.jpeg","datePublished":"2026-01-28T17:30:59+00:00","dateModified":"2026-01-28T17:31:00+00:00","description":"Mergulhe no Lago Moreno e descubra a Patag\u00f4nia a partir da \u00e1gua. Mergulho para iniciantes com equipamento completo e instrutores certificados.","breadcrumb":{"@id":"https:\/\/navegacion.ar\/producto\/buceo-bautismo-bariloche\/#breadcrumb"},"inLanguage":"pt-BR","potentialAction":[{"@type":"ReadAction","target":["https:\/\/navegacion.ar\/producto\/buceo-bautismo-bariloche\/"]}]},{"@type":"ImageObject","inLanguage":"pt-BR","@id":"https:\/\/navegacion.ar\/producto\/buceo-bautismo-bariloche\/#primaryimage","url":"https:\/\/navegacion.ar\/wp-content\/uploads\/sites\/3\/2026\/01\/tikiprincipal.jpeg","contentUrl":"https:\/\/navegacion.ar\/wp-content\/uploads\/sites\/3\/2026\/01\/tikiprincipal.jpeg","width":1120,"height":1280},{"@type":"BreadcrumbList","@id":"https:\/\/navegacion.ar\/producto\/buceo-bautismo-bariloche\/#breadcrumb","itemListElement":[{"@type":"ListItem","position":1,"name":"Inicio","item":"https:\/\/navegacion.ar\/"},{"@type":"ListItem","position":2,"name":"Tienda","item":"https:\/\/navegacion.ar\/tienda\/"},{"@type":"ListItem","position":3,"name":"Buceo Bautismo en Bariloche"}]},{"@type":"WebSite","@id":"https:\/\/navegacion.ar\/#website","url":"https:\/\/navegacion.ar\/","name":"Navega\u00e7\u00e3o AR","description":"","potentialAction":[{"@type":"SearchAction","target":{"@type":"EntryPoint","urlTemplate":"https:\/\/navegacion.ar\/?s={search_term_string}"},"query-input":{"@type":"PropertyValueSpecification","valueRequired":true,"valueName":"search_term_string"}}],"inLanguage":"pt-BR"}]},"product_price_amount":"132000.00","product_price_currency":"ARS","og_availability":"instock","product_availability":"instock","product_retailer_item_id":"ADV2026BABU9T4K","product_condition":"new"},"_links":{"self":[{"href":"https:\/\/navegacion.ar\/pt\/wp-json\/wp\/v2\/product\/378119","targetHints":{"allow":["GET"]}}],"collection":[{"href":"https:\/\/navegacion.ar\/pt\/wp-json\/wp\/v2\/product"}],"about":[{"href":"https:\/\/navegacion.ar\/pt\/wp-json\/wp\/v2\/types\/product"}],"replies":[{"embeddable":true,"href":"https:\/\/navegacion.ar\/pt\/wp-json\/wp\/v2\/comments?post=378119"}],"wp:featuredmedia":[{"embeddable":true,"href":"https:\/\/navegacion.ar\/pt\/wp-json\/wp\/v2\/media\/378126"}],"wp:attachment":[{"href":"https:\/\/navegacion.ar\/pt\/wp-json\/wp\/v2\/media?parent=378119"}],"wp:term":[{"taxonomy":"product_brand","embeddable":true,"href":"https:\/\/navegacion.ar\/pt\/wp-json\/wp\/v2\/product_brand?post=378119"},{"taxonomy":"product_cat","embeddable":true,"href":"https:\/\/navegacion.ar\/pt\/wp-json\/wp\/v2\/product_cat?post=378119"},{"taxonomy":"product_tag","embeddable":true,"href":"https:\/\/navegacion.ar\/pt\/wp-json\/wp\/v2\/product_tag?post=378119"}],"curies":[{"name":"wp","href":"https:\/\/api.w.org\/{rel}","templated":true}]}}